{"id":53857,"date":"2025-01-30T21:49:07","date_gmt":"2025-01-30T20:49:07","guid":{"rendered":"https:\/\/superseeds.dk\/vare\/on-balance-1000g-x-01g-mz-1000-vaegt\/"},"modified":"2025-01-30T21:49:09","modified_gmt":"2025-01-30T20:49:09","slug":"on-balance-1000g-x-01g-mz-1000-vaegt","status":"publish","type":"product","link":"https:\/\/superseeds.dk\/no\/produkt\/on-balance-1000g-x-01g-mz-1000-vaegt\/","title":{"rendered":"Vekt p\u00e5 balansen - 0,1-1000 g"},"content":{"rendered":"<p>On Balance MZ-1000<\/p>\n<p>L\u00e6kker kvalitets v\u00e6gt fra On Balance! med st\u00f8rre vejeflade, pr\u00e6cis m\u00e5ling som nemt afl\u00e6ses i det oplyste LCD display<\/p>\n<ul class=\"list-light list-square\">\n<li>Vejeflade lavet af rustfrit st\u00e5l (75&#215;64 mm)<\/li>\n<li>M\u00e5leomr\u00e5de op til 1000 g<\/li>\n<li>N\u00f8jagtighed: 0,1 g<\/li>\n<li>Tarering \/ kalibreringsfunksjon<\/li>\n<li>overbelastningsbeskyttelse<\/li>\n<li>Automatisk avstengning (etter 180 sekunder)<\/li>\n<li>Bl\u00e5 LCD-skjerm med bakgrunnsbelysning<\/li>\n<li>Vektenheter: g, oz, gn, ct<\/li>\n<li>Inkluderer 2 x AAA-batterier<\/li>\n<\/ul>","protected":false},"excerpt":{"rendered":"<p>L\u00e6kker kvalitets v\u00e6gt fra On Balance! med st\u00f8rre vejeflade, pr\u00e6cis m\u00e5ling som nemt afl\u00e6ses i det oplyste LCD display<\/p>","protected":false},"featured_media":53858,"template":"","meta":{"_acf_changed":false},"product_brand":[],"product_cat":[1822,1798,1804,1806,1795],"product_tag":[],"class_list":{"0":"post-53857","1":"product","2":"type-product","3":"status-publish","4":"has-post-thumbnail","6":"product_cat-digital-vaegte","7":"product_cat-efterbehandling","8":"product_cat-tilbehoer-headshop","9":"product_cat-vaegte-og-tilbehoer","10":"product_cat-headshop","12":"first","13":"onbackorder","14":"taxable","15":"shipping-taxable","16":"purchasable","17":"product-type-simple"},"acf":[],"yoast_head":"<!-- This site is optimized with the Yoast SEO plugin v26.9 - https:\/\/yoast.com\/product\/yoast-seo-wordpress\/ -->\n<title>On Balance v\u00e6gt - 0,1-1000g - Superseeds.dk<\/title>\n<meta name=\"robots\" content=\"index, follow, max-snippet:-1, max-image-preview:large, max-video-preview:-1\" \/>\n<link rel=\"canonical\" href=\"https:\/\/superseeds.dk\/no\/produkt\/on-balance-1000g-x-01g-mz-1000-vaegt\/\" \/>\n<meta property=\"og:locale\" content=\"nb_NO\" \/>\n<meta property=\"og:type\" content=\"article\" \/>\n<meta property=\"og:title\" content=\"On Balance v\u00e6gt - 0,1-1000g - Superseeds.dk\" \/>\n<meta property=\"og:description\" content=\"L\u00e6kker kvalitets v\u00e6gt fra On Balance! med st\u00f8rre vejeflade, pr\u00e6cis m\u00e5ling som nemt afl\u00e6ses i det oplyste LCD display\" \/>\n<meta property=\"og:url\" content=\"https:\/\/superseeds.dk\/no\/produkt\/on-balance-1000g-x-01g-mz-1000-vaegt\/\" \/>\n<meta property=\"og:site_name\" content=\"Superseeds.dk\" \/>\n<meta property=\"article:modified_time\" content=\"2025-01-30T20:49:09+00:00\" \/>\n<meta property=\"og:image\" content=\"https:\/\/super-seeds.no\/wp-content\/uploads\/2025\/01\/On-Balance-vaegt-\u2013-01-1000g.png\" \/>\n\t<meta property=\"og:image:width\" content=\"1080\" \/>\n\t<meta property=\"og:image:height\" content=\"1080\" \/>\n\t<meta property=\"og:image:type\" content=\"image\/png\" \/>\n<meta name=\"twitter:card\" content=\"summary_large_image\" \/>\n<script type=\"application\/ld+json\" class=\"yoast-schema-graph\">{\"@context\":\"https:\/\/schema.org\",\"@graph\":[{\"@type\":\"WebPage\",\"@id\":\"https:\/\/superseeds.dk\/vare\/on-balance-1000g-x-01g-mz-1000-vaegt\/\",\"url\":\"https:\/\/superseeds.dk\/vare\/on-balance-1000g-x-01g-mz-1000-vaegt\/\",\"name\":\"On Balance v\u00e6gt - 0,1-1000g - Superseeds.dk\",\"isPartOf\":{\"@id\":\"https:\/\/super-seeds.se\/#website\"},\"primaryImageOfPage\":{\"@id\":\"https:\/\/superseeds.dk\/vare\/on-balance-1000g-x-01g-mz-1000-vaegt\/#primaryimage\"},\"image\":{\"@id\":\"https:\/\/superseeds.dk\/vare\/on-balance-1000g-x-01g-mz-1000-vaegt\/#primaryimage\"},\"thumbnailUrl\":\"https:\/\/superseeds.dk\/wp-content\/uploads\/2025\/01\/On-Balance-vaegt-\u2013-01-1000g.png\",\"datePublished\":\"2025-01-30T20:49:07+00:00\",\"dateModified\":\"2025-01-30T20:49:09+00:00\",\"breadcrumb\":{\"@id\":\"https:\/\/superseeds.dk\/vare\/on-balance-1000g-x-01g-mz-1000-vaegt\/#breadcrumb\"},\"inLanguage\":\"nb-NO\",\"potentialAction\":[{\"@type\":\"ReadAction\",\"target\":[\"https:\/\/superseeds.dk\/vare\/on-balance-1000g-x-01g-mz-1000-vaegt\/\"]}]},{\"@type\":\"ImageObject\",\"inLanguage\":\"nb-NO\",\"@id\":\"https:\/\/superseeds.dk\/vare\/on-balance-1000g-x-01g-mz-1000-vaegt\/#primaryimage\",\"url\":\"https:\/\/superseeds.dk\/wp-content\/uploads\/2025\/01\/On-Balance-vaegt-\u2013-01-1000g.png\",\"contentUrl\":\"https:\/\/superseeds.dk\/wp-content\/uploads\/2025\/01\/On-Balance-vaegt-\u2013-01-1000g.png\",\"width\":1080,\"height\":1080},{\"@type\":\"BreadcrumbList\",\"@id\":\"https:\/\/superseeds.dk\/vare\/on-balance-1000g-x-01g-mz-1000-vaegt\/#breadcrumb\",\"itemListElement\":[{\"@type\":\"ListItem\",\"position\":1,\"name\":\"Hjem\",\"item\":\"https:\/\/superseeds.dk\/\"},{\"@type\":\"ListItem\",\"position\":2,\"name\":\"Shop\",\"item\":\"https:\/\/superseeds.dk\/no\/butikk\/\"},{\"@type\":\"ListItem\",\"position\":3,\"name\":\"On Balance v\u00e6gt &#8211; 0,1-1000g\"}]},{\"@type\":\"WebSite\",\"@id\":\"https:\/\/super-seeds.se\/#website\",\"url\":\"https:\/\/super-seeds.se\/\",\"name\":\"Superseeds.dk\",\"description\":\"\",\"publisher\":{\"@id\":\"https:\/\/super-seeds.se\/#organization\"},\"potentialAction\":[{\"@type\":\"SearchAction\",\"target\":{\"@type\":\"EntryPoint\",\"urlTemplate\":\"https:\/\/super-seeds.se\/?s={search_term_string}\"},\"query-input\":{\"@type\":\"PropertyValueSpecification\",\"valueRequired\":true,\"valueName\":\"search_term_string\"}}],\"inLanguage\":\"nb-NO\"},{\"@type\":\"Organization\",\"@id\":\"https:\/\/super-seeds.se\/#organization\",\"name\":\"Superseeds.dk\",\"url\":\"https:\/\/super-seeds.se\/\",\"logo\":{\"@type\":\"ImageObject\",\"inLanguage\":\"nb-NO\",\"@id\":\"https:\/\/super-seeds.se\/#\/schema\/logo\/image\/\",\"url\":\"https:\/\/superseeds.dk\/wp-content\/uploads\/2025\/09\/logo-superseeds.png\",\"contentUrl\":\"https:\/\/superseeds.dk\/wp-content\/uploads\/2025\/09\/logo-superseeds.png\",\"width\":180,\"height\":160,\"caption\":\"Superseeds.dk\"},\"image\":{\"@id\":\"https:\/\/super-seeds.se\/#\/schema\/logo\/image\/\"}}]}<\/script>\n<!-- \/ Yoast SEO plugin. -->","yoast_head_json":{"title":"On Balance v\u00e6gt - 0,1-1000g - Superseeds.dk","robots":{"index":"index","follow":"follow","max-snippet":"max-snippet:-1","max-image-preview":"max-image-preview:large","max-video-preview":"max-video-preview:-1"},"canonical":"https:\/\/superseeds.dk\/no\/produkt\/on-balance-1000g-x-01g-mz-1000-vaegt\/","og_locale":"nb_NO","og_type":"article","og_title":"On Balance v\u00e6gt - 0,1-1000g - Superseeds.dk","og_description":"L\u00e6kker kvalitets v\u00e6gt fra On Balance! med st\u00f8rre vejeflade, pr\u00e6cis m\u00e5ling som nemt afl\u00e6ses i det oplyste LCD display","og_url":"https:\/\/superseeds.dk\/no\/produkt\/on-balance-1000g-x-01g-mz-1000-vaegt\/","og_site_name":"Superseeds.dk","article_modified_time":"2025-01-30T20:49:09+00:00","og_image":[{"width":1080,"height":1080,"url":"https:\/\/super-seeds.no\/wp-content\/uploads\/2025\/01\/On-Balance-vaegt-\u2013-01-1000g.png","type":"image\/png"}],"twitter_card":"summary_large_image","schema":{"@context":"https:\/\/schema.org","@graph":[{"@type":"WebPage","@id":"https:\/\/superseeds.dk\/vare\/on-balance-1000g-x-01g-mz-1000-vaegt\/","url":"https:\/\/superseeds.dk\/vare\/on-balance-1000g-x-01g-mz-1000-vaegt\/","name":"On Balance v\u00e6gt - 0,1-1000g - Superseeds.dk","isPartOf":{"@id":"https:\/\/super-seeds.se\/#website"},"primaryImageOfPage":{"@id":"https:\/\/superseeds.dk\/vare\/on-balance-1000g-x-01g-mz-1000-vaegt\/#primaryimage"},"image":{"@id":"https:\/\/superseeds.dk\/vare\/on-balance-1000g-x-01g-mz-1000-vaegt\/#primaryimage"},"thumbnailUrl":"https:\/\/superseeds.dk\/wp-content\/uploads\/2025\/01\/On-Balance-vaegt-\u2013-01-1000g.png","datePublished":"2025-01-30T20:49:07+00:00","dateModified":"2025-01-30T20:49:09+00:00","breadcrumb":{"@id":"https:\/\/superseeds.dk\/vare\/on-balance-1000g-x-01g-mz-1000-vaegt\/#breadcrumb"},"inLanguage":"nb-NO","potentialAction":[{"@type":"ReadAction","target":["https:\/\/superseeds.dk\/vare\/on-balance-1000g-x-01g-mz-1000-vaegt\/"]}]},{"@type":"ImageObject","inLanguage":"nb-NO","@id":"https:\/\/superseeds.dk\/vare\/on-balance-1000g-x-01g-mz-1000-vaegt\/#primaryimage","url":"https:\/\/superseeds.dk\/wp-content\/uploads\/2025\/01\/On-Balance-vaegt-\u2013-01-1000g.png","contentUrl":"https:\/\/superseeds.dk\/wp-content\/uploads\/2025\/01\/On-Balance-vaegt-\u2013-01-1000g.png","width":1080,"height":1080},{"@type":"BreadcrumbList","@id":"https:\/\/superseeds.dk\/vare\/on-balance-1000g-x-01g-mz-1000-vaegt\/#breadcrumb","itemListElement":[{"@type":"ListItem","position":1,"name":"Hjem","item":"https:\/\/superseeds.dk\/"},{"@type":"ListItem","position":2,"name":"Shop","item":"https:\/\/superseeds.dk\/no\/butikk\/"},{"@type":"ListItem","position":3,"name":"On Balance v\u00e6gt &#8211; 0,1-1000g"}]},{"@type":"WebSite","@id":"https:\/\/super-seeds.se\/#website","url":"https:\/\/super-seeds.se\/","name":"Superseeds.com","description":"","publisher":{"@id":"https:\/\/super-seeds.se\/#organization"},"potentialAction":[{"@type":"SearchAction","target":{"@type":"EntryPoint","urlTemplate":"https:\/\/super-seeds.se\/?s={search_term_string}"},"query-input":{"@type":"PropertyValueSpecification","valueRequired":true,"valueName":"search_term_string"}}],"inLanguage":"nb-NO"},{"@type":"Organization","@id":"https:\/\/super-seeds.se\/#organization","name":"Superseeds.com","url":"https:\/\/super-seeds.se\/","logo":{"@type":"ImageObject","inLanguage":"nb-NO","@id":"https:\/\/super-seeds.se\/#\/schema\/logo\/image\/","url":"https:\/\/superseeds.dk\/wp-content\/uploads\/2025\/09\/logo-superseeds.png","contentUrl":"https:\/\/superseeds.dk\/wp-content\/uploads\/2025\/09\/logo-superseeds.png","width":180,"height":160,"caption":"Superseeds.dk"},"image":{"@id":"https:\/\/super-seeds.se\/#\/schema\/logo\/image\/"}}]}},"df_price":229,"df_sale_price":"","df_regular_price":229,"df_image_link":"https:\/\/superseeds.dk\/wp-content\/uploads\/2025\/01\/On-Balance-vaegt-\u2013-01-1000g-1024x1024.png","_links":{"self":[{"href":"https:\/\/superseeds.dk\/no\/wp-json\/wp\/v2\/product\/53857","targetHints":{"allow":["GET"]}}],"collection":[{"href":"https:\/\/superseeds.dk\/no\/wp-json\/wp\/v2\/product"}],"about":[{"href":"https:\/\/superseeds.dk\/no\/wp-json\/wp\/v2\/types\/product"}],"wp:featuredmedia":[{"embeddable":true,"href":"https:\/\/superseeds.dk\/no\/wp-json\/wp\/v2\/media\/53858"}],"wp:attachment":[{"href":"https:\/\/superseeds.dk\/no\/wp-json\/wp\/v2\/media?parent=53857"}],"wp:term":[{"taxonomy":"product_brand","embeddable":true,"href":"https:\/\/superseeds.dk\/no\/wp-json\/wp\/v2\/product_brand?post=53857"},{"taxonomy":"product_cat","embeddable":true,"href":"https:\/\/superseeds.dk\/no\/wp-json\/wp\/v2\/product_cat?post=53857"},{"taxonomy":"product_tag","embeddable":true,"href":"https:\/\/superseeds.dk\/no\/wp-json\/wp\/v2\/product_tag?post=53857"}],"curies":[{"name":"wp","href":"https:\/\/api.w.org\/{rel}","templated":true}]}}