{"id":53802,"date":"2025-01-30T21:48:34","date_gmt":"2025-01-30T20:48:34","guid":{"rendered":"https:\/\/superseeds.dk\/vare\/bottomless-pollinator-p150\/"},"modified":"2025-01-30T21:48:37","modified_gmt":"2025-01-30T20:48:37","slug":"bottomless-pollinator-p150","status":"publish","type":"product","link":"https:\/\/superseeds.dk\/no\/produkt\/bottomless-pollinator-p150\/","title":{"rendered":"Bottomless Pollinator\u00ae P150"},"content":{"rendered":"<div class=\"text-wrap tlid-copy-target\">\n<div class=\"result-shield-container tlid-copy-target\"><span class=\"tlid-translation translation\" lang=\"da\"><span class=\"tlid-translation translation\" lang=\"da\"><span title=\"\">At lave din egen drysift og adskille kvaliteter har aldrig v\u00e6ret s\u00e5 let!<\/span><br \/>\n<span title=\"\">Fyld tromlen, tryk p\u00e5 afbryderknappen, l\u00e6n dig tilbage og nyd turen.<\/span><\/span><\/span><span class=\"\" title=\"\"> Med den bundl\u00f8se Pollinator\u00ae er der ikke l\u00e6ngere behov for at fjerne tromlen til produktsamling eller kvalitetsseparation &#8211; Du flytter simpelthen maskinen inklusive tromle og plantemateriale hen p\u00e5 den n\u00e6ste bakke og forts\u00e6tter med at dreje, mens du samler dine top kvalitetsprodukter.<\/span><span class=\"\" title=\"\">Vi leverer to indsamlingsbakker med denne maskine, s\u00e5 du kan starte med det samme.<\/span><span title=\"\">Jo l\u00e6ngere du tumbler dit materiale, jo mere forurening af planten g\u00e5r med ind i dit produkt.<\/span> <span class=\"\" title=\"\">For at opn\u00e5 separate batches med en kvalitetsgradient, anbefaler vi at indsamle dine trichomer med j\u00e6vne mellemrum.<\/span><span title=\"\">Pro tip:<\/span><br \/>\n<span class=\"\" title=\"\">Pollinator\u00ae P150 er designet til at passe ind i et k\u00f8leskab eller en fryser til topfyldning.<\/span> <span title=\"\">Du f\u00e5r de bedste drysift resultater ved lave temperaturer.<\/span><br \/>\n<span title=\"\">Bem\u00e6rk: Pas p\u00e5 kondensvand!<\/span>Mulighed for tilk\u00f8b af ekstra tromle\/sk\u00e6rm i anden micron st\u00f8rrelse, kontakt os!<\/div>\n<\/div>\n<div class=\"tlid-result-transliteration-container result-transliteration-container transliteration-container\">\n<div class=\"tlid-transliteration-content transliteration-content full\"><\/div>\n<\/div>","protected":false},"excerpt":{"rendered":"<p><span class=\"tlid-translation translation\" lang=\"da\"><span class=\"\" title=\"\">Nyeste innovation fra Pollinator<span class=\"st\">\u00ae<\/span> &#8211; Dry-Sift kvalitetsseparation har aldrig v\u00e6ret s\u00e5 let!<\/span><\/span><\/p>\n<p><span class=\"\" title=\"\">Du fylder kun din tromle en gang og skifter blot hele maskinen fra bakke til bakke for nemt at adskille dine kvaliteter af udvindede trichomes.<\/span><\/p>\n<p><span class=\"tlid-translation translation\" lang=\"da\"><span title=\"\">Bundl\u00f8s Pollinator\u00ae den mest brugervenlige dry sift ekstraktion, der er tilg\u00e6ngelig p\u00e5 markedet.<\/span><br \/>\n<span title=\"\">Kapacitet: ~ 150 g plantemateriale<\/span><br \/>\n<span title=\"\">Sk\u00e6rm: Standard 150 mikron<\/span><br \/>\n<span title=\"\">Inkluderer 2 indsamlingsbakker<\/span><br \/>\n<span class=\"\" title=\"\">Materiale godkendt til f\u00f8devarekvalitet<\/span><\/span><\/p>","protected":false},"featured_media":53808,"template":"","meta":{"_acf_changed":false},"product_brand":[],"product_cat":[1798,1800,1808],"product_tag":[],"class_list":{"0":"post-53802","1":"product","2":"type-product","3":"status-publish","4":"has-post-thumbnail","6":"product_cat-efterbehandling","7":"product_cat-ekstraktion","8":"product_cat-sift","10":"first","11":"instock","12":"taxable","13":"shipping-taxable","14":"purchasable","15":"product-type-simple"},"acf":[],"yoast_head":"<!-- This site is optimized with the Yoast SEO plugin v26.9 - https:\/\/yoast.com\/product\/yoast-seo-wordpress\/ -->\n<title>Bottomless Pollinator\u00ae P150 - Superseeds.dk<\/title>\n<meta name=\"robots\" content=\"index, follow, max-snippet:-1, max-image-preview:large, max-video-preview:-1\" \/>\n<link rel=\"canonical\" href=\"https:\/\/superseeds.dk\/no\/produkt\/bottomless-pollinator-p150\/\" \/>\n<meta property=\"og:locale\" content=\"nb_NO\" \/>\n<meta property=\"og:type\" content=\"article\" \/>\n<meta property=\"og:title\" content=\"Bottomless Pollinator\u00ae P150 - Superseeds.dk\" \/>\n<meta property=\"og:description\" content=\"Nyeste innovation fra Pollinator\u00ae - Dry-Sift kvalitetsseparation har aldrig v\u00e6ret s\u00e5 let!  Du fylder kun din tromle en gang og skifter blot hele maskinen fra bakke til bakke for nemt at adskille dine kvaliteter af udvindede trichomes.  Bundl\u00f8s Pollinator\u00ae den mest brugervenlige dry sift ekstraktion, der er tilg\u00e6ngelig p\u00e5 markedet. Kapacitet: ~ 150 g plantemateriale Sk\u00e6rm: Standard 150 mikron Inkluderer 2 indsamlingsbakker Materiale godkendt til f\u00f8devarekvalitet\" \/>\n<meta property=\"og:url\" content=\"https:\/\/superseeds.dk\/no\/produkt\/bottomless-pollinator-p150\/\" \/>\n<meta property=\"og:site_name\" content=\"Superseeds.dk\" \/>\n<meta property=\"article:modified_time\" content=\"2025-01-30T20:48:37+00:00\" \/>\n<meta property=\"og:image\" content=\"https:\/\/superseeds.dk\/wp-content\/uploads\/2025\/01\/Bottomless-Pollinator\u00ae-P150.png\" \/>\n\t<meta property=\"og:image:width\" content=\"1080\" \/>\n\t<meta property=\"og:image:height\" content=\"1080\" \/>\n\t<meta property=\"og:image:type\" content=\"image\/png\" \/>\n<meta name=\"twitter:card\" content=\"summary_large_image\" \/>\n<meta name=\"twitter:label1\" content=\"Ansl. lesetid\" \/>\n\t<meta name=\"twitter:data1\" content=\"1 minutt\" \/>\n<script type=\"application\/ld+json\" class=\"yoast-schema-graph\">{\"@context\":\"https:\/\/schema.org\",\"@graph\":[{\"@type\":\"WebPage\",\"@id\":\"https:\/\/superseeds.dk\/vare\/bottomless-pollinator-p150\/\",\"url\":\"https:\/\/superseeds.dk\/vare\/bottomless-pollinator-p150\/\",\"name\":\"Bottomless Pollinator\u00ae P150 - Superseeds.dk\",\"isPartOf\":{\"@id\":\"https:\/\/super-seeds.se\/#website\"},\"primaryImageOfPage\":{\"@id\":\"https:\/\/superseeds.dk\/vare\/bottomless-pollinator-p150\/#primaryimage\"},\"image\":{\"@id\":\"https:\/\/superseeds.dk\/vare\/bottomless-pollinator-p150\/#primaryimage\"},\"thumbnailUrl\":\"https:\/\/superseeds.dk\/wp-content\/uploads\/2025\/01\/Bottomless-Pollinator\u00ae-P150.png\",\"datePublished\":\"2025-01-30T20:48:34+00:00\",\"dateModified\":\"2025-01-30T20:48:37+00:00\",\"breadcrumb\":{\"@id\":\"https:\/\/superseeds.dk\/vare\/bottomless-pollinator-p150\/#breadcrumb\"},\"inLanguage\":\"nb-NO\",\"potentialAction\":[{\"@type\":\"ReadAction\",\"target\":[\"https:\/\/superseeds.dk\/vare\/bottomless-pollinator-p150\/\"]}]},{\"@type\":\"ImageObject\",\"inLanguage\":\"nb-NO\",\"@id\":\"https:\/\/superseeds.dk\/vare\/bottomless-pollinator-p150\/#primaryimage\",\"url\":\"https:\/\/superseeds.dk\/wp-content\/uploads\/2025\/01\/Bottomless-Pollinator\u00ae-P150.png\",\"contentUrl\":\"https:\/\/superseeds.dk\/wp-content\/uploads\/2025\/01\/Bottomless-Pollinator\u00ae-P150.png\",\"width\":1080,\"height\":1080},{\"@type\":\"BreadcrumbList\",\"@id\":\"https:\/\/superseeds.dk\/vare\/bottomless-pollinator-p150\/#breadcrumb\",\"itemListElement\":[{\"@type\":\"ListItem\",\"position\":1,\"name\":\"Hjem\",\"item\":\"https:\/\/superseeds.dk\/\"},{\"@type\":\"ListItem\",\"position\":2,\"name\":\"Shop\",\"item\":\"https:\/\/superseeds.dk\/no\/butikk\/\"},{\"@type\":\"ListItem\",\"position\":3,\"name\":\"Bottomless Pollinator\u00ae P150\"}]},{\"@type\":\"WebSite\",\"@id\":\"https:\/\/super-seeds.se\/#website\",\"url\":\"https:\/\/super-seeds.se\/\",\"name\":\"Superseeds.dk\",\"description\":\"\",\"publisher\":{\"@id\":\"https:\/\/super-seeds.se\/#organization\"},\"potentialAction\":[{\"@type\":\"SearchAction\",\"target\":{\"@type\":\"EntryPoint\",\"urlTemplate\":\"https:\/\/super-seeds.se\/?s={search_term_string}\"},\"query-input\":{\"@type\":\"PropertyValueSpecification\",\"valueRequired\":true,\"valueName\":\"search_term_string\"}}],\"inLanguage\":\"nb-NO\"},{\"@type\":\"Organization\",\"@id\":\"https:\/\/super-seeds.se\/#organization\",\"name\":\"Superseeds.dk\",\"url\":\"https:\/\/super-seeds.se\/\",\"logo\":{\"@type\":\"ImageObject\",\"inLanguage\":\"nb-NO\",\"@id\":\"https:\/\/super-seeds.se\/#\/schema\/logo\/image\/\",\"url\":\"https:\/\/superseeds.dk\/wp-content\/uploads\/2025\/09\/logo-superseeds.png\",\"contentUrl\":\"https:\/\/superseeds.dk\/wp-content\/uploads\/2025\/09\/logo-superseeds.png\",\"width\":180,\"height\":160,\"caption\":\"Superseeds.dk\"},\"image\":{\"@id\":\"https:\/\/super-seeds.se\/#\/schema\/logo\/image\/\"}}]}<\/script>\n<!-- \/ Yoast SEO plugin. -->","yoast_head_json":{"title":"Bottomless Pollinator\u00ae P150 - Superseeds.dk","robots":{"index":"index","follow":"follow","max-snippet":"max-snippet:-1","max-image-preview":"max-image-preview:large","max-video-preview":"max-video-preview:-1"},"canonical":"https:\/\/superseeds.dk\/no\/produkt\/bottomless-pollinator-p150\/","og_locale":"nb_NO","og_type":"article","og_title":"Bottomless Pollinator\u00ae P150 - Superseeds.dk","og_description":"Nyeste innovation fra Pollinator\u00ae - Dry-Sift kvalitetsseparation har aldrig v\u00e6ret s\u00e5 let!  Du fylder kun din tromle en gang og skifter blot hele maskinen fra bakke til bakke for nemt at adskille dine kvaliteter af udvindede trichomes.  Bundl\u00f8s Pollinator\u00ae den mest brugervenlige dry sift ekstraktion, der er tilg\u00e6ngelig p\u00e5 markedet. Kapacitet: ~ 150 g plantemateriale Sk\u00e6rm: Standard 150 mikron Inkluderer 2 indsamlingsbakker Materiale godkendt til f\u00f8devarekvalitet","og_url":"https:\/\/superseeds.dk\/no\/produkt\/bottomless-pollinator-p150\/","og_site_name":"Superseeds.dk","article_modified_time":"2025-01-30T20:48:37+00:00","og_image":[{"width":1080,"height":1080,"url":"https:\/\/superseeds.dk\/wp-content\/uploads\/2025\/01\/Bottomless-Pollinator\u00ae-P150.png","type":"image\/png"}],"twitter_card":"summary_large_image","twitter_misc":{"Ansl. lesetid":"1 minutt"},"schema":{"@context":"https:\/\/schema.org","@graph":[{"@type":"WebPage","@id":"https:\/\/superseeds.dk\/vare\/bottomless-pollinator-p150\/","url":"https:\/\/superseeds.dk\/vare\/bottomless-pollinator-p150\/","name":"Bottomless Pollinator\u00ae P150 - Superseeds.dk","isPartOf":{"@id":"https:\/\/super-seeds.se\/#website"},"primaryImageOfPage":{"@id":"https:\/\/superseeds.dk\/vare\/bottomless-pollinator-p150\/#primaryimage"},"image":{"@id":"https:\/\/superseeds.dk\/vare\/bottomless-pollinator-p150\/#primaryimage"},"thumbnailUrl":"https:\/\/superseeds.dk\/wp-content\/uploads\/2025\/01\/Bottomless-Pollinator\u00ae-P150.png","datePublished":"2025-01-30T20:48:34+00:00","dateModified":"2025-01-30T20:48:37+00:00","breadcrumb":{"@id":"https:\/\/superseeds.dk\/vare\/bottomless-pollinator-p150\/#breadcrumb"},"inLanguage":"nb-NO","potentialAction":[{"@type":"ReadAction","target":["https:\/\/superseeds.dk\/vare\/bottomless-pollinator-p150\/"]}]},{"@type":"ImageObject","inLanguage":"nb-NO","@id":"https:\/\/superseeds.dk\/vare\/bottomless-pollinator-p150\/#primaryimage","url":"https:\/\/superseeds.dk\/wp-content\/uploads\/2025\/01\/Bottomless-Pollinator\u00ae-P150.png","contentUrl":"https:\/\/superseeds.dk\/wp-content\/uploads\/2025\/01\/Bottomless-Pollinator\u00ae-P150.png","width":1080,"height":1080},{"@type":"BreadcrumbList","@id":"https:\/\/superseeds.dk\/vare\/bottomless-pollinator-p150\/#breadcrumb","itemListElement":[{"@type":"ListItem","position":1,"name":"Hjem","item":"https:\/\/superseeds.dk\/"},{"@type":"ListItem","position":2,"name":"Shop","item":"https:\/\/superseeds.dk\/no\/butikk\/"},{"@type":"ListItem","position":3,"name":"Bottomless Pollinator\u00ae P150"}]},{"@type":"WebSite","@id":"https:\/\/super-seeds.se\/#website","url":"https:\/\/super-seeds.se\/","name":"Superseeds.com","description":"","publisher":{"@id":"https:\/\/super-seeds.se\/#organization"},"potentialAction":[{"@type":"SearchAction","target":{"@type":"EntryPoint","urlTemplate":"https:\/\/super-seeds.se\/?s={search_term_string}"},"query-input":{"@type":"PropertyValueSpecification","valueRequired":true,"valueName":"search_term_string"}}],"inLanguage":"nb-NO"},{"@type":"Organization","@id":"https:\/\/super-seeds.se\/#organization","name":"Superseeds.com","url":"https:\/\/super-seeds.se\/","logo":{"@type":"ImageObject","inLanguage":"nb-NO","@id":"https:\/\/super-seeds.se\/#\/schema\/logo\/image\/","url":"https:\/\/superseeds.dk\/wp-content\/uploads\/2025\/09\/logo-superseeds.png","contentUrl":"https:\/\/superseeds.dk\/wp-content\/uploads\/2025\/09\/logo-superseeds.png","width":180,"height":160,"caption":"Superseeds.dk"},"image":{"@id":"https:\/\/super-seeds.se\/#\/schema\/logo\/image\/"}}]}},"df_price":3995,"df_sale_price":"","df_regular_price":3995,"df_image_link":"https:\/\/superseeds.dk\/wp-content\/uploads\/2025\/01\/Bottomless-Pollinator\u00ae-P150-1024x1024.png","_links":{"self":[{"href":"https:\/\/superseeds.dk\/no\/wp-json\/wp\/v2\/product\/53802","targetHints":{"allow":["GET"]}}],"collection":[{"href":"https:\/\/superseeds.dk\/no\/wp-json\/wp\/v2\/product"}],"about":[{"href":"https:\/\/superseeds.dk\/no\/wp-json\/wp\/v2\/types\/product"}],"wp:featuredmedia":[{"embeddable":true,"href":"https:\/\/superseeds.dk\/no\/wp-json\/wp\/v2\/media\/53808"}],"wp:attachment":[{"href":"https:\/\/superseeds.dk\/no\/wp-json\/wp\/v2\/media?parent=53802"}],"wp:term":[{"taxonomy":"product_brand","embeddable":true,"href":"https:\/\/superseeds.dk\/no\/wp-json\/wp\/v2\/product_brand?post=53802"},{"taxonomy":"product_cat","embeddable":true,"href":"https:\/\/superseeds.dk\/no\/wp-json\/wp\/v2\/product_cat?post=53802"},{"taxonomy":"product_tag","embeddable":true,"href":"https:\/\/superseeds.dk\/no\/wp-json\/wp\/v2\/product_tag?post=53802"}],"curies":[{"name":"wp","href":"https:\/\/api.w.org\/{rel}","templated":true}]}}