{"id":53677,"date":"2025-01-30T21:47:04","date_gmt":"2025-01-30T20:47:04","guid":{"rendered":"https:\/\/superseeds.dk\/vare\/qnubu-kompact-2-0-rosin-presse-600kg\/"},"modified":"2025-01-30T21:47:06","modified_gmt":"2025-01-30T20:47:06","slug":"qnubu-kompact-2-0-rosin-presse-600kg","status":"publish","type":"product","link":"https:\/\/superseeds.dk\/no\/produkt\/qnubu-kompact-2-0-rosin-presse-600kg\/","title":{"rendered":"Qnubu Kompact 2.0 Rosin presse 600kg"},"content":{"rendered":"<p><span class=\"tlid-translation translation\" lang=\"da\">Qnubu Kompact 2.0 600 kg manuel rosin Presse, med sine 6&#215;12 cm plader, er det et ideelt v\u00e6rkt\u00f8j til at presse olie hjemme i stuen, p\u00e5 terassen eller tage den under armen og med hjem til en ven.<\/span><\/p>\n<p>Denne model er en manuel presse i h\u00f8j kvalitet, til personlig brug, designet til brugere, der \u00f8nsker at lave l\u00e6kre solventless produkter nemt og enkelt!<br \/>\nDigital indstilling af varme i pladerne. Den er ogs\u00e5 udstyret med et nedt\u00e6llingssystem og en alarm, som fort\u00e6ller dig hvorn\u00e5r tiden er g\u00e5et.<\/p>\n<p>For let og behagelig betjening inkluderer bunden af \u200b\u200bKompact 300 kg manuel presse sugekopper for at holde den p\u00e5 plads, og pressen vejer kun 6 kg.<\/p>\n<p>Denne maskine er hovedsageligt beregnet til ekstraktion af olie fra hashekstraktioner s\u00e5som bubble-hash og sift, hvilket giver ekstraordin\u00e6rt rene resultater fra h\u00f8j kvalitet i udgangsmateriale. Du kan stadig bruge den til at presse blomster, men der opn\u00e5s meget bedre resultater med en mere kraftfuld presse, og vi anbefaler et minimumstryk p\u00e5 1 ton, for eksempel Qnubu 1 ton, eller hvis dit budget tillader det, den 20-ton hydrauliske presse , ogs\u00e5 fra Qnubu.<\/p>\n<p>Tryk: 600 kg<br \/>\nDimensioner p\u00e5 plader: 6 x 12 cm<br \/>\nDobbelt temperaturregulering<br \/>\nTemperaturomr\u00e5de: 0 til 200 \u00baC<br \/>\nTid: 0-999 &#8221;<br \/>\nForbrug: 700w (220v-3,5A)<br \/>\nM\u00e5l: 19,5x13x40 cm<br \/>\nV\u00e6gt: 6 kg<\/p>","protected":false},"excerpt":{"rendered":"<p><span class=\"tlid-translation translation\" lang=\"da\">Qnubu Kompact 2.0 600 kg manuel rosin Presse, med sine 6&#215;12 cm plader, er det et ideelt v\u00e6rkt\u00f8j til at presse olie hjemme i stuen, p\u00e5 terassen eller tage den under armen og med hjem til en ven.<\/span><\/p>","protected":false},"featured_media":53682,"template":"","meta":{"_acf_changed":false},"product_brand":[],"product_cat":[1798,1800,1819,1810],"product_tag":[],"class_list":{"0":"post-53677","1":"product","2":"type-product","3":"status-publish","4":"has-post-thumbnail","6":"product_cat-efterbehandling","7":"product_cat-ekstraktion","8":"product_cat-qnubu-rosin-presser","9":"product_cat-rosin-press","11":"first","12":"onbackorder","13":"taxable","14":"shipping-taxable","15":"purchasable","16":"product-type-simple"},"acf":[],"yoast_head":"<!-- This site is optimized with the Yoast SEO plugin v26.9 - https:\/\/yoast.com\/product\/yoast-seo-wordpress\/ -->\n<title>Qnubu Kompact 2.0 Rosin presse 600kg - Superseeds.dk<\/title>\n<meta name=\"robots\" content=\"index, follow, max-snippet:-1, max-image-preview:large, max-video-preview:-1\" \/>\n<link rel=\"canonical\" href=\"https:\/\/superseeds.dk\/no\/produkt\/qnubu-kompact-2-0-rosin-presse-600kg\/\" \/>\n<meta property=\"og:locale\" content=\"nb_NO\" \/>\n<meta property=\"og:type\" content=\"article\" \/>\n<meta property=\"og:title\" content=\"Qnubu Kompact 2.0 Rosin presse 600kg - Superseeds.dk\" \/>\n<meta property=\"og:description\" content=\"Qnubu Kompact 2.0 600 kg manuel rosin Presse, med sine 6x12 cm plader, er det et ideelt v\u00e6rkt\u00f8j til at presse olie hjemme i stuen, p\u00e5 terassen eller tage den under armen og med hjem til en ven.\" \/>\n<meta property=\"og:url\" content=\"https:\/\/superseeds.dk\/no\/produkt\/qnubu-kompact-2-0-rosin-presse-600kg\/\" \/>\n<meta property=\"og:site_name\" content=\"Superseeds.dk\" \/>\n<meta property=\"article:modified_time\" content=\"2025-01-30T20:47:06+00:00\" \/>\n<meta property=\"og:image\" content=\"https:\/\/superseeds.dk\/wp-content\/uploads\/2025\/01\/Qnubu-Kompact-2.0-Rosin-presse-600kg.png\" \/>\n\t<meta property=\"og:image:width\" content=\"1080\" \/>\n\t<meta property=\"og:image:height\" content=\"1080\" \/>\n\t<meta property=\"og:image:type\" content=\"image\/png\" \/>\n<meta name=\"twitter:card\" content=\"summary_large_image\" \/>\n<meta name=\"twitter:label1\" content=\"Ansl. lesetid\" \/>\n\t<meta name=\"twitter:data1\" content=\"1 minutt\" \/>\n<script type=\"application\/ld+json\" class=\"yoast-schema-graph\">{\"@context\":\"https:\/\/schema.org\",\"@graph\":[{\"@type\":\"WebPage\",\"@id\":\"https:\/\/superseeds.dk\/no\/produkt\/qnubu-kompact-2-0-rosin-presse-600kg\/\",\"url\":\"https:\/\/superseeds.dk\/no\/produkt\/qnubu-kompact-2-0-rosin-presse-600kg\/\",\"name\":\"Qnubu Kompact 2.0 Rosin presse 600kg - Superseeds.dk\",\"isPartOf\":{\"@id\":\"https:\/\/super-seeds.se\/#website\"},\"primaryImageOfPage\":{\"@id\":\"https:\/\/superseeds.dk\/no\/produkt\/qnubu-kompact-2-0-rosin-presse-600kg\/#primaryimage\"},\"image\":{\"@id\":\"https:\/\/superseeds.dk\/no\/produkt\/qnubu-kompact-2-0-rosin-presse-600kg\/#primaryimage\"},\"thumbnailUrl\":\"https:\/\/superseeds.dk\/wp-content\/uploads\/2025\/01\/Qnubu-Kompact-2.0-Rosin-presse-600kg.png\",\"datePublished\":\"2025-01-30T20:47:04+00:00\",\"dateModified\":\"2025-01-30T20:47:06+00:00\",\"breadcrumb\":{\"@id\":\"https:\/\/superseeds.dk\/no\/produkt\/qnubu-kompact-2-0-rosin-presse-600kg\/#breadcrumb\"},\"inLanguage\":\"nb-NO\",\"potentialAction\":[{\"@type\":\"ReadAction\",\"target\":[\"https:\/\/superseeds.dk\/no\/produkt\/qnubu-kompact-2-0-rosin-presse-600kg\/\"]}]},{\"@type\":\"ImageObject\",\"inLanguage\":\"nb-NO\",\"@id\":\"https:\/\/superseeds.dk\/no\/produkt\/qnubu-kompact-2-0-rosin-presse-600kg\/#primaryimage\",\"url\":\"https:\/\/superseeds.dk\/wp-content\/uploads\/2025\/01\/Qnubu-Kompact-2.0-Rosin-presse-600kg.png\",\"contentUrl\":\"https:\/\/superseeds.dk\/wp-content\/uploads\/2025\/01\/Qnubu-Kompact-2.0-Rosin-presse-600kg.png\",\"width\":1080,\"height\":1080},{\"@type\":\"BreadcrumbList\",\"@id\":\"https:\/\/superseeds.dk\/no\/produkt\/qnubu-kompact-2-0-rosin-presse-600kg\/#breadcrumb\",\"itemListElement\":[{\"@type\":\"ListItem\",\"position\":1,\"name\":\"Hjem\",\"item\":\"https:\/\/superseeds.dk\/\"},{\"@type\":\"ListItem\",\"position\":2,\"name\":\"Shop\",\"item\":\"https:\/\/superseeds.dk\/no\/butikk\/\"},{\"@type\":\"ListItem\",\"position\":3,\"name\":\"Qnubu Kompact 2.0 Rosin presse 600kg\"}]},{\"@type\":\"WebSite\",\"@id\":\"https:\/\/super-seeds.se\/#website\",\"url\":\"https:\/\/super-seeds.se\/\",\"name\":\"Superseeds.dk\",\"description\":\"\",\"publisher\":{\"@id\":\"https:\/\/super-seeds.se\/#organization\"},\"potentialAction\":[{\"@type\":\"SearchAction\",\"target\":{\"@type\":\"EntryPoint\",\"urlTemplate\":\"https:\/\/super-seeds.se\/?s={search_term_string}\"},\"query-input\":{\"@type\":\"PropertyValueSpecification\",\"valueRequired\":true,\"valueName\":\"search_term_string\"}}],\"inLanguage\":\"nb-NO\"},{\"@type\":\"Organization\",\"@id\":\"https:\/\/super-seeds.se\/#organization\",\"name\":\"Superseeds.dk\",\"url\":\"https:\/\/super-seeds.se\/\",\"logo\":{\"@type\":\"ImageObject\",\"inLanguage\":\"nb-NO\",\"@id\":\"https:\/\/super-seeds.se\/#\/schema\/logo\/image\/\",\"url\":\"https:\/\/superseeds.dk\/wp-content\/uploads\/2025\/09\/logo-superseeds.png\",\"contentUrl\":\"https:\/\/superseeds.dk\/wp-content\/uploads\/2025\/09\/logo-superseeds.png\",\"width\":180,\"height\":160,\"caption\":\"Superseeds.dk\"},\"image\":{\"@id\":\"https:\/\/super-seeds.se\/#\/schema\/logo\/image\/\"}}]}<\/script>\n<!-- \/ Yoast SEO plugin. -->","yoast_head_json":{"title":"Qnubu Kompact 2.0 Rosin presse 600kg - Superseeds.dk","robots":{"index":"index","follow":"follow","max-snippet":"max-snippet:-1","max-image-preview":"max-image-preview:large","max-video-preview":"max-video-preview:-1"},"canonical":"https:\/\/superseeds.dk\/no\/produkt\/qnubu-kompact-2-0-rosin-presse-600kg\/","og_locale":"nb_NO","og_type":"article","og_title":"Qnubu Kompact 2.0 Rosin presse 600kg - Superseeds.dk","og_description":"Qnubu Kompact 2.0 600 kg manuel rosin Presse, med sine 6x12 cm plader, er det et ideelt v\u00e6rkt\u00f8j til at presse olie hjemme i stuen, p\u00e5 terassen eller tage den under armen og med hjem til en ven.","og_url":"https:\/\/superseeds.dk\/no\/produkt\/qnubu-kompact-2-0-rosin-presse-600kg\/","og_site_name":"Superseeds.dk","article_modified_time":"2025-01-30T20:47:06+00:00","og_image":[{"width":1080,"height":1080,"url":"https:\/\/superseeds.dk\/wp-content\/uploads\/2025\/01\/Qnubu-Kompact-2.0-Rosin-presse-600kg.png","type":"image\/png"}],"twitter_card":"summary_large_image","twitter_misc":{"Ansl. lesetid":"1 minutt"},"schema":{"@context":"https:\/\/schema.org","@graph":[{"@type":"WebPage","@id":"https:\/\/superseeds.dk\/no\/produkt\/qnubu-kompact-2-0-rosin-presse-600kg\/","url":"https:\/\/superseeds.dk\/no\/produkt\/qnubu-kompact-2-0-rosin-presse-600kg\/","name":"Qnubu Kompact 2.0 Rosin presse 600kg - Superseeds.dk","isPartOf":{"@id":"https:\/\/super-seeds.se\/#website"},"primaryImageOfPage":{"@id":"https:\/\/superseeds.dk\/no\/produkt\/qnubu-kompact-2-0-rosin-presse-600kg\/#primaryimage"},"image":{"@id":"https:\/\/superseeds.dk\/no\/produkt\/qnubu-kompact-2-0-rosin-presse-600kg\/#primaryimage"},"thumbnailUrl":"https:\/\/superseeds.dk\/wp-content\/uploads\/2025\/01\/Qnubu-Kompact-2.0-Rosin-presse-600kg.png","datePublished":"2025-01-30T20:47:04+00:00","dateModified":"2025-01-30T20:47:06+00:00","breadcrumb":{"@id":"https:\/\/superseeds.dk\/no\/produkt\/qnubu-kompact-2-0-rosin-presse-600kg\/#breadcrumb"},"inLanguage":"nb-NO","potentialAction":[{"@type":"ReadAction","target":["https:\/\/superseeds.dk\/no\/produkt\/qnubu-kompact-2-0-rosin-presse-600kg\/"]}]},{"@type":"ImageObject","inLanguage":"nb-NO","@id":"https:\/\/superseeds.dk\/no\/produkt\/qnubu-kompact-2-0-rosin-presse-600kg\/#primaryimage","url":"https:\/\/superseeds.dk\/wp-content\/uploads\/2025\/01\/Qnubu-Kompact-2.0-Rosin-presse-600kg.png","contentUrl":"https:\/\/superseeds.dk\/wp-content\/uploads\/2025\/01\/Qnubu-Kompact-2.0-Rosin-presse-600kg.png","width":1080,"height":1080},{"@type":"BreadcrumbList","@id":"https:\/\/superseeds.dk\/no\/produkt\/qnubu-kompact-2-0-rosin-presse-600kg\/#breadcrumb","itemListElement":[{"@type":"ListItem","position":1,"name":"Hjem","item":"https:\/\/superseeds.dk\/"},{"@type":"ListItem","position":2,"name":"Shop","item":"https:\/\/superseeds.dk\/no\/butikk\/"},{"@type":"ListItem","position":3,"name":"Qnubu Kompact 2.0 Rosin presse 600kg"}]},{"@type":"WebSite","@id":"https:\/\/super-seeds.se\/#website","url":"https:\/\/super-seeds.se\/","name":"Superseeds.com","description":"","publisher":{"@id":"https:\/\/super-seeds.se\/#organization"},"potentialAction":[{"@type":"SearchAction","target":{"@type":"EntryPoint","urlTemplate":"https:\/\/super-seeds.se\/?s={search_term_string}"},"query-input":{"@type":"PropertyValueSpecification","valueRequired":true,"valueName":"search_term_string"}}],"inLanguage":"nb-NO"},{"@type":"Organization","@id":"https:\/\/super-seeds.se\/#organization","name":"Superseeds.com","url":"https:\/\/super-seeds.se\/","logo":{"@type":"ImageObject","inLanguage":"nb-NO","@id":"https:\/\/super-seeds.se\/#\/schema\/logo\/image\/","url":"https:\/\/superseeds.dk\/wp-content\/uploads\/2025\/09\/logo-superseeds.png","contentUrl":"https:\/\/superseeds.dk\/wp-content\/uploads\/2025\/09\/logo-superseeds.png","width":180,"height":160,"caption":"Superseeds.dk"},"image":{"@id":"https:\/\/super-seeds.se\/#\/schema\/logo\/image\/"}}]}},"df_price":1695,"df_sale_price":"","df_regular_price":1695,"df_image_link":"https:\/\/superseeds.dk\/wp-content\/uploads\/2025\/01\/Qnubu-Kompact-2.0-Rosin-presse-600kg-1024x1024.png","_links":{"self":[{"href":"https:\/\/superseeds.dk\/no\/wp-json\/wp\/v2\/product\/53677","targetHints":{"allow":["GET"]}}],"collection":[{"href":"https:\/\/superseeds.dk\/no\/wp-json\/wp\/v2\/product"}],"about":[{"href":"https:\/\/superseeds.dk\/no\/wp-json\/wp\/v2\/types\/product"}],"wp:featuredmedia":[{"embeddable":true,"href":"https:\/\/superseeds.dk\/no\/wp-json\/wp\/v2\/media\/53682"}],"wp:attachment":[{"href":"https:\/\/superseeds.dk\/no\/wp-json\/wp\/v2\/media?parent=53677"}],"wp:term":[{"taxonomy":"product_brand","embeddable":true,"href":"https:\/\/superseeds.dk\/no\/wp-json\/wp\/v2\/product_brand?post=53677"},{"taxonomy":"product_cat","embeddable":true,"href":"https:\/\/superseeds.dk\/no\/wp-json\/wp\/v2\/product_cat?post=53677"},{"taxonomy":"product_tag","embeddable":true,"href":"https:\/\/superseeds.dk\/no\/wp-json\/wp\/v2\/product_tag?post=53677"}],"curies":[{"name":"wp","href":"https:\/\/api.w.org\/{rel}","templated":true}]}}