{"id":53627,"date":"2025-01-30T21:46:46","date_gmt":"2025-01-30T20:46:46","guid":{"rendered":"https:\/\/superseeds.dk\/vare\/spand-223-l-foedevaregodkendt\/"},"modified":"2025-01-30T21:46:49","modified_gmt":"2025-01-30T20:46:49","slug":"spand-223-l-foedevaregodkendt","status":"publish","type":"product","link":"https:\/\/superseeds.dk\/no\/produkt\/spand-223-l-foedevaregodkendt\/","title":{"rendered":"Spand 22,3 L \u2013 F\u00f8devaregodkendt"},"content":{"rendered":"<p>Perfekt til bubblebags!<\/p>","protected":false},"excerpt":{"rendered":"<p>denne robuste <strong>spand med tilh\u00f8rende l\u00e5g<\/strong> kan anvendes til flere forskellige form\u00e5l, men <strong>s\u00e6rligt velegnede til dine bubblebags<\/strong>. hvorend du skal igang med at vaske eller du vil ryste med t\u00f8ris passer denne spand perfekt!<\/p>\n<p>&nbsp;<\/p>\n<ul>\n<li><span class=\"property-brimfulVolume\">volumen <\/span>22.3 liter<\/li>\n<li>h\u00f8jde <span style=\"color: #555555;\">33,2\u00a0 cm<\/span><\/li>\n<li><span class=\"property-upperDiameter\" style=\"color: #555555;\">diameter <\/span><span style=\"color: #555555;\">32,6 cm<\/span><\/li>\n<li><span class=\"property-weight\" style=\"color: #555555;\">v\u00e6gt <\/span><span style=\"color: #555555;\">570\u00a0 gram\u00a0<\/span><\/li>\n<\/ul>","protected":false},"featured_media":53632,"template":"","meta":{"_acf_changed":false},"product_brand":[],"product_cat":[1798,1800,1807],"product_tag":[],"class_list":{"0":"post-53627","1":"product","2":"type-product","3":"status-publish","4":"has-post-thumbnail","6":"product_cat-efterbehandling","7":"product_cat-ekstraktion","8":"product_cat-vaskemaskiner-tilbehoer","10":"first","11":"onbackorder","12":"taxable","13":"shipping-taxable","14":"purchasable","15":"product-type-simple"},"acf":[],"yoast_head":"<!-- This site is optimized with the Yoast SEO plugin v26.9 - https:\/\/yoast.com\/product\/yoast-seo-wordpress\/ -->\n<title>Spand 22,3 L \u2013 F\u00f8devaregodkendt - Superseeds.dk<\/title>\n<meta name=\"robots\" content=\"index, follow, max-snippet:-1, max-image-preview:large, max-video-preview:-1\" \/>\n<link rel=\"canonical\" href=\"https:\/\/superseeds.dk\/no\/produkt\/spand-223-l-foedevaregodkendt\/\" \/>\n<meta property=\"og:locale\" content=\"nb_NO\" \/>\n<meta property=\"og:type\" content=\"article\" \/>\n<meta property=\"og:title\" content=\"Spand 22,3 L \u2013 F\u00f8devaregodkendt - Superseeds.dk\" \/>\n<meta property=\"og:description\" content=\"denne robuste spand med tilh\u00f8rende l\u00e5g kan anvendes til flere forskellige form\u00e5l, men s\u00e6rligt velegnede til dine bubblebags. hvorend du skal igang med at vaske eller du vil ryste med t\u00f8ris passer denne spand perfekt!  &nbsp;   volumen 22.3 liter  h\u00f8jde 33,2\u00a0 cm  diameter 32,6 cm  v\u00e6gt 570\u00a0 gram\u00a0\" \/>\n<meta property=\"og:url\" content=\"https:\/\/superseeds.dk\/no\/produkt\/spand-223-l-foedevaregodkendt\/\" \/>\n<meta property=\"og:site_name\" content=\"Superseeds.dk\" \/>\n<meta property=\"article:modified_time\" content=\"2025-01-30T20:46:49+00:00\" \/>\n<meta property=\"og:image\" content=\"https:\/\/super-seeds.no\/wp-content\/uploads\/2025\/01\/Spand-223-L-\u2013-Foedevaregodkendt.png\" \/>\n\t<meta property=\"og:image:width\" content=\"1080\" \/>\n\t<meta property=\"og:image:height\" content=\"1080\" \/>\n\t<meta property=\"og:image:type\" content=\"image\/png\" \/>\n<meta name=\"twitter:card\" content=\"summary_large_image\" \/>\n<script type=\"application\/ld+json\" class=\"yoast-schema-graph\">{\"@context\":\"https:\/\/schema.org\",\"@graph\":[{\"@type\":\"WebPage\",\"@id\":\"https:\/\/superseeds.dk\/vare\/spand-223-l-foedevaregodkendt\/\",\"url\":\"https:\/\/superseeds.dk\/vare\/spand-223-l-foedevaregodkendt\/\",\"name\":\"Spand 22,3 L \u2013 F\u00f8devaregodkendt - Superseeds.dk\",\"isPartOf\":{\"@id\":\"https:\/\/super-seeds.se\/#website\"},\"primaryImageOfPage\":{\"@id\":\"https:\/\/superseeds.dk\/vare\/spand-223-l-foedevaregodkendt\/#primaryimage\"},\"image\":{\"@id\":\"https:\/\/superseeds.dk\/vare\/spand-223-l-foedevaregodkendt\/#primaryimage\"},\"thumbnailUrl\":\"https:\/\/superseeds.dk\/wp-content\/uploads\/2025\/01\/Spand-223-L-\u2013-Foedevaregodkendt.png\",\"datePublished\":\"2025-01-30T20:46:46+00:00\",\"dateModified\":\"2025-01-30T20:46:49+00:00\",\"breadcrumb\":{\"@id\":\"https:\/\/superseeds.dk\/vare\/spand-223-l-foedevaregodkendt\/#breadcrumb\"},\"inLanguage\":\"nb-NO\",\"potentialAction\":[{\"@type\":\"ReadAction\",\"target\":[\"https:\/\/superseeds.dk\/vare\/spand-223-l-foedevaregodkendt\/\"]}]},{\"@type\":\"ImageObject\",\"inLanguage\":\"nb-NO\",\"@id\":\"https:\/\/superseeds.dk\/vare\/spand-223-l-foedevaregodkendt\/#primaryimage\",\"url\":\"https:\/\/superseeds.dk\/wp-content\/uploads\/2025\/01\/Spand-223-L-\u2013-Foedevaregodkendt.png\",\"contentUrl\":\"https:\/\/superseeds.dk\/wp-content\/uploads\/2025\/01\/Spand-223-L-\u2013-Foedevaregodkendt.png\",\"width\":1080,\"height\":1080},{\"@type\":\"BreadcrumbList\",\"@id\":\"https:\/\/superseeds.dk\/vare\/spand-223-l-foedevaregodkendt\/#breadcrumb\",\"itemListElement\":[{\"@type\":\"ListItem\",\"position\":1,\"name\":\"Hjem\",\"item\":\"https:\/\/superseeds.dk\/\"},{\"@type\":\"ListItem\",\"position\":2,\"name\":\"Shop\",\"item\":\"https:\/\/superseeds.dk\/no\/butikk\/\"},{\"@type\":\"ListItem\",\"position\":3,\"name\":\"Spand 22,3 L \u2013 F\u00f8devaregodkendt\"}]},{\"@type\":\"WebSite\",\"@id\":\"https:\/\/super-seeds.se\/#website\",\"url\":\"https:\/\/super-seeds.se\/\",\"name\":\"Superseeds.dk\",\"description\":\"\",\"publisher\":{\"@id\":\"https:\/\/super-seeds.se\/#organization\"},\"potentialAction\":[{\"@type\":\"SearchAction\",\"target\":{\"@type\":\"EntryPoint\",\"urlTemplate\":\"https:\/\/super-seeds.se\/?s={search_term_string}\"},\"query-input\":{\"@type\":\"PropertyValueSpecification\",\"valueRequired\":true,\"valueName\":\"search_term_string\"}}],\"inLanguage\":\"nb-NO\"},{\"@type\":\"Organization\",\"@id\":\"https:\/\/super-seeds.se\/#organization\",\"name\":\"Superseeds.dk\",\"url\":\"https:\/\/super-seeds.se\/\",\"logo\":{\"@type\":\"ImageObject\",\"inLanguage\":\"nb-NO\",\"@id\":\"https:\/\/super-seeds.se\/#\/schema\/logo\/image\/\",\"url\":\"https:\/\/superseeds.dk\/wp-content\/uploads\/2025\/09\/logo-superseeds.png\",\"contentUrl\":\"https:\/\/superseeds.dk\/wp-content\/uploads\/2025\/09\/logo-superseeds.png\",\"width\":180,\"height\":160,\"caption\":\"Superseeds.dk\"},\"image\":{\"@id\":\"https:\/\/super-seeds.se\/#\/schema\/logo\/image\/\"}}]}<\/script>\n<!-- \/ Yoast SEO plugin. -->","yoast_head_json":{"title":"Spand 22,3 L \u2013 F\u00f8devaregodkendt - Superseeds.dk","robots":{"index":"index","follow":"follow","max-snippet":"max-snippet:-1","max-image-preview":"max-image-preview:large","max-video-preview":"max-video-preview:-1"},"canonical":"https:\/\/superseeds.dk\/no\/produkt\/spand-223-l-foedevaregodkendt\/","og_locale":"nb_NO","og_type":"article","og_title":"Spand 22,3 L \u2013 F\u00f8devaregodkendt - Superseeds.dk","og_description":"denne robuste spand med tilh\u00f8rende l\u00e5g kan anvendes til flere forskellige form\u00e5l, men s\u00e6rligt velegnede til dine bubblebags. hvorend du skal igang med at vaske eller du vil ryste med t\u00f8ris passer denne spand perfekt!  &nbsp;   volumen 22.3 liter  h\u00f8jde 33,2\u00a0 cm  diameter 32,6 cm  v\u00e6gt 570\u00a0 gram\u00a0","og_url":"https:\/\/superseeds.dk\/no\/produkt\/spand-223-l-foedevaregodkendt\/","og_site_name":"Superseeds.dk","article_modified_time":"2025-01-30T20:46:49+00:00","og_image":[{"width":1080,"height":1080,"url":"https:\/\/super-seeds.no\/wp-content\/uploads\/2025\/01\/Spand-223-L-\u2013-Foedevaregodkendt.png","type":"image\/png"}],"twitter_card":"summary_large_image","schema":{"@context":"https:\/\/schema.org","@graph":[{"@type":"WebPage","@id":"https:\/\/superseeds.dk\/vare\/spand-223-l-foedevaregodkendt\/","url":"https:\/\/superseeds.dk\/vare\/spand-223-l-foedevaregodkendt\/","name":"Spand 22,3 L \u2013 F\u00f8devaregodkendt - Superseeds.dk","isPartOf":{"@id":"https:\/\/super-seeds.se\/#website"},"primaryImageOfPage":{"@id":"https:\/\/superseeds.dk\/vare\/spand-223-l-foedevaregodkendt\/#primaryimage"},"image":{"@id":"https:\/\/superseeds.dk\/vare\/spand-223-l-foedevaregodkendt\/#primaryimage"},"thumbnailUrl":"https:\/\/superseeds.dk\/wp-content\/uploads\/2025\/01\/Spand-223-L-\u2013-Foedevaregodkendt.png","datePublished":"2025-01-30T20:46:46+00:00","dateModified":"2025-01-30T20:46:49+00:00","breadcrumb":{"@id":"https:\/\/superseeds.dk\/vare\/spand-223-l-foedevaregodkendt\/#breadcrumb"},"inLanguage":"nb-NO","potentialAction":[{"@type":"ReadAction","target":["https:\/\/superseeds.dk\/vare\/spand-223-l-foedevaregodkendt\/"]}]},{"@type":"ImageObject","inLanguage":"nb-NO","@id":"https:\/\/superseeds.dk\/vare\/spand-223-l-foedevaregodkendt\/#primaryimage","url":"https:\/\/superseeds.dk\/wp-content\/uploads\/2025\/01\/Spand-223-L-\u2013-Foedevaregodkendt.png","contentUrl":"https:\/\/superseeds.dk\/wp-content\/uploads\/2025\/01\/Spand-223-L-\u2013-Foedevaregodkendt.png","width":1080,"height":1080},{"@type":"BreadcrumbList","@id":"https:\/\/superseeds.dk\/vare\/spand-223-l-foedevaregodkendt\/#breadcrumb","itemListElement":[{"@type":"ListItem","position":1,"name":"Hjem","item":"https:\/\/superseeds.dk\/"},{"@type":"ListItem","position":2,"name":"Shop","item":"https:\/\/superseeds.dk\/no\/butikk\/"},{"@type":"ListItem","position":3,"name":"Spand 22,3 L \u2013 F\u00f8devaregodkendt"}]},{"@type":"WebSite","@id":"https:\/\/super-seeds.se\/#website","url":"https:\/\/super-seeds.se\/","name":"Superseeds.com","description":"","publisher":{"@id":"https:\/\/super-seeds.se\/#organization"},"potentialAction":[{"@type":"SearchAction","target":{"@type":"EntryPoint","urlTemplate":"https:\/\/super-seeds.se\/?s={search_term_string}"},"query-input":{"@type":"PropertyValueSpecification","valueRequired":true,"valueName":"search_term_string"}}],"inLanguage":"nb-NO"},{"@type":"Organization","@id":"https:\/\/super-seeds.se\/#organization","name":"Superseeds.com","url":"https:\/\/super-seeds.se\/","logo":{"@type":"ImageObject","inLanguage":"nb-NO","@id":"https:\/\/super-seeds.se\/#\/schema\/logo\/image\/","url":"https:\/\/superseeds.dk\/wp-content\/uploads\/2025\/09\/logo-superseeds.png","contentUrl":"https:\/\/superseeds.dk\/wp-content\/uploads\/2025\/09\/logo-superseeds.png","width":180,"height":160,"caption":"Superseeds.dk"},"image":{"@id":"https:\/\/super-seeds.se\/#\/schema\/logo\/image\/"}}]}},"df_price":119,"df_sale_price":"","df_regular_price":119,"df_image_link":"https:\/\/superseeds.dk\/wp-content\/uploads\/2025\/01\/Spand-223-L-\u2013-Foedevaregodkendt-1024x1024.png","_links":{"self":[{"href":"https:\/\/superseeds.dk\/no\/wp-json\/wp\/v2\/product\/53627","targetHints":{"allow":["GET"]}}],"collection":[{"href":"https:\/\/superseeds.dk\/no\/wp-json\/wp\/v2\/product"}],"about":[{"href":"https:\/\/superseeds.dk\/no\/wp-json\/wp\/v2\/types\/product"}],"wp:featuredmedia":[{"embeddable":true,"href":"https:\/\/superseeds.dk\/no\/wp-json\/wp\/v2\/media\/53632"}],"wp:attachment":[{"href":"https:\/\/superseeds.dk\/no\/wp-json\/wp\/v2\/media?parent=53627"}],"wp:term":[{"taxonomy":"product_brand","embeddable":true,"href":"https:\/\/superseeds.dk\/no\/wp-json\/wp\/v2\/product_brand?post=53627"},{"taxonomy":"product_cat","embeddable":true,"href":"https:\/\/superseeds.dk\/no\/wp-json\/wp\/v2\/product_cat?post=53627"},{"taxonomy":"product_tag","embeddable":true,"href":"https:\/\/superseeds.dk\/no\/wp-json\/wp\/v2\/product_tag?post=53627"}],"curies":[{"name":"wp","href":"https:\/\/api.w.org\/{rel}","templated":true}]}}