{"id":53525,"date":"2025-01-30T21:45:58","date_gmt":"2025-01-30T20:45:58","guid":{"rendered":"https:\/\/superseeds.dk\/vare\/gemini-130-ekstraktionsroer-bho\/"},"modified":"2025-01-30T21:46:00","modified_gmt":"2025-01-30T20:46:00","slug":"gemini-130-ekstraktionsroer-bho","status":"publish","type":"product","link":"https:\/\/superseeds.dk\/no\/produkt\/gemini-130-ekstraktionsroer-bho\/","title":{"rendered":"Gemini 130 Ekstraktionsr\u00f8r BHO"},"content":{"rendered":"<p>Blaster r\u00f8ret i rustfrit st\u00e5l er fremstillet af 304 rustfrit st\u00e5l og er ideelt til at udvinde \u00e6teriske olier\/ekstrakter. Systemet g\u00f8r det muligt for brugeren at udvikle opl\u00f8sningsmiddeltryk ved at lukke ventilen i bunden og pakke ekstraktoren, f\u00f8r materialet gennembl\u00f8des og opl\u00f8sningsmidlet og den \u00e6teriske olie frigives via bundventilen.<\/p>\n<blockquote><p>L\u00e6g aldrig butanfyldte r\u00f8r i fryseren.<br \/>\nBrug altid i ekstremt godt ventilerede UDEND\u00d8RS omr\u00e5der.<\/p><\/blockquote>\n<p>L\u00e5get leveres som standard med en MB-ventil, og bunden af \u200b\u200bhvert r\u00f8r leveres med en 304-tommers kugleventil af rustfrit st\u00e5l. Fordelene ved dette er dobbelte, det giver dig mulighed for at st\u00f8vsuge BHO-r\u00f8ret ud med en vakuumpumpe uden at efterlade fugt eller ilt i selve r\u00f8ret. N\u00e5r du indgiver butanen, vil gassen passere meget hurtigere ind i r\u00f8ret, og det er ogs\u00e5 sikrere, da der ikke er nogen ilt til at reagere med butanen.<\/p>\n<p>Du kan ogs\u00e5 lade dine produkter m\u00e6tte i den kolde gas, der holdes i r\u00f8ret, da du kan lukke kugleventilen i bunden, s\u00e5 gassen kan gennembl\u00f8de dit produkt. Da MB-ventilen kun tillader gas at g\u00e5 i \u00e9n retning, er du sikker p\u00e5, at gassen ikke har nogen steder at tage hen, og det g\u00f8r det til en mere sikker proces. Vi har udviklet denne metode og fundet ud af, at vi ofte opn\u00e5r st\u00f8rre udbytte og et slutprodukt af h\u00f8jere kvalitet. Da vi leverer de 4 stabiliserende ben, kan enheden st\u00e5 op af sig selv, s\u00e5 du ikke fysisk beh\u00f8ver at r\u00f8re ved fryser\u00f8ret under processen med at administrere gassen. Dette g\u00f8r hele betjeningen mere behagelig og brugervenlig.<\/p>\n<div id=\"tab.kit_includes\" class=\"data item content\" role=\"tabpanel\" data-role=\"content\" aria-labelledby=\"tab-label-tab.kit_includes\" aria-hidden=\"false\">\n<ul>\n<li>Endeh\u00e6tte med m5 gevindhul og MB ventil.<\/li>\n<li>1,5&#8243; x 18&#8243; blaster r\u00f8r.<\/li>\n<li>\u00bc\u201d FNPT svejset kugleventil.<\/li>\n<li>1 x slange hale stik.<\/li>\n<li>4 ben stabiliserende ben med gummif\u00f8dder.<\/li>\n<li>2 x 1,5&#8243; kraftige tri-klemmer.<\/li>\n<li>2 x 1,5\u201d PTFE pakninger.<\/li>\n<li>30 mikron filter som standard.<\/li>\n<li>Gratis flaske Premium Isopropyl Alcohol (IPA) 99,9% til reng\u00f8ring af komponenterne.<\/li>\n<li>Gratis 420 ml Whip-It! Premium butan uden urenheder (kun forsendelse i Storbritannien).<\/li>\n<\/ul>\n<\/div>\n<div id=\"tab.kit_includes\" class=\"data item content\" role=\"tabpanel\" data-role=\"content\" aria-labelledby=\"tab-label-tab.kit_includes\" aria-hidden=\"false\">\n<blockquote><p>Brug af t\u00f8ris i stedet for knust vil g\u00f8re produktet meget koldere.<\/p>\n<p>N\u00e5r du pakker tuben, pr\u00f8v at komprimere produktet, dette vil hj\u00e6lpe med at m\u00e6tte hele produktet, n\u00e5r du kommer til at administrere butanen.<\/p><\/blockquote>\n<\/div>\n<blockquote><p>St\u00f8vsugning af r\u00f8ret, efter du har pakket produktet, hj\u00e6lper med at fjerne u\u00f8nsket fugt og ilt. Vakuumet vil muligg\u00f8re hurtigere p\u00e5fyldning af butan.<\/p>\n<p>Frysning af det st\u00f8vsugede r\u00f8r i minimum 2 timer f\u00f8r administration af butanen vil betyde, at du ikke tr\u00e6kker s\u00e5 meget farve ud af produktet, s\u00e5 det forbedrer klarheden og \u00f8ger udbyttet.<\/p><\/blockquote>","protected":false},"excerpt":{"rendered":"<p>Blaster r\u00f8ret i rustfrit st\u00e5l er fremstillet af 304 rustfrit st\u00e5l og er ideelt til at udvinde \u00e6teriske olier\/ekstrakter. Systemet g\u00f8r det muligt for brugeren at udvikle opl\u00f8sningsmiddeltryk ved at lukke ventilen i bunden og pakke ekstraktoren, f\u00f8r materialet gennembl\u00f8des og opl\u00f8sningsmidlet og den \u00e6teriske olie frigives via bundventilen. L\u00e6g aldrig butanfyldte r\u00f8r i fryseren. [&hellip;]<\/p>\n","protected":false},"featured_media":53532,"template":"","meta":{"_acf_changed":false},"product_brand":[],"product_cat":[1798,1800,1801],"product_tag":[],"class_list":{"0":"post-53525","1":"product","2":"type-product","3":"status-publish","4":"has-post-thumbnail","6":"product_cat-efterbehandling","7":"product_cat-ekstraktion","8":"product_cat-gas-bho","10":"first","11":"onbackorder","12":"taxable","13":"shipping-taxable","14":"purchasable","15":"product-type-simple"},"acf":[],"yoast_head":"<!-- This site is optimized with the Yoast SEO plugin v26.9 - https:\/\/yoast.com\/product\/yoast-seo-wordpress\/ -->\n<title>Gemini 130 Ekstraktionsr\u00f8r BHO - Superseeds.dk<\/title>\n<meta name=\"robots\" content=\"index, follow, max-snippet:-1, max-image-preview:large, max-video-preview:-1\" \/>\n<link rel=\"canonical\" href=\"https:\/\/superseeds.dk\/no\/produkt\/gemini-130-ekstraktionsroer-bho\/\" \/>\n<meta property=\"og:locale\" content=\"nb_NO\" \/>\n<meta property=\"og:type\" content=\"article\" \/>\n<meta property=\"og:title\" content=\"Gemini 130 Ekstraktionsr\u00f8r BHO - Superseeds.dk\" \/>\n<meta property=\"og:description\" content=\"Blaster r\u00f8ret i rustfrit st\u00e5l er fremstillet af 304 rustfrit st\u00e5l og er ideelt til at udvinde \u00e6teriske olier\/ekstrakter. Systemet g\u00f8r det muligt for brugeren at udvikle opl\u00f8sningsmiddeltryk ved at lukke ventilen i bunden og pakke ekstraktoren, f\u00f8r materialet gennembl\u00f8des og opl\u00f8sningsmidlet og den \u00e6teriske olie frigives via bundventilen. L\u00e6g aldrig butanfyldte r\u00f8r i fryseren. [&hellip;]\" \/>\n<meta property=\"og:url\" content=\"https:\/\/superseeds.dk\/no\/produkt\/gemini-130-ekstraktionsroer-bho\/\" \/>\n<meta property=\"og:site_name\" content=\"Superseeds.dk\" \/>\n<meta property=\"article:modified_time\" content=\"2025-01-30T20:46:00+00:00\" \/>\n<meta property=\"og:image\" content=\"https:\/\/dev.superseeds.dk\/wp-content\/uploads\/2025\/01\/Gemini-130-Ekstraktionsroer-BHO.png\" \/>\n\t<meta property=\"og:image:width\" content=\"1080\" \/>\n\t<meta property=\"og:image:height\" content=\"1080\" \/>\n\t<meta property=\"og:image:type\" content=\"image\/png\" \/>\n<meta name=\"twitter:card\" content=\"summary_large_image\" \/>\n<meta name=\"twitter:label1\" content=\"Ansl. lesetid\" \/>\n\t<meta name=\"twitter:data1\" content=\"2 minutter\" \/>\n<script type=\"application\/ld+json\" class=\"yoast-schema-graph\">{\"@context\":\"https:\/\/schema.org\",\"@graph\":[{\"@type\":\"WebPage\",\"@id\":\"https:\/\/superseeds.dk\/vare\/gemini-130-ekstraktionsroer-bho\/\",\"url\":\"https:\/\/superseeds.dk\/vare\/gemini-130-ekstraktionsroer-bho\/\",\"name\":\"Gemini 130 Ekstraktionsr\u00f8r BHO - Superseeds.dk\",\"isPartOf\":{\"@id\":\"https:\/\/super-seeds.se\/#website\"},\"primaryImageOfPage\":{\"@id\":\"https:\/\/superseeds.dk\/vare\/gemini-130-ekstraktionsroer-bho\/#primaryimage\"},\"image\":{\"@id\":\"https:\/\/superseeds.dk\/vare\/gemini-130-ekstraktionsroer-bho\/#primaryimage\"},\"thumbnailUrl\":\"https:\/\/superseeds.dk\/wp-content\/uploads\/2025\/01\/Gemini-130-Ekstraktionsroer-BHO.png\",\"datePublished\":\"2025-01-30T20:45:58+00:00\",\"dateModified\":\"2025-01-30T20:46:00+00:00\",\"breadcrumb\":{\"@id\":\"https:\/\/superseeds.dk\/vare\/gemini-130-ekstraktionsroer-bho\/#breadcrumb\"},\"inLanguage\":\"nb-NO\",\"potentialAction\":[{\"@type\":\"ReadAction\",\"target\":[\"https:\/\/superseeds.dk\/vare\/gemini-130-ekstraktionsroer-bho\/\"]}]},{\"@type\":\"ImageObject\",\"inLanguage\":\"nb-NO\",\"@id\":\"https:\/\/superseeds.dk\/vare\/gemini-130-ekstraktionsroer-bho\/#primaryimage\",\"url\":\"https:\/\/superseeds.dk\/wp-content\/uploads\/2025\/01\/Gemini-130-Ekstraktionsroer-BHO.png\",\"contentUrl\":\"https:\/\/superseeds.dk\/wp-content\/uploads\/2025\/01\/Gemini-130-Ekstraktionsroer-BHO.png\",\"width\":1080,\"height\":1080},{\"@type\":\"BreadcrumbList\",\"@id\":\"https:\/\/superseeds.dk\/vare\/gemini-130-ekstraktionsroer-bho\/#breadcrumb\",\"itemListElement\":[{\"@type\":\"ListItem\",\"position\":1,\"name\":\"Hjem\",\"item\":\"https:\/\/superseeds.dk\/\"},{\"@type\":\"ListItem\",\"position\":2,\"name\":\"Shop\",\"item\":\"https:\/\/superseeds.dk\/no\/butikk\/\"},{\"@type\":\"ListItem\",\"position\":3,\"name\":\"Gemini 130 Ekstraktionsr\u00f8r BHO\"}]},{\"@type\":\"WebSite\",\"@id\":\"https:\/\/super-seeds.se\/#website\",\"url\":\"https:\/\/super-seeds.se\/\",\"name\":\"Superseeds.dk\",\"description\":\"\",\"publisher\":{\"@id\":\"https:\/\/super-seeds.se\/#organization\"},\"potentialAction\":[{\"@type\":\"SearchAction\",\"target\":{\"@type\":\"EntryPoint\",\"urlTemplate\":\"https:\/\/super-seeds.se\/?s={search_term_string}\"},\"query-input\":{\"@type\":\"PropertyValueSpecification\",\"valueRequired\":true,\"valueName\":\"search_term_string\"}}],\"inLanguage\":\"nb-NO\"},{\"@type\":\"Organization\",\"@id\":\"https:\/\/super-seeds.se\/#organization\",\"name\":\"Superseeds.dk\",\"url\":\"https:\/\/super-seeds.se\/\",\"logo\":{\"@type\":\"ImageObject\",\"inLanguage\":\"nb-NO\",\"@id\":\"https:\/\/super-seeds.se\/#\/schema\/logo\/image\/\",\"url\":\"https:\/\/superseeds.dk\/wp-content\/uploads\/2025\/09\/logo-superseeds.png\",\"contentUrl\":\"https:\/\/superseeds.dk\/wp-content\/uploads\/2025\/09\/logo-superseeds.png\",\"width\":180,\"height\":160,\"caption\":\"Superseeds.dk\"},\"image\":{\"@id\":\"https:\/\/super-seeds.se\/#\/schema\/logo\/image\/\"}}]}<\/script>\n<!-- \/ Yoast SEO plugin. -->","yoast_head_json":{"title":"Gemini 130 Ekstraktionsr\u00f8r BHO - Superseeds.dk","robots":{"index":"index","follow":"follow","max-snippet":"max-snippet:-1","max-image-preview":"max-image-preview:large","max-video-preview":"max-video-preview:-1"},"canonical":"https:\/\/superseeds.dk\/no\/produkt\/gemini-130-ekstraktionsroer-bho\/","og_locale":"nb_NO","og_type":"article","og_title":"Gemini 130 Ekstraktionsr\u00f8r BHO - Superseeds.dk","og_description":"Blaster r\u00f8ret i rustfrit st\u00e5l er fremstillet af 304 rustfrit st\u00e5l og er ideelt til at udvinde \u00e6teriske olier\/ekstrakter. Systemet g\u00f8r det muligt for brugeren at udvikle opl\u00f8sningsmiddeltryk ved at lukke ventilen i bunden og pakke ekstraktoren, f\u00f8r materialet gennembl\u00f8des og opl\u00f8sningsmidlet og den \u00e6teriske olie frigives via bundventilen. L\u00e6g aldrig butanfyldte r\u00f8r i fryseren. [&hellip;]","og_url":"https:\/\/superseeds.dk\/no\/produkt\/gemini-130-ekstraktionsroer-bho\/","og_site_name":"Superseeds.dk","article_modified_time":"2025-01-30T20:46:00+00:00","og_image":[{"width":1080,"height":1080,"url":"https:\/\/dev.superseeds.dk\/wp-content\/uploads\/2025\/01\/Gemini-130-Ekstraktionsroer-BHO.png","type":"image\/png"}],"twitter_card":"summary_large_image","twitter_misc":{"Ansl. lesetid":"2 minutter"},"schema":{"@context":"https:\/\/schema.org","@graph":[{"@type":"WebPage","@id":"https:\/\/superseeds.dk\/vare\/gemini-130-ekstraktionsroer-bho\/","url":"https:\/\/superseeds.dk\/vare\/gemini-130-ekstraktionsroer-bho\/","name":"Gemini 130 Ekstraktionsr\u00f8r BHO - Superseeds.dk","isPartOf":{"@id":"https:\/\/super-seeds.se\/#website"},"primaryImageOfPage":{"@id":"https:\/\/superseeds.dk\/vare\/gemini-130-ekstraktionsroer-bho\/#primaryimage"},"image":{"@id":"https:\/\/superseeds.dk\/vare\/gemini-130-ekstraktionsroer-bho\/#primaryimage"},"thumbnailUrl":"https:\/\/superseeds.dk\/wp-content\/uploads\/2025\/01\/Gemini-130-Ekstraktionsroer-BHO.png","datePublished":"2025-01-30T20:45:58+00:00","dateModified":"2025-01-30T20:46:00+00:00","breadcrumb":{"@id":"https:\/\/superseeds.dk\/vare\/gemini-130-ekstraktionsroer-bho\/#breadcrumb"},"inLanguage":"nb-NO","potentialAction":[{"@type":"ReadAction","target":["https:\/\/superseeds.dk\/vare\/gemini-130-ekstraktionsroer-bho\/"]}]},{"@type":"ImageObject","inLanguage":"nb-NO","@id":"https:\/\/superseeds.dk\/vare\/gemini-130-ekstraktionsroer-bho\/#primaryimage","url":"https:\/\/superseeds.dk\/wp-content\/uploads\/2025\/01\/Gemini-130-Ekstraktionsroer-BHO.png","contentUrl":"https:\/\/superseeds.dk\/wp-content\/uploads\/2025\/01\/Gemini-130-Ekstraktionsroer-BHO.png","width":1080,"height":1080},{"@type":"BreadcrumbList","@id":"https:\/\/superseeds.dk\/vare\/gemini-130-ekstraktionsroer-bho\/#breadcrumb","itemListElement":[{"@type":"ListItem","position":1,"name":"Hjem","item":"https:\/\/superseeds.dk\/"},{"@type":"ListItem","position":2,"name":"Shop","item":"https:\/\/superseeds.dk\/no\/butikk\/"},{"@type":"ListItem","position":3,"name":"Gemini 130 Ekstraktionsr\u00f8r BHO"}]},{"@type":"WebSite","@id":"https:\/\/super-seeds.se\/#website","url":"https:\/\/super-seeds.se\/","name":"Superseeds.com","description":"","publisher":{"@id":"https:\/\/super-seeds.se\/#organization"},"potentialAction":[{"@type":"SearchAction","target":{"@type":"EntryPoint","urlTemplate":"https:\/\/super-seeds.se\/?s={search_term_string}"},"query-input":{"@type":"PropertyValueSpecification","valueRequired":true,"valueName":"search_term_string"}}],"inLanguage":"nb-NO"},{"@type":"Organization","@id":"https:\/\/super-seeds.se\/#organization","name":"Superseeds.com","url":"https:\/\/super-seeds.se\/","logo":{"@type":"ImageObject","inLanguage":"nb-NO","@id":"https:\/\/super-seeds.se\/#\/schema\/logo\/image\/","url":"https:\/\/superseeds.dk\/wp-content\/uploads\/2025\/09\/logo-superseeds.png","contentUrl":"https:\/\/superseeds.dk\/wp-content\/uploads\/2025\/09\/logo-superseeds.png","width":180,"height":160,"caption":"Superseeds.dk"},"image":{"@id":"https:\/\/super-seeds.se\/#\/schema\/logo\/image\/"}}]}},"df_price":2299.95,"df_sale_price":"","df_regular_price":2299.95,"df_image_link":"https:\/\/superseeds.dk\/wp-content\/uploads\/2025\/01\/Gemini-130-Ekstraktionsroer-BHO-1024x1024.png","_links":{"self":[{"href":"https:\/\/superseeds.dk\/no\/wp-json\/wp\/v2\/product\/53525","targetHints":{"allow":["GET"]}}],"collection":[{"href":"https:\/\/superseeds.dk\/no\/wp-json\/wp\/v2\/product"}],"about":[{"href":"https:\/\/superseeds.dk\/no\/wp-json\/wp\/v2\/types\/product"}],"wp:featuredmedia":[{"embeddable":true,"href":"https:\/\/superseeds.dk\/no\/wp-json\/wp\/v2\/media\/53532"}],"wp:attachment":[{"href":"https:\/\/superseeds.dk\/no\/wp-json\/wp\/v2\/media?parent=53525"}],"wp:term":[{"taxonomy":"product_brand","embeddable":true,"href":"https:\/\/superseeds.dk\/no\/wp-json\/wp\/v2\/product_brand?post=53525"},{"taxonomy":"product_cat","embeddable":true,"href":"https:\/\/superseeds.dk\/no\/wp-json\/wp\/v2\/product_cat?post=53525"},{"taxonomy":"product_tag","embeddable":true,"href":"https:\/\/superseeds.dk\/no\/wp-json\/wp\/v2\/product_tag?post=53525"}],"curies":[{"name":"wp","href":"https:\/\/api.w.org\/{rel}","templated":true}]}}