{"id":53487,"date":"2025-01-30T21:45:47","date_gmt":"2025-01-30T20:45:47","guid":{"rendered":"https:\/\/superseeds.dk\/vare\/boveda-62\/"},"modified":"2025-11-25T18:45:50","modified_gmt":"2025-11-25T17:45:50","slug":"boveda-62","status":"publish","type":"product","link":"https:\/\/superseeds.dk\/no\/produkt\/boveda-62\/","title":{"rendered":"Boveda &#8211; 62%"},"content":{"rendered":"<h2><span style=\"font-weight: 400;\">Boveda &#8211; 62%: Hold dit produkt frisk og beskyt det mod skimmel<\/span><\/h2>\n<p><span style=\"font-weight: 400;\">Boveda 2-vejs luftfugtighedsposer er designet til at opretholde en konstant luftfugtighed p\u00e5\u00a0 62%, hvilket sikrer optimal opbevaring af dit f\u00e6rdige produkt. Uanset om du opbevarer cigarer, cannabis eller madvarer, s\u00e5 garanterer Boveda at dit produkt bevares frisk og smagfuldt.<\/span><\/p>\n<h2><span style=\"font-weight: 400;\">Verdens f\u00f8rende inden for fugtighedskontrolposer<\/span><\/h2>\n<p><span style=\"font-weight: 400;\">Boveda er verdens f\u00f8rende inden for fugtighedskontrolposer, og deres 2-vejs fugtighedskontrolposer best\u00e5r af en blanding af naturlige salte og renset vand, som er indkapslet i en halvgennemtr\u00e6ngelig omvendt osmose membran. Posen er lille og kan nemt placeres i en humidor, cigarkasse eller sammen med dine t\u00f8rrede planter i en luftt\u00e6t beholder. De er ogs\u00e5 perfekte til rejser, da de ikke fylder meget og kan opbevares i en lille beholder eller pose.<\/span><\/p>\n<h2><span style=\"font-weight: 400;\">Beskyt dit produkt mod skimmel og t\u00f8rhed<\/span><\/h2>\n<p><span style=\"font-weight: 400;\">Med Boveda kan du forhindre dannelsen af skimmel og beskytte dit produkt mod t\u00f8rhed. Boveda s\u00f8rger for at opretholde en konstant luftfugtighed, s\u00e5 dit produkt altid er frisk og beskyttet mod skadelige faktorer. Det er oplagt at bruge Boveda 62% n\u00e5r du opbevarer dit f\u00e6rdige produkt i en luftt\u00e6t beholder, som f.eks. en <\/span><a href=\"https:\/\/gro-lys.dk\/shop\/efterbehandling\/opbevaring\/cvault-lufttaet-staal-beholder\/\"><span style=\"font-weight: 400;\">Cvault<\/span><\/a><span style=\"font-weight: 400;\">.<\/span><\/p>\n<h3><span style=\"font-weight: 400;\">ISO-certificeret og FDA-godkendt<\/span><\/h3>\n<p><span style=\"font-weight: 400;\">Alle Boveda-produkter er ISO-certificeret, FDA-godkendt og overholder alle GMP-standarder. S\u00e5 du kan v\u00e6re sikker p\u00e5 at du f\u00e5r et produkt af h\u00f8j kvalitet, som ogs\u00e5 er sikkert og p\u00e5lideligt.<\/span><\/p>\n<h3><span style=\"font-weight: 400;\">Forskellige st\u00f8rrelser til forskellige behov<\/span><\/h3>\n<p><span style=\"font-weight: 400;\">Boveda f\u00e5s i forskellige st\u00f8rrelser, s\u00e5 du kan v\u00e6lge den st\u00f8rrelse, der passer til dit behov. 8 gram passer til ca. 28g blomst, 67 gram passer til ca. 450g blomst, og 320 gram passer til ca. 2500g blomst.<\/span><\/p>\n<p>&nbsp;<\/p>\n<p><span style=\"font-weight: 400;\">S\u00e5 hvis du vil have et produkt, der hj\u00e6lper med at holde dit produkt frisk og beskytter det mod skimmel og t\u00f8rhed &#8211; s\u00e5 er Boveda den ideelle l\u00f8sning for dig.<\/span><\/p>\n<h3><span style=\"font-weight: 400;\">Rask levering og god kundeservice<\/span><\/h3>\n<p><span style=\"font-weight: 400;\">Det betyder alt for os, at du f\u00e5r en god kundeoplevelse. Derfor s\u00f8ger vi altid for at have hurtige leveringstider, samt at tilbyde god kundeservice. Har du brug for hj\u00e6lp er du altid mere end velkommen til at kontakte vores kundeservice, som med gl\u00e6de vil hj\u00e6lpe dig.<\/span><\/p>\n<p>&nbsp;<\/p>\n<p><span style=\"font-weight: 400;\">Du kan kontakte os p\u00e5 telefon via. 24 79 80 80 eller via vores <a href=\"\/kontakt\">kontaktside<\/a>. Vi ser frem til at h\u00f8re fra dig!<\/span><\/p>","protected":false},"excerpt":{"rendered":"<p><span style=\"font-weight: 400;\">Med disse <strong>Boveda 2-vejs luftfugtighedsposer<\/strong> kan du sikre en luftfugtighed p\u00e5 62%, hvilket <strong>sikrer optimal opbevaring<\/strong> af f.eks. dine planter eller cigarer.\u00a0<\/span><\/p>\n<p><span style=\"font-weight: 400;\">Det er et oplagt valg til n\u00e5r du opbevarer det i en luftt\u00e6t beholder, som f.eks. en Cvault.<\/span><\/p>\n<p><b>Vejledning til variant:<\/b><\/p>\n<ul>\n<li><span style=\"font-weight: 400;\">4 gram passer til ca. 12g blomst<\/span><\/li>\n<li style=\"font-weight: 400;\" aria-level=\"1\"><span style=\"font-weight: 400;\">8 gram passer til ca. 28g blomst<\/span><\/li>\n<li style=\"font-weight: 400;\" aria-level=\"1\"><span style=\"font-weight: 400;\">67 gram passer til ca. 450g blomst<\/span><\/li>\n<li style=\"font-weight: 400;\" aria-level=\"1\"><span style=\"font-weight: 400;\">320 gram passer til ca. 2500g blomst<\/span><\/li>\n<\/ul>","protected":false},"featured_media":68117,"template":"","meta":{"_acf_changed":false},"product_brand":[],"product_cat":[1817,1798],"product_tag":[],"class_list":{"0":"post-53487","1":"product","2":"type-product","3":"status-publish","4":"has-post-thumbnail","6":"product_cat-bovedaintegra","7":"product_cat-efterbehandling","8":"pa_gram-320-g","9":"pa_gram-4-g","10":"pa_gram-67-g","11":"pa_gram-8-g","13":"first","14":"onbackorder","15":"taxable","16":"shipping-taxable","17":"purchasable","18":"product-type-variable","19":"wvs-archive-product-wrapper"},"acf":[],"yoast_head":"<!-- This site is optimized with the Yoast SEO plugin v27.6 - https:\/\/yoast.com\/product\/yoast-seo-wordpress\/ -->\n<title>Boveda - 62% - Superseeds.dk<\/title>\n<meta name=\"robots\" content=\"index, follow, max-snippet:-1, max-image-preview:large, max-video-preview:-1\" \/>\n<link rel=\"canonical\" href=\"https:\/\/super-seeds.se\/vare\/boveda-62\/\" \/>\n<meta property=\"og:locale\" content=\"nb_NO\" \/>\n<meta property=\"og:type\" content=\"article\" \/>\n<meta property=\"og:title\" content=\"Boveda - 62% - Superseeds.dk\" \/>\n<meta property=\"og:description\" content=\"Med disse Boveda 2-vejs luftfugtighedsposer kan du sikre en luftfugtighed p\u00e5 62%, hvilket sikrer optimal opbevaring af f.eks. dine planter eller cigarer.\u00a0  Det er et oplagt valg til n\u00e5r du opbevarer det i en luftt\u00e6t beholder, som f.eks. en Cvault.  Vejledning til variant:   4 gram passer til ca. 12g blomst  8 gram passer til ca. 28g blomst  67 gram passer til ca. 450g blomst  320 gram passer til ca. 2500g blomst\" \/>\n<meta property=\"og:url\" content=\"https:\/\/super-seeds.se\/vare\/boveda-62\/\" \/>\n<meta property=\"og:site_name\" content=\"Superseeds.dk\" \/>\n<meta property=\"article:modified_time\" content=\"2025-11-25T17:45:50+00:00\" \/>\n<meta property=\"og:image\" content=\"https:\/\/super-seeds.se\/wp-content\/uploads\/2025\/06\/Boveda-\u2013-62.png\" \/>\n\t<meta property=\"og:image:width\" content=\"1080\" \/>\n\t<meta property=\"og:image:height\" content=\"1080\" \/>\n\t<meta property=\"og:image:type\" content=\"image\/png\" \/>\n<meta name=\"twitter:card\" content=\"summary_large_image\" \/>\n<meta name=\"twitter:label1\" content=\"Ansl. lesetid\" \/>\n\t<meta name=\"twitter:data1\" content=\"2 minutter\" \/>\n<script type=\"application\/ld+json\" class=\"yoast-schema-graph\">{\"@context\":\"https:\\\/\\\/schema.org\",\"@graph\":[{\"@type\":\"WebPage\",\"@id\":\"https:\\\/\\\/super-seeds.se\\\/vare\\\/boveda-62\\\/\",\"url\":\"https:\\\/\\\/super-seeds.se\\\/vare\\\/boveda-62\\\/\",\"name\":\"Boveda - 62% - Superseeds.dk\",\"isPartOf\":{\"@id\":\"https:\\\/\\\/super-seeds.se\\\/#website\"},\"primaryImageOfPage\":{\"@id\":\"https:\\\/\\\/super-seeds.se\\\/vare\\\/boveda-62\\\/#primaryimage\"},\"image\":{\"@id\":\"https:\\\/\\\/super-seeds.se\\\/vare\\\/boveda-62\\\/#primaryimage\"},\"thumbnailUrl\":\"https:\\\/\\\/superseeds.dk\\\/wp-content\\\/uploads\\\/2025\\\/11\\\/Boveda-\u2013-62.webp\",\"datePublished\":\"2025-01-30T20:45:47+00:00\",\"dateModified\":\"2025-11-25T17:45:50+00:00\",\"breadcrumb\":{\"@id\":\"https:\\\/\\\/super-seeds.se\\\/vare\\\/boveda-62\\\/#breadcrumb\"},\"inLanguage\":\"nb-NO\",\"potentialAction\":[{\"@type\":\"ReadAction\",\"target\":[\"https:\\\/\\\/super-seeds.se\\\/vare\\\/boveda-62\\\/\"]}]},{\"@type\":\"ImageObject\",\"inLanguage\":\"nb-NO\",\"@id\":\"https:\\\/\\\/super-seeds.se\\\/vare\\\/boveda-62\\\/#primaryimage\",\"url\":\"https:\\\/\\\/superseeds.dk\\\/wp-content\\\/uploads\\\/2025\\\/11\\\/Boveda-\u2013-62.webp\",\"contentUrl\":\"https:\\\/\\\/superseeds.dk\\\/wp-content\\\/uploads\\\/2025\\\/11\\\/Boveda-\u2013-62.webp\",\"width\":1080,\"height\":1080},{\"@type\":\"BreadcrumbList\",\"@id\":\"https:\\\/\\\/super-seeds.se\\\/vare\\\/boveda-62\\\/#breadcrumb\",\"itemListElement\":[{\"@type\":\"ListItem\",\"position\":1,\"name\":\"Hjem\",\"item\":\"https:\\\/\\\/superseeds.dk\\\/\"},{\"@type\":\"ListItem\",\"position\":2,\"name\":\"Shop\",\"item\":\"https:\\\/\\\/superseeds.dk\\\/no\\\/butikk\\\/\"},{\"@type\":\"ListItem\",\"position\":3,\"name\":\"Boveda &#8211; 62%\"}]},{\"@type\":\"WebSite\",\"@id\":\"https:\\\/\\\/super-seeds.se\\\/#website\",\"url\":\"https:\\\/\\\/super-seeds.se\\\/\",\"name\":\"Superseeds.dk\",\"description\":\"\",\"publisher\":{\"@id\":\"https:\\\/\\\/super-seeds.se\\\/#organization\"},\"potentialAction\":[{\"@type\":\"SearchAction\",\"target\":{\"@type\":\"EntryPoint\",\"urlTemplate\":\"https:\\\/\\\/super-seeds.se\\\/?s={search_term_string}\"},\"query-input\":{\"@type\":\"PropertyValueSpecification\",\"valueRequired\":true,\"valueName\":\"search_term_string\"}}],\"inLanguage\":\"nb-NO\"},{\"@type\":\"Organization\",\"@id\":\"https:\\\/\\\/super-seeds.se\\\/#organization\",\"name\":\"Superseeds.dk\",\"url\":\"https:\\\/\\\/super-seeds.se\\\/\",\"logo\":{\"@type\":\"ImageObject\",\"inLanguage\":\"nb-NO\",\"@id\":\"https:\\\/\\\/super-seeds.se\\\/#\\\/schema\\\/logo\\\/image\\\/\",\"url\":\"https:\\\/\\\/superseeds.dk\\\/wp-content\\\/uploads\\\/2025\\\/09\\\/logo-superseeds.png\",\"contentUrl\":\"https:\\\/\\\/superseeds.dk\\\/wp-content\\\/uploads\\\/2025\\\/09\\\/logo-superseeds.png\",\"width\":180,\"height\":160,\"caption\":\"Superseeds.dk\"},\"image\":{\"@id\":\"https:\\\/\\\/super-seeds.se\\\/#\\\/schema\\\/logo\\\/image\\\/\"}}]}<\/script>\n<!-- \/ Yoast SEO plugin. -->","yoast_head_json":{"title":"Boveda - 62% - Superseeds.dk","robots":{"index":"index","follow":"follow","max-snippet":"max-snippet:-1","max-image-preview":"max-image-preview:large","max-video-preview":"max-video-preview:-1"},"canonical":"https:\/\/super-seeds.se\/vare\/boveda-62\/","og_locale":"nb_NO","og_type":"article","og_title":"Boveda - 62% - Superseeds.dk","og_description":"Med disse Boveda 2-vejs luftfugtighedsposer kan du sikre en luftfugtighed p\u00e5 62%, hvilket sikrer optimal opbevaring af f.eks. dine planter eller cigarer.\u00a0  Det er et oplagt valg til n\u00e5r du opbevarer det i en luftt\u00e6t beholder, som f.eks. en Cvault.  Vejledning til variant:   4 gram passer til ca. 12g blomst  8 gram passer til ca. 28g blomst  67 gram passer til ca. 450g blomst  320 gram passer til ca. 2500g blomst","og_url":"https:\/\/super-seeds.se\/vare\/boveda-62\/","og_site_name":"Superseeds.dk","article_modified_time":"2025-11-25T17:45:50+00:00","og_image":[{"width":1080,"height":1080,"url":"https:\/\/super-seeds.se\/wp-content\/uploads\/2025\/06\/Boveda-\u2013-62.png","type":"image\/png"}],"twitter_card":"summary_large_image","twitter_misc":{"Ansl. lesetid":"2 minutter"},"schema":{"@context":"https:\/\/schema.org","@graph":[{"@type":"WebPage","@id":"https:\/\/super-seeds.se\/vare\/boveda-62\/","url":"https:\/\/super-seeds.se\/vare\/boveda-62\/","name":"Boveda - 62% - Superseeds.dk","isPartOf":{"@id":"https:\/\/super-seeds.se\/#website"},"primaryImageOfPage":{"@id":"https:\/\/super-seeds.se\/vare\/boveda-62\/#primaryimage"},"image":{"@id":"https:\/\/super-seeds.se\/vare\/boveda-62\/#primaryimage"},"thumbnailUrl":"https:\/\/superseeds.dk\/wp-content\/uploads\/2025\/11\/Boveda-\u2013-62.webp","datePublished":"2025-01-30T20:45:47+00:00","dateModified":"2025-11-25T17:45:50+00:00","breadcrumb":{"@id":"https:\/\/super-seeds.se\/vare\/boveda-62\/#breadcrumb"},"inLanguage":"nb-NO","potentialAction":[{"@type":"ReadAction","target":["https:\/\/super-seeds.se\/vare\/boveda-62\/"]}]},{"@type":"ImageObject","inLanguage":"nb-NO","@id":"https:\/\/super-seeds.se\/vare\/boveda-62\/#primaryimage","url":"https:\/\/superseeds.dk\/wp-content\/uploads\/2025\/11\/Boveda-\u2013-62.webp","contentUrl":"https:\/\/superseeds.dk\/wp-content\/uploads\/2025\/11\/Boveda-\u2013-62.webp","width":1080,"height":1080},{"@type":"BreadcrumbList","@id":"https:\/\/super-seeds.se\/vare\/boveda-62\/#breadcrumb","itemListElement":[{"@type":"ListItem","position":1,"name":"Hjem","item":"https:\/\/superseeds.dk\/"},{"@type":"ListItem","position":2,"name":"Shop","item":"https:\/\/superseeds.dk\/no\/butikk\/"},{"@type":"ListItem","position":3,"name":"Boveda &#8211; 62%"}]},{"@type":"WebSite","@id":"https:\/\/super-seeds.se\/#website","url":"https:\/\/super-seeds.se\/","name":"Superseeds.com","description":"","publisher":{"@id":"https:\/\/super-seeds.se\/#organization"},"potentialAction":[{"@type":"SearchAction","target":{"@type":"EntryPoint","urlTemplate":"https:\/\/super-seeds.se\/?s={search_term_string}"},"query-input":{"@type":"PropertyValueSpecification","valueRequired":true,"valueName":"search_term_string"}}],"inLanguage":"nb-NO"},{"@type":"Organization","@id":"https:\/\/super-seeds.se\/#organization","name":"Superseeds.com","url":"https:\/\/super-seeds.se\/","logo":{"@type":"ImageObject","inLanguage":"nb-NO","@id":"https:\/\/super-seeds.se\/#\/schema\/logo\/image\/","url":"https:\/\/superseeds.dk\/wp-content\/uploads\/2025\/09\/logo-superseeds.png","contentUrl":"https:\/\/superseeds.dk\/wp-content\/uploads\/2025\/09\/logo-superseeds.png","width":180,"height":160,"caption":"Superseeds.dk"},"image":{"@id":"https:\/\/super-seeds.se\/#\/schema\/logo\/image\/"}}]}},"df_price":12,"df_sale_price":"","df_regular_price":12,"df_image_link":"https:\/\/superseeds.dk\/wp-content\/uploads\/2025\/11\/Boveda-\u2013-62-1024x1024.webp","_links":{"self":[{"href":"https:\/\/superseeds.dk\/no\/wp-json\/wp\/v2\/product\/53487","targetHints":{"allow":["GET"]}}],"collection":[{"href":"https:\/\/superseeds.dk\/no\/wp-json\/wp\/v2\/product"}],"about":[{"href":"https:\/\/superseeds.dk\/no\/wp-json\/wp\/v2\/types\/product"}],"wp:featuredmedia":[{"embeddable":true,"href":"https:\/\/superseeds.dk\/no\/wp-json\/wp\/v2\/media\/68117"}],"wp:attachment":[{"href":"https:\/\/superseeds.dk\/no\/wp-json\/wp\/v2\/media?parent=53487"}],"wp:term":[{"taxonomy":"product_brand","embeddable":true,"href":"https:\/\/superseeds.dk\/no\/wp-json\/wp\/v2\/product_brand?post=53487"},{"taxonomy":"product_cat","embeddable":true,"href":"https:\/\/superseeds.dk\/no\/wp-json\/wp\/v2\/product_cat?post=53487"},{"taxonomy":"product_tag","embeddable":true,"href":"https:\/\/superseeds.dk\/no\/wp-json\/wp\/v2\/product_tag?post=53487"}],"curies":[{"name":"wp","href":"https:\/\/api.w.org\/{rel}","templated":true}]}}