{"id":53476,"date":"2025-01-30T21:45:38","date_gmt":"2025-01-30T20:45:38","guid":{"rendered":"https:\/\/superseeds.dk\/vare\/integra-boost-terpene-essentials-terpinolene\/"},"modified":"2025-11-19T12:49:01","modified_gmt":"2025-11-19T11:49:01","slug":"integra-boost-terpene-essentials-terpinolene","status":"publish","type":"product","link":"https:\/\/superseeds.dk\/no\/produkt\/integra-boost-terpene-essentials-terpinolene\/","title":{"rendered":"62% Integra Boost Terpene Essentials Terpinolene &#8211; 4g"},"content":{"rendered":"<h2><span style=\"font-weight: 400;\">62% Integra Boost Terpene Essentials Terpinolene: Den ultimative l\u00f8sning til fugtighedskontrol med tilsatte terpener<\/span><\/h2>\n<p><span style=\"font-weight: 400;\">Integra Boost Terpene Essentials Terpinolene er en 2-vejs fugtighedskontrolspose med tilsatte terpener, som er specielt designet til at opretholde en konstant luftfugtighed p\u00e5 62%. Denne pose sikrer, at dit cannabis eller andre planter opbevares p\u00e5 den rette m\u00e5de, s\u00e5 du kan opn\u00e5 den bedste kvalitet. Oplagt at bruge sammen med <\/span><span style=\"font-weight: 400;\">Cvault<\/span><span style=\"font-weight: 400;\">.<\/span><\/p>\n<h2><span style=\"font-weight: 400;\">F\u00e5 beroligende og anti-inflammatoriske fordele med Integra Boost Terpene Essentials Terpinolene<\/span><\/h2>\n<p><span style=\"font-weight: 400;\">Terpinolene terpener er kendt for sin beroligende effekt, antiinflammatoriske egenskaber og mildt bed\u00f8vende virkning. Terpener spiller en vigtig rolle i cannabisindustrien, da de har en synergi med cannabinoider, som kan forst\u00e6rke de biologiske virkninger af begge stoffer og dermed forbedre kvaliteten af dit produkt.<\/span><\/p>\n<p>&nbsp;<\/p>\n<ul>\n<li style=\"font-weight: 400;\" aria-level=\"1\"><span style=\"font-weight: 400;\">Beroligende, Anti-inflammatorisk, Mindre bed\u00f8vende<\/span><\/li>\n<li style=\"font-weight: 400;\" aria-level=\"1\"><span style=\"font-weight: 400;\">Pakken kan bruges flere gange<\/span><\/li>\n<li style=\"font-weight: 400;\" aria-level=\"1\"><span style=\"font-weight: 400;\">Infusionen af terpener sker over en periode af 24-72 timer<\/span><\/li>\n<\/ul>\n<h3><span style=\"font-weight: 400;\">Genanvendelig emballage: Brug Integra Boost Terpene Essentials Terpinolene flere gange<\/span><\/h3>\n<p><span style=\"font-weight: 400;\">Integra Boost Terpene Essentials Terpinolene er en genanvendelig pose, og du kan bruge den flere gange. Den er nem at bruge og FDA-godkendt, bionedbrydelig og ikke-giftig, s\u00e5 du kan v\u00e6re sikker p\u00e5, at dit produkt vil forblive frisk og sundt.<\/span><\/p>\n<h3><span style=\"font-weight: 400;\">K\u00f8b dine 62% Integra Boost Terpene Essentials Terpinolene poser hos os<\/span><\/h3>\n<p><span style=\"font-weight: 400;\">Denne pose er den perfekte l\u00f8sning, hvis du \u00f8nsker at opretholde den rette luftfugtighed og samtidig tilf\u00f8re ekstra aroma og smag til dit produkt. Med sin lette anvendelse og genanvendelige design er denne pose et must-have for enhver cannabis- eller plante entusiast.<\/span><\/p>\n<h3><span style=\"font-weight: 400;\">God kundeservice og rask levering<\/span><\/h3>\n<p><span style=\"font-weight: 400;\">Har du sp\u00f8rgsm\u00e5l eller andet vedr\u00f8rende din ordre, s\u00e5 er du altid mere end velkommen til at kontakte os. Vi vil med gl\u00e6de svare p\u00e5 dine sp\u00f8rgsm\u00e5l. Du kan kontakte os p\u00e5 telefon via. 24 79 80 80 eller via vores <a href=\"\/kontakt\">kontaktside<\/a>. Vi ser frem til at h\u00f8re fra dig!<\/span><\/p>","protected":false},"excerpt":{"rendered":"<p><span style=\"font-weight: 400;\">Integra Boost Terpene Essentials Terpinolene er en 2-vejs fugtighedskontrolspose med tilsatte terpener, der opretholder en <strong>konstant luftfugtighed p\u00e5 62%<\/strong>.\u00a0<\/span><\/p>\n<p><span style=\"font-weight: 400;\">Terpinolene terpener giver <strong>beroligende og anti-inflammatoriske fordele<\/strong>, og posen er nem at bruge og kan <strong>genanvendes<\/strong> flere gange.<\/span><\/p>\n<p><b>Potentielle fordele:<\/b><\/p>\n<ul>\n<li style=\"font-weight: 400;\" aria-level=\"1\"><span style=\"font-weight: 400;\">Beroligende<\/span><\/li>\n<li style=\"font-weight: 400;\" aria-level=\"1\"><span style=\"font-weight: 400;\">Anti-inflammatorisk<\/span><\/li>\n<li style=\"font-weight: 400;\" aria-level=\"1\"><span style=\"font-weight: 400;\">Mildt bed\u00f8vende<\/span><\/li>\n<li style=\"font-weight: 400;\" aria-level=\"1\"><span style=\"font-weight: 400;\">Pakken kan bruges flere gange<\/span><\/li>\n<\/ul>","protected":false},"featured_media":67818,"template":"","meta":{"_acf_changed":false},"product_brand":[],"product_cat":[1817,1798],"product_tag":[],"class_list":{"0":"post-53476","1":"product","2":"type-product","3":"status-publish","4":"has-post-thumbnail","6":"product_cat-bovedaintegra","7":"product_cat-efterbehandling","8":"pa_gram-4-g","10":"first","11":"onbackorder","12":"sale","13":"taxable","14":"shipping-taxable","15":"purchasable","16":"product-type-simple"},"acf":[],"yoast_head":"<!-- This site is optimized with the Yoast SEO plugin v26.9 - https:\/\/yoast.com\/product\/yoast-seo-wordpress\/ -->\n<title>62% Integra Boost Terpene Essentials Terpinolene - 4g - Superseeds.dk<\/title>\n<meta name=\"robots\" content=\"index, follow, max-snippet:-1, max-image-preview:large, max-video-preview:-1\" \/>\n<link rel=\"canonical\" href=\"https:\/\/superseeds.dk\/no\/produkt\/integra-boost-terpene-essentials-terpinolene\/\" \/>\n<meta property=\"og:locale\" content=\"nb_NO\" \/>\n<meta property=\"og:type\" content=\"article\" \/>\n<meta property=\"og:title\" content=\"62% Integra Boost Terpene Essentials Terpinolene - 4g - Superseeds.dk\" \/>\n<meta property=\"og:description\" content=\"Integra Boost Terpene Essentials Terpinolene er en 2-vejs fugtighedskontrolspose med tilsatte terpener, der opretholder en konstant luftfugtighed p\u00e5 62%.\u00a0  Terpinolene terpener giver beroligende og anti-inflammatoriske fordele, og posen er nem at bruge og kan genanvendes flere gange.  Potentielle fordele:   Beroligende  Anti-inflammatorisk  Mildt bed\u00f8vende  Pakken kan bruges flere gange\" \/>\n<meta property=\"og:url\" content=\"https:\/\/superseeds.dk\/no\/produkt\/integra-boost-terpene-essentials-terpinolene\/\" \/>\n<meta property=\"og:site_name\" content=\"Superseeds.dk\" \/>\n<meta property=\"article:modified_time\" content=\"2025-11-19T11:49:01+00:00\" \/>\n<meta property=\"og:image\" content=\"https:\/\/superseeds.dk\/wp-content\/uploads\/2025\/01\/62-Integra-Boost-Terpene-Essentials-Terpinolene.png\" \/>\n\t<meta property=\"og:image:width\" content=\"1080\" \/>\n\t<meta property=\"og:image:height\" content=\"1080\" \/>\n\t<meta property=\"og:image:type\" content=\"image\/png\" \/>\n<meta name=\"twitter:card\" content=\"summary_large_image\" \/>\n<meta name=\"twitter:label1\" content=\"Ansl. lesetid\" \/>\n\t<meta name=\"twitter:data1\" content=\"2 minutter\" \/>\n<script type=\"application\/ld+json\" class=\"yoast-schema-graph\">{\"@context\":\"https:\/\/schema.org\",\"@graph\":[{\"@type\":\"WebPage\",\"@id\":\"https:\/\/superseeds.dk\/vare\/integra-boost-terpene-essentials-terpinolene\/\",\"url\":\"https:\/\/superseeds.dk\/vare\/integra-boost-terpene-essentials-terpinolene\/\",\"name\":\"62% Integra Boost Terpene Essentials Terpinolene - 4g - Superseeds.dk\",\"isPartOf\":{\"@id\":\"https:\/\/super-seeds.se\/#website\"},\"primaryImageOfPage\":{\"@id\":\"https:\/\/superseeds.dk\/vare\/integra-boost-terpene-essentials-terpinolene\/#primaryimage\"},\"image\":{\"@id\":\"https:\/\/superseeds.dk\/vare\/integra-boost-terpene-essentials-terpinolene\/#primaryimage\"},\"thumbnailUrl\":\"https:\/\/superseeds.dk\/wp-content\/uploads\/2025\/11\/62-Integra-Boost-Terpene-Essentials-Terpinolene.png\",\"datePublished\":\"2025-01-30T20:45:38+00:00\",\"dateModified\":\"2025-11-19T11:49:01+00:00\",\"breadcrumb\":{\"@id\":\"https:\/\/superseeds.dk\/vare\/integra-boost-terpene-essentials-terpinolene\/#breadcrumb\"},\"inLanguage\":\"nb-NO\",\"potentialAction\":[{\"@type\":\"ReadAction\",\"target\":[\"https:\/\/superseeds.dk\/vare\/integra-boost-terpene-essentials-terpinolene\/\"]}]},{\"@type\":\"ImageObject\",\"inLanguage\":\"nb-NO\",\"@id\":\"https:\/\/superseeds.dk\/vare\/integra-boost-terpene-essentials-terpinolene\/#primaryimage\",\"url\":\"https:\/\/superseeds.dk\/wp-content\/uploads\/2025\/11\/62-Integra-Boost-Terpene-Essentials-Terpinolene.png\",\"contentUrl\":\"https:\/\/superseeds.dk\/wp-content\/uploads\/2025\/11\/62-Integra-Boost-Terpene-Essentials-Terpinolene.png\",\"width\":1080,\"height\":1080},{\"@type\":\"BreadcrumbList\",\"@id\":\"https:\/\/superseeds.dk\/vare\/integra-boost-terpene-essentials-terpinolene\/#breadcrumb\",\"itemListElement\":[{\"@type\":\"ListItem\",\"position\":1,\"name\":\"Hjem\",\"item\":\"https:\/\/superseeds.dk\/\"},{\"@type\":\"ListItem\",\"position\":2,\"name\":\"Shop\",\"item\":\"https:\/\/superseeds.dk\/no\/butikk\/\"},{\"@type\":\"ListItem\",\"position\":3,\"name\":\"62% Integra Boost Terpene Essentials Terpinolene &#8211; 4g\"}]},{\"@type\":\"WebSite\",\"@id\":\"https:\/\/super-seeds.se\/#website\",\"url\":\"https:\/\/super-seeds.se\/\",\"name\":\"Superseeds.dk\",\"description\":\"\",\"publisher\":{\"@id\":\"https:\/\/super-seeds.se\/#organization\"},\"potentialAction\":[{\"@type\":\"SearchAction\",\"target\":{\"@type\":\"EntryPoint\",\"urlTemplate\":\"https:\/\/super-seeds.se\/?s={search_term_string}\"},\"query-input\":{\"@type\":\"PropertyValueSpecification\",\"valueRequired\":true,\"valueName\":\"search_term_string\"}}],\"inLanguage\":\"nb-NO\"},{\"@type\":\"Organization\",\"@id\":\"https:\/\/super-seeds.se\/#organization\",\"name\":\"Superseeds.dk\",\"url\":\"https:\/\/super-seeds.se\/\",\"logo\":{\"@type\":\"ImageObject\",\"inLanguage\":\"nb-NO\",\"@id\":\"https:\/\/super-seeds.se\/#\/schema\/logo\/image\/\",\"url\":\"https:\/\/superseeds.dk\/wp-content\/uploads\/2025\/09\/logo-superseeds.png\",\"contentUrl\":\"https:\/\/superseeds.dk\/wp-content\/uploads\/2025\/09\/logo-superseeds.png\",\"width\":180,\"height\":160,\"caption\":\"Superseeds.dk\"},\"image\":{\"@id\":\"https:\/\/super-seeds.se\/#\/schema\/logo\/image\/\"}}]}<\/script>\n<!-- \/ Yoast SEO plugin. -->","yoast_head_json":{"title":"62% Integra Boost Terpene Essentials Terpinolene - 4g - Superseeds.dk","robots":{"index":"index","follow":"follow","max-snippet":"max-snippet:-1","max-image-preview":"max-image-preview:large","max-video-preview":"max-video-preview:-1"},"canonical":"https:\/\/superseeds.dk\/no\/produkt\/integra-boost-terpene-essentials-terpinolene\/","og_locale":"nb_NO","og_type":"article","og_title":"62% Integra Boost Terpene Essentials Terpinolene - 4g - Superseeds.dk","og_description":"Integra Boost Terpene Essentials Terpinolene er en 2-vejs fugtighedskontrolspose med tilsatte terpener, der opretholder en konstant luftfugtighed p\u00e5 62%.\u00a0  Terpinolene terpener giver beroligende og anti-inflammatoriske fordele, og posen er nem at bruge og kan genanvendes flere gange.  Potentielle fordele:   Beroligende  Anti-inflammatorisk  Mildt bed\u00f8vende  Pakken kan bruges flere gange","og_url":"https:\/\/superseeds.dk\/no\/produkt\/integra-boost-terpene-essentials-terpinolene\/","og_site_name":"Superseeds.dk","article_modified_time":"2025-11-19T11:49:01+00:00","og_image":[{"width":1080,"height":1080,"url":"https:\/\/superseeds.dk\/wp-content\/uploads\/2025\/01\/62-Integra-Boost-Terpene-Essentials-Terpinolene.png","type":"image\/png"}],"twitter_card":"summary_large_image","twitter_misc":{"Ansl. lesetid":"2 minutter"},"schema":{"@context":"https:\/\/schema.org","@graph":[{"@type":"WebPage","@id":"https:\/\/superseeds.dk\/vare\/integra-boost-terpene-essentials-terpinolene\/","url":"https:\/\/superseeds.dk\/vare\/integra-boost-terpene-essentials-terpinolene\/","name":"62% Integra Boost Terpene Essentials Terpinolene - 4g - Superseeds.dk","isPartOf":{"@id":"https:\/\/super-seeds.se\/#website"},"primaryImageOfPage":{"@id":"https:\/\/superseeds.dk\/vare\/integra-boost-terpene-essentials-terpinolene\/#primaryimage"},"image":{"@id":"https:\/\/superseeds.dk\/vare\/integra-boost-terpene-essentials-terpinolene\/#primaryimage"},"thumbnailUrl":"https:\/\/superseeds.dk\/wp-content\/uploads\/2025\/11\/62-Integra-Boost-Terpene-Essentials-Terpinolene.png","datePublished":"2025-01-30T20:45:38+00:00","dateModified":"2025-11-19T11:49:01+00:00","breadcrumb":{"@id":"https:\/\/superseeds.dk\/vare\/integra-boost-terpene-essentials-terpinolene\/#breadcrumb"},"inLanguage":"nb-NO","potentialAction":[{"@type":"ReadAction","target":["https:\/\/superseeds.dk\/vare\/integra-boost-terpene-essentials-terpinolene\/"]}]},{"@type":"ImageObject","inLanguage":"nb-NO","@id":"https:\/\/superseeds.dk\/vare\/integra-boost-terpene-essentials-terpinolene\/#primaryimage","url":"https:\/\/superseeds.dk\/wp-content\/uploads\/2025\/11\/62-Integra-Boost-Terpene-Essentials-Terpinolene.png","contentUrl":"https:\/\/superseeds.dk\/wp-content\/uploads\/2025\/11\/62-Integra-Boost-Terpene-Essentials-Terpinolene.png","width":1080,"height":1080},{"@type":"BreadcrumbList","@id":"https:\/\/superseeds.dk\/vare\/integra-boost-terpene-essentials-terpinolene\/#breadcrumb","itemListElement":[{"@type":"ListItem","position":1,"name":"Hjem","item":"https:\/\/superseeds.dk\/"},{"@type":"ListItem","position":2,"name":"Shop","item":"https:\/\/superseeds.dk\/no\/butikk\/"},{"@type":"ListItem","position":3,"name":"62% Integra Boost Terpene Essentials Terpinolene &#8211; 4g"}]},{"@type":"WebSite","@id":"https:\/\/super-seeds.se\/#website","url":"https:\/\/super-seeds.se\/","name":"Superseeds.com","description":"","publisher":{"@id":"https:\/\/super-seeds.se\/#organization"},"potentialAction":[{"@type":"SearchAction","target":{"@type":"EntryPoint","urlTemplate":"https:\/\/super-seeds.se\/?s={search_term_string}"},"query-input":{"@type":"PropertyValueSpecification","valueRequired":true,"valueName":"search_term_string"}}],"inLanguage":"nb-NO"},{"@type":"Organization","@id":"https:\/\/super-seeds.se\/#organization","name":"Superseeds.com","url":"https:\/\/super-seeds.se\/","logo":{"@type":"ImageObject","inLanguage":"nb-NO","@id":"https:\/\/super-seeds.se\/#\/schema\/logo\/image\/","url":"https:\/\/superseeds.dk\/wp-content\/uploads\/2025\/09\/logo-superseeds.png","contentUrl":"https:\/\/superseeds.dk\/wp-content\/uploads\/2025\/09\/logo-superseeds.png","width":180,"height":160,"caption":"Superseeds.dk"},"image":{"@id":"https:\/\/super-seeds.se\/#\/schema\/logo\/image\/"}}]}},"df_price":44.955,"df_sale_price":44.955,"df_regular_price":49.95,"df_image_link":"https:\/\/superseeds.dk\/wp-content\/uploads\/2025\/11\/62-Integra-Boost-Terpene-Essentials-Terpinolene-1024x1024.png","_links":{"self":[{"href":"https:\/\/superseeds.dk\/no\/wp-json\/wp\/v2\/product\/53476","targetHints":{"allow":["GET"]}}],"collection":[{"href":"https:\/\/superseeds.dk\/no\/wp-json\/wp\/v2\/product"}],"about":[{"href":"https:\/\/superseeds.dk\/no\/wp-json\/wp\/v2\/types\/product"}],"wp:featuredmedia":[{"embeddable":true,"href":"https:\/\/superseeds.dk\/no\/wp-json\/wp\/v2\/media\/67818"}],"wp:attachment":[{"href":"https:\/\/superseeds.dk\/no\/wp-json\/wp\/v2\/media?parent=53476"}],"wp:term":[{"taxonomy":"product_brand","embeddable":true,"href":"https:\/\/superseeds.dk\/no\/wp-json\/wp\/v2\/product_brand?post=53476"},{"taxonomy":"product_cat","embeddable":true,"href":"https:\/\/superseeds.dk\/no\/wp-json\/wp\/v2\/product_cat?post=53476"},{"taxonomy":"product_tag","embeddable":true,"href":"https:\/\/superseeds.dk\/no\/wp-json\/wp\/v2\/product_tag?post=53476"}],"curies":[{"name":"wp","href":"https:\/\/api.w.org\/{rel}","templated":true}]}}