{"id":53401,"date":"2025-01-30T21:44:49","date_gmt":"2025-01-30T20:44:49","guid":{"rendered":"https:\/\/superseeds.dk\/vare\/medicalnets-vaskeposer-5-stk-blotting-screen-20l\/"},"modified":"2025-11-12T16:32:26","modified_gmt":"2025-11-12T15:32:26","slug":"medicalnets-vaskeposer-5-stk-blotting-screen-20l","status":"publish","type":"product","link":"https:\/\/superseeds.dk\/no\/produkt\/medicalnets-vaskeposer-5-stk-blotting-screen-20l\/","title":{"rendered":"MedicalNets Vaskeposer 5 stk + Blotting screen 20L"},"content":{"rendered":"<p>\u00b7 S\u00e6t med 5 x 20 liters Vaskeposer: 220, 160, 120, 73 og 25 mikron<\/p>\n<p>\u00b7 Udsugningssk\u00e6rme lavet af 100% f\u00f8devaregodkendt nylonfilter, ikke tonet<\/p>\n<p>\u00b7 Lavet af monofilament nylon, konisk form og med 100% af posen lavet af filtrerende mesh<\/p>\n<p>\u00b7 Specielt designet til at spare tid og arbejde<\/p>\n<p>\u00b7 Lasersk\u00e5rne, tredobbelt forst\u00e6rkede s\u00f8mme for \u00f8get holdbarhed<\/p>\n<p>\u00b7 Varmebestandig op til 225\u00baC<\/p>\n<p>\u00b7 Med l\u00e5sesn\u00f8re for lettere h\u00e5ndtering<\/p>\n<p>\u00b7 Inkluderer 25 mikron t\u00f8rresk\u00e6rm (20&#215;20 cm.)<\/p>\n<p>\u00b7 B\u00e6retaske<\/p>","protected":false},"excerpt":{"rendered":"<p>L\u00e6kre fuld mesh vaskeposer fra MedicalNets &#8211; N\u00e5r kvaliteten skal v\u00e6re i top!<\/p>\n<p>S\u00e6t med 5 x 20 liters Vaskeposer: 220, 160, 120, 73 og 25 mikron<\/p>","protected":false},"featured_media":67430,"template":"","meta":{"_acf_changed":false},"product_brand":[],"product_cat":[1798,1800,1807],"product_tag":[],"class_list":{"0":"post-53401","1":"product","2":"type-product","3":"status-publish","4":"has-post-thumbnail","6":"product_cat-efterbehandling","7":"product_cat-ekstraktion","8":"product_cat-vaskemaskiner-tilbehoer","10":"first","11":"instock","12":"taxable","13":"shipping-taxable","14":"purchasable","15":"product-type-simple"},"acf":[],"yoast_head":"<!-- This site is optimized with the Yoast SEO plugin v26.9 - https:\/\/yoast.com\/product\/yoast-seo-wordpress\/ -->\n<title>MedicalNets Vaskeposer 5 stk + Blotting screen 20L - Superseeds.dk<\/title>\n<meta name=\"robots\" content=\"index, follow, max-snippet:-1, max-image-preview:large, max-video-preview:-1\" \/>\n<link rel=\"canonical\" href=\"https:\/\/superseeds.dk\/no\/produkt\/medicalnets-vaskeposer-5-stk-blotting-screen-20l\/\" \/>\n<meta property=\"og:locale\" content=\"nb_NO\" \/>\n<meta property=\"og:type\" content=\"article\" \/>\n<meta property=\"og:title\" content=\"MedicalNets Vaskeposer 5 stk + Blotting screen 20L - Superseeds.dk\" \/>\n<meta property=\"og:description\" content=\"L\u00e6kre fuld mesh vaskeposer fra MedicalNets - N\u00e5r kvaliteten skal v\u00e6re i top!  S\u00e6t med 5 x 20 liters Vaskeposer: 220, 160, 120, 73 og 25 mikron\" \/>\n<meta property=\"og:url\" content=\"https:\/\/superseeds.dk\/no\/produkt\/medicalnets-vaskeposer-5-stk-blotting-screen-20l\/\" \/>\n<meta property=\"og:site_name\" content=\"Superseeds.dk\" \/>\n<meta property=\"article:modified_time\" content=\"2025-11-12T15:32:26+00:00\" \/>\n<meta property=\"og:image\" content=\"https:\/\/super-seeds.no\/wp-content\/uploads\/2025\/01\/5-screen-bags-kit-20-liters-medicalnets.png\" \/>\n\t<meta property=\"og:image:width\" content=\"800\" \/>\n\t<meta property=\"og:image:height\" content=\"800\" \/>\n\t<meta property=\"og:image:type\" content=\"image\/png\" \/>\n<meta name=\"twitter:card\" content=\"summary_large_image\" \/>\n<script type=\"application\/ld+json\" class=\"yoast-schema-graph\">{\"@context\":\"https:\/\/schema.org\",\"@graph\":[{\"@type\":\"WebPage\",\"@id\":\"https:\/\/superseeds.dk\/vare\/medicalnets-vaskeposer-5-stk-blotting-screen-20l\/\",\"url\":\"https:\/\/superseeds.dk\/vare\/medicalnets-vaskeposer-5-stk-blotting-screen-20l\/\",\"name\":\"MedicalNets Vaskeposer 5 stk + Blotting screen 20L - Superseeds.dk\",\"isPartOf\":{\"@id\":\"https:\/\/super-seeds.se\/#website\"},\"primaryImageOfPage\":{\"@id\":\"https:\/\/superseeds.dk\/vare\/medicalnets-vaskeposer-5-stk-blotting-screen-20l\/#primaryimage\"},\"image\":{\"@id\":\"https:\/\/superseeds.dk\/vare\/medicalnets-vaskeposer-5-stk-blotting-screen-20l\/#primaryimage\"},\"thumbnailUrl\":\"https:\/\/superseeds.dk\/wp-content\/uploads\/2025\/11\/5-screen-bags-kit-20-liters-medicalnets.png\",\"datePublished\":\"2025-01-30T20:44:49+00:00\",\"dateModified\":\"2025-11-12T15:32:26+00:00\",\"breadcrumb\":{\"@id\":\"https:\/\/superseeds.dk\/vare\/medicalnets-vaskeposer-5-stk-blotting-screen-20l\/#breadcrumb\"},\"inLanguage\":\"nb-NO\",\"potentialAction\":[{\"@type\":\"ReadAction\",\"target\":[\"https:\/\/superseeds.dk\/vare\/medicalnets-vaskeposer-5-stk-blotting-screen-20l\/\"]}]},{\"@type\":\"ImageObject\",\"inLanguage\":\"nb-NO\",\"@id\":\"https:\/\/superseeds.dk\/vare\/medicalnets-vaskeposer-5-stk-blotting-screen-20l\/#primaryimage\",\"url\":\"https:\/\/superseeds.dk\/wp-content\/uploads\/2025\/11\/5-screen-bags-kit-20-liters-medicalnets.png\",\"contentUrl\":\"https:\/\/superseeds.dk\/wp-content\/uploads\/2025\/11\/5-screen-bags-kit-20-liters-medicalnets.png\",\"width\":800,\"height\":800},{\"@type\":\"BreadcrumbList\",\"@id\":\"https:\/\/superseeds.dk\/vare\/medicalnets-vaskeposer-5-stk-blotting-screen-20l\/#breadcrumb\",\"itemListElement\":[{\"@type\":\"ListItem\",\"position\":1,\"name\":\"Hjem\",\"item\":\"https:\/\/superseeds.dk\/\"},{\"@type\":\"ListItem\",\"position\":2,\"name\":\"Shop\",\"item\":\"https:\/\/superseeds.dk\/no\/butikk\/\"},{\"@type\":\"ListItem\",\"position\":3,\"name\":\"MedicalNets Vaskeposer 5 stk + Blotting screen 20L\"}]},{\"@type\":\"WebSite\",\"@id\":\"https:\/\/super-seeds.se\/#website\",\"url\":\"https:\/\/super-seeds.se\/\",\"name\":\"Superseeds.dk\",\"description\":\"\",\"publisher\":{\"@id\":\"https:\/\/super-seeds.se\/#organization\"},\"potentialAction\":[{\"@type\":\"SearchAction\",\"target\":{\"@type\":\"EntryPoint\",\"urlTemplate\":\"https:\/\/super-seeds.se\/?s={search_term_string}\"},\"query-input\":{\"@type\":\"PropertyValueSpecification\",\"valueRequired\":true,\"valueName\":\"search_term_string\"}}],\"inLanguage\":\"nb-NO\"},{\"@type\":\"Organization\",\"@id\":\"https:\/\/super-seeds.se\/#organization\",\"name\":\"Superseeds.dk\",\"url\":\"https:\/\/super-seeds.se\/\",\"logo\":{\"@type\":\"ImageObject\",\"inLanguage\":\"nb-NO\",\"@id\":\"https:\/\/super-seeds.se\/#\/schema\/logo\/image\/\",\"url\":\"https:\/\/superseeds.dk\/wp-content\/uploads\/2025\/09\/logo-superseeds.png\",\"contentUrl\":\"https:\/\/superseeds.dk\/wp-content\/uploads\/2025\/09\/logo-superseeds.png\",\"width\":180,\"height\":160,\"caption\":\"Superseeds.dk\"},\"image\":{\"@id\":\"https:\/\/super-seeds.se\/#\/schema\/logo\/image\/\"}}]}<\/script>\n<!-- \/ Yoast SEO plugin. -->","yoast_head_json":{"title":"MedicalNets Vaskeposer 5 stk + Blotting screen 20L - Superseeds.dk","robots":{"index":"index","follow":"follow","max-snippet":"max-snippet:-1","max-image-preview":"max-image-preview:large","max-video-preview":"max-video-preview:-1"},"canonical":"https:\/\/superseeds.dk\/no\/produkt\/medicalnets-vaskeposer-5-stk-blotting-screen-20l\/","og_locale":"nb_NO","og_type":"article","og_title":"MedicalNets Vaskeposer 5 stk + Blotting screen 20L - Superseeds.dk","og_description":"L\u00e6kre fuld mesh vaskeposer fra MedicalNets - N\u00e5r kvaliteten skal v\u00e6re i top!  S\u00e6t med 5 x 20 liters Vaskeposer: 220, 160, 120, 73 og 25 mikron","og_url":"https:\/\/superseeds.dk\/no\/produkt\/medicalnets-vaskeposer-5-stk-blotting-screen-20l\/","og_site_name":"Superseeds.dk","article_modified_time":"2025-11-12T15:32:26+00:00","og_image":[{"width":800,"height":800,"url":"https:\/\/super-seeds.no\/wp-content\/uploads\/2025\/01\/5-screen-bags-kit-20-liters-medicalnets.png","type":"image\/png"}],"twitter_card":"summary_large_image","schema":{"@context":"https:\/\/schema.org","@graph":[{"@type":"WebPage","@id":"https:\/\/superseeds.dk\/vare\/medicalnets-vaskeposer-5-stk-blotting-screen-20l\/","url":"https:\/\/superseeds.dk\/vare\/medicalnets-vaskeposer-5-stk-blotting-screen-20l\/","name":"MedicalNets Vaskeposer 5 stk + Blotting screen 20L - Superseeds.dk","isPartOf":{"@id":"https:\/\/super-seeds.se\/#website"},"primaryImageOfPage":{"@id":"https:\/\/superseeds.dk\/vare\/medicalnets-vaskeposer-5-stk-blotting-screen-20l\/#primaryimage"},"image":{"@id":"https:\/\/superseeds.dk\/vare\/medicalnets-vaskeposer-5-stk-blotting-screen-20l\/#primaryimage"},"thumbnailUrl":"https:\/\/superseeds.dk\/wp-content\/uploads\/2025\/11\/5-screen-bags-kit-20-liters-medicalnets.png","datePublished":"2025-01-30T20:44:49+00:00","dateModified":"2025-11-12T15:32:26+00:00","breadcrumb":{"@id":"https:\/\/superseeds.dk\/vare\/medicalnets-vaskeposer-5-stk-blotting-screen-20l\/#breadcrumb"},"inLanguage":"nb-NO","potentialAction":[{"@type":"ReadAction","target":["https:\/\/superseeds.dk\/vare\/medicalnets-vaskeposer-5-stk-blotting-screen-20l\/"]}]},{"@type":"ImageObject","inLanguage":"nb-NO","@id":"https:\/\/superseeds.dk\/vare\/medicalnets-vaskeposer-5-stk-blotting-screen-20l\/#primaryimage","url":"https:\/\/superseeds.dk\/wp-content\/uploads\/2025\/11\/5-screen-bags-kit-20-liters-medicalnets.png","contentUrl":"https:\/\/superseeds.dk\/wp-content\/uploads\/2025\/11\/5-screen-bags-kit-20-liters-medicalnets.png","width":800,"height":800},{"@type":"BreadcrumbList","@id":"https:\/\/superseeds.dk\/vare\/medicalnets-vaskeposer-5-stk-blotting-screen-20l\/#breadcrumb","itemListElement":[{"@type":"ListItem","position":1,"name":"Hjem","item":"https:\/\/superseeds.dk\/"},{"@type":"ListItem","position":2,"name":"Shop","item":"https:\/\/superseeds.dk\/no\/butikk\/"},{"@type":"ListItem","position":3,"name":"MedicalNets Vaskeposer 5 stk + Blotting screen 20L"}]},{"@type":"WebSite","@id":"https:\/\/super-seeds.se\/#website","url":"https:\/\/super-seeds.se\/","name":"Superseeds.com","description":"","publisher":{"@id":"https:\/\/super-seeds.se\/#organization"},"potentialAction":[{"@type":"SearchAction","target":{"@type":"EntryPoint","urlTemplate":"https:\/\/super-seeds.se\/?s={search_term_string}"},"query-input":{"@type":"PropertyValueSpecification","valueRequired":true,"valueName":"search_term_string"}}],"inLanguage":"nb-NO"},{"@type":"Organization","@id":"https:\/\/super-seeds.se\/#organization","name":"Superseeds.com","url":"https:\/\/super-seeds.se\/","logo":{"@type":"ImageObject","inLanguage":"nb-NO","@id":"https:\/\/super-seeds.se\/#\/schema\/logo\/image\/","url":"https:\/\/superseeds.dk\/wp-content\/uploads\/2025\/09\/logo-superseeds.png","contentUrl":"https:\/\/superseeds.dk\/wp-content\/uploads\/2025\/09\/logo-superseeds.png","width":180,"height":160,"caption":"Superseeds.dk"},"image":{"@id":"https:\/\/super-seeds.se\/#\/schema\/logo\/image\/"}}]}},"df_price":1095,"df_sale_price":"","df_regular_price":1095,"df_image_link":"https:\/\/superseeds.dk\/wp-content\/uploads\/2025\/11\/5-screen-bags-kit-20-liters-medicalnets.png","_links":{"self":[{"href":"https:\/\/superseeds.dk\/no\/wp-json\/wp\/v2\/product\/53401","targetHints":{"allow":["GET"]}}],"collection":[{"href":"https:\/\/superseeds.dk\/no\/wp-json\/wp\/v2\/product"}],"about":[{"href":"https:\/\/superseeds.dk\/no\/wp-json\/wp\/v2\/types\/product"}],"wp:featuredmedia":[{"embeddable":true,"href":"https:\/\/superseeds.dk\/no\/wp-json\/wp\/v2\/media\/67430"}],"wp:attachment":[{"href":"https:\/\/superseeds.dk\/no\/wp-json\/wp\/v2\/media?parent=53401"}],"wp:term":[{"taxonomy":"product_brand","embeddable":true,"href":"https:\/\/superseeds.dk\/no\/wp-json\/wp\/v2\/product_brand?post=53401"},{"taxonomy":"product_cat","embeddable":true,"href":"https:\/\/superseeds.dk\/no\/wp-json\/wp\/v2\/product_cat?post=53401"},{"taxonomy":"product_tag","embeddable":true,"href":"https:\/\/superseeds.dk\/no\/wp-json\/wp\/v2\/product_tag?post=53401"}],"curies":[{"name":"wp","href":"https:\/\/api.w.org\/{rel}","templated":true}]}}