{"id":52255,"date":"2024-12-29T07:09:06","date_gmt":"2024-12-29T06:09:06","guid":{"rendered":"https:\/\/superseeds.dk\/?post_type=product&#038;p=52255"},"modified":"2025-04-02T10:46:12","modified_gmt":"2025-04-02T08:46:12","slug":"apple-strudel-kush-super-seeds","status":"publish","type":"product","link":"https:\/\/superseeds.dk\/no\/produkt\/apple-strudel-kush-super-seeds\/","title":{"rendered":"Apple Strudel Kush Auto - Superfr\u00f8"},"content":{"rendered":"<p>\ud83c\udf31 <strong>Eple Strudel Kush<\/strong> er en Sativa-dominert autoflower med s\u00f8te smaker av eple, kanel og en sm\u00f8raktig undertone. En koselig favoritt for avslappende kvelder.<\/p>\n<p>\ud83d\udd52 <strong>Blomstringstid<\/strong>: 8-9 uker<br \/>\n\ud83d\udd25 <strong>THC<\/strong>: H\u00f8j | \ud83c\udf3f Sativa<strong>-dominant<\/strong><br \/>\n\ud83d\udccf <strong>H\u00f8yde<\/strong>: 50\u201380 cm | \ud83d\udce6 <strong>Utbytte<\/strong>: 350-450 g\/m\u00b2 (innend\u00f8rs), 50-100 g\/plante (utend\u00f8rs)<\/p>\n<p>\ud83c\udfa8 <strong>Smak<\/strong>S\u00f8te eple- og kaneltoner med sm\u00f8raktige toner.<br \/>\n\ud83c\udfe1 <strong>Dyrking<\/strong>Ideell for b\u00e5de innend\u00f8rs og utend\u00f8rs dyrking - passer for dyrkere p\u00e5 alle niv\u00e5er.<\/p>\n<p>\ud83d\udc8e Denne sort giver en beroligende, dybt afstressende effekt, perfekt til at afrunde dagen. \ud83c\udf1f<\/p>","protected":false},"excerpt":{"rendered":"<p><strong>Eple Strudel Kush<\/strong> er en Sativa-domineret autoflower med en s\u00f8d og krydret smag af \u00e6ble og kanel.<\/p>\n<p>Planten er kompakt og nem at dyrke, og den giver en dybt afslappende effekt, perfekt til aftener eller stresslindring.<\/p>","protected":false},"featured_media":52691,"template":"","meta":{"_acf_changed":false},"product_brand":[],"product_cat":[814,1739,839,812,870,843,840,841,830,815,901,842],"product_tag":[],"class_list":{"0":"post-52255","1":"product","2":"type-product","3":"status-publish","4":"has-post-thumbnail","6":"product_cat-65-70-dage","7":"product_cat-alle-froe","8":"product_cat-autoblomstrende","9":"product_cat-blomstring-periode","10":"product_cat-bulk-froe","11":"product_cat-hoej-thc-autoblomstrende","12":"product_cat-indendoers-autoblomstrende","13":"product_cat-indica-dominant-autoblomstrende","14":"product_cat-over-70-dage","15":"product_cat-producenter-a-z","16":"product_cat-super-seeds","17":"product_cat-udendoers-autoblomstrende","18":"pa_antal-1-stk","19":"pa_antal-3-stk","20":"pa_antal-5-stk","21":"pa_antal-10-stk","22":"pa_antal-25-stk","23":"pa_antal-50-stk","24":"pa_antal-100-stk","25":"pa_blomst-type-autoblomstrende","26":"pa_blomstringstid-65-70-dage","27":"pa_blomstringstid-over-70-dage","28":"pa_indica-sativa-indica-dominant","29":"pa_thc-over-25","30":"pa_udbytte-stort","32":"first","33":"instock","34":"taxable","35":"shipping-taxable","36":"purchasable","37":"product-type-variable","38":"wvs-archive-product-wrapper"},"acf":[],"yoast_head":"<!-- This site is optimized with the Yoast SEO plugin v26.9 - https:\/\/yoast.com\/product\/yoast-seo-wordpress\/ -->\n<title>Apple Strudel Kush Auto \u2013 Super Seeds - Superseeds.dk<\/title>\n<meta name=\"robots\" content=\"index, follow, max-snippet:-1, max-image-preview:large, max-video-preview:-1\" \/>\n<link rel=\"canonical\" href=\"https:\/\/superseeds.dk\/no\/produkt\/apple-strudel-kush-super-seeds\/\" \/>\n<meta property=\"og:locale\" content=\"nb_NO\" \/>\n<meta property=\"og:type\" content=\"article\" \/>\n<meta property=\"og:title\" content=\"Apple Strudel Kush Auto \u2013 Super Seeds - Superseeds.dk\" \/>\n<meta property=\"og:description\" content=\"Apple Strudel Kush er en Sativa-domineret autoflower med en s\u00f8d og krydret smag af \u00e6ble og kanel.  Planten er kompakt og nem at dyrke, og den giver en dybt afslappende effekt, perfekt til aftener eller stresslindring.\" \/>\n<meta property=\"og:url\" content=\"https:\/\/superseeds.dk\/no\/produkt\/apple-strudel-kush-super-seeds\/\" \/>\n<meta property=\"og:site_name\" content=\"Superseeds.dk\" \/>\n<meta property=\"article:modified_time\" content=\"2025-04-02T08:46:12+00:00\" \/>\n<meta property=\"og:image\" content=\"https:\/\/superseeds.dk\/wp-content\/uploads\/2024\/12\/Apple-Strudel-Kush-Auto-\u2013-Super-Seeds.jpg\" \/>\n\t<meta property=\"og:image:width\" content=\"1088\" \/>\n\t<meta property=\"og:image:height\" content=\"1440\" \/>\n\t<meta property=\"og:image:type\" content=\"image\/jpeg\" \/>\n<meta name=\"twitter:card\" content=\"summary_large_image\" \/>\n<meta name=\"twitter:label1\" content=\"Ansl. lesetid\" \/>\n\t<meta name=\"twitter:data1\" content=\"1 minutt\" \/>\n<script type=\"application\/ld+json\" class=\"yoast-schema-graph\">{\"@context\":\"https:\/\/schema.org\",\"@graph\":[{\"@type\":\"WebPage\",\"@id\":\"https:\/\/superseeds.dk\/vare\/apple-strudel-kush-super-seeds\/\",\"url\":\"https:\/\/superseeds.dk\/vare\/apple-strudel-kush-super-seeds\/\",\"name\":\"Apple Strudel Kush Auto \u2013 Super Seeds - Superseeds.dk\",\"isPartOf\":{\"@id\":\"https:\/\/super-seeds.se\/#website\"},\"primaryImageOfPage\":{\"@id\":\"https:\/\/superseeds.dk\/vare\/apple-strudel-kush-super-seeds\/#primaryimage\"},\"image\":{\"@id\":\"https:\/\/superseeds.dk\/vare\/apple-strudel-kush-super-seeds\/#primaryimage\"},\"thumbnailUrl\":\"https:\/\/superseeds.dk\/wp-content\/uploads\/2024\/12\/Apple-Strudel-Kush-Auto-\u2013-Super-Seeds.jpg\",\"datePublished\":\"2024-12-29T06:09:06+00:00\",\"dateModified\":\"2025-04-02T08:46:12+00:00\",\"breadcrumb\":{\"@id\":\"https:\/\/superseeds.dk\/vare\/apple-strudel-kush-super-seeds\/#breadcrumb\"},\"inLanguage\":\"nb-NO\",\"potentialAction\":[{\"@type\":\"ReadAction\",\"target\":[\"https:\/\/superseeds.dk\/vare\/apple-strudel-kush-super-seeds\/\"]}]},{\"@type\":\"ImageObject\",\"inLanguage\":\"nb-NO\",\"@id\":\"https:\/\/superseeds.dk\/vare\/apple-strudel-kush-super-seeds\/#primaryimage\",\"url\":\"https:\/\/superseeds.dk\/wp-content\/uploads\/2024\/12\/Apple-Strudel-Kush-Auto-\u2013-Super-Seeds.jpg\",\"contentUrl\":\"https:\/\/superseeds.dk\/wp-content\/uploads\/2024\/12\/Apple-Strudel-Kush-Auto-\u2013-Super-Seeds.jpg\",\"width\":1088,\"height\":1440},{\"@type\":\"BreadcrumbList\",\"@id\":\"https:\/\/superseeds.dk\/vare\/apple-strudel-kush-super-seeds\/#breadcrumb\",\"itemListElement\":[{\"@type\":\"ListItem\",\"position\":1,\"name\":\"Hjem\",\"item\":\"https:\/\/superseeds.dk\/\"},{\"@type\":\"ListItem\",\"position\":2,\"name\":\"Shop\",\"item\":\"https:\/\/superseeds.dk\/no\/butikk\/\"},{\"@type\":\"ListItem\",\"position\":3,\"name\":\"Apple Strudel Kush Auto \u2013 Super Seeds\"}]},{\"@type\":\"WebSite\",\"@id\":\"https:\/\/super-seeds.se\/#website\",\"url\":\"https:\/\/super-seeds.se\/\",\"name\":\"Superseeds.dk\",\"description\":\"\",\"publisher\":{\"@id\":\"https:\/\/super-seeds.se\/#organization\"},\"potentialAction\":[{\"@type\":\"SearchAction\",\"target\":{\"@type\":\"EntryPoint\",\"urlTemplate\":\"https:\/\/super-seeds.se\/?s={search_term_string}\"},\"query-input\":{\"@type\":\"PropertyValueSpecification\",\"valueRequired\":true,\"valueName\":\"search_term_string\"}}],\"inLanguage\":\"nb-NO\"},{\"@type\":\"Organization\",\"@id\":\"https:\/\/super-seeds.se\/#organization\",\"name\":\"Superseeds.dk\",\"url\":\"https:\/\/super-seeds.se\/\",\"logo\":{\"@type\":\"ImageObject\",\"inLanguage\":\"nb-NO\",\"@id\":\"https:\/\/super-seeds.se\/#\/schema\/logo\/image\/\",\"url\":\"https:\/\/superseeds.dk\/wp-content\/uploads\/2025\/09\/logo-superseeds.png\",\"contentUrl\":\"https:\/\/superseeds.dk\/wp-content\/uploads\/2025\/09\/logo-superseeds.png\",\"width\":180,\"height\":160,\"caption\":\"Superseeds.dk\"},\"image\":{\"@id\":\"https:\/\/super-seeds.se\/#\/schema\/logo\/image\/\"}}]}<\/script>\n<!-- \/ Yoast SEO plugin. -->","yoast_head_json":{"title":"Apple Strudel Kush Auto \u2013 Super Seeds - Superseeds.dk","robots":{"index":"index","follow":"follow","max-snippet":"max-snippet:-1","max-image-preview":"max-image-preview:large","max-video-preview":"max-video-preview:-1"},"canonical":"https:\/\/superseeds.dk\/no\/produkt\/apple-strudel-kush-super-seeds\/","og_locale":"nb_NO","og_type":"article","og_title":"Apple Strudel Kush Auto \u2013 Super Seeds - Superseeds.dk","og_description":"Apple Strudel Kush er en Sativa-domineret autoflower med en s\u00f8d og krydret smag af \u00e6ble og kanel.  Planten er kompakt og nem at dyrke, og den giver en dybt afslappende effekt, perfekt til aftener eller stresslindring.","og_url":"https:\/\/superseeds.dk\/no\/produkt\/apple-strudel-kush-super-seeds\/","og_site_name":"Superseeds.dk","article_modified_time":"2025-04-02T08:46:12+00:00","og_image":[{"width":1088,"height":1440,"url":"https:\/\/superseeds.dk\/wp-content\/uploads\/2024\/12\/Apple-Strudel-Kush-Auto-\u2013-Super-Seeds.jpg","type":"image\/jpeg"}],"twitter_card":"summary_large_image","twitter_misc":{"Ansl. lesetid":"1 minutt"},"schema":{"@context":"https:\/\/schema.org","@graph":[{"@type":"WebPage","@id":"https:\/\/superseeds.dk\/vare\/apple-strudel-kush-super-seeds\/","url":"https:\/\/superseeds.dk\/vare\/apple-strudel-kush-super-seeds\/","name":"Apple Strudel Kush Auto \u2013 Super Seeds - Superseeds.dk","isPartOf":{"@id":"https:\/\/super-seeds.se\/#website"},"primaryImageOfPage":{"@id":"https:\/\/superseeds.dk\/vare\/apple-strudel-kush-super-seeds\/#primaryimage"},"image":{"@id":"https:\/\/superseeds.dk\/vare\/apple-strudel-kush-super-seeds\/#primaryimage"},"thumbnailUrl":"https:\/\/superseeds.dk\/wp-content\/uploads\/2024\/12\/Apple-Strudel-Kush-Auto-\u2013-Super-Seeds.jpg","datePublished":"2024-12-29T06:09:06+00:00","dateModified":"2025-04-02T08:46:12+00:00","breadcrumb":{"@id":"https:\/\/superseeds.dk\/vare\/apple-strudel-kush-super-seeds\/#breadcrumb"},"inLanguage":"nb-NO","potentialAction":[{"@type":"ReadAction","target":["https:\/\/superseeds.dk\/vare\/apple-strudel-kush-super-seeds\/"]}]},{"@type":"ImageObject","inLanguage":"nb-NO","@id":"https:\/\/superseeds.dk\/vare\/apple-strudel-kush-super-seeds\/#primaryimage","url":"https:\/\/superseeds.dk\/wp-content\/uploads\/2024\/12\/Apple-Strudel-Kush-Auto-\u2013-Super-Seeds.jpg","contentUrl":"https:\/\/superseeds.dk\/wp-content\/uploads\/2024\/12\/Apple-Strudel-Kush-Auto-\u2013-Super-Seeds.jpg","width":1088,"height":1440},{"@type":"BreadcrumbList","@id":"https:\/\/superseeds.dk\/vare\/apple-strudel-kush-super-seeds\/#breadcrumb","itemListElement":[{"@type":"ListItem","position":1,"name":"Hjem","item":"https:\/\/superseeds.dk\/"},{"@type":"ListItem","position":2,"name":"Shop","item":"https:\/\/superseeds.dk\/no\/butikk\/"},{"@type":"ListItem","position":3,"name":"Apple Strudel Kush Auto \u2013 Super Seeds"}]},{"@type":"WebSite","@id":"https:\/\/super-seeds.se\/#website","url":"https:\/\/super-seeds.se\/","name":"Superseeds.com","description":"","publisher":{"@id":"https:\/\/super-seeds.se\/#organization"},"potentialAction":[{"@type":"SearchAction","target":{"@type":"EntryPoint","urlTemplate":"https:\/\/super-seeds.se\/?s={search_term_string}"},"query-input":{"@type":"PropertyValueSpecification","valueRequired":true,"valueName":"search_term_string"}}],"inLanguage":"nb-NO"},{"@type":"Organization","@id":"https:\/\/super-seeds.se\/#organization","name":"Superseeds.com","url":"https:\/\/super-seeds.se\/","logo":{"@type":"ImageObject","inLanguage":"nb-NO","@id":"https:\/\/super-seeds.se\/#\/schema\/logo\/image\/","url":"https:\/\/superseeds.dk\/wp-content\/uploads\/2025\/09\/logo-superseeds.png","contentUrl":"https:\/\/superseeds.dk\/wp-content\/uploads\/2025\/09\/logo-superseeds.png","width":180,"height":160,"caption":"Superseeds.dk"},"image":{"@id":"https:\/\/super-seeds.se\/#\/schema\/logo\/image\/"}}]}},"df_price":45,"df_sale_price":"","df_regular_price":45,"df_image_link":"https:\/\/superseeds.dk\/wp-content\/uploads\/2024\/12\/Apple-Strudel-Kush-Auto-\u2013-Super-Seeds-774x1024.jpg","_links":{"self":[{"href":"https:\/\/superseeds.dk\/no\/wp-json\/wp\/v2\/product\/52255","targetHints":{"allow":["GET"]}}],"collection":[{"href":"https:\/\/superseeds.dk\/no\/wp-json\/wp\/v2\/product"}],"about":[{"href":"https:\/\/superseeds.dk\/no\/wp-json\/wp\/v2\/types\/product"}],"wp:featuredmedia":[{"embeddable":true,"href":"https:\/\/superseeds.dk\/no\/wp-json\/wp\/v2\/media\/52691"}],"wp:attachment":[{"href":"https:\/\/superseeds.dk\/no\/wp-json\/wp\/v2\/media?parent=52255"}],"wp:term":[{"taxonomy":"product_brand","embeddable":true,"href":"https:\/\/superseeds.dk\/no\/wp-json\/wp\/v2\/product_brand?post=52255"},{"taxonomy":"product_cat","embeddable":true,"href":"https:\/\/superseeds.dk\/no\/wp-json\/wp\/v2\/product_cat?post=52255"},{"taxonomy":"product_tag","embeddable":true,"href":"https:\/\/superseeds.dk\/no\/wp-json\/wp\/v2\/product_tag?post=52255"}],"curies":[{"name":"wp","href":"https:\/\/api.w.org\/{rel}","templated":true}]}}