{"id":47473,"date":"2024-03-13T14:04:48","date_gmt":"2024-03-13T13:04:48","guid":{"rendered":"https:\/\/superseeds.dk\/?post_type=product&#038;p=47473"},"modified":"2024-03-20T11:47:43","modified_gmt":"2024-03-20T10:47:43","slug":"purple-punch-x-lemon-drizzle-feminiseret-barneys-farm","status":"publish","type":"product","link":"https:\/\/superseeds.dk\/no\/produkt\/purple-punch-x-lemon-drizzle-feminiseret-barneys-farm\/","title":{"rendered":"Purple Punch x Lemon Drizzle (Feminiseret) &#8211; Barney&#8217;s Farm"},"content":{"rendered":"<p>Mest indica<\/p>\n<p>Smag af bl\u00e5b\u00e6r, bolsjer, sur citrus, s\u00f8de druer og cremet vanilje<\/p>","protected":false},"excerpt":{"rendered":"<p>&nbsp;<\/p>\n<p>Purple Punch Strain x Lemon Drizzle Strain<\/p>\n<p>&nbsp;<\/p>\n<p><img decoding=\"async\" class=\"wp-image-2106 alignnone\" src=\"https:\/\/superseeds.dk\/wp-content\/uploads\/2020\/12\/Weather_Tornado.svg\" sizes=\"(min-width: 0px) and (max-width: 0px) 0px, (min-width: 1px) 26px, 100vw\" srcset=\"https:\/\/superseeds.dk\/wp-content\/uploads\/2020\/12\/Weather_Tornado.svg 26w, https:\/\/superseeds.dk\/wp-content\/uploads\/2020\/12\/Weather_Tornado.svg 0w\" alt=\"\" width=\"26\" height=\"26\" \/>Blomstringstid: <strong>60<\/strong><strong>-65 dage<br \/>\n<\/strong><img decoding=\"async\" class=\"wp-image-2111 alignnone\" src=\"https:\/\/superseeds.dk\/wp-content\/uploads\/2020\/12\/Share.svg\" sizes=\"(min-width: 0px) and (max-width: 0px) 0px, (min-width: 1px) 26px, 100vw\" srcset=\"https:\/\/superseeds.dk\/wp-content\/uploads\/2020\/12\/Share.svg 26w, https:\/\/superseeds.dk\/wp-content\/uploads\/2020\/12\/Share.svg 0w\" alt=\"\" width=\"26\" height=\"26\" \/>Utbytte: <strong>550 &#8211; 650 <\/strong><strong>gsm<br \/>\n<\/strong><img decoding=\"async\" class=\"wp-image-2107 alignnone\" src=\"https:\/\/superseeds.dk\/wp-content\/uploads\/2020\/12\/Robotic_Arm_Picker.svg\" sizes=\"(min-width: 0px) and (max-width: 0px) 0px, (min-width: 1px) 26px, 100vw\" srcset=\"https:\/\/superseeds.dk\/wp-content\/uploads\/2020\/12\/Robotic_Arm_Picker.svg 26w, https:\/\/superseeds.dk\/wp-content\/uploads\/2020\/12\/Robotic_Arm_Picker.svg 0w\" alt=\"\" width=\"26\" height=\"26\" \/>THC: <strong>24-26%<\/strong><strong><br \/>\n<\/strong><img loading=\"lazy\" decoding=\"async\" class=\"wp-image-2127 alignnone\" src=\"https:\/\/superseeds.dk\/wp-content\/uploads\/2020\/12\/Crops_Farming.svg\" sizes=\"(min-width: 0px) and (max-width: 0px) 0px, (min-width: 1px) 26px, 100vw\" srcset=\"https:\/\/superseeds.dk\/wp-content\/uploads\/2020\/12\/Crops_Farming.svg 26w, https:\/\/superseeds.dk\/wp-content\/uploads\/2020\/12\/Crops_Farming.svg 0w\" alt=\"\" width=\"26\" height=\"26\" \/>H\u00f8yde: <strong>100-120<\/strong><strong>\u00a0cm<\/strong><\/p>","protected":false},"featured_media":47474,"template":"","meta":{"_acf_changed":false},"product_brand":[],"product_cat":[813,816,812,817,819,826,815,835],"product_tag":[],"class_list":{"0":"post-47473","1":"product","2":"type-product","3":"status-publish","4":"has-post-thumbnail","6":"product_cat-60-65-dage","7":"product_cat-barneys-farm","8":"product_cat-blomstring-periode","9":"product_cat-feminiserede","10":"product_cat-indendoers","11":"product_cat-indica-dominant","12":"product_cat-producenter-a-z","13":"product_cat-udendoers-feminiserede","14":"pa_antal-1-stk","15":"pa_antal-3-stk","16":"pa_antal-5-stk","17":"pa_antal-10-stk","18":"pa_blomst-type-feminiserede","19":"pa_blomstringstid-60-65-dage","20":"pa_indica-sativa-indica-dominant","21":"pa_producenter-a-z-barneys-farm","22":"pa_thc-20-25","23":"pa_thc-over-25","24":"pa_udbytte-stort","25":"pa_udbytte-xxl","27":"first","28":"instock","29":"taxable","30":"shipping-taxable","31":"purchasable","32":"product-type-variable","33":"wvs-archive-product-wrapper"},"acf":[],"yoast_head":"<!-- This site is optimized with the Yoast SEO plugin v26.9 - https:\/\/yoast.com\/product\/yoast-seo-wordpress\/ -->\n<title>Purple Punch x Lemon Drizzle (Feminiseret) - Barney&#039;s Farm - Superseeds.dk<\/title>\n<meta name=\"robots\" content=\"index, follow, max-snippet:-1, max-image-preview:large, max-video-preview:-1\" \/>\n<link rel=\"canonical\" href=\"https:\/\/superseeds.dk\/no\/produkt\/purple-punch-x-lemon-drizzle-feminiseret-barneys-farm\/\" \/>\n<meta property=\"og:locale\" content=\"nb_NO\" \/>\n<meta property=\"og:type\" content=\"article\" \/>\n<meta property=\"og:title\" content=\"Purple Punch x Lemon Drizzle (Feminiseret) - Barney&#039;s Farm - Superseeds.dk\" \/>\n<meta property=\"og:description\" content=\"&nbsp;  Purple Punch Strain x Lemon Drizzle Strain  &nbsp;  Blomstringstid: 60-65 dage Udbytte: 550 - 650 g\/m\u00b2 THC: 24-26% H\u00f8jde: 100-120\u00a0cm\" \/>\n<meta property=\"og:url\" content=\"https:\/\/superseeds.dk\/no\/produkt\/purple-punch-x-lemon-drizzle-feminiseret-barneys-farm\/\" \/>\n<meta property=\"og:site_name\" content=\"Superseeds.dk\" \/>\n<meta property=\"article:modified_time\" content=\"2024-03-20T10:47:43+00:00\" \/>\n<meta property=\"og:image\" content=\"https:\/\/superseeds.dk\/wp-content\/uploads\/2024\/03\/purple-punch-x-lemon-drizzle.jpg\" \/>\n\t<meta property=\"og:image:width\" content=\"475\" \/>\n\t<meta property=\"og:image:height\" content=\"570\" \/>\n\t<meta property=\"og:image:type\" content=\"image\/jpeg\" \/>\n<meta name=\"twitter:card\" content=\"summary_large_image\" \/>\n<meta name=\"twitter:label1\" content=\"Ansl. lesetid\" \/>\n\t<meta name=\"twitter:data1\" content=\"1 minutt\" \/>\n<script type=\"application\/ld+json\" class=\"yoast-schema-graph\">{\"@context\":\"https:\/\/schema.org\",\"@graph\":[{\"@type\":\"WebPage\",\"@id\":\"https:\/\/superseeds.dk\/vare\/purple-punch-x-lemon-drizzle-feminiseret-barneys-farm\/\",\"url\":\"https:\/\/superseeds.dk\/vare\/purple-punch-x-lemon-drizzle-feminiseret-barneys-farm\/\",\"name\":\"Purple Punch x Lemon Drizzle (Feminiseret) - Barney's Farm - Superseeds.dk\",\"isPartOf\":{\"@id\":\"https:\/\/super-seeds.se\/#website\"},\"primaryImageOfPage\":{\"@id\":\"https:\/\/superseeds.dk\/vare\/purple-punch-x-lemon-drizzle-feminiseret-barneys-farm\/#primaryimage\"},\"image\":{\"@id\":\"https:\/\/superseeds.dk\/vare\/purple-punch-x-lemon-drizzle-feminiseret-barneys-farm\/#primaryimage\"},\"thumbnailUrl\":\"https:\/\/superseeds.dk\/wp-content\/uploads\/2024\/03\/purple-punch-x-lemon-drizzle.jpg\",\"datePublished\":\"2024-03-13T13:04:48+00:00\",\"dateModified\":\"2024-03-20T10:47:43+00:00\",\"breadcrumb\":{\"@id\":\"https:\/\/superseeds.dk\/vare\/purple-punch-x-lemon-drizzle-feminiseret-barneys-farm\/#breadcrumb\"},\"inLanguage\":\"nb-NO\",\"potentialAction\":[{\"@type\":\"ReadAction\",\"target\":[\"https:\/\/superseeds.dk\/vare\/purple-punch-x-lemon-drizzle-feminiseret-barneys-farm\/\"]}]},{\"@type\":\"ImageObject\",\"inLanguage\":\"nb-NO\",\"@id\":\"https:\/\/superseeds.dk\/vare\/purple-punch-x-lemon-drizzle-feminiseret-barneys-farm\/#primaryimage\",\"url\":\"https:\/\/superseeds.dk\/wp-content\/uploads\/2024\/03\/purple-punch-x-lemon-drizzle.jpg\",\"contentUrl\":\"https:\/\/superseeds.dk\/wp-content\/uploads\/2024\/03\/purple-punch-x-lemon-drizzle.jpg\",\"width\":475,\"height\":570},{\"@type\":\"BreadcrumbList\",\"@id\":\"https:\/\/superseeds.dk\/vare\/purple-punch-x-lemon-drizzle-feminiseret-barneys-farm\/#breadcrumb\",\"itemListElement\":[{\"@type\":\"ListItem\",\"position\":1,\"name\":\"Hjem\",\"item\":\"https:\/\/superseeds.dk\/\"},{\"@type\":\"ListItem\",\"position\":2,\"name\":\"Shop\",\"item\":\"https:\/\/superseeds.dk\/no\/butikk\/\"},{\"@type\":\"ListItem\",\"position\":3,\"name\":\"Purple Punch x Lemon Drizzle (Feminiseret) &#8211; Barney&#8217;s Farm\"}]},{\"@type\":\"WebSite\",\"@id\":\"https:\/\/super-seeds.se\/#website\",\"url\":\"https:\/\/super-seeds.se\/\",\"name\":\"Superseeds.dk\",\"description\":\"\",\"publisher\":{\"@id\":\"https:\/\/super-seeds.se\/#organization\"},\"potentialAction\":[{\"@type\":\"SearchAction\",\"target\":{\"@type\":\"EntryPoint\",\"urlTemplate\":\"https:\/\/super-seeds.se\/?s={search_term_string}\"},\"query-input\":{\"@type\":\"PropertyValueSpecification\",\"valueRequired\":true,\"valueName\":\"search_term_string\"}}],\"inLanguage\":\"nb-NO\"},{\"@type\":\"Organization\",\"@id\":\"https:\/\/super-seeds.se\/#organization\",\"name\":\"Superseeds.dk\",\"url\":\"https:\/\/super-seeds.se\/\",\"logo\":{\"@type\":\"ImageObject\",\"inLanguage\":\"nb-NO\",\"@id\":\"https:\/\/super-seeds.se\/#\/schema\/logo\/image\/\",\"url\":\"https:\/\/superseeds.dk\/wp-content\/uploads\/2025\/09\/logo-superseeds.png\",\"contentUrl\":\"https:\/\/superseeds.dk\/wp-content\/uploads\/2025\/09\/logo-superseeds.png\",\"width\":180,\"height\":160,\"caption\":\"Superseeds.dk\"},\"image\":{\"@id\":\"https:\/\/super-seeds.se\/#\/schema\/logo\/image\/\"}}]}<\/script>\n<!-- \/ Yoast SEO plugin. -->","yoast_head_json":{"title":"Purple Punch x Lemon Drizzle (Feminiseret) - Barney's Farm - Superseeds.dk","robots":{"index":"index","follow":"follow","max-snippet":"max-snippet:-1","max-image-preview":"max-image-preview:large","max-video-preview":"max-video-preview:-1"},"canonical":"https:\/\/superseeds.dk\/no\/produkt\/purple-punch-x-lemon-drizzle-feminiseret-barneys-farm\/","og_locale":"nb_NO","og_type":"article","og_title":"Purple Punch x Lemon Drizzle (Feminiseret) - Barney's Farm - Superseeds.dk","og_description":"&nbsp;  Purple Punch Strain x Lemon Drizzle Strain  &nbsp;  Blomstringstid: 60-65 dage Udbytte: 550 - 650 g\/m\u00b2 THC: 24-26% H\u00f8jde: 100-120\u00a0cm","og_url":"https:\/\/superseeds.dk\/no\/produkt\/purple-punch-x-lemon-drizzle-feminiseret-barneys-farm\/","og_site_name":"Superseeds.dk","article_modified_time":"2024-03-20T10:47:43+00:00","og_image":[{"width":475,"height":570,"url":"https:\/\/superseeds.dk\/wp-content\/uploads\/2024\/03\/purple-punch-x-lemon-drizzle.jpg","type":"image\/jpeg"}],"twitter_card":"summary_large_image","twitter_misc":{"Ansl. lesetid":"1 minutt"},"schema":{"@context":"https:\/\/schema.org","@graph":[{"@type":"WebPage","@id":"https:\/\/superseeds.dk\/vare\/purple-punch-x-lemon-drizzle-feminiseret-barneys-farm\/","url":"https:\/\/superseeds.dk\/vare\/purple-punch-x-lemon-drizzle-feminiseret-barneys-farm\/","name":"Purple Punch x Lemon Drizzle (Feminiseret) - Barney's Farm - Superseeds.dk","isPartOf":{"@id":"https:\/\/super-seeds.se\/#website"},"primaryImageOfPage":{"@id":"https:\/\/superseeds.dk\/vare\/purple-punch-x-lemon-drizzle-feminiseret-barneys-farm\/#primaryimage"},"image":{"@id":"https:\/\/superseeds.dk\/vare\/purple-punch-x-lemon-drizzle-feminiseret-barneys-farm\/#primaryimage"},"thumbnailUrl":"https:\/\/superseeds.dk\/wp-content\/uploads\/2024\/03\/purple-punch-x-lemon-drizzle.jpg","datePublished":"2024-03-13T13:04:48+00:00","dateModified":"2024-03-20T10:47:43+00:00","breadcrumb":{"@id":"https:\/\/superseeds.dk\/vare\/purple-punch-x-lemon-drizzle-feminiseret-barneys-farm\/#breadcrumb"},"inLanguage":"nb-NO","potentialAction":[{"@type":"ReadAction","target":["https:\/\/superseeds.dk\/vare\/purple-punch-x-lemon-drizzle-feminiseret-barneys-farm\/"]}]},{"@type":"ImageObject","inLanguage":"nb-NO","@id":"https:\/\/superseeds.dk\/vare\/purple-punch-x-lemon-drizzle-feminiseret-barneys-farm\/#primaryimage","url":"https:\/\/superseeds.dk\/wp-content\/uploads\/2024\/03\/purple-punch-x-lemon-drizzle.jpg","contentUrl":"https:\/\/superseeds.dk\/wp-content\/uploads\/2024\/03\/purple-punch-x-lemon-drizzle.jpg","width":475,"height":570},{"@type":"BreadcrumbList","@id":"https:\/\/superseeds.dk\/vare\/purple-punch-x-lemon-drizzle-feminiseret-barneys-farm\/#breadcrumb","itemListElement":[{"@type":"ListItem","position":1,"name":"Hjem","item":"https:\/\/superseeds.dk\/"},{"@type":"ListItem","position":2,"name":"Shop","item":"https:\/\/superseeds.dk\/no\/butikk\/"},{"@type":"ListItem","position":3,"name":"Purple Punch x Lemon Drizzle (Feminiseret) &#8211; Barney&#8217;s Farm"}]},{"@type":"WebSite","@id":"https:\/\/super-seeds.se\/#website","url":"https:\/\/super-seeds.se\/","name":"Superseeds.com","description":"","publisher":{"@id":"https:\/\/super-seeds.se\/#organization"},"potentialAction":[{"@type":"SearchAction","target":{"@type":"EntryPoint","urlTemplate":"https:\/\/super-seeds.se\/?s={search_term_string}"},"query-input":{"@type":"PropertyValueSpecification","valueRequired":true,"valueName":"search_term_string"}}],"inLanguage":"nb-NO"},{"@type":"Organization","@id":"https:\/\/super-seeds.se\/#organization","name":"Superseeds.com","url":"https:\/\/super-seeds.se\/","logo":{"@type":"ImageObject","inLanguage":"nb-NO","@id":"https:\/\/super-seeds.se\/#\/schema\/logo\/image\/","url":"https:\/\/superseeds.dk\/wp-content\/uploads\/2025\/09\/logo-superseeds.png","contentUrl":"https:\/\/superseeds.dk\/wp-content\/uploads\/2025\/09\/logo-superseeds.png","width":180,"height":160,"caption":"Superseeds.dk"},"image":{"@id":"https:\/\/super-seeds.se\/#\/schema\/logo\/image\/"}}]}},"df_price":85,"df_sale_price":"","df_regular_price":85,"df_image_link":"https:\/\/superseeds.dk\/wp-content\/uploads\/2024\/03\/purple-punch-x-lemon-drizzle.jpg","_links":{"self":[{"href":"https:\/\/superseeds.dk\/no\/wp-json\/wp\/v2\/product\/47473","targetHints":{"allow":["GET"]}}],"collection":[{"href":"https:\/\/superseeds.dk\/no\/wp-json\/wp\/v2\/product"}],"about":[{"href":"https:\/\/superseeds.dk\/no\/wp-json\/wp\/v2\/types\/product"}],"wp:featuredmedia":[{"embeddable":true,"href":"https:\/\/superseeds.dk\/no\/wp-json\/wp\/v2\/media\/47474"}],"wp:attachment":[{"href":"https:\/\/superseeds.dk\/no\/wp-json\/wp\/v2\/media?parent=47473"}],"wp:term":[{"taxonomy":"product_brand","embeddable":true,"href":"https:\/\/superseeds.dk\/no\/wp-json\/wp\/v2\/product_brand?post=47473"},{"taxonomy":"product_cat","embeddable":true,"href":"https:\/\/superseeds.dk\/no\/wp-json\/wp\/v2\/product_cat?post=47473"},{"taxonomy":"product_tag","embeddable":true,"href":"https:\/\/superseeds.dk\/no\/wp-json\/wp\/v2\/product_tag?post=47473"}],"curies":[{"name":"wp","href":"https:\/\/api.w.org\/{rel}","templated":true}]}}