{"id":44998,"date":"2023-08-17T15:58:04","date_gmt":"2023-08-17T13:58:04","guid":{"rendered":"https:\/\/superseeds.dk\/?post_type=product&#038;p=44998"},"modified":"2023-11-23T13:28:34","modified_gmt":"2023-11-23T12:28:34","slug":"planet-lemon-53-froe-feminiseret-limited-special-pack-t-h-seeds","status":"publish","type":"product","link":"https:\/\/superseeds.dk\/no\/produkt\/planet-lemon-53-froe-feminiseret-limited-special-pack-t-h-seeds\/","title":{"rendered":"Planet Lemon 5+3 fr\u00f8 (Feminisert) Begrenset spesialpakke - T.H. Fr\u00f8"},"content":{"rendered":"<p>I denne pakke f\u00e5r du 5 Planet Lemon fr\u00f8 + 2 ekstra Planet Lemon + 1 French Macaron fr\u00f8 fra T.H. Seeds<\/p>","protected":false},"excerpt":{"rendered":"<p>&nbsp;<\/p>\n<ul>\n<li><strong>Genetikk<\/strong>: Birthday Cake S1 (Birthday Cake x Birthday Cake)<\/li>\n<li><strong>Blomstringstid<\/strong>: 8-9 uker<\/li>\n<li><strong>Utbytte<\/strong>: 450 &#8211; 500 g\/m2<\/li>\n<li><strong>H\u00f8yde<\/strong>: 120cm &#8211; 150cm<\/li>\n<li><strong>Smak<\/strong>: Citron t\u00e6rte og citrus slik<\/li>\n<li><strong>Sativadominant<\/strong><\/li>\n<\/ul>","protected":false},"featured_media":44999,"template":"","meta":{"_acf_changed":false},"product_brand":[],"product_cat":[813,1739,812,817,819,815,820,1723,835,827],"product_tag":[],"class_list":{"0":"post-44998","1":"product","2":"type-product","3":"status-publish","4":"has-post-thumbnail","6":"product_cat-60-65-dage","7":"product_cat-alle-froe","8":"product_cat-blomstring-periode","9":"product_cat-feminiserede","10":"product_cat-indendoers","11":"product_cat-producenter-a-z","12":"product_cat-sativa-dominant","13":"product_cat-th-seeds","14":"product_cat-udendoers-feminiserede","15":"product_cat-under-60-dage","16":"pa_blomst-type-feminiserede","17":"pa_blomstringstid-under-60-dage","18":"pa_blomstringstid-60-65-dage","19":"pa_indica-sativa-sativa-dominant","20":"pa_udbytte-medium","22":"first","23":"instock","24":"taxable","25":"shipping-taxable","26":"purchasable","27":"product-type-simple"},"acf":[],"yoast_head":"<!-- This site is optimized with the Yoast SEO plugin v26.9 - https:\/\/yoast.com\/product\/yoast-seo-wordpress\/ -->\n<title>Planet Lemon 5+3 fr\u00f8 (Feminiseret) Limited Special Pack - T.H. Seeds - Superseeds.dk<\/title>\n<meta name=\"robots\" content=\"index, follow, max-snippet:-1, max-image-preview:large, max-video-preview:-1\" \/>\n<link rel=\"canonical\" href=\"https:\/\/superseeds.dk\/no\/produkt\/planet-lemon-53-froe-feminiseret-limited-special-pack-t-h-seeds\/\" \/>\n<meta property=\"og:locale\" content=\"nb_NO\" \/>\n<meta property=\"og:type\" content=\"article\" \/>\n<meta property=\"og:title\" content=\"Planet Lemon 5+3 fr\u00f8 (Feminiseret) Limited Special Pack - T.H. Seeds - Superseeds.dk\" \/>\n<meta property=\"og:description\" content=\"&nbsp;   Genetik: Birthday Cake S1 (Birthday Cake x Birthday Cake)  Blomstringstid: 8-9 uger  Udbytte: 450 - 500 g\/m2  H\u00f8jde: 120cm - 150cm  Smag: Citron t\u00e6rte og citrus slik  Sativadominant\" \/>\n<meta property=\"og:url\" content=\"https:\/\/superseeds.dk\/no\/produkt\/planet-lemon-53-froe-feminiseret-limited-special-pack-t-h-seeds\/\" \/>\n<meta property=\"og:site_name\" content=\"Superseeds.dk\" \/>\n<meta property=\"article:modified_time\" content=\"2023-11-23T12:28:34+00:00\" \/>\n<meta property=\"og:image\" content=\"https:\/\/superseeds.dk\/wp-content\/uploads\/2023\/08\/th-seeds-planet-lemon-.jpg\" \/>\n\t<meta property=\"og:image:width\" content=\"738\" \/>\n\t<meta property=\"og:image:height\" content=\"739\" \/>\n\t<meta property=\"og:image:type\" content=\"image\/jpeg\" \/>\n<meta name=\"twitter:card\" content=\"summary_large_image\" \/>\n<meta name=\"twitter:label1\" content=\"Ansl. lesetid\" \/>\n\t<meta name=\"twitter:data1\" content=\"1 minutt\" \/>\n<script type=\"application\/ld+json\" class=\"yoast-schema-graph\">{\"@context\":\"https:\/\/schema.org\",\"@graph\":[{\"@type\":\"WebPage\",\"@id\":\"https:\/\/superseeds.dk\/vare\/planet-lemon-53-froe-feminiseret-limited-special-pack-t-h-seeds\/\",\"url\":\"https:\/\/superseeds.dk\/vare\/planet-lemon-53-froe-feminiseret-limited-special-pack-t-h-seeds\/\",\"name\":\"Planet Lemon 5+3 fr\u00f8 (Feminiseret) Limited Special Pack - T.H. Seeds - Superseeds.dk\",\"isPartOf\":{\"@id\":\"https:\/\/super-seeds.se\/#website\"},\"primaryImageOfPage\":{\"@id\":\"https:\/\/superseeds.dk\/vare\/planet-lemon-53-froe-feminiseret-limited-special-pack-t-h-seeds\/#primaryimage\"},\"image\":{\"@id\":\"https:\/\/superseeds.dk\/vare\/planet-lemon-53-froe-feminiseret-limited-special-pack-t-h-seeds\/#primaryimage\"},\"thumbnailUrl\":\"https:\/\/superseeds.dk\/wp-content\/uploads\/2023\/08\/th-seeds-planet-lemon-.jpg\",\"datePublished\":\"2023-08-17T13:58:04+00:00\",\"dateModified\":\"2023-11-23T12:28:34+00:00\",\"breadcrumb\":{\"@id\":\"https:\/\/superseeds.dk\/vare\/planet-lemon-53-froe-feminiseret-limited-special-pack-t-h-seeds\/#breadcrumb\"},\"inLanguage\":\"nb-NO\",\"potentialAction\":[{\"@type\":\"ReadAction\",\"target\":[\"https:\/\/superseeds.dk\/vare\/planet-lemon-53-froe-feminiseret-limited-special-pack-t-h-seeds\/\"]}]},{\"@type\":\"ImageObject\",\"inLanguage\":\"nb-NO\",\"@id\":\"https:\/\/superseeds.dk\/vare\/planet-lemon-53-froe-feminiseret-limited-special-pack-t-h-seeds\/#primaryimage\",\"url\":\"https:\/\/superseeds.dk\/wp-content\/uploads\/2023\/08\/th-seeds-planet-lemon-.jpg\",\"contentUrl\":\"https:\/\/superseeds.dk\/wp-content\/uploads\/2023\/08\/th-seeds-planet-lemon-.jpg\",\"width\":738,\"height\":739},{\"@type\":\"BreadcrumbList\",\"@id\":\"https:\/\/superseeds.dk\/vare\/planet-lemon-53-froe-feminiseret-limited-special-pack-t-h-seeds\/#breadcrumb\",\"itemListElement\":[{\"@type\":\"ListItem\",\"position\":1,\"name\":\"Hjem\",\"item\":\"https:\/\/superseeds.dk\/\"},{\"@type\":\"ListItem\",\"position\":2,\"name\":\"Shop\",\"item\":\"https:\/\/superseeds.dk\/no\/butikk\/\"},{\"@type\":\"ListItem\",\"position\":3,\"name\":\"Planet Lemon 5+3 fr\u00f8 (Feminiseret) Limited Special Pack &#8211; T.H. Seeds\"}]},{\"@type\":\"WebSite\",\"@id\":\"https:\/\/super-seeds.se\/#website\",\"url\":\"https:\/\/super-seeds.se\/\",\"name\":\"Superseeds.dk\",\"description\":\"\",\"publisher\":{\"@id\":\"https:\/\/super-seeds.se\/#organization\"},\"potentialAction\":[{\"@type\":\"SearchAction\",\"target\":{\"@type\":\"EntryPoint\",\"urlTemplate\":\"https:\/\/super-seeds.se\/?s={search_term_string}\"},\"query-input\":{\"@type\":\"PropertyValueSpecification\",\"valueRequired\":true,\"valueName\":\"search_term_string\"}}],\"inLanguage\":\"nb-NO\"},{\"@type\":\"Organization\",\"@id\":\"https:\/\/super-seeds.se\/#organization\",\"name\":\"Superseeds.dk\",\"url\":\"https:\/\/super-seeds.se\/\",\"logo\":{\"@type\":\"ImageObject\",\"inLanguage\":\"nb-NO\",\"@id\":\"https:\/\/super-seeds.se\/#\/schema\/logo\/image\/\",\"url\":\"https:\/\/superseeds.dk\/wp-content\/uploads\/2025\/09\/logo-superseeds.png\",\"contentUrl\":\"https:\/\/superseeds.dk\/wp-content\/uploads\/2025\/09\/logo-superseeds.png\",\"width\":180,\"height\":160,\"caption\":\"Superseeds.dk\"},\"image\":{\"@id\":\"https:\/\/super-seeds.se\/#\/schema\/logo\/image\/\"}}]}<\/script>\n<!-- \/ Yoast SEO plugin. -->","yoast_head_json":{"title":"Planet Lemon 5+3 fr\u00f8 (Feminiseret) Limited Special Pack - T.H. Seeds - Superseeds.dk","robots":{"index":"index","follow":"follow","max-snippet":"max-snippet:-1","max-image-preview":"max-image-preview:large","max-video-preview":"max-video-preview:-1"},"canonical":"https:\/\/superseeds.dk\/no\/produkt\/planet-lemon-53-froe-feminiseret-limited-special-pack-t-h-seeds\/","og_locale":"nb_NO","og_type":"article","og_title":"Planet Lemon 5+3 fr\u00f8 (Feminiseret) Limited Special Pack - T.H. Seeds - Superseeds.dk","og_description":"&nbsp;   Genetik: Birthday Cake S1 (Birthday Cake x Birthday Cake)  Blomstringstid: 8-9 uger  Udbytte: 450 - 500 g\/m2  H\u00f8jde: 120cm - 150cm  Smag: Citron t\u00e6rte og citrus slik  Sativadominant","og_url":"https:\/\/superseeds.dk\/no\/produkt\/planet-lemon-53-froe-feminiseret-limited-special-pack-t-h-seeds\/","og_site_name":"Superseeds.dk","article_modified_time":"2023-11-23T12:28:34+00:00","og_image":[{"width":738,"height":739,"url":"https:\/\/superseeds.dk\/wp-content\/uploads\/2023\/08\/th-seeds-planet-lemon-.jpg","type":"image\/jpeg"}],"twitter_card":"summary_large_image","twitter_misc":{"Ansl. lesetid":"1 minutt"},"schema":{"@context":"https:\/\/schema.org","@graph":[{"@type":"WebPage","@id":"https:\/\/superseeds.dk\/vare\/planet-lemon-53-froe-feminiseret-limited-special-pack-t-h-seeds\/","url":"https:\/\/superseeds.dk\/vare\/planet-lemon-53-froe-feminiseret-limited-special-pack-t-h-seeds\/","name":"Planet Lemon 5+3 fr\u00f8 (Feminiseret) Limited Special Pack - T.H. Seeds - Superseeds.dk","isPartOf":{"@id":"https:\/\/super-seeds.se\/#website"},"primaryImageOfPage":{"@id":"https:\/\/superseeds.dk\/vare\/planet-lemon-53-froe-feminiseret-limited-special-pack-t-h-seeds\/#primaryimage"},"image":{"@id":"https:\/\/superseeds.dk\/vare\/planet-lemon-53-froe-feminiseret-limited-special-pack-t-h-seeds\/#primaryimage"},"thumbnailUrl":"https:\/\/superseeds.dk\/wp-content\/uploads\/2023\/08\/th-seeds-planet-lemon-.jpg","datePublished":"2023-08-17T13:58:04+00:00","dateModified":"2023-11-23T12:28:34+00:00","breadcrumb":{"@id":"https:\/\/superseeds.dk\/vare\/planet-lemon-53-froe-feminiseret-limited-special-pack-t-h-seeds\/#breadcrumb"},"inLanguage":"nb-NO","potentialAction":[{"@type":"ReadAction","target":["https:\/\/superseeds.dk\/vare\/planet-lemon-53-froe-feminiseret-limited-special-pack-t-h-seeds\/"]}]},{"@type":"ImageObject","inLanguage":"nb-NO","@id":"https:\/\/superseeds.dk\/vare\/planet-lemon-53-froe-feminiseret-limited-special-pack-t-h-seeds\/#primaryimage","url":"https:\/\/superseeds.dk\/wp-content\/uploads\/2023\/08\/th-seeds-planet-lemon-.jpg","contentUrl":"https:\/\/superseeds.dk\/wp-content\/uploads\/2023\/08\/th-seeds-planet-lemon-.jpg","width":738,"height":739},{"@type":"BreadcrumbList","@id":"https:\/\/superseeds.dk\/vare\/planet-lemon-53-froe-feminiseret-limited-special-pack-t-h-seeds\/#breadcrumb","itemListElement":[{"@type":"ListItem","position":1,"name":"Hjem","item":"https:\/\/superseeds.dk\/"},{"@type":"ListItem","position":2,"name":"Shop","item":"https:\/\/superseeds.dk\/no\/butikk\/"},{"@type":"ListItem","position":3,"name":"Planet Lemon 5+3 fr\u00f8 (Feminiseret) Limited Special Pack &#8211; T.H. Seeds"}]},{"@type":"WebSite","@id":"https:\/\/super-seeds.se\/#website","url":"https:\/\/super-seeds.se\/","name":"Superseeds.com","description":"","publisher":{"@id":"https:\/\/super-seeds.se\/#organization"},"potentialAction":[{"@type":"SearchAction","target":{"@type":"EntryPoint","urlTemplate":"https:\/\/super-seeds.se\/?s={search_term_string}"},"query-input":{"@type":"PropertyValueSpecification","valueRequired":true,"valueName":"search_term_string"}}],"inLanguage":"nb-NO"},{"@type":"Organization","@id":"https:\/\/super-seeds.se\/#organization","name":"Superseeds.com","url":"https:\/\/super-seeds.se\/","logo":{"@type":"ImageObject","inLanguage":"nb-NO","@id":"https:\/\/super-seeds.se\/#\/schema\/logo\/image\/","url":"https:\/\/superseeds.dk\/wp-content\/uploads\/2025\/09\/logo-superseeds.png","contentUrl":"https:\/\/superseeds.dk\/wp-content\/uploads\/2025\/09\/logo-superseeds.png","width":180,"height":160,"caption":"Superseeds.dk"},"image":{"@id":"https:\/\/super-seeds.se\/#\/schema\/logo\/image\/"}}]}},"df_price":609,"df_sale_price":"","df_regular_price":609,"df_image_link":"https:\/\/superseeds.dk\/wp-content\/uploads\/2023\/08\/th-seeds-planet-lemon-.jpg","_links":{"self":[{"href":"https:\/\/superseeds.dk\/no\/wp-json\/wp\/v2\/product\/44998","targetHints":{"allow":["GET"]}}],"collection":[{"href":"https:\/\/superseeds.dk\/no\/wp-json\/wp\/v2\/product"}],"about":[{"href":"https:\/\/superseeds.dk\/no\/wp-json\/wp\/v2\/types\/product"}],"wp:featuredmedia":[{"embeddable":true,"href":"https:\/\/superseeds.dk\/no\/wp-json\/wp\/v2\/media\/44999"}],"wp:attachment":[{"href":"https:\/\/superseeds.dk\/no\/wp-json\/wp\/v2\/media?parent=44998"}],"wp:term":[{"taxonomy":"product_brand","embeddable":true,"href":"https:\/\/superseeds.dk\/no\/wp-json\/wp\/v2\/product_brand?post=44998"},{"taxonomy":"product_cat","embeddable":true,"href":"https:\/\/superseeds.dk\/no\/wp-json\/wp\/v2\/product_cat?post=44998"},{"taxonomy":"product_tag","embeddable":true,"href":"https:\/\/superseeds.dk\/no\/wp-json\/wp\/v2\/product_tag?post=44998"}],"curies":[{"name":"wp","href":"https:\/\/api.w.org\/{rel}","templated":true}]}}