{"id":42857,"date":"2023-06-20T12:56:12","date_gmt":"2023-06-20T10:56:12","guid":{"rendered":"https:\/\/superseeds.dk\/?post_type=product&#038;p=42857"},"modified":"2023-11-23T13:28:43","modified_gmt":"2023-11-23T12:28:43","slug":"strawberry-glue-71-froe-feminiseret-limited-special-pack-t-h-seeds","status":"publish","type":"product","link":"https:\/\/superseeds.dk\/no\/produkt\/strawberry-glue-71-froe-feminiseret-limited-special-pack-t-h-seeds\/","title":{"rendered":"Strawberry Glue 7+1 fr\u00f8 (Feminisert) Begrenset spesialpakke - T.H. Fr\u00f8"},"content":{"rendered":"<p>I denne limited special pack f\u00e5r du 5 + 2 strawberry glue fr\u00f8 + 1 French Macaron fr\u00f8 fra T.H. Seeds<\/p>","protected":false},"excerpt":{"rendered":"<p>&nbsp;<\/p>\n<ul>\n<li><strong>Genetikk<\/strong>: Goji Glue x Strawbanana Cream<\/li>\n<li><strong>Blomstringstid<\/strong>: 8-9 uker<\/li>\n<li><strong>Utbytte<\/strong>: 500 &#8211; 600 g\/m2<\/li>\n<li><strong>H\u00f8yde<\/strong>: 125cm &#8211; 130cm<strong><br \/>\n<\/strong><\/li>\n<li><strong>THC<\/strong>: 21%<\/li>\n<li><strong>Smak<\/strong>: Creamet, s\u00f8dt slik og jordb\u00e6r<\/li>\n<li><strong>Hybrid<\/strong><\/li>\n<\/ul>","protected":false},"featured_media":42858,"template":"","meta":{"_acf_changed":false},"product_brand":[],"product_cat":[889,813,1739,812,817,819,815,1723,835,827],"product_tag":[],"class_list":{"0":"post-42857","1":"product","2":"type-product","3":"status-publish","4":"has-post-thumbnail","6":"product_cat-50-indica-50-sativa-feminiserede","7":"product_cat-60-65-dage","8":"product_cat-alle-froe","9":"product_cat-blomstring-periode","10":"product_cat-feminiserede","11":"product_cat-indendoers","12":"product_cat-producenter-a-z","13":"product_cat-th-seeds","14":"product_cat-udendoers-feminiserede","15":"product_cat-under-60-dage","16":"pa_blomst-type-feminiserede","17":"pa_blomstringstid-under-60-dage","18":"pa_blomstringstid-60-65-dage","19":"pa_indica-sativa-hybrid-50","20":"pa_thc-20-25","21":"pa_udbytte-stort","23":"first","24":"instock","25":"taxable","26":"shipping-taxable","27":"purchasable","28":"product-type-simple"},"acf":[],"yoast_head":"<!-- This site is optimized with the Yoast SEO plugin v26.9 - https:\/\/yoast.com\/product\/yoast-seo-wordpress\/ -->\n<title>Strawberry Glue 7+1 fr\u00f8 (Feminiseret) Limited Special Pack - T.H. Seeds - Superseeds.dk<\/title>\n<meta name=\"robots\" content=\"index, follow, max-snippet:-1, max-image-preview:large, max-video-preview:-1\" \/>\n<link rel=\"canonical\" href=\"https:\/\/superseeds.dk\/no\/produkt\/strawberry-glue-71-froe-feminiseret-limited-special-pack-t-h-seeds\/\" \/>\n<meta property=\"og:locale\" content=\"nb_NO\" \/>\n<meta property=\"og:type\" content=\"article\" \/>\n<meta property=\"og:title\" content=\"Strawberry Glue 7+1 fr\u00f8 (Feminiseret) Limited Special Pack - T.H. Seeds - Superseeds.dk\" \/>\n<meta property=\"og:description\" content=\"&nbsp;   Genetik: Goji Glue x Strawbanana Cream  Blomstringstid: 8-9 uger  Udbytte: 500 - 600 g\/m2  H\u00f8jde: 125cm - 130cm   THC: 21%  Smag: Creamet, s\u00f8dt slik og jordb\u00e6r  Hybrid\" \/>\n<meta property=\"og:url\" content=\"https:\/\/superseeds.dk\/no\/produkt\/strawberry-glue-71-froe-feminiseret-limited-special-pack-t-h-seeds\/\" \/>\n<meta property=\"og:site_name\" content=\"Superseeds.dk\" \/>\n<meta property=\"article:modified_time\" content=\"2023-11-23T12:28:43+00:00\" \/>\n<meta property=\"og:image\" content=\"https:\/\/superseeds.dk\/wp-content\/uploads\/2023\/06\/TH-seeds-strawberry-glue-71.jpeg\" \/>\n\t<meta property=\"og:image:width\" content=\"733\" \/>\n\t<meta property=\"og:image:height\" content=\"728\" \/>\n\t<meta property=\"og:image:type\" content=\"image\/jpeg\" \/>\n<meta name=\"twitter:card\" content=\"summary_large_image\" \/>\n<meta name=\"twitter:label1\" content=\"Ansl. lesetid\" \/>\n\t<meta name=\"twitter:data1\" content=\"1 minutt\" \/>\n<script type=\"application\/ld+json\" class=\"yoast-schema-graph\">{\"@context\":\"https:\/\/schema.org\",\"@graph\":[{\"@type\":\"WebPage\",\"@id\":\"https:\/\/superseeds.dk\/no\/produkt\/strawberry-glue-71-froe-feminiseret-limited-special-pack-t-h-seeds\/\",\"url\":\"https:\/\/superseeds.dk\/no\/produkt\/strawberry-glue-71-froe-feminiseret-limited-special-pack-t-h-seeds\/\",\"name\":\"Strawberry Glue 7+1 fr\u00f8 (Feminiseret) Limited Special Pack - T.H. Seeds - Superseeds.dk\",\"isPartOf\":{\"@id\":\"https:\/\/super-seeds.se\/#website\"},\"primaryImageOfPage\":{\"@id\":\"https:\/\/superseeds.dk\/no\/produkt\/strawberry-glue-71-froe-feminiseret-limited-special-pack-t-h-seeds\/#primaryimage\"},\"image\":{\"@id\":\"https:\/\/superseeds.dk\/no\/produkt\/strawberry-glue-71-froe-feminiseret-limited-special-pack-t-h-seeds\/#primaryimage\"},\"thumbnailUrl\":\"https:\/\/superseeds.dk\/wp-content\/uploads\/2023\/06\/TH-seeds-strawberry-glue-71.jpeg\",\"datePublished\":\"2023-06-20T10:56:12+00:00\",\"dateModified\":\"2023-11-23T12:28:43+00:00\",\"breadcrumb\":{\"@id\":\"https:\/\/superseeds.dk\/no\/produkt\/strawberry-glue-71-froe-feminiseret-limited-special-pack-t-h-seeds\/#breadcrumb\"},\"inLanguage\":\"nb-NO\",\"potentialAction\":[{\"@type\":\"ReadAction\",\"target\":[\"https:\/\/superseeds.dk\/no\/produkt\/strawberry-glue-71-froe-feminiseret-limited-special-pack-t-h-seeds\/\"]}]},{\"@type\":\"ImageObject\",\"inLanguage\":\"nb-NO\",\"@id\":\"https:\/\/superseeds.dk\/no\/produkt\/strawberry-glue-71-froe-feminiseret-limited-special-pack-t-h-seeds\/#primaryimage\",\"url\":\"https:\/\/superseeds.dk\/wp-content\/uploads\/2023\/06\/TH-seeds-strawberry-glue-71.jpeg\",\"contentUrl\":\"https:\/\/superseeds.dk\/wp-content\/uploads\/2023\/06\/TH-seeds-strawberry-glue-71.jpeg\",\"width\":733,\"height\":728},{\"@type\":\"BreadcrumbList\",\"@id\":\"https:\/\/superseeds.dk\/no\/produkt\/strawberry-glue-71-froe-feminiseret-limited-special-pack-t-h-seeds\/#breadcrumb\",\"itemListElement\":[{\"@type\":\"ListItem\",\"position\":1,\"name\":\"Hjem\",\"item\":\"https:\/\/superseeds.dk\/\"},{\"@type\":\"ListItem\",\"position\":2,\"name\":\"Shop\",\"item\":\"https:\/\/superseeds.dk\/no\/butikk\/\"},{\"@type\":\"ListItem\",\"position\":3,\"name\":\"Strawberry Glue 7+1 fr\u00f8 (Feminiseret) Limited Special Pack &#8211; T.H. Seeds\"}]},{\"@type\":\"WebSite\",\"@id\":\"https:\/\/super-seeds.se\/#website\",\"url\":\"https:\/\/super-seeds.se\/\",\"name\":\"Superseeds.dk\",\"description\":\"\",\"publisher\":{\"@id\":\"https:\/\/super-seeds.se\/#organization\"},\"potentialAction\":[{\"@type\":\"SearchAction\",\"target\":{\"@type\":\"EntryPoint\",\"urlTemplate\":\"https:\/\/super-seeds.se\/?s={search_term_string}\"},\"query-input\":{\"@type\":\"PropertyValueSpecification\",\"valueRequired\":true,\"valueName\":\"search_term_string\"}}],\"inLanguage\":\"nb-NO\"},{\"@type\":\"Organization\",\"@id\":\"https:\/\/super-seeds.se\/#organization\",\"name\":\"Superseeds.dk\",\"url\":\"https:\/\/super-seeds.se\/\",\"logo\":{\"@type\":\"ImageObject\",\"inLanguage\":\"nb-NO\",\"@id\":\"https:\/\/super-seeds.se\/#\/schema\/logo\/image\/\",\"url\":\"https:\/\/superseeds.dk\/wp-content\/uploads\/2025\/09\/logo-superseeds.png\",\"contentUrl\":\"https:\/\/superseeds.dk\/wp-content\/uploads\/2025\/09\/logo-superseeds.png\",\"width\":180,\"height\":160,\"caption\":\"Superseeds.dk\"},\"image\":{\"@id\":\"https:\/\/super-seeds.se\/#\/schema\/logo\/image\/\"}}]}<\/script>\n<!-- \/ Yoast SEO plugin. -->","yoast_head_json":{"title":"Strawberry Glue 7+1 fr\u00f8 (Feminiseret) Limited Special Pack - T.H. Seeds - Superseeds.dk","robots":{"index":"index","follow":"follow","max-snippet":"max-snippet:-1","max-image-preview":"max-image-preview:large","max-video-preview":"max-video-preview:-1"},"canonical":"https:\/\/superseeds.dk\/no\/produkt\/strawberry-glue-71-froe-feminiseret-limited-special-pack-t-h-seeds\/","og_locale":"nb_NO","og_type":"article","og_title":"Strawberry Glue 7+1 fr\u00f8 (Feminiseret) Limited Special Pack - T.H. Seeds - Superseeds.dk","og_description":"&nbsp;   Genetik: Goji Glue x Strawbanana Cream  Blomstringstid: 8-9 uger  Udbytte: 500 - 600 g\/m2  H\u00f8jde: 125cm - 130cm   THC: 21%  Smag: Creamet, s\u00f8dt slik og jordb\u00e6r  Hybrid","og_url":"https:\/\/superseeds.dk\/no\/produkt\/strawberry-glue-71-froe-feminiseret-limited-special-pack-t-h-seeds\/","og_site_name":"Superseeds.dk","article_modified_time":"2023-11-23T12:28:43+00:00","og_image":[{"width":733,"height":728,"url":"https:\/\/superseeds.dk\/wp-content\/uploads\/2023\/06\/TH-seeds-strawberry-glue-71.jpeg","type":"image\/jpeg"}],"twitter_card":"summary_large_image","twitter_misc":{"Ansl. lesetid":"1 minutt"},"schema":{"@context":"https:\/\/schema.org","@graph":[{"@type":"WebPage","@id":"https:\/\/superseeds.dk\/no\/produkt\/strawberry-glue-71-froe-feminiseret-limited-special-pack-t-h-seeds\/","url":"https:\/\/superseeds.dk\/no\/produkt\/strawberry-glue-71-froe-feminiseret-limited-special-pack-t-h-seeds\/","name":"Strawberry Glue 7+1 fr\u00f8 (Feminiseret) Limited Special Pack - T.H. Seeds - Superseeds.dk","isPartOf":{"@id":"https:\/\/super-seeds.se\/#website"},"primaryImageOfPage":{"@id":"https:\/\/superseeds.dk\/no\/produkt\/strawberry-glue-71-froe-feminiseret-limited-special-pack-t-h-seeds\/#primaryimage"},"image":{"@id":"https:\/\/superseeds.dk\/no\/produkt\/strawberry-glue-71-froe-feminiseret-limited-special-pack-t-h-seeds\/#primaryimage"},"thumbnailUrl":"https:\/\/superseeds.dk\/wp-content\/uploads\/2023\/06\/TH-seeds-strawberry-glue-71.jpeg","datePublished":"2023-06-20T10:56:12+00:00","dateModified":"2023-11-23T12:28:43+00:00","breadcrumb":{"@id":"https:\/\/superseeds.dk\/no\/produkt\/strawberry-glue-71-froe-feminiseret-limited-special-pack-t-h-seeds\/#breadcrumb"},"inLanguage":"nb-NO","potentialAction":[{"@type":"ReadAction","target":["https:\/\/superseeds.dk\/no\/produkt\/strawberry-glue-71-froe-feminiseret-limited-special-pack-t-h-seeds\/"]}]},{"@type":"ImageObject","inLanguage":"nb-NO","@id":"https:\/\/superseeds.dk\/no\/produkt\/strawberry-glue-71-froe-feminiseret-limited-special-pack-t-h-seeds\/#primaryimage","url":"https:\/\/superseeds.dk\/wp-content\/uploads\/2023\/06\/TH-seeds-strawberry-glue-71.jpeg","contentUrl":"https:\/\/superseeds.dk\/wp-content\/uploads\/2023\/06\/TH-seeds-strawberry-glue-71.jpeg","width":733,"height":728},{"@type":"BreadcrumbList","@id":"https:\/\/superseeds.dk\/no\/produkt\/strawberry-glue-71-froe-feminiseret-limited-special-pack-t-h-seeds\/#breadcrumb","itemListElement":[{"@type":"ListItem","position":1,"name":"Hjem","item":"https:\/\/superseeds.dk\/"},{"@type":"ListItem","position":2,"name":"Shop","item":"https:\/\/superseeds.dk\/no\/butikk\/"},{"@type":"ListItem","position":3,"name":"Strawberry Glue 7+1 fr\u00f8 (Feminiseret) Limited Special Pack &#8211; T.H. Seeds"}]},{"@type":"WebSite","@id":"https:\/\/super-seeds.se\/#website","url":"https:\/\/super-seeds.se\/","name":"Superseeds.com","description":"","publisher":{"@id":"https:\/\/super-seeds.se\/#organization"},"potentialAction":[{"@type":"SearchAction","target":{"@type":"EntryPoint","urlTemplate":"https:\/\/super-seeds.se\/?s={search_term_string}"},"query-input":{"@type":"PropertyValueSpecification","valueRequired":true,"valueName":"search_term_string"}}],"inLanguage":"nb-NO"},{"@type":"Organization","@id":"https:\/\/super-seeds.se\/#organization","name":"Superseeds.com","url":"https:\/\/super-seeds.se\/","logo":{"@type":"ImageObject","inLanguage":"nb-NO","@id":"https:\/\/super-seeds.se\/#\/schema\/logo\/image\/","url":"https:\/\/superseeds.dk\/wp-content\/uploads\/2025\/09\/logo-superseeds.png","contentUrl":"https:\/\/superseeds.dk\/wp-content\/uploads\/2025\/09\/logo-superseeds.png","width":180,"height":160,"caption":"Superseeds.dk"},"image":{"@id":"https:\/\/super-seeds.se\/#\/schema\/logo\/image\/"}}]}},"df_price":655,"df_sale_price":"","df_regular_price":655,"df_image_link":"https:\/\/superseeds.dk\/wp-content\/uploads\/2023\/06\/TH-seeds-strawberry-glue-71.jpeg","_links":{"self":[{"href":"https:\/\/superseeds.dk\/no\/wp-json\/wp\/v2\/product\/42857","targetHints":{"allow":["GET"]}}],"collection":[{"href":"https:\/\/superseeds.dk\/no\/wp-json\/wp\/v2\/product"}],"about":[{"href":"https:\/\/superseeds.dk\/no\/wp-json\/wp\/v2\/types\/product"}],"wp:featuredmedia":[{"embeddable":true,"href":"https:\/\/superseeds.dk\/no\/wp-json\/wp\/v2\/media\/42858"}],"wp:attachment":[{"href":"https:\/\/superseeds.dk\/no\/wp-json\/wp\/v2\/media?parent=42857"}],"wp:term":[{"taxonomy":"product_brand","embeddable":true,"href":"https:\/\/superseeds.dk\/no\/wp-json\/wp\/v2\/product_brand?post=42857"},{"taxonomy":"product_cat","embeddable":true,"href":"https:\/\/superseeds.dk\/no\/wp-json\/wp\/v2\/product_cat?post=42857"},{"taxonomy":"product_tag","embeddable":true,"href":"https:\/\/superseeds.dk\/no\/wp-json\/wp\/v2\/product_tag?post=42857"}],"curies":[{"name":"wp","href":"https:\/\/api.w.org\/{rel}","templated":true}]}}