{"id":34298,"date":"2022-09-29T12:23:13","date_gmt":"2022-09-29T10:23:13","guid":{"rendered":"https:\/\/superseeds.dk\/?post_type=product&#038;p=34298"},"modified":"2025-04-25T10:43:34","modified_gmt":"2025-04-25T08:43:34","slug":"cbd-bjoernebaer-kush-auto-nederlandsk-lidenskap","status":"publish","type":"product","link":"https:\/\/superseeds.dk\/no\/produkt\/cbd-bjoernebaer-kush-auto-nederlandsk-lidenskap\/","title":{"rendered":"CBD Blackberry Kush Auto - nederlandsk lidenskap"},"content":{"rendered":"<p>CBD Auto Blackberry Kush er en krysning mellom v\u00e5r prisbel\u00f8nte CBD Charlotte's Angel og Auto Blackberry Kush. Den prisbel\u00f8nte Blackberry Kush-genetikken gir denne CBD-fr\u00f8varianten en fantastisk smak og lukt. Disse genene gir ogs\u00e5 de vakre lilla fargene til denne sorten.<\/p>\n<p>CBD Auto Blackberry Kush er en kompakt og rask Indica-dominerende CBD autoflower. Denne Indica er veldig harpiksholdig og vokser fra autoflower fr\u00f8 til innh\u00f8sting i gjennomsnitt 11-12 uker innend\u00f8rs. Hun gj\u00f8r det bra med 20 timer daglig lys og produserer vanligvis en stor sentral blomst omgitt av mange frostige sideblomster.<\/p>\n<p>&nbsp;<\/p>","protected":false},"excerpt":{"rendered":"<p>Det er en st\u00e6rk &#8216;CBD-only&#8217; autoflower med en lav THC-procent, under 1%.\u00a0Dette g\u00f8r hende meget velegnet til b\u00e5de medicinske og rekreative brugere, der ikke \u00f8nsker et psykoaktivt high.\u00a0Hun tager omkring 10-13 uger fra fr\u00f8 til h\u00f8st.<\/p>\n<p>CBD Auto Blackberry Kush er en lilla Indica-dominerende autoflower med en kompakt og buskete struktur, ideell for sm\u00e5 dyrkingsomr\u00e5der.<\/p>\n<p>Det er en stamme med en kraftig og skarp aroma, hun har en hovedsakelig fruktig og jordaktig smak.<\/p>\n<p><strong>VENNLIGST MERK<\/strong>: 10, 25, 50 og 100 stykker er pakket fra bulkpakker.<\/p>","protected":false},"featured_media":34303,"template":"","meta":{"_acf_changed":false},"product_brand":[],"product_cat":[1739,839,812,853,866,840,841,830,815,842],"product_tag":[],"class_list":{"0":"post-34298","1":"product","2":"type-product","3":"status-publish","4":"has-post-thumbnail","6":"product_cat-alle-froe","7":"product_cat-autoblomstrende","8":"product_cat-blomstring-periode","9":"product_cat-cbd","10":"product_cat-dutch-passion","11":"product_cat-indendoers-autoblomstrende","12":"product_cat-indica-dominant-autoblomstrende","13":"product_cat-over-70-dage","14":"product_cat-producenter-a-z","15":"product_cat-udendoers-autoblomstrende","16":"pa_antal-1-stk","17":"pa_antal-3-stk","18":"pa_antal-10-stk","19":"pa_antal-25-stk","20":"pa_antal-50-stk","21":"pa_antal-100-stk","22":"pa_blomst-type-autoblomstrende","23":"pa_blomstringstid-over-70-dage","24":"pa_cbd-over-10","25":"pa_udbytte-medium","26":"pa_udbytte-stort","28":"first","29":"instock","30":"taxable","31":"shipping-taxable","32":"purchasable","33":"product-type-variable","34":"wvs-archive-product-wrapper"},"acf":[],"yoast_head":"<!-- This site is optimized with the Yoast SEO plugin v26.9 - https:\/\/yoast.com\/product\/yoast-seo-wordpress\/ -->\n<title>CBD Blackberry Kush Auto - Dutch Passion - Superseeds.dk<\/title>\n<meta name=\"robots\" content=\"index, follow, max-snippet:-1, max-image-preview:large, max-video-preview:-1\" \/>\n<link rel=\"canonical\" href=\"https:\/\/superseeds.dk\/no\/produkt\/cbd-bjoernebaer-kush-auto-nederlandsk-lidenskap\/\" \/>\n<meta property=\"og:locale\" content=\"nb_NO\" \/>\n<meta property=\"og:type\" content=\"article\" \/>\n<meta property=\"og:title\" content=\"CBD Blackberry Kush Auto - Dutch Passion - Superseeds.dk\" \/>\n<meta property=\"og:description\" content=\"Det er en st\u00e6rk &#039;CBD-only&#039; autoflower med en lav THC-procent, under 1%.\u00a0Dette g\u00f8r hende meget velegnet til b\u00e5de medicinske og rekreative brugere, der ikke \u00f8nsker et psykoaktivt high.\u00a0Hun tager omkring 10-13 uger fra fr\u00f8 til h\u00f8st.  CBD Auto Blackberry Kush er en lilla Indica-dominerende autoflower med en kompakt og busket struktur, ideel til sm\u00e5 v\u00e6kstrum.  Det er en stamme med en kraftig og skarp aroma, hun har en hovedsageligt frugtig og jordagtig smag.  OBS: 10, 25, 50 og 100 stk pakkes fra bulk pakker.\" \/>\n<meta property=\"og:url\" content=\"https:\/\/superseeds.dk\/no\/produkt\/cbd-bjoernebaer-kush-auto-nederlandsk-lidenskap\/\" \/>\n<meta property=\"og:site_name\" content=\"Superseeds.dk\" \/>\n<meta property=\"article:modified_time\" content=\"2025-04-25T08:43:34+00:00\" \/>\n<meta property=\"og:image\" content=\"https:\/\/www.super-seeds.se\/wp-content\/uploads\/2022\/09\/cbd-blackberry-kuch-auto-dutch-passion-kopi.jpg\" \/>\n\t<meta property=\"og:image:width\" content=\"365\" \/>\n\t<meta property=\"og:image:height\" content=\"408\" \/>\n\t<meta property=\"og:image:type\" content=\"image\/jpeg\" \/>\n<meta name=\"twitter:card\" content=\"summary_large_image\" \/>\n<meta name=\"twitter:label1\" content=\"Ansl. lesetid\" \/>\n\t<meta name=\"twitter:data1\" content=\"1 minutt\" \/>\n<script type=\"application\/ld+json\" class=\"yoast-schema-graph\">{\"@context\":\"https:\/\/schema.org\",\"@graph\":[{\"@type\":\"WebPage\",\"@id\":\"https:\/\/superseeds.dk\/vare\/cbd-blackberry-kush-auto-dutch-passion\/\",\"url\":\"https:\/\/superseeds.dk\/vare\/cbd-blackberry-kush-auto-dutch-passion\/\",\"name\":\"CBD Blackberry Kush Auto - Dutch Passion - Superseeds.dk\",\"isPartOf\":{\"@id\":\"https:\/\/super-seeds.se\/#website\"},\"primaryImageOfPage\":{\"@id\":\"https:\/\/superseeds.dk\/vare\/cbd-blackberry-kush-auto-dutch-passion\/#primaryimage\"},\"image\":{\"@id\":\"https:\/\/superseeds.dk\/vare\/cbd-blackberry-kush-auto-dutch-passion\/#primaryimage\"},\"thumbnailUrl\":\"https:\/\/superseeds.dk\/wp-content\/uploads\/2022\/09\/cbd-blackberry-kuch-auto-dutch-passion-kopi.jpg\",\"datePublished\":\"2022-09-29T10:23:13+00:00\",\"dateModified\":\"2025-04-25T08:43:34+00:00\",\"breadcrumb\":{\"@id\":\"https:\/\/superseeds.dk\/vare\/cbd-blackberry-kush-auto-dutch-passion\/#breadcrumb\"},\"inLanguage\":\"nb-NO\",\"potentialAction\":[{\"@type\":\"ReadAction\",\"target\":[\"https:\/\/superseeds.dk\/vare\/cbd-blackberry-kush-auto-dutch-passion\/\"]}]},{\"@type\":\"ImageObject\",\"inLanguage\":\"nb-NO\",\"@id\":\"https:\/\/superseeds.dk\/vare\/cbd-blackberry-kush-auto-dutch-passion\/#primaryimage\",\"url\":\"https:\/\/superseeds.dk\/wp-content\/uploads\/2022\/09\/cbd-blackberry-kuch-auto-dutch-passion-kopi.jpg\",\"contentUrl\":\"https:\/\/superseeds.dk\/wp-content\/uploads\/2022\/09\/cbd-blackberry-kuch-auto-dutch-passion-kopi.jpg\",\"width\":365,\"height\":408},{\"@type\":\"BreadcrumbList\",\"@id\":\"https:\/\/superseeds.dk\/vare\/cbd-blackberry-kush-auto-dutch-passion\/#breadcrumb\",\"itemListElement\":[{\"@type\":\"ListItem\",\"position\":1,\"name\":\"Hjem\",\"item\":\"https:\/\/superseeds.dk\/\"},{\"@type\":\"ListItem\",\"position\":2,\"name\":\"Shop\",\"item\":\"https:\/\/superseeds.dk\/no\/butikk\/\"},{\"@type\":\"ListItem\",\"position\":3,\"name\":\"CBD Blackberry Kush Auto &#8211; Dutch Passion\"}]},{\"@type\":\"WebSite\",\"@id\":\"https:\/\/super-seeds.se\/#website\",\"url\":\"https:\/\/super-seeds.se\/\",\"name\":\"Superseeds.dk\",\"description\":\"\",\"publisher\":{\"@id\":\"https:\/\/super-seeds.se\/#organization\"},\"potentialAction\":[{\"@type\":\"SearchAction\",\"target\":{\"@type\":\"EntryPoint\",\"urlTemplate\":\"https:\/\/super-seeds.se\/?s={search_term_string}\"},\"query-input\":{\"@type\":\"PropertyValueSpecification\",\"valueRequired\":true,\"valueName\":\"search_term_string\"}}],\"inLanguage\":\"nb-NO\"},{\"@type\":\"Organization\",\"@id\":\"https:\/\/super-seeds.se\/#organization\",\"name\":\"Superseeds.dk\",\"url\":\"https:\/\/super-seeds.se\/\",\"logo\":{\"@type\":\"ImageObject\",\"inLanguage\":\"nb-NO\",\"@id\":\"https:\/\/super-seeds.se\/#\/schema\/logo\/image\/\",\"url\":\"https:\/\/superseeds.dk\/wp-content\/uploads\/2025\/09\/logo-superseeds.png\",\"contentUrl\":\"https:\/\/superseeds.dk\/wp-content\/uploads\/2025\/09\/logo-superseeds.png\",\"width\":180,\"height\":160,\"caption\":\"Superseeds.dk\"},\"image\":{\"@id\":\"https:\/\/super-seeds.se\/#\/schema\/logo\/image\/\"}}]}<\/script>\n<!-- \/ Yoast SEO plugin. -->","yoast_head_json":{"title":"CBD Blackberry Kush Auto - Dutch Passion - Superseeds.dk","robots":{"index":"index","follow":"follow","max-snippet":"max-snippet:-1","max-image-preview":"max-image-preview:large","max-video-preview":"max-video-preview:-1"},"canonical":"https:\/\/superseeds.dk\/no\/produkt\/cbd-bjoernebaer-kush-auto-nederlandsk-lidenskap\/","og_locale":"nb_NO","og_type":"article","og_title":"CBD Blackberry Kush Auto - Dutch Passion - Superseeds.dk","og_description":"Det er en st\u00e6rk 'CBD-only' autoflower med en lav THC-procent, under 1%.\u00a0Dette g\u00f8r hende meget velegnet til b\u00e5de medicinske og rekreative brugere, der ikke \u00f8nsker et psykoaktivt high.\u00a0Hun tager omkring 10-13 uger fra fr\u00f8 til h\u00f8st.  CBD Auto Blackberry Kush er en lilla Indica-dominerende autoflower med en kompakt og busket struktur, ideel til sm\u00e5 v\u00e6kstrum.  Det er en stamme med en kraftig og skarp aroma, hun har en hovedsageligt frugtig og jordagtig smag.  OBS: 10, 25, 50 og 100 stk pakkes fra bulk pakker.","og_url":"https:\/\/superseeds.dk\/no\/produkt\/cbd-bjoernebaer-kush-auto-nederlandsk-lidenskap\/","og_site_name":"Superseeds.dk","article_modified_time":"2025-04-25T08:43:34+00:00","og_image":[{"width":365,"height":408,"url":"https:\/\/www.super-seeds.se\/wp-content\/uploads\/2022\/09\/cbd-blackberry-kuch-auto-dutch-passion-kopi.jpg","type":"image\/jpeg"}],"twitter_card":"summary_large_image","twitter_misc":{"Ansl. lesetid":"1 minutt"},"schema":{"@context":"https:\/\/schema.org","@graph":[{"@type":"WebPage","@id":"https:\/\/superseeds.dk\/vare\/cbd-blackberry-kush-auto-dutch-passion\/","url":"https:\/\/superseeds.dk\/vare\/cbd-blackberry-kush-auto-dutch-passion\/","name":"CBD Blackberry Kush Auto - Dutch Passion - Superseeds.dk","isPartOf":{"@id":"https:\/\/super-seeds.se\/#website"},"primaryImageOfPage":{"@id":"https:\/\/superseeds.dk\/vare\/cbd-blackberry-kush-auto-dutch-passion\/#primaryimage"},"image":{"@id":"https:\/\/superseeds.dk\/vare\/cbd-blackberry-kush-auto-dutch-passion\/#primaryimage"},"thumbnailUrl":"https:\/\/superseeds.dk\/wp-content\/uploads\/2022\/09\/cbd-blackberry-kuch-auto-dutch-passion-kopi.jpg","datePublished":"2022-09-29T10:23:13+00:00","dateModified":"2025-04-25T08:43:34+00:00","breadcrumb":{"@id":"https:\/\/superseeds.dk\/vare\/cbd-blackberry-kush-auto-dutch-passion\/#breadcrumb"},"inLanguage":"nb-NO","potentialAction":[{"@type":"ReadAction","target":["https:\/\/superseeds.dk\/vare\/cbd-blackberry-kush-auto-dutch-passion\/"]}]},{"@type":"ImageObject","inLanguage":"nb-NO","@id":"https:\/\/superseeds.dk\/vare\/cbd-blackberry-kush-auto-dutch-passion\/#primaryimage","url":"https:\/\/superseeds.dk\/wp-content\/uploads\/2022\/09\/cbd-blackberry-kuch-auto-dutch-passion-kopi.jpg","contentUrl":"https:\/\/superseeds.dk\/wp-content\/uploads\/2022\/09\/cbd-blackberry-kuch-auto-dutch-passion-kopi.jpg","width":365,"height":408},{"@type":"BreadcrumbList","@id":"https:\/\/superseeds.dk\/vare\/cbd-blackberry-kush-auto-dutch-passion\/#breadcrumb","itemListElement":[{"@type":"ListItem","position":1,"name":"Hjem","item":"https:\/\/superseeds.dk\/"},{"@type":"ListItem","position":2,"name":"Shop","item":"https:\/\/superseeds.dk\/no\/butikk\/"},{"@type":"ListItem","position":3,"name":"CBD Blackberry Kush Auto &#8211; Dutch Passion"}]},{"@type":"WebSite","@id":"https:\/\/super-seeds.se\/#website","url":"https:\/\/super-seeds.se\/","name":"Superseeds.com","description":"","publisher":{"@id":"https:\/\/super-seeds.se\/#organization"},"potentialAction":[{"@type":"SearchAction","target":{"@type":"EntryPoint","urlTemplate":"https:\/\/super-seeds.se\/?s={search_term_string}"},"query-input":{"@type":"PropertyValueSpecification","valueRequired":true,"valueName":"search_term_string"}}],"inLanguage":"nb-NO"},{"@type":"Organization","@id":"https:\/\/super-seeds.se\/#organization","name":"Superseeds.com","url":"https:\/\/super-seeds.se\/","logo":{"@type":"ImageObject","inLanguage":"nb-NO","@id":"https:\/\/super-seeds.se\/#\/schema\/logo\/image\/","url":"https:\/\/superseeds.dk\/wp-content\/uploads\/2025\/09\/logo-superseeds.png","contentUrl":"https:\/\/superseeds.dk\/wp-content\/uploads\/2025\/09\/logo-superseeds.png","width":180,"height":160,"caption":"Superseeds.dk"},"image":{"@id":"https:\/\/super-seeds.se\/#\/schema\/logo\/image\/"}}]}},"df_price":80,"df_sale_price":"","df_regular_price":80,"df_image_link":"https:\/\/superseeds.dk\/wp-content\/uploads\/2022\/09\/cbd-blackberry-kuch-auto-dutch-passion-kopi.jpg","_links":{"self":[{"href":"https:\/\/superseeds.dk\/no\/wp-json\/wp\/v2\/product\/34298","targetHints":{"allow":["GET"]}}],"collection":[{"href":"https:\/\/superseeds.dk\/no\/wp-json\/wp\/v2\/product"}],"about":[{"href":"https:\/\/superseeds.dk\/no\/wp-json\/wp\/v2\/types\/product"}],"wp:featuredmedia":[{"embeddable":true,"href":"https:\/\/superseeds.dk\/no\/wp-json\/wp\/v2\/media\/34303"}],"wp:attachment":[{"href":"https:\/\/superseeds.dk\/no\/wp-json\/wp\/v2\/media?parent=34298"}],"wp:term":[{"taxonomy":"product_brand","embeddable":true,"href":"https:\/\/superseeds.dk\/no\/wp-json\/wp\/v2\/product_brand?post=34298"},{"taxonomy":"product_cat","embeddable":true,"href":"https:\/\/superseeds.dk\/no\/wp-json\/wp\/v2\/product_cat?post=34298"},{"taxonomy":"product_tag","embeddable":true,"href":"https:\/\/superseeds.dk\/no\/wp-json\/wp\/v2\/product_tag?post=34298"}],"curies":[{"name":"wp","href":"https:\/\/api.w.org\/{rel}","templated":true}]}}