{"id":33583,"date":"2022-08-09T11:32:08","date_gmt":"2022-08-09T09:32:08","guid":{"rendered":"https:\/\/superseeds.dk\/vare\/bruce-banner-3-anesia-seeds\/"},"modified":"2025-03-12T10:40:11","modified_gmt":"2025-03-12T09:40:11","slug":"bruce-banner-3-anesia-seeds","status":"publish","type":"product","link":"https:\/\/superseeds.dk\/no\/produkt\/bruce-banner-3-anesia-seeds\/","title":{"rendered":"Bruce Banner #3 (Feminisert) - Anesia Seeds"},"content":{"rendered":"","protected":false},"excerpt":{"rendered":"<p>&nbsp;<\/p>\n<p><strong>OG Ghost &amp; Strawberry Cough x Sour Diesel<\/strong><\/p>\n<p>&nbsp;<\/p>\n<ul>\n<li><strong>Genetikk:<\/strong> 40% Indica, 60% Sativa<\/li>\n<li><strong>Utbytte<\/strong>: Op til 800g\/m\u00b2<\/li>\n<li><strong>Blomstringstid<\/strong> : 8-9 uker<\/li>\n<li>Egnet for innend\u00f8rs og utend\u00f8rs bruk<\/li>\n<li><strong>H\u00f8yde:<\/strong> 100-130cm<\/li>\n<li><strong>THC<\/strong>: 28,5%<\/li>\n<li><strong>Aromaer\/smag: S\u00f8d og citron<\/strong><\/li>\n<\/ul>","protected":false},"featured_media":33569,"template":"","meta":{"_acf_changed":false},"product_brand":[],"product_cat":[813,1739,907,812,817,819,815,820,835],"product_tag":[],"class_list":{"0":"post-33583","1":"product","2":"type-product","3":"status-publish","4":"has-post-thumbnail","6":"product_cat-60-65-dage","7":"product_cat-alle-froe","8":"product_cat-anesia-seeds","9":"product_cat-blomstring-periode","10":"product_cat-feminiserede","11":"product_cat-indendoers","12":"product_cat-producenter-a-z","13":"product_cat-sativa-dominant","14":"product_cat-udendoers-feminiserede","15":"pa_antal-3-stk","16":"pa_antal-5-stk","17":"pa_antal-10-stk","18":"pa_blomst-type-feminiserede","19":"pa_blomstringstid-60-65-dage","20":"pa_thc-over-25","22":"first","23":"instock","24":"taxable","25":"shipping-taxable","26":"purchasable","27":"product-type-variable","28":"wvs-archive-product-wrapper"},"acf":[],"yoast_head":"<!-- This site is optimized with the Yoast SEO plugin v26.9 - https:\/\/yoast.com\/product\/yoast-seo-wordpress\/ -->\n<title>Bruce Banner #3 (Feminiseret) - Anesia Seeds - Superseeds.dk<\/title>\n<meta name=\"robots\" content=\"index, follow, max-snippet:-1, max-image-preview:large, max-video-preview:-1\" \/>\n<link rel=\"canonical\" href=\"https:\/\/superseeds.dk\/no\/produkt\/bruce-banner-3-anesia-seeds\/\" \/>\n<meta property=\"og:locale\" content=\"nb_NO\" \/>\n<meta property=\"og:type\" content=\"article\" \/>\n<meta property=\"og:title\" content=\"Bruce Banner #3 (Feminiseret) - Anesia Seeds - Superseeds.dk\" \/>\n<meta property=\"og:description\" content=\"&nbsp;  OG Ghost &amp; Strawberry Cough x Sour Diesel  &nbsp;   Genetik: 40% Indica, 60% Sativa  Udbytte: Op til 800g\/m\u00b2  Blomstringstid : 8-9 uger  Velegnet til indend\u00f8rs og udend\u00f8rs  H\u00f8jde: 100-130cm  THC: 28,5%  Aromaer\/smag: S\u00f8d og citron\" \/>\n<meta property=\"og:url\" content=\"https:\/\/superseeds.dk\/no\/produkt\/bruce-banner-3-anesia-seeds\/\" \/>\n<meta property=\"og:site_name\" content=\"Superseeds.dk\" \/>\n<meta property=\"article:modified_time\" content=\"2025-03-12T09:40:11+00:00\" \/>\n<meta property=\"og:image\" content=\"https:\/\/superseeds.dk\/wp-content\/uploads\/2022\/08\/bruce-banner.jpg\" \/>\n\t<meta property=\"og:image:width\" content=\"600\" \/>\n\t<meta property=\"og:image:height\" content=\"800\" \/>\n\t<meta property=\"og:image:type\" content=\"image\/jpeg\" \/>\n<meta name=\"twitter:card\" content=\"summary_large_image\" \/>\n<meta name=\"twitter:label1\" content=\"Ansl. lesetid\" \/>\n\t<meta name=\"twitter:data1\" content=\"1 minutt\" \/>\n<script type=\"application\/ld+json\" class=\"yoast-schema-graph\">{\"@context\":\"https:\/\/schema.org\",\"@graph\":[{\"@type\":\"WebPage\",\"@id\":\"https:\/\/superseeds.dk\/vare\/bruce-banner-3-anesia-seeds\/\",\"url\":\"https:\/\/superseeds.dk\/vare\/bruce-banner-3-anesia-seeds\/\",\"name\":\"Bruce Banner #3 (Feminiseret) - Anesia Seeds - Superseeds.dk\",\"isPartOf\":{\"@id\":\"https:\/\/super-seeds.se\/#website\"},\"primaryImageOfPage\":{\"@id\":\"https:\/\/superseeds.dk\/vare\/bruce-banner-3-anesia-seeds\/#primaryimage\"},\"image\":{\"@id\":\"https:\/\/superseeds.dk\/vare\/bruce-banner-3-anesia-seeds\/#primaryimage\"},\"thumbnailUrl\":\"https:\/\/superseeds.dk\/wp-content\/uploads\/2022\/08\/bruce-banner.jpg\",\"datePublished\":\"2022-08-09T09:32:08+00:00\",\"dateModified\":\"2025-03-12T09:40:11+00:00\",\"breadcrumb\":{\"@id\":\"https:\/\/superseeds.dk\/vare\/bruce-banner-3-anesia-seeds\/#breadcrumb\"},\"inLanguage\":\"nb-NO\",\"potentialAction\":[{\"@type\":\"ReadAction\",\"target\":[\"https:\/\/superseeds.dk\/vare\/bruce-banner-3-anesia-seeds\/\"]}]},{\"@type\":\"ImageObject\",\"inLanguage\":\"nb-NO\",\"@id\":\"https:\/\/superseeds.dk\/vare\/bruce-banner-3-anesia-seeds\/#primaryimage\",\"url\":\"https:\/\/superseeds.dk\/wp-content\/uploads\/2022\/08\/bruce-banner.jpg\",\"contentUrl\":\"https:\/\/superseeds.dk\/wp-content\/uploads\/2022\/08\/bruce-banner.jpg\",\"width\":600,\"height\":800},{\"@type\":\"BreadcrumbList\",\"@id\":\"https:\/\/superseeds.dk\/vare\/bruce-banner-3-anesia-seeds\/#breadcrumb\",\"itemListElement\":[{\"@type\":\"ListItem\",\"position\":1,\"name\":\"Hjem\",\"item\":\"https:\/\/superseeds.dk\/\"},{\"@type\":\"ListItem\",\"position\":2,\"name\":\"Shop\",\"item\":\"https:\/\/superseeds.dk\/no\/butikk\/\"},{\"@type\":\"ListItem\",\"position\":3,\"name\":\"Bruce Banner #3 (Feminiseret) &#8211; Anesia Seeds\"}]},{\"@type\":\"WebSite\",\"@id\":\"https:\/\/super-seeds.se\/#website\",\"url\":\"https:\/\/super-seeds.se\/\",\"name\":\"Superseeds.dk\",\"description\":\"\",\"publisher\":{\"@id\":\"https:\/\/super-seeds.se\/#organization\"},\"potentialAction\":[{\"@type\":\"SearchAction\",\"target\":{\"@type\":\"EntryPoint\",\"urlTemplate\":\"https:\/\/super-seeds.se\/?s={search_term_string}\"},\"query-input\":{\"@type\":\"PropertyValueSpecification\",\"valueRequired\":true,\"valueName\":\"search_term_string\"}}],\"inLanguage\":\"nb-NO\"},{\"@type\":\"Organization\",\"@id\":\"https:\/\/super-seeds.se\/#organization\",\"name\":\"Superseeds.dk\",\"url\":\"https:\/\/super-seeds.se\/\",\"logo\":{\"@type\":\"ImageObject\",\"inLanguage\":\"nb-NO\",\"@id\":\"https:\/\/super-seeds.se\/#\/schema\/logo\/image\/\",\"url\":\"https:\/\/superseeds.dk\/wp-content\/uploads\/2025\/09\/logo-superseeds.png\",\"contentUrl\":\"https:\/\/superseeds.dk\/wp-content\/uploads\/2025\/09\/logo-superseeds.png\",\"width\":180,\"height\":160,\"caption\":\"Superseeds.dk\"},\"image\":{\"@id\":\"https:\/\/super-seeds.se\/#\/schema\/logo\/image\/\"}}]}<\/script>\n<!-- \/ Yoast SEO plugin. -->","yoast_head_json":{"title":"Bruce Banner #3 (Feminiseret) - Anesia Seeds - Superseeds.dk","robots":{"index":"index","follow":"follow","max-snippet":"max-snippet:-1","max-image-preview":"max-image-preview:large","max-video-preview":"max-video-preview:-1"},"canonical":"https:\/\/superseeds.dk\/no\/produkt\/bruce-banner-3-anesia-seeds\/","og_locale":"nb_NO","og_type":"article","og_title":"Bruce Banner #3 (Feminiseret) - Anesia Seeds - Superseeds.dk","og_description":"&nbsp;  OG Ghost &amp; Strawberry Cough x Sour Diesel  &nbsp;   Genetik: 40% Indica, 60% Sativa  Udbytte: Op til 800g\/m\u00b2  Blomstringstid : 8-9 uger  Velegnet til indend\u00f8rs og udend\u00f8rs  H\u00f8jde: 100-130cm  THC: 28,5%  Aromaer\/smag: S\u00f8d og citron","og_url":"https:\/\/superseeds.dk\/no\/produkt\/bruce-banner-3-anesia-seeds\/","og_site_name":"Superseeds.dk","article_modified_time":"2025-03-12T09:40:11+00:00","og_image":[{"width":600,"height":800,"url":"https:\/\/superseeds.dk\/wp-content\/uploads\/2022\/08\/bruce-banner.jpg","type":"image\/jpeg"}],"twitter_card":"summary_large_image","twitter_misc":{"Ansl. lesetid":"1 minutt"},"schema":{"@context":"https:\/\/schema.org","@graph":[{"@type":"WebPage","@id":"https:\/\/superseeds.dk\/vare\/bruce-banner-3-anesia-seeds\/","url":"https:\/\/superseeds.dk\/vare\/bruce-banner-3-anesia-seeds\/","name":"Bruce Banner #3 (Feminiseret) - Anesia Seeds - Superseeds.dk","isPartOf":{"@id":"https:\/\/super-seeds.se\/#website"},"primaryImageOfPage":{"@id":"https:\/\/superseeds.dk\/vare\/bruce-banner-3-anesia-seeds\/#primaryimage"},"image":{"@id":"https:\/\/superseeds.dk\/vare\/bruce-banner-3-anesia-seeds\/#primaryimage"},"thumbnailUrl":"https:\/\/superseeds.dk\/wp-content\/uploads\/2022\/08\/bruce-banner.jpg","datePublished":"2022-08-09T09:32:08+00:00","dateModified":"2025-03-12T09:40:11+00:00","breadcrumb":{"@id":"https:\/\/superseeds.dk\/vare\/bruce-banner-3-anesia-seeds\/#breadcrumb"},"inLanguage":"nb-NO","potentialAction":[{"@type":"ReadAction","target":["https:\/\/superseeds.dk\/vare\/bruce-banner-3-anesia-seeds\/"]}]},{"@type":"ImageObject","inLanguage":"nb-NO","@id":"https:\/\/superseeds.dk\/vare\/bruce-banner-3-anesia-seeds\/#primaryimage","url":"https:\/\/superseeds.dk\/wp-content\/uploads\/2022\/08\/bruce-banner.jpg","contentUrl":"https:\/\/superseeds.dk\/wp-content\/uploads\/2022\/08\/bruce-banner.jpg","width":600,"height":800},{"@type":"BreadcrumbList","@id":"https:\/\/superseeds.dk\/vare\/bruce-banner-3-anesia-seeds\/#breadcrumb","itemListElement":[{"@type":"ListItem","position":1,"name":"Hjem","item":"https:\/\/superseeds.dk\/"},{"@type":"ListItem","position":2,"name":"Shop","item":"https:\/\/superseeds.dk\/no\/butikk\/"},{"@type":"ListItem","position":3,"name":"Bruce Banner #3 (Feminiseret) &#8211; Anesia Seeds"}]},{"@type":"WebSite","@id":"https:\/\/super-seeds.se\/#website","url":"https:\/\/super-seeds.se\/","name":"Superseeds.com","description":"","publisher":{"@id":"https:\/\/super-seeds.se\/#organization"},"potentialAction":[{"@type":"SearchAction","target":{"@type":"EntryPoint","urlTemplate":"https:\/\/super-seeds.se\/?s={search_term_string}"},"query-input":{"@type":"PropertyValueSpecification","valueRequired":true,"valueName":"search_term_string"}}],"inLanguage":"nb-NO"},{"@type":"Organization","@id":"https:\/\/super-seeds.se\/#organization","name":"Superseeds.com","url":"https:\/\/super-seeds.se\/","logo":{"@type":"ImageObject","inLanguage":"nb-NO","@id":"https:\/\/super-seeds.se\/#\/schema\/logo\/image\/","url":"https:\/\/superseeds.dk\/wp-content\/uploads\/2025\/09\/logo-superseeds.png","contentUrl":"https:\/\/superseeds.dk\/wp-content\/uploads\/2025\/09\/logo-superseeds.png","width":180,"height":160,"caption":"Superseeds.dk"},"image":{"@id":"https:\/\/super-seeds.se\/#\/schema\/logo\/image\/"}}]}},"df_price":269,"df_sale_price":"","df_regular_price":269,"df_image_link":"https:\/\/superseeds.dk\/wp-content\/uploads\/2022\/08\/bruce-banner-225x300.jpg","_links":{"self":[{"href":"https:\/\/superseeds.dk\/no\/wp-json\/wp\/v2\/product\/33583","targetHints":{"allow":["GET"]}}],"collection":[{"href":"https:\/\/superseeds.dk\/no\/wp-json\/wp\/v2\/product"}],"about":[{"href":"https:\/\/superseeds.dk\/no\/wp-json\/wp\/v2\/types\/product"}],"wp:featuredmedia":[{"embeddable":true,"href":"https:\/\/superseeds.dk\/no\/wp-json\/wp\/v2\/media\/33569"}],"wp:attachment":[{"href":"https:\/\/superseeds.dk\/no\/wp-json\/wp\/v2\/media?parent=33583"}],"wp:term":[{"taxonomy":"product_brand","embeddable":true,"href":"https:\/\/superseeds.dk\/no\/wp-json\/wp\/v2\/product_brand?post=33583"},{"taxonomy":"product_cat","embeddable":true,"href":"https:\/\/superseeds.dk\/no\/wp-json\/wp\/v2\/product_cat?post=33583"},{"taxonomy":"product_tag","embeddable":true,"href":"https:\/\/superseeds.dk\/no\/wp-json\/wp\/v2\/product_tag?post=33583"}],"curies":[{"name":"wp","href":"https:\/\/api.w.org\/{rel}","templated":true}]}}