{"id":25186,"date":"2022-01-11T09:27:57","date_gmt":"2022-01-11T08:27:57","guid":{"rendered":"https:\/\/superseeds.dk\/vare\/skywalker-og-auto-barneys-farm\/"},"modified":"2023-11-23T13:30:39","modified_gmt":"2023-11-23T12:30:39","slug":"skywalker-og-auto-barneys-farm","status":"publish","type":"product","link":"https:\/\/superseeds.dk\/no\/produkt\/skywalker-og-auto-barneys-farm\/","title":{"rendered":"Skywalker OG Auto &#8211; Barney&#8217;s Farm"},"content":{"rendered":"","protected":false},"excerpt":{"rendered":"<p>Denne aromatiske autoflower spr\u00e6nger bogstaveligt talt til et fyrretr\u00e6s juletr\u00e6 p\u00e5 blot 70-75 dage fra fr\u00f8 og producerer en overflod af str\u00e5lende kushy blomster dryppende med skinnende THC-krystaller. V\u00e6r opm\u00e6rksom p\u00e5 sensorisk overbelastning, da Skywalker OG kan v\u00e6re en ganske overv\u00e6ldende oplevelse, hvis du ikke er klar til den fulde skala af ro i sind og krop.<\/p>\n<table>\n<tbody>\n<tr>\n<td><img decoding=\"async\" class=\"wp-image-2106 alignnone\" src=\"https:\/\/superseeds.dk\/wp-content\/uploads\/2020\/12\/Weather_Tornado.svg\" sizes=\"(min-width: 0px) and (max-width: 0px) 0px, (min-width: 1px) 26px, 100vw\" srcset=\"https:\/\/superseeds.dk\/wp-content\/uploads\/2020\/12\/Weather_Tornado.svg 26w, https:\/\/superseeds.dk\/wp-content\/uploads\/2020\/12\/Weather_Tornado.svg 0w\" alt=\"\" width=\"26\" height=\"26\" \/>Blomstringstid<\/td>\n<td><strong>70-75 dager<\/strong><\/td>\n<\/tr>\n<tr>\n<td><img decoding=\"async\" class=\"wp-image-2111 alignnone\" src=\"https:\/\/superseeds.dk\/wp-content\/uploads\/2020\/12\/Share.svg\" sizes=\"(min-width: 0px) and (max-width: 0px) 0px, (min-width: 1px) 26px, 100vw\" srcset=\"https:\/\/superseeds.dk\/wp-content\/uploads\/2020\/12\/Share.svg 26w, https:\/\/superseeds.dk\/wp-content\/uploads\/2020\/12\/Share.svg 0w\" alt=\"\" width=\"26\" height=\"26\" \/>Utbytte<\/td>\n<td><strong>450-500 g\/m\u00b2<\/strong><\/td>\n<\/tr>\n<tr>\n<td><img decoding=\"async\" class=\"wp-image-2107 alignnone\" src=\"https:\/\/superseeds.dk\/wp-content\/uploads\/2020\/12\/Robotic_Arm_Picker.svg\" sizes=\"(min-width: 0px) and (max-width: 0px) 0px, (min-width: 1px) 26px, 100vw\" srcset=\"https:\/\/superseeds.dk\/wp-content\/uploads\/2020\/12\/Robotic_Arm_Picker.svg 26w, https:\/\/superseeds.dk\/wp-content\/uploads\/2020\/12\/Robotic_Arm_Picker.svg 0w\" alt=\"\" width=\"26\" height=\"26\" \/>THC %<\/td>\n<td><strong>23%<\/strong><\/td>\n<\/tr>\n<tr>\n<td><img loading=\"lazy\" decoding=\"async\" class=\"wp-image-2124 alignnone\" src=\"https:\/\/superseeds.dk\/wp-content\/uploads\/2020\/12\/Block_Hub_Network.svg\" sizes=\"(min-width: 0px) and (max-width: 0px) 0px, (min-width: 1px) 26px, 100vw\" srcset=\"https:\/\/superseeds.dk\/wp-content\/uploads\/2020\/12\/Block_Hub_Network.svg 26w, https:\/\/superseeds.dk\/wp-content\/uploads\/2020\/12\/Block_Hub_Network.svg 0w\" alt=\"\" width=\"26\" height=\"26\" \/>CBD %<\/td>\n<td><strong>Lav<\/strong><\/td>\n<\/tr>\n<tr>\n<td><img loading=\"lazy\" decoding=\"async\" class=\"wp-image-2127 alignnone\" src=\"https:\/\/superseeds.dk\/wp-content\/uploads\/2020\/12\/Crops_Farming.svg\" sizes=\"(min-width: 0px) and (max-width: 0px) 0px, (min-width: 1px) 26px, 100vw\" srcset=\"https:\/\/superseeds.dk\/wp-content\/uploads\/2020\/12\/Crops_Farming.svg 26w, https:\/\/superseeds.dk\/wp-content\/uploads\/2020\/12\/Crops_Farming.svg 0w\" alt=\"\" width=\"26\" height=\"26\" \/>H\u00f8yde<\/td>\n<td><strong>Op til 120 cm<\/strong><\/td>\n<\/tr>\n<\/tbody>\n<\/table>","protected":false},"featured_media":12247,"template":"","meta":{"_acf_changed":false},"product_brand":[],"product_cat":[814,1739,839,816,812,840,841,830,815,842],"product_tag":[],"class_list":{"0":"post-25186","1":"product","2":"type-product","3":"status-publish","4":"has-post-thumbnail","6":"product_cat-65-70-dage","7":"product_cat-alle-froe","8":"product_cat-autoblomstrende","9":"product_cat-barneys-farm","10":"product_cat-blomstring-periode","11":"product_cat-indendoers-autoblomstrende","12":"product_cat-indica-dominant-autoblomstrende","13":"product_cat-over-70-dage","14":"product_cat-producenter-a-z","15":"product_cat-udendoers-autoblomstrende","16":"pa_antal-1-stk","17":"pa_antal-10-stk","18":"pa_antal-3-stk","19":"pa_antal-5-stk","20":"pa_blomst-type-autoblomstrende","21":"pa_blomstringstid-65-70-dage","22":"pa_blomstringstid-over-70-dage","23":"pa_thc-20-25","24":"pa_udbytte-medium","26":"first","27":"instock","28":"taxable","29":"shipping-taxable","30":"purchasable","31":"product-type-variable","32":"wvs-archive-product-wrapper"},"acf":[],"yoast_head":"<!-- This site is optimized with the Yoast SEO plugin v26.9 - https:\/\/yoast.com\/product\/yoast-seo-wordpress\/ -->\n<title>Skywalker OG Auto - Barney&#039;s Farm - Superseeds.dk<\/title>\n<meta name=\"robots\" content=\"index, follow, max-snippet:-1, max-image-preview:large, max-video-preview:-1\" \/>\n<link rel=\"canonical\" href=\"https:\/\/superseeds.dk\/no\/produkt\/skywalker-og-auto-barneys-farm\/\" \/>\n<meta property=\"og:locale\" content=\"nb_NO\" \/>\n<meta property=\"og:type\" content=\"article\" \/>\n<meta property=\"og:title\" content=\"Skywalker OG Auto - Barney&#039;s Farm - Superseeds.dk\" \/>\n<meta property=\"og:description\" content=\"Denne aromatiske autoflower spr\u00e6nger bogstaveligt talt til et fyrretr\u00e6s juletr\u00e6 p\u00e5 blot 70-75 dage fra fr\u00f8 og producerer en overflod af str\u00e5lende kushy blomster dryppende med skinnende THC-krystaller. V\u00e6r opm\u00e6rksom p\u00e5 sensorisk overbelastning, da Skywalker OG kan v\u00e6re en ganske overv\u00e6ldende oplevelse, hvis du ikke er klar til den fulde skala af ro i sind og krop.    Blomstringstid 70-75 dage   Udbytte 450-500 g\/m\u00b2   THC % 23%   CBD % Lavt   H\u00f8jde Op til 120 cm\" \/>\n<meta property=\"og:url\" content=\"https:\/\/superseeds.dk\/no\/produkt\/skywalker-og-auto-barneys-farm\/\" \/>\n<meta property=\"og:site_name\" content=\"Superseeds.dk\" \/>\n<meta property=\"article:modified_time\" content=\"2023-11-23T12:30:39+00:00\" \/>\n<meta property=\"og:image\" content=\"https:\/\/dev.dev.dev.dev.superseeds.dk\/wp-content\/uploads\/2022\/07\/skywalker-og-auto-grolys-superseeds.jpg\" \/>\n\t<meta property=\"og:image:width\" content=\"475\" \/>\n\t<meta property=\"og:image:height\" content=\"570\" \/>\n\t<meta property=\"og:image:type\" content=\"image\/jpeg\" \/>\n<meta name=\"twitter:card\" content=\"summary_large_image\" \/>\n<script type=\"application\/ld+json\" class=\"yoast-schema-graph\">{\"@context\":\"https:\/\/schema.org\",\"@graph\":[{\"@type\":\"WebPage\",\"@id\":\"https:\/\/superseeds.dk\/vare\/skywalker-og-auto-barneys-farm\/\",\"url\":\"https:\/\/superseeds.dk\/vare\/skywalker-og-auto-barneys-farm\/\",\"name\":\"Skywalker OG Auto - Barney's Farm - Superseeds.dk\",\"isPartOf\":{\"@id\":\"https:\/\/super-seeds.se\/#website\"},\"primaryImageOfPage\":{\"@id\":\"https:\/\/superseeds.dk\/vare\/skywalker-og-auto-barneys-farm\/#primaryimage\"},\"image\":{\"@id\":\"https:\/\/superseeds.dk\/vare\/skywalker-og-auto-barneys-farm\/#primaryimage\"},\"thumbnailUrl\":\"https:\/\/superseeds.dk\/wp-content\/uploads\/2022\/07\/skywalker-og-auto-grolys-superseeds.jpg\",\"datePublished\":\"2022-01-11T08:27:57+00:00\",\"dateModified\":\"2023-11-23T12:30:39+00:00\",\"breadcrumb\":{\"@id\":\"https:\/\/superseeds.dk\/vare\/skywalker-og-auto-barneys-farm\/#breadcrumb\"},\"inLanguage\":\"nb-NO\",\"potentialAction\":[{\"@type\":\"ReadAction\",\"target\":[\"https:\/\/superseeds.dk\/vare\/skywalker-og-auto-barneys-farm\/\"]}]},{\"@type\":\"ImageObject\",\"inLanguage\":\"nb-NO\",\"@id\":\"https:\/\/superseeds.dk\/vare\/skywalker-og-auto-barneys-farm\/#primaryimage\",\"url\":\"https:\/\/superseeds.dk\/wp-content\/uploads\/2022\/07\/skywalker-og-auto-grolys-superseeds.jpg\",\"contentUrl\":\"https:\/\/superseeds.dk\/wp-content\/uploads\/2022\/07\/skywalker-og-auto-grolys-superseeds.jpg\",\"width\":475,\"height\":570},{\"@type\":\"BreadcrumbList\",\"@id\":\"https:\/\/superseeds.dk\/vare\/skywalker-og-auto-barneys-farm\/#breadcrumb\",\"itemListElement\":[{\"@type\":\"ListItem\",\"position\":1,\"name\":\"Hjem\",\"item\":\"https:\/\/superseeds.dk\/\"},{\"@type\":\"ListItem\",\"position\":2,\"name\":\"Shop\",\"item\":\"https:\/\/superseeds.dk\/no\/butikk\/\"},{\"@type\":\"ListItem\",\"position\":3,\"name\":\"Skywalker OG Auto &#8211; Barney&#8217;s Farm\"}]},{\"@type\":\"WebSite\",\"@id\":\"https:\/\/super-seeds.se\/#website\",\"url\":\"https:\/\/super-seeds.se\/\",\"name\":\"Superseeds.dk\",\"description\":\"\",\"publisher\":{\"@id\":\"https:\/\/super-seeds.se\/#organization\"},\"potentialAction\":[{\"@type\":\"SearchAction\",\"target\":{\"@type\":\"EntryPoint\",\"urlTemplate\":\"https:\/\/super-seeds.se\/?s={search_term_string}\"},\"query-input\":{\"@type\":\"PropertyValueSpecification\",\"valueRequired\":true,\"valueName\":\"search_term_string\"}}],\"inLanguage\":\"nb-NO\"},{\"@type\":\"Organization\",\"@id\":\"https:\/\/super-seeds.se\/#organization\",\"name\":\"Superseeds.dk\",\"url\":\"https:\/\/super-seeds.se\/\",\"logo\":{\"@type\":\"ImageObject\",\"inLanguage\":\"nb-NO\",\"@id\":\"https:\/\/super-seeds.se\/#\/schema\/logo\/image\/\",\"url\":\"https:\/\/superseeds.dk\/wp-content\/uploads\/2025\/09\/logo-superseeds.png\",\"contentUrl\":\"https:\/\/superseeds.dk\/wp-content\/uploads\/2025\/09\/logo-superseeds.png\",\"width\":180,\"height\":160,\"caption\":\"Superseeds.dk\"},\"image\":{\"@id\":\"https:\/\/super-seeds.se\/#\/schema\/logo\/image\/\"}}]}<\/script>\n<!-- \/ Yoast SEO plugin. -->","yoast_head_json":{"title":"Skywalker OG Auto - Barney's Farm - Superseeds.dk","robots":{"index":"index","follow":"follow","max-snippet":"max-snippet:-1","max-image-preview":"max-image-preview:large","max-video-preview":"max-video-preview:-1"},"canonical":"https:\/\/superseeds.dk\/no\/produkt\/skywalker-og-auto-barneys-farm\/","og_locale":"nb_NO","og_type":"article","og_title":"Skywalker OG Auto - Barney's Farm - Superseeds.dk","og_description":"Denne aromatiske autoflower spr\u00e6nger bogstaveligt talt til et fyrretr\u00e6s juletr\u00e6 p\u00e5 blot 70-75 dage fra fr\u00f8 og producerer en overflod af str\u00e5lende kushy blomster dryppende med skinnende THC-krystaller. V\u00e6r opm\u00e6rksom p\u00e5 sensorisk overbelastning, da Skywalker OG kan v\u00e6re en ganske overv\u00e6ldende oplevelse, hvis du ikke er klar til den fulde skala af ro i sind og krop.    Blomstringstid 70-75 dage   Udbytte 450-500 g\/m\u00b2   THC % 23%   CBD % Lavt   H\u00f8jde Op til 120 cm","og_url":"https:\/\/superseeds.dk\/no\/produkt\/skywalker-og-auto-barneys-farm\/","og_site_name":"Superseeds.dk","article_modified_time":"2023-11-23T12:30:39+00:00","og_image":[{"width":475,"height":570,"url":"https:\/\/dev.dev.dev.dev.superseeds.dk\/wp-content\/uploads\/2022\/07\/skywalker-og-auto-grolys-superseeds.jpg","type":"image\/jpeg"}],"twitter_card":"summary_large_image","schema":{"@context":"https:\/\/schema.org","@graph":[{"@type":"WebPage","@id":"https:\/\/superseeds.dk\/vare\/skywalker-og-auto-barneys-farm\/","url":"https:\/\/superseeds.dk\/vare\/skywalker-og-auto-barneys-farm\/","name":"Skywalker OG Auto - Barney's Farm - Superseeds.dk","isPartOf":{"@id":"https:\/\/super-seeds.se\/#website"},"primaryImageOfPage":{"@id":"https:\/\/superseeds.dk\/vare\/skywalker-og-auto-barneys-farm\/#primaryimage"},"image":{"@id":"https:\/\/superseeds.dk\/vare\/skywalker-og-auto-barneys-farm\/#primaryimage"},"thumbnailUrl":"https:\/\/superseeds.dk\/wp-content\/uploads\/2022\/07\/skywalker-og-auto-grolys-superseeds.jpg","datePublished":"2022-01-11T08:27:57+00:00","dateModified":"2023-11-23T12:30:39+00:00","breadcrumb":{"@id":"https:\/\/superseeds.dk\/vare\/skywalker-og-auto-barneys-farm\/#breadcrumb"},"inLanguage":"nb-NO","potentialAction":[{"@type":"ReadAction","target":["https:\/\/superseeds.dk\/vare\/skywalker-og-auto-barneys-farm\/"]}]},{"@type":"ImageObject","inLanguage":"nb-NO","@id":"https:\/\/superseeds.dk\/vare\/skywalker-og-auto-barneys-farm\/#primaryimage","url":"https:\/\/superseeds.dk\/wp-content\/uploads\/2022\/07\/skywalker-og-auto-grolys-superseeds.jpg","contentUrl":"https:\/\/superseeds.dk\/wp-content\/uploads\/2022\/07\/skywalker-og-auto-grolys-superseeds.jpg","width":475,"height":570},{"@type":"BreadcrumbList","@id":"https:\/\/superseeds.dk\/vare\/skywalker-og-auto-barneys-farm\/#breadcrumb","itemListElement":[{"@type":"ListItem","position":1,"name":"Hjem","item":"https:\/\/superseeds.dk\/"},{"@type":"ListItem","position":2,"name":"Shop","item":"https:\/\/superseeds.dk\/no\/butikk\/"},{"@type":"ListItem","position":3,"name":"Skywalker OG Auto &#8211; Barney&#8217;s Farm"}]},{"@type":"WebSite","@id":"https:\/\/super-seeds.se\/#website","url":"https:\/\/super-seeds.se\/","name":"Superseeds.com","description":"","publisher":{"@id":"https:\/\/super-seeds.se\/#organization"},"potentialAction":[{"@type":"SearchAction","target":{"@type":"EntryPoint","urlTemplate":"https:\/\/super-seeds.se\/?s={search_term_string}"},"query-input":{"@type":"PropertyValueSpecification","valueRequired":true,"valueName":"search_term_string"}}],"inLanguage":"nb-NO"},{"@type":"Organization","@id":"https:\/\/super-seeds.se\/#organization","name":"Superseeds.com","url":"https:\/\/super-seeds.se\/","logo":{"@type":"ImageObject","inLanguage":"nb-NO","@id":"https:\/\/super-seeds.se\/#\/schema\/logo\/image\/","url":"https:\/\/superseeds.dk\/wp-content\/uploads\/2025\/09\/logo-superseeds.png","contentUrl":"https:\/\/superseeds.dk\/wp-content\/uploads\/2025\/09\/logo-superseeds.png","width":180,"height":160,"caption":"Superseeds.dk"},"image":{"@id":"https:\/\/super-seeds.se\/#\/schema\/logo\/image\/"}}]}},"df_price":89,"df_sale_price":"","df_regular_price":89,"df_image_link":"https:\/\/superseeds.dk\/wp-content\/uploads\/2022\/07\/skywalker-og-auto-grolys-superseeds-250x300.jpg","_links":{"self":[{"href":"https:\/\/superseeds.dk\/no\/wp-json\/wp\/v2\/product\/25186","targetHints":{"allow":["GET"]}}],"collection":[{"href":"https:\/\/superseeds.dk\/no\/wp-json\/wp\/v2\/product"}],"about":[{"href":"https:\/\/superseeds.dk\/no\/wp-json\/wp\/v2\/types\/product"}],"wp:featuredmedia":[{"embeddable":true,"href":"https:\/\/superseeds.dk\/no\/wp-json\/wp\/v2\/media\/12247"}],"wp:attachment":[{"href":"https:\/\/superseeds.dk\/no\/wp-json\/wp\/v2\/media?parent=25186"}],"wp:term":[{"taxonomy":"product_brand","embeddable":true,"href":"https:\/\/superseeds.dk\/no\/wp-json\/wp\/v2\/product_brand?post=25186"},{"taxonomy":"product_cat","embeddable":true,"href":"https:\/\/superseeds.dk\/no\/wp-json\/wp\/v2\/product_cat?post=25186"},{"taxonomy":"product_tag","embeddable":true,"href":"https:\/\/superseeds.dk\/no\/wp-json\/wp\/v2\/product_tag?post=25186"}],"curies":[{"name":"wp","href":"https:\/\/api.w.org\/{rel}","templated":true}]}}