{"id":25174,"date":"2022-01-07T19:43:48","date_gmt":"2022-01-07T18:43:48","guid":{"rendered":"https:\/\/superseeds.dk\/vare\/hoffmann-automatic-cph-seeds\/"},"modified":"2023-11-23T13:30:41","modified_gmt":"2023-11-23T12:30:41","slug":"hoffmann-automatic-cph-seeds","status":"publish","type":"product","link":"https:\/\/superseeds.dk\/no\/produkt\/hoffmann-automatic-cph-seeds\/","title":{"rendered":"Copenhagen Hoffmann Automatic - CPH Seeds"},"content":{"rendered":"","protected":false},"excerpt":{"rendered":"<p>Denne meget hurtige og potente autoflower er lavet til \u00e6re for den ber\u00f8mte kemiker Albert Hoffmann. Unikt kryds af en hybrid af LSD (Barneys farm) og en udvalgt Lowryder ruderalis<\/p>\n<p><strong>Type :<\/strong>\u00a0Feminisert.<br \/>\n<strong>Fotoperiode :<\/strong>\u00a0Autoflowering.<br \/>\n<strong>Dyrking :<\/strong>\u00a0indend\u00f8rs\/udend\u00f8rs.<br \/>\n<strong>Genetikk :<\/strong> LSD x Lowryder<br \/>\n<strong>Effekt :<\/strong> Klassisk skunk med toner af jord og frugt<br \/>\n<strong>Medicinsk :<\/strong>\u00a0Afslappende og smerte lindrende.<br \/>\n<strong>Indend\u00f8rs afkast\/yield (g) :<\/strong>\u00a0500 \u2013 600 gr\/m2.<br \/>\n<strong>Blomstringstid:<\/strong> 70 dage fra fr\u00f8.<br \/>\n<strong>H\u00f8yde innend\u00f8rs :<\/strong> 70-120 cm<br \/>\n<strong>Smak :<\/strong>\u00a0Klassisk Kush smag med citrus noter.<br \/>\n<strong>Duft :<\/strong>\u00a0Kraftig aromatisk citrus.<\/p>\n<p><strong>THC :<\/strong>\u00a018%\u00a0<strong>CBD:\u00a0<\/strong>2-3%<\/p>","protected":false},"featured_media":33948,"template":"","meta":{"_acf_changed":false},"product_brand":[],"product_cat":[1739,839,812,877,840,830,815,842],"product_tag":[],"class_list":{"0":"post-25174","1":"product","2":"type-product","3":"status-publish","4":"has-post-thumbnail","6":"product_cat-alle-froe","7":"product_cat-autoblomstrende","8":"product_cat-blomstring-periode","9":"product_cat-cph-seeds","10":"product_cat-indendoers-autoblomstrende","11":"product_cat-over-70-dage","12":"product_cat-producenter-a-z","13":"product_cat-udendoers-autoblomstrende","14":"pa_antal-2-stk","15":"pa_antal-10-stk","16":"pa_antal-4-stk","17":"pa_antal-50-stk","18":"pa_antal-100-stk","19":"pa_blomst-type-autoblomstrende","20":"pa_blomstringstid-over-70-dage","21":"pa_thc-20-25","22":"pa_udbytte-stort","24":"first","25":"instock","26":"taxable","27":"shipping-taxable","28":"purchasable","29":"product-type-variable","30":"wvs-archive-product-wrapper"},"acf":[],"yoast_head":"<!-- This site is optimized with the Yoast SEO plugin v26.9 - https:\/\/yoast.com\/product\/yoast-seo-wordpress\/ -->\n<title>Copenhagen Hoffmann Automatic - CPH Seeds - Superseeds.dk<\/title>\n<meta name=\"robots\" content=\"index, follow, max-snippet:-1, max-image-preview:large, max-video-preview:-1\" \/>\n<link rel=\"canonical\" href=\"https:\/\/superseeds.dk\/no\/produkt\/hoffmann-automatic-cph-seeds\/\" \/>\n<meta property=\"og:locale\" content=\"nb_NO\" \/>\n<meta property=\"og:type\" content=\"article\" \/>\n<meta property=\"og:title\" content=\"Copenhagen Hoffmann Automatic - CPH Seeds - Superseeds.dk\" \/>\n<meta property=\"og:description\" content=\"Denne meget hurtige og potente autoflower er lavet til \u00e6re for den ber\u00f8mte kemiker Albert Hoffmann. Unikt kryds af en hybrid af LSD (Barneys farm) og en udvalgt Lowryder ruderalis  Type :\u00a0Feminiseret. Photoperiode :\u00a0Autoblomstrende. Cultivation :\u00a0indend\u00f8rs\/udend\u00f8rs. Genetik : LSD x Lowryder Effekt : Klassisk skunk med toner af jord og frugt Medicinsk :\u00a0Afslappende og smerte lindrende. Indend\u00f8rs afkast\/yield (g) :\u00a0500 \u2013 600 gr\/m2. Blomstrings tid : 70 dage fra fr\u00f8. H\u00f8jde indend\u00f8rs : 70-120 cm Smag :\u00a0Klassisk Kush smag med citrus noter. Duft :\u00a0Kraftig aromatisk citrus.  THC :\u00a018%\u00a0CBD:\u00a02-3%\" \/>\n<meta property=\"og:url\" content=\"https:\/\/superseeds.dk\/no\/produkt\/hoffmann-automatic-cph-seeds\/\" \/>\n<meta property=\"og:site_name\" content=\"Superseeds.dk\" \/>\n<meta property=\"article:modified_time\" content=\"2023-11-23T12:30:41+00:00\" \/>\n<meta property=\"og:image\" content=\"https:\/\/dev.dev.dev.dev.superseeds.dk\/wp-content\/uploads\/2022\/01\/hoffmann-cph-seeds.jpg\" \/>\n\t<meta property=\"og:image:width\" content=\"783\" \/>\n\t<meta property=\"og:image:height\" content=\"597\" \/>\n\t<meta property=\"og:image:type\" content=\"image\/jpeg\" \/>\n<meta name=\"twitter:card\" content=\"summary_large_image\" \/>\n<script type=\"application\/ld+json\" class=\"yoast-schema-graph\">{\"@context\":\"https:\/\/schema.org\",\"@graph\":[{\"@type\":\"WebPage\",\"@id\":\"https:\/\/superseeds.dk\/vare\/hoffmann-automatic-cph-seeds\/\",\"url\":\"https:\/\/superseeds.dk\/vare\/hoffmann-automatic-cph-seeds\/\",\"name\":\"Copenhagen Hoffmann Automatic - CPH Seeds - Superseeds.dk\",\"isPartOf\":{\"@id\":\"https:\/\/super-seeds.se\/#website\"},\"primaryImageOfPage\":{\"@id\":\"https:\/\/superseeds.dk\/vare\/hoffmann-automatic-cph-seeds\/#primaryimage\"},\"image\":{\"@id\":\"https:\/\/superseeds.dk\/vare\/hoffmann-automatic-cph-seeds\/#primaryimage\"},\"thumbnailUrl\":\"https:\/\/superseeds.dk\/wp-content\/uploads\/2022\/01\/hoffmann-cph-seeds.jpg\",\"datePublished\":\"2022-01-07T18:43:48+00:00\",\"dateModified\":\"2023-11-23T12:30:41+00:00\",\"breadcrumb\":{\"@id\":\"https:\/\/superseeds.dk\/vare\/hoffmann-automatic-cph-seeds\/#breadcrumb\"},\"inLanguage\":\"nb-NO\",\"potentialAction\":[{\"@type\":\"ReadAction\",\"target\":[\"https:\/\/superseeds.dk\/vare\/hoffmann-automatic-cph-seeds\/\"]}]},{\"@type\":\"ImageObject\",\"inLanguage\":\"nb-NO\",\"@id\":\"https:\/\/superseeds.dk\/vare\/hoffmann-automatic-cph-seeds\/#primaryimage\",\"url\":\"https:\/\/superseeds.dk\/wp-content\/uploads\/2022\/01\/hoffmann-cph-seeds.jpg\",\"contentUrl\":\"https:\/\/superseeds.dk\/wp-content\/uploads\/2022\/01\/hoffmann-cph-seeds.jpg\",\"width\":783,\"height\":597},{\"@type\":\"BreadcrumbList\",\"@id\":\"https:\/\/superseeds.dk\/vare\/hoffmann-automatic-cph-seeds\/#breadcrumb\",\"itemListElement\":[{\"@type\":\"ListItem\",\"position\":1,\"name\":\"Hjem\",\"item\":\"https:\/\/superseeds.dk\/\"},{\"@type\":\"ListItem\",\"position\":2,\"name\":\"Shop\",\"item\":\"https:\/\/superseeds.dk\/no\/butikk\/\"},{\"@type\":\"ListItem\",\"position\":3,\"name\":\"Copenhagen Hoffmann Automatic &#8211; CPH Seeds\"}]},{\"@type\":\"WebSite\",\"@id\":\"https:\/\/super-seeds.se\/#website\",\"url\":\"https:\/\/super-seeds.se\/\",\"name\":\"Superseeds.dk\",\"description\":\"\",\"publisher\":{\"@id\":\"https:\/\/super-seeds.se\/#organization\"},\"potentialAction\":[{\"@type\":\"SearchAction\",\"target\":{\"@type\":\"EntryPoint\",\"urlTemplate\":\"https:\/\/super-seeds.se\/?s={search_term_string}\"},\"query-input\":{\"@type\":\"PropertyValueSpecification\",\"valueRequired\":true,\"valueName\":\"search_term_string\"}}],\"inLanguage\":\"nb-NO\"},{\"@type\":\"Organization\",\"@id\":\"https:\/\/super-seeds.se\/#organization\",\"name\":\"Superseeds.dk\",\"url\":\"https:\/\/super-seeds.se\/\",\"logo\":{\"@type\":\"ImageObject\",\"inLanguage\":\"nb-NO\",\"@id\":\"https:\/\/super-seeds.se\/#\/schema\/logo\/image\/\",\"url\":\"https:\/\/superseeds.dk\/wp-content\/uploads\/2025\/09\/logo-superseeds.png\",\"contentUrl\":\"https:\/\/superseeds.dk\/wp-content\/uploads\/2025\/09\/logo-superseeds.png\",\"width\":180,\"height\":160,\"caption\":\"Superseeds.dk\"},\"image\":{\"@id\":\"https:\/\/super-seeds.se\/#\/schema\/logo\/image\/\"}}]}<\/script>\n<!-- \/ Yoast SEO plugin. -->","yoast_head_json":{"title":"Copenhagen Hoffmann Automatic - CPH Seeds - Superseeds.dk","robots":{"index":"index","follow":"follow","max-snippet":"max-snippet:-1","max-image-preview":"max-image-preview:large","max-video-preview":"max-video-preview:-1"},"canonical":"https:\/\/superseeds.dk\/no\/produkt\/hoffmann-automatic-cph-seeds\/","og_locale":"nb_NO","og_type":"article","og_title":"Copenhagen Hoffmann Automatic - CPH Seeds - Superseeds.dk","og_description":"Denne meget hurtige og potente autoflower er lavet til \u00e6re for den ber\u00f8mte kemiker Albert Hoffmann. Unikt kryds af en hybrid af LSD (Barneys farm) og en udvalgt Lowryder ruderalis  Type :\u00a0Feminiseret. Photoperiode :\u00a0Autoblomstrende. Cultivation :\u00a0indend\u00f8rs\/udend\u00f8rs. Genetik : LSD x Lowryder Effekt : Klassisk skunk med toner af jord og frugt Medicinsk :\u00a0Afslappende og smerte lindrende. Indend\u00f8rs afkast\/yield (g) :\u00a0500 \u2013 600 gr\/m2. Blomstrings tid : 70 dage fra fr\u00f8. H\u00f8jde indend\u00f8rs : 70-120 cm Smag :\u00a0Klassisk Kush smag med citrus noter. Duft :\u00a0Kraftig aromatisk citrus.  THC :\u00a018%\u00a0CBD:\u00a02-3%","og_url":"https:\/\/superseeds.dk\/no\/produkt\/hoffmann-automatic-cph-seeds\/","og_site_name":"Superseeds.dk","article_modified_time":"2023-11-23T12:30:41+00:00","og_image":[{"width":783,"height":597,"url":"https:\/\/dev.dev.dev.dev.superseeds.dk\/wp-content\/uploads\/2022\/01\/hoffmann-cph-seeds.jpg","type":"image\/jpeg"}],"twitter_card":"summary_large_image","schema":{"@context":"https:\/\/schema.org","@graph":[{"@type":"WebPage","@id":"https:\/\/superseeds.dk\/vare\/hoffmann-automatic-cph-seeds\/","url":"https:\/\/superseeds.dk\/vare\/hoffmann-automatic-cph-seeds\/","name":"Copenhagen Hoffmann Automatic - CPH Seeds - Superseeds.dk","isPartOf":{"@id":"https:\/\/super-seeds.se\/#website"},"primaryImageOfPage":{"@id":"https:\/\/superseeds.dk\/vare\/hoffmann-automatic-cph-seeds\/#primaryimage"},"image":{"@id":"https:\/\/superseeds.dk\/vare\/hoffmann-automatic-cph-seeds\/#primaryimage"},"thumbnailUrl":"https:\/\/superseeds.dk\/wp-content\/uploads\/2022\/01\/hoffmann-cph-seeds.jpg","datePublished":"2022-01-07T18:43:48+00:00","dateModified":"2023-11-23T12:30:41+00:00","breadcrumb":{"@id":"https:\/\/superseeds.dk\/vare\/hoffmann-automatic-cph-seeds\/#breadcrumb"},"inLanguage":"nb-NO","potentialAction":[{"@type":"ReadAction","target":["https:\/\/superseeds.dk\/vare\/hoffmann-automatic-cph-seeds\/"]}]},{"@type":"ImageObject","inLanguage":"nb-NO","@id":"https:\/\/superseeds.dk\/vare\/hoffmann-automatic-cph-seeds\/#primaryimage","url":"https:\/\/superseeds.dk\/wp-content\/uploads\/2022\/01\/hoffmann-cph-seeds.jpg","contentUrl":"https:\/\/superseeds.dk\/wp-content\/uploads\/2022\/01\/hoffmann-cph-seeds.jpg","width":783,"height":597},{"@type":"BreadcrumbList","@id":"https:\/\/superseeds.dk\/vare\/hoffmann-automatic-cph-seeds\/#breadcrumb","itemListElement":[{"@type":"ListItem","position":1,"name":"Hjem","item":"https:\/\/superseeds.dk\/"},{"@type":"ListItem","position":2,"name":"Shop","item":"https:\/\/superseeds.dk\/no\/butikk\/"},{"@type":"ListItem","position":3,"name":"Copenhagen Hoffmann Automatic &#8211; CPH Seeds"}]},{"@type":"WebSite","@id":"https:\/\/super-seeds.se\/#website","url":"https:\/\/super-seeds.se\/","name":"Superseeds.com","description":"","publisher":{"@id":"https:\/\/super-seeds.se\/#organization"},"potentialAction":[{"@type":"SearchAction","target":{"@type":"EntryPoint","urlTemplate":"https:\/\/super-seeds.se\/?s={search_term_string}"},"query-input":{"@type":"PropertyValueSpecification","valueRequired":true,"valueName":"search_term_string"}}],"inLanguage":"nb-NO"},{"@type":"Organization","@id":"https:\/\/super-seeds.se\/#organization","name":"Superseeds.com","url":"https:\/\/super-seeds.se\/","logo":{"@type":"ImageObject","inLanguage":"nb-NO","@id":"https:\/\/super-seeds.se\/#\/schema\/logo\/image\/","url":"https:\/\/superseeds.dk\/wp-content\/uploads\/2025\/09\/logo-superseeds.png","contentUrl":"https:\/\/superseeds.dk\/wp-content\/uploads\/2025\/09\/logo-superseeds.png","width":180,"height":160,"caption":"Superseeds.dk"},"image":{"@id":"https:\/\/super-seeds.se\/#\/schema\/logo\/image\/"}}]}},"df_price":85,"df_sale_price":"","df_regular_price":85,"df_image_link":"https:\/\/superseeds.dk\/wp-content\/uploads\/2022\/01\/hoffmann-cph-seeds.jpg","_links":{"self":[{"href":"https:\/\/superseeds.dk\/no\/wp-json\/wp\/v2\/product\/25174","targetHints":{"allow":["GET"]}}],"collection":[{"href":"https:\/\/superseeds.dk\/no\/wp-json\/wp\/v2\/product"}],"about":[{"href":"https:\/\/superseeds.dk\/no\/wp-json\/wp\/v2\/types\/product"}],"wp:featuredmedia":[{"embeddable":true,"href":"https:\/\/superseeds.dk\/no\/wp-json\/wp\/v2\/media\/33948"}],"wp:attachment":[{"href":"https:\/\/superseeds.dk\/no\/wp-json\/wp\/v2\/media?parent=25174"}],"wp:term":[{"taxonomy":"product_brand","embeddable":true,"href":"https:\/\/superseeds.dk\/no\/wp-json\/wp\/v2\/product_brand?post=25174"},{"taxonomy":"product_cat","embeddable":true,"href":"https:\/\/superseeds.dk\/no\/wp-json\/wp\/v2\/product_cat?post=25174"},{"taxonomy":"product_tag","embeddable":true,"href":"https:\/\/superseeds.dk\/no\/wp-json\/wp\/v2\/product_tag?post=25174"}],"curies":[{"name":"wp","href":"https:\/\/api.w.org\/{rel}","templated":true}]}}