{"id":25037,"date":"2021-02-28T19:37:05","date_gmt":"2021-02-28T18:37:05","guid":{"rendered":"https:\/\/superseeds.dk\/vare\/green-gelato-auto-rqs\/"},"modified":"2023-11-23T13:30:56","modified_gmt":"2023-11-23T12:30:56","slug":"green-gelato-auto-rqs","status":"publish","type":"product","link":"https:\/\/superseeds.dk\/no\/produkt\/green-gelato-auto-rqs\/","title":{"rendered":"Green Gelato Auto &#8211; RQS"},"content":{"rendered":"<h2>Green Gelato Automatic: En vanvittig st\u00e6rk auto<\/h2>\n<p>Green Gelato Automatic er den automatisk blomstrende udgave af en legendarisk cannabissort. Hos RQS besluttede vi, at tiden var kommet for at g\u00f8re Green Gelato-genetik tilg\u00e6ngelig til begyndere og elskere af automatisk blomstrende sorter. Den originale sort er k\u00e6rlighedsbarnet fra Thin Mint Cookies og Sunset Sherbet. Det er en af de mest aromatiske sorter p\u00e5 markedet og producerer voldsomme niveauer af THC. Vores avlere blandede Ruderalis-genetik ind i denne skabning for at g\u00f8re hende nemmere at dyrke og hurtigere til at blomstre.<\/p>\n<h3>Virkning, Smag Og Aroma<\/h3>\n<p>Green Gelato Automatic indeholder b\u00e5de Sativa- og Indica-genetik. Hendes virkning kan m\u00e6rkes i krop og sind samtidig. Du m\u00e5 ikke undervurdere hende! De fleste automatisk blomstrende sorter producerer forholdsvis lave THC-niveauer i forhold til deres fotoperiodiske modparter. Green Gelato Automatic er en undtagelse til denne regel. Med et indhold af THC p\u00e5 24% er hun faktisk en af de st\u00e6rkeste autoer p\u00e5 markedet.<\/p>\n<p>Et par hv\u00e6s er alt, hvad som der skal til for at m\u00e6rke denne sorts fulde kraft. Hun sender sindet i overhalingsbanen og egner sig perfekt i forbindelse med at skrive, male eller alt p\u00e5 det kreative plan. Hun er ogs\u00e5 en fremragende social sort til fester og begivenheder og g\u00f8r samtalerne mere flydende end nogensinde.<\/p>\n<p>Sorten kan ogs\u00e5 prale af medicinske egenskaber ved at fjerne de v\u00e6rste smerter, l\u00f8fte hum\u00f8ret og \u00f8ge appetitten. Hendes blomster afgiver skarpe dufte af citrus og tilbyder utrolige smage af s\u00f8dme og jord.<\/p>\n<h3>Dyrkning Af Green Gelato Automatic<\/h3>\n<p>Green Gelato Automatic er virkelig nem at dyrke. Hun er en god sort at begynde med. Begyndere skal bare tage hensyn til hendes styrke! Hun er let at h\u00e5ndtere og bliver ikke h\u00f8jere end 120 cm. Dyrkere kan forvente en imponerende h\u00f8st p\u00e5 s\u00e5 lidt som 70 dage efter spiringen. Hun producerer h\u00f8je og sn\u00e6vre topskud, som funkler med trichomer. Planter dyrket indend\u00f8rs leverer et udbytte p\u00e5 omkring 450 gram\/m\u00b2, hvorimod udend\u00f8rs planter producerer cirka 100 gram pr. plante.<\/p>\n<table id=\"idTab2\" class=\"bullet product-features-list\">\n<tbody>\n<tr>\n<td class=\"feature-icon\"><img decoding=\"async\" src=\"https:\/\/superseeds.dk\/wp-content\/uploads\/2022\/07\/1773_val_family-auto_1.svg\" width=\"30\" \/><\/td>\n<th class=\"feature-name\">Sorttype:<\/th>\n<td class=\"feture-value\">Auto-Blomstrende<\/td>\n<\/tr>\n<tr>\n<td class=\"feature-icon\"><img decoding=\"async\" src=\"https:\/\/superseeds.dk\/wp-content\/uploads\/2022\/07\/29_THC_1.svg\" width=\"30\" \/><\/td>\n<th class=\"feature-name\">THC:<\/th>\n<td class=\"feture-value\">24%<\/td>\n<\/tr>\n<tr>\n<td class=\"feature-icon\"><img decoding=\"async\" src=\"https:\/\/superseeds.dk\/wp-content\/uploads\/2022\/07\/30_CBD_1.svg\" width=\"30\" \/><\/td>\n<th class=\"feature-name\">CBD:<\/th>\n<td class=\"feture-value\">Lav<\/td>\n<\/tr>\n<tr>\n<td class=\"feature-icon\"><img decoding=\"async\" src=\"https:\/\/superseeds.dk\/wp-content\/uploads\/2022\/07\/33_Yield-indoors_1.svg\" width=\"30\" \/><\/td>\n<th class=\"feature-name\">Udbytte indend\u00f8rs:<\/th>\n<td class=\"feture-value\">375 &#8211; 450 gr\/m2<\/td>\n<\/tr>\n<tr>\n<td class=\"feature-icon\"><img decoding=\"async\" src=\"https:\/\/superseeds.dk\/wp-content\/uploads\/2022\/07\/34_yield-outdoor_1.svg\" width=\"30\" \/><\/td>\n<th class=\"feature-name\">Udbytte udend\u00f8rs:<\/th>\n<td class=\"feture-value\">100 &#8211; 175 gr\/plant<\/td>\n<\/tr>\n<tr>\n<td class=\"feature-icon\"><img decoding=\"async\" src=\"https:\/\/superseeds.dk\/wp-content\/uploads\/2022\/07\/31_plant-height-outdoor_1.svg\" width=\"30\" \/><\/td>\n<th class=\"feature-name\">H\u00f8jde indend\u00f8rs:<\/th>\n<td class=\"feture-value\">70 &#8211; 120 cm<\/td>\n<\/tr>\n<tr>\n<td class=\"feature-icon\"><img decoding=\"async\" src=\"https:\/\/superseeds.dk\/wp-content\/uploads\/2022\/07\/32_plant-height-outdoors_1.svg\" width=\"30\" \/><\/td>\n<th class=\"feature-name\">H\u00f8jde udend\u00f8rs:<\/th>\n<td class=\"feture-value\">100 &#8211; 120 cm<\/td>\n<\/tr>\n<tr>\n<td class=\"feature-icon\"><img decoding=\"async\" src=\"https:\/\/superseeds.dk\/wp-content\/uploads\/2022\/07\/25_flowering-time_1.svg\" width=\"30\" \/><\/td>\n<th class=\"feature-name\">Blomstringstid:<\/th>\n<td class=\"feture-value\">7 &#8211; 8 uger<\/td>\n<\/tr>\n<tr>\n<td class=\"feature-icon\"><img decoding=\"async\" src=\"https:\/\/superseeds.dk\/wp-content\/uploads\/2022\/07\/27_harvest-period_1.svg\" width=\"30\" \/><\/td>\n<th class=\"feature-name\">H\u00f8stm\u00e5ned:<\/th>\n<td class=\"feture-value\">9-10 Uger efter spiring<\/td>\n<\/tr>\n<tr>\n<td class=\"feature-icon\"><img decoding=\"async\" src=\"https:\/\/superseeds.dk\/wp-content\/uploads\/2022\/07\/23_genetic-background_1.svg\" width=\"30\" \/><\/td>\n<th class=\"feature-name\">Genetisk baggrund:<\/th>\n<td class=\"feture-value\">Green Gelato x Cookies Auto<\/td>\n<\/tr>\n<tr>\n<td class=\"feature-icon\"><img decoding=\"async\" src=\"https:\/\/superseeds.dk\/wp-content\/uploads\/2022\/07\/28_Type-Blend_1.svg\" width=\"30\" \/><\/td>\n<th class=\"feature-name\">Type:<\/th>\n<td class=\"feture-value\">Sativa 55% Indica 40% Ruderalis 5%<\/td>\n<\/tr>\n<tr>\n<td class=\"feature-icon\"><img decoding=\"async\" src=\"https:\/\/superseeds.dk\/wp-content\/uploads\/2022\/07\/22_Effect_1.svg\" width=\"30\" \/><\/td>\n<th class=\"feature-name\">Effekt:<\/th>\n<td class=\"feture-value\">Fysisk afslappende, Klar<\/td>\n<\/tr>\n<tr>\n<td class=\"feature-icon\"><img decoding=\"async\" src=\"https:\/\/superseeds.dk\/wp-content\/uploads\/2022\/07\/35_Climate_1.svg\" width=\"30\" \/><\/td>\n<th class=\"feature-name\">Klima:<\/th>\n<td class=\"feture-value\">Varm<\/td>\n<\/tr>\n<tr>\n<td class=\"feature-icon\"><img decoding=\"async\" src=\"https:\/\/superseeds.dk\/wp-content\/uploads\/2022\/07\/46_Flavour.svg\" width=\"30\" \/><\/td>\n<th class=\"feature-name\">Smak:<\/th>\n<td class=\"feture-value\">Frugtagtig, Jordagtig, Slik<\/td>\n<\/tr>\n<\/tbody>\n<\/table>","protected":false},"excerpt":{"rendered":"<p>Automatisk blomstrende sorter omtales ofte som subtile eller underlegne i forhold til almindelige sorter. Green Gelato Automatic betyder, at denne fordom bliver skudt i jorden. V\u00e6r forberedt p\u00e5 en vild high.<\/p>","protected":false},"featured_media":12032,"template":"","meta":{"_acf_changed":false},"product_brand":[],"product_cat":[845,814,1739,839,812,840,815,896,842],"product_tag":[],"class_list":{"0":"post-25037","1":"product","2":"type-product","3":"status-publish","4":"has-post-thumbnail","6":"product_cat-50-indica-50-sativa","7":"product_cat-65-70-dage","8":"product_cat-alle-froe","9":"product_cat-autoblomstrende","10":"product_cat-blomstring-periode","11":"product_cat-indendoers-autoblomstrende","12":"product_cat-producenter-a-z","13":"product_cat-royal-queen-seeds","14":"product_cat-udendoers-autoblomstrende","15":"pa_antal-3-stk","16":"pa_antal-5-stk","17":"pa_blomst-type-autoblomstrende","18":"pa_blomstringstid-65-70-dage","19":"pa_thc-20-25","20":"pa_udbytte-medium","22":"first","23":"instock","24":"taxable","25":"shipping-taxable","26":"purchasable","27":"product-type-variable","28":"wvs-archive-product-wrapper"},"acf":[],"yoast_head":"<!-- This site is optimized with the Yoast SEO plugin v26.9 - https:\/\/yoast.com\/product\/yoast-seo-wordpress\/ -->\n<title>Green Gelato Auto - RQS - Superseeds.dk<\/title>\n<meta name=\"robots\" content=\"index, follow, max-snippet:-1, max-image-preview:large, max-video-preview:-1\" \/>\n<link rel=\"canonical\" href=\"https:\/\/superseeds.dk\/no\/produkt\/green-gelato-auto-rqs\/\" \/>\n<meta property=\"og:locale\" content=\"nb_NO\" \/>\n<meta property=\"og:type\" content=\"article\" \/>\n<meta property=\"og:title\" content=\"Green Gelato Auto - RQS - Superseeds.dk\" \/>\n<meta property=\"og:description\" content=\"Automatisk blomstrende sorter omtales ofte som subtile eller underlegne i forhold til almindelige sorter. Green Gelato Automatic betyder, at denne fordom bliver skudt i jorden. V\u00e6r forberedt p\u00e5 en vild high.\" \/>\n<meta property=\"og:url\" content=\"https:\/\/superseeds.dk\/no\/produkt\/green-gelato-auto-rqs\/\" \/>\n<meta property=\"og:site_name\" content=\"Superseeds.dk\" \/>\n<meta property=\"article:modified_time\" content=\"2023-11-23T12:30:56+00:00\" \/>\n<meta property=\"og:image\" content=\"https:\/\/super-seeds.se\/wp-content\/uploads\/2022\/07\/green-gelato-automatic1.jpg\" \/>\n\t<meta property=\"og:image:width\" content=\"600\" \/>\n\t<meta property=\"og:image:height\" content=\"600\" \/>\n\t<meta property=\"og:image:type\" content=\"image\/jpeg\" \/>\n<meta name=\"twitter:card\" content=\"summary_large_image\" \/>\n<meta name=\"twitter:label1\" content=\"Ansl. lesetid\" \/>\n\t<meta name=\"twitter:data1\" content=\"5 minutter\" \/>\n<script type=\"application\/ld+json\" class=\"yoast-schema-graph\">{\"@context\":\"https:\/\/schema.org\",\"@graph\":[{\"@type\":\"WebPage\",\"@id\":\"https:\/\/superseeds.dk\/vare\/green-gelato-auto-rqs\/\",\"url\":\"https:\/\/superseeds.dk\/vare\/green-gelato-auto-rqs\/\",\"name\":\"Green Gelato Auto - RQS - Superseeds.dk\",\"isPartOf\":{\"@id\":\"https:\/\/super-seeds.se\/#website\"},\"primaryImageOfPage\":{\"@id\":\"https:\/\/superseeds.dk\/vare\/green-gelato-auto-rqs\/#primaryimage\"},\"image\":{\"@id\":\"https:\/\/superseeds.dk\/vare\/green-gelato-auto-rqs\/#primaryimage\"},\"thumbnailUrl\":\"https:\/\/superseeds.dk\/wp-content\/uploads\/2022\/07\/green-gelato-automatic1.jpg\",\"datePublished\":\"2021-02-28T18:37:05+00:00\",\"dateModified\":\"2023-11-23T12:30:56+00:00\",\"breadcrumb\":{\"@id\":\"https:\/\/superseeds.dk\/vare\/green-gelato-auto-rqs\/#breadcrumb\"},\"inLanguage\":\"nb-NO\",\"potentialAction\":[{\"@type\":\"ReadAction\",\"target\":[\"https:\/\/superseeds.dk\/vare\/green-gelato-auto-rqs\/\"]}]},{\"@type\":\"ImageObject\",\"inLanguage\":\"nb-NO\",\"@id\":\"https:\/\/superseeds.dk\/vare\/green-gelato-auto-rqs\/#primaryimage\",\"url\":\"https:\/\/superseeds.dk\/wp-content\/uploads\/2022\/07\/green-gelato-automatic1.jpg\",\"contentUrl\":\"https:\/\/superseeds.dk\/wp-content\/uploads\/2022\/07\/green-gelato-automatic1.jpg\",\"width\":600,\"height\":600},{\"@type\":\"BreadcrumbList\",\"@id\":\"https:\/\/superseeds.dk\/vare\/green-gelato-auto-rqs\/#breadcrumb\",\"itemListElement\":[{\"@type\":\"ListItem\",\"position\":1,\"name\":\"Hjem\",\"item\":\"https:\/\/superseeds.dk\/\"},{\"@type\":\"ListItem\",\"position\":2,\"name\":\"Shop\",\"item\":\"https:\/\/superseeds.dk\/no\/butikk\/\"},{\"@type\":\"ListItem\",\"position\":3,\"name\":\"Green Gelato Auto &#8211; RQS\"}]},{\"@type\":\"WebSite\",\"@id\":\"https:\/\/super-seeds.se\/#website\",\"url\":\"https:\/\/super-seeds.se\/\",\"name\":\"Superseeds.dk\",\"description\":\"\",\"publisher\":{\"@id\":\"https:\/\/super-seeds.se\/#organization\"},\"potentialAction\":[{\"@type\":\"SearchAction\",\"target\":{\"@type\":\"EntryPoint\",\"urlTemplate\":\"https:\/\/super-seeds.se\/?s={search_term_string}\"},\"query-input\":{\"@type\":\"PropertyValueSpecification\",\"valueRequired\":true,\"valueName\":\"search_term_string\"}}],\"inLanguage\":\"nb-NO\"},{\"@type\":\"Organization\",\"@id\":\"https:\/\/super-seeds.se\/#organization\",\"name\":\"Superseeds.dk\",\"url\":\"https:\/\/super-seeds.se\/\",\"logo\":{\"@type\":\"ImageObject\",\"inLanguage\":\"nb-NO\",\"@id\":\"https:\/\/super-seeds.se\/#\/schema\/logo\/image\/\",\"url\":\"https:\/\/superseeds.dk\/wp-content\/uploads\/2025\/09\/logo-superseeds.png\",\"contentUrl\":\"https:\/\/superseeds.dk\/wp-content\/uploads\/2025\/09\/logo-superseeds.png\",\"width\":180,\"height\":160,\"caption\":\"Superseeds.dk\"},\"image\":{\"@id\":\"https:\/\/super-seeds.se\/#\/schema\/logo\/image\/\"}}]}<\/script>\n<!-- \/ Yoast SEO plugin. -->","yoast_head_json":{"title":"Green Gelato Auto - RQS - Superseeds.dk","robots":{"index":"index","follow":"follow","max-snippet":"max-snippet:-1","max-image-preview":"max-image-preview:large","max-video-preview":"max-video-preview:-1"},"canonical":"https:\/\/superseeds.dk\/no\/produkt\/green-gelato-auto-rqs\/","og_locale":"nb_NO","og_type":"article","og_title":"Green Gelato Auto - RQS - Superseeds.dk","og_description":"Automatisk blomstrende sorter omtales ofte som subtile eller underlegne i forhold til almindelige sorter. Green Gelato Automatic betyder, at denne fordom bliver skudt i jorden. V\u00e6r forberedt p\u00e5 en vild high.","og_url":"https:\/\/superseeds.dk\/no\/produkt\/green-gelato-auto-rqs\/","og_site_name":"Superseeds.dk","article_modified_time":"2023-11-23T12:30:56+00:00","og_image":[{"width":600,"height":600,"url":"https:\/\/super-seeds.se\/wp-content\/uploads\/2022\/07\/green-gelato-automatic1.jpg","type":"image\/jpeg"}],"twitter_card":"summary_large_image","twitter_misc":{"Ansl. lesetid":"5 minutter"},"schema":{"@context":"https:\/\/schema.org","@graph":[{"@type":"WebPage","@id":"https:\/\/superseeds.dk\/vare\/green-gelato-auto-rqs\/","url":"https:\/\/superseeds.dk\/vare\/green-gelato-auto-rqs\/","name":"Green Gelato Auto - RQS - Superseeds.dk","isPartOf":{"@id":"https:\/\/super-seeds.se\/#website"},"primaryImageOfPage":{"@id":"https:\/\/superseeds.dk\/vare\/green-gelato-auto-rqs\/#primaryimage"},"image":{"@id":"https:\/\/superseeds.dk\/vare\/green-gelato-auto-rqs\/#primaryimage"},"thumbnailUrl":"https:\/\/superseeds.dk\/wp-content\/uploads\/2022\/07\/green-gelato-automatic1.jpg","datePublished":"2021-02-28T18:37:05+00:00","dateModified":"2023-11-23T12:30:56+00:00","breadcrumb":{"@id":"https:\/\/superseeds.dk\/vare\/green-gelato-auto-rqs\/#breadcrumb"},"inLanguage":"nb-NO","potentialAction":[{"@type":"ReadAction","target":["https:\/\/superseeds.dk\/vare\/green-gelato-auto-rqs\/"]}]},{"@type":"ImageObject","inLanguage":"nb-NO","@id":"https:\/\/superseeds.dk\/vare\/green-gelato-auto-rqs\/#primaryimage","url":"https:\/\/superseeds.dk\/wp-content\/uploads\/2022\/07\/green-gelato-automatic1.jpg","contentUrl":"https:\/\/superseeds.dk\/wp-content\/uploads\/2022\/07\/green-gelato-automatic1.jpg","width":600,"height":600},{"@type":"BreadcrumbList","@id":"https:\/\/superseeds.dk\/vare\/green-gelato-auto-rqs\/#breadcrumb","itemListElement":[{"@type":"ListItem","position":1,"name":"Hjem","item":"https:\/\/superseeds.dk\/"},{"@type":"ListItem","position":2,"name":"Shop","item":"https:\/\/superseeds.dk\/no\/butikk\/"},{"@type":"ListItem","position":3,"name":"Green Gelato Auto &#8211; RQS"}]},{"@type":"WebSite","@id":"https:\/\/super-seeds.se\/#website","url":"https:\/\/super-seeds.se\/","name":"Superseeds.com","description":"","publisher":{"@id":"https:\/\/super-seeds.se\/#organization"},"potentialAction":[{"@type":"SearchAction","target":{"@type":"EntryPoint","urlTemplate":"https:\/\/super-seeds.se\/?s={search_term_string}"},"query-input":{"@type":"PropertyValueSpecification","valueRequired":true,"valueName":"search_term_string"}}],"inLanguage":"nb-NO"},{"@type":"Organization","@id":"https:\/\/super-seeds.se\/#organization","name":"Superseeds.com","url":"https:\/\/super-seeds.se\/","logo":{"@type":"ImageObject","inLanguage":"nb-NO","@id":"https:\/\/super-seeds.se\/#\/schema\/logo\/image\/","url":"https:\/\/superseeds.dk\/wp-content\/uploads\/2025\/09\/logo-superseeds.png","contentUrl":"https:\/\/superseeds.dk\/wp-content\/uploads\/2025\/09\/logo-superseeds.png","width":180,"height":160,"caption":"Superseeds.dk"},"image":{"@id":"https:\/\/super-seeds.se\/#\/schema\/logo\/image\/"}}]}},"df_price":195,"df_sale_price":"","df_regular_price":195,"df_image_link":"https:\/\/superseeds.dk\/wp-content\/uploads\/2022\/07\/green-gelato-automatic1-300x300.jpg","_links":{"self":[{"href":"https:\/\/superseeds.dk\/no\/wp-json\/wp\/v2\/product\/25037","targetHints":{"allow":["GET"]}}],"collection":[{"href":"https:\/\/superseeds.dk\/no\/wp-json\/wp\/v2\/product"}],"about":[{"href":"https:\/\/superseeds.dk\/no\/wp-json\/wp\/v2\/types\/product"}],"wp:featuredmedia":[{"embeddable":true,"href":"https:\/\/superseeds.dk\/no\/wp-json\/wp\/v2\/media\/12032"}],"wp:attachment":[{"href":"https:\/\/superseeds.dk\/no\/wp-json\/wp\/v2\/media?parent=25037"}],"wp:term":[{"taxonomy":"product_brand","embeddable":true,"href":"https:\/\/superseeds.dk\/no\/wp-json\/wp\/v2\/product_brand?post=25037"},{"taxonomy":"product_cat","embeddable":true,"href":"https:\/\/superseeds.dk\/no\/wp-json\/wp\/v2\/product_cat?post=25037"},{"taxonomy":"product_tag","embeddable":true,"href":"https:\/\/superseeds.dk\/no\/wp-json\/wp\/v2\/product_tag?post=25037"}],"curies":[{"name":"wp","href":"https:\/\/api.w.org\/{rel}","templated":true}]}}