{"id":24414,"date":"2021-02-08T18:49:24","date_gmt":"2021-02-08T17:49:24","guid":{"rendered":"https:\/\/superseeds.dk\/vare\/og-kush-fem-rqs\/"},"modified":"2023-11-23T13:34:50","modified_gmt":"2023-11-23T12:34:50","slug":"og-kush-fem-rqs","status":"publish","type":"product","link":"https:\/\/superseeds.dk\/no\/produkt\/og-kush-fem-rqs\/","title":{"rendered":"O.G. Kush (Feminisert) - RQS"},"content":{"rendered":"<div id=\"idTab1\" class=\"rte\">\n<div class=\"product-expand\" data-expand-button=\"Read more\" data-collapse-button=\"Vis mindre\">\n<h2>O.G. Kush: en velanset blanding af sorter<\/h2>\n<p>Vi kender simpelthen ikke dens sande genetik. Nogle siger, at O.G. Kush er en blanding af ChemDawg med en Lemon Thai og en pakistansk Kush. Andre siger, at det bare er en speciel ChemDawg-stikling fra de tidlige 90&#8217;ere. Selv betydningen bag navnet OG har v\u00e6ret til debat, og nogle siger, at den det st\u00e5r for Original Gangster. P\u00e5 grund af dens oprindelse er de fleste folk dog nu er enige om, at det betyder Ocean Grown.<\/p>\n<p>Avlere hos Royal Queen Seeds arbejdede intenst for at udvikle vores egen udgave af den legendariske O.G. Kush. Ved at bruge en blanding af Chemdawg, Lemon Thai og Pakistani Kush har de skabt en velafrundet sort med h\u00f8je THC-niveauer og sp\u00e6kket med frugtagtige terpener. Samlet set leverer hun en stenet genetisk profil best\u00e5ende af 75% Indica-genetik og 25% Sativa-genetik.<\/p>\n<h3>Er O.G. Kush den mest popul\u00e6re RQS-sort?<\/h3>\n<p>En ting, som ikke er til debat, er denne feminiseret cannabissorts popularitet. Med alt fra filmstjerner i Hollywood til medicinske marihuanabrugere er der ikke nogen tvivl om, at OG Kush er en favorit. Det mest \u00e5benlyse tr\u00e6k hos OG Kush er dens st\u00e6rke, unikke, meget r\u00e5 og lettere citrusagtige aroma, n\u00e6sten som br\u00e6ndstof eller st\u00e6rk vaskemiddel. OG Kush udsender en aroma er b\u00e5de st\u00e6rk og r\u00e5, og s\u00e5 har den en eftersmag, der ikke bare forsvinder.<\/p>\n<h3>O.G. Kush leverer en st\u00e6rk f\u00f8lelse af at v\u00e6re mentalt og fysisk h\u00f8j<\/h3>\n<p>OG Kush er en ekstremt st\u00e6rk cannabissort, og de fleste erfarne rygere n\u00e6vner den som en af deres favoritter. Virkningen er lige s\u00e5 st\u00e6rk rent fysisk, som den er mentalt. Selvom virkningen minder om en Sativa, s\u00e5 er sortens genetik hovedsageligt fra Indica. Virkningen er st\u00e6rk og kompleks, ligesom aromaen. Det tager 8 uger for OG Kush at blomstre, og i gennemsnit vil udbyttet ligge p\u00e5 500 gram\/plante.<\/p>\n<p>THC-niveauer p\u00e5 19% skaber en f\u00f8lelse af at v\u00e6re h\u00f8j, som i samme omfang beroliger krop og sj\u00e6l. L\u00e6kre dufte og smage af citrus, fyr og frugt forst\u00e6rker f\u00f8lelsen af at v\u00e6re h\u00f8j og f\u00e5r dig til at l\u00e6nges efter det n\u00e6ste hv\u00e6s&#8230; og det n\u00e6ste. H\u00f8je koncentrationer af terpenerne myrcen, limonen og caryophyllen underst\u00f8tter hendes genkendelige aroma.<\/p>\n<p>Dyrkere kan nemt opn\u00e5 h\u00f8jere udbytter ved at anvende basale tr\u00e6ningsteknikker. Topning tidligt i den vegetative fase tvinger planter til at producere flere hovedstammer og flere knopomr\u00e5der. B\u00e5de mainlining og tr\u00e6ning med lavt stressniveau s\u00f8rger for at holde hendes buskede og kompakte omr\u00e5de i toppen under kontrol med tilstr\u00e6kkelig luftgennemstr\u00f8mning.<\/p>\n<h3>OG Kush\u00a0blomstrer med store blomster med dejlige nuancer<\/h3>\n<p>OG Kush har det med at str\u00e6kke sig en anelse i l\u00f8bet af v\u00e6kstfasen, men den begynder hurtigt at fyldes ud, n\u00e5r den blomstrer. Normalt vil den blive 90 cm til 160 cm. Knopperne er store og t\u00e6tte limegr\u00f8nne klynger d\u00e6kket med en stor m\u00e6ngde harpiks. Der er rigtig mange grunde til, at OG Kush er blevet s\u00e5 popul\u00e6r. Nu tilg\u00e6ngelig i en feminiseret sort fra Royal Queen Seeds, s\u00e5 du kan pr\u00f8ve denne fantastiske plante selv.<\/p>\n<table id=\"idTab2\" class=\"bullet product-features-list\">\n<tbody>\n<tr>\n<td class=\"feature-icon\"><img decoding=\"async\" src=\"https:\/\/superseeds.dk\/wp-content\/uploads\/2022\/07\/1772_val_family-feminized_1.svg\" width=\"30\" \/><\/td>\n<th class=\"feature-name\">Sorttype:<\/th>\n<td class=\"feture-value\">Feminisert<\/td>\n<\/tr>\n<tr>\n<td class=\"feature-icon\"><img decoding=\"async\" src=\"https:\/\/superseeds.dk\/wp-content\/uploads\/2022\/07\/29_THC_1.svg\" width=\"30\" \/><\/td>\n<th class=\"feature-name\">THC:<\/th>\n<td class=\"feture-value\">19%<\/td>\n<\/tr>\n<tr>\n<td class=\"feature-icon\"><img decoding=\"async\" src=\"https:\/\/superseeds.dk\/wp-content\/uploads\/2022\/07\/30_CBD_1.svg\" width=\"30\" \/><\/td>\n<th class=\"feature-name\">CBD:<\/th>\n<td class=\"feture-value\">Medium<\/td>\n<\/tr>\n<tr>\n<td class=\"feature-icon\"><img decoding=\"async\" src=\"https:\/\/superseeds.dk\/wp-content\/uploads\/2022\/07\/33_Yield-indoors_1.svg\" width=\"30\" \/><\/td>\n<th class=\"feature-name\">Udbytte indend\u00f8rs:<\/th>\n<td class=\"feture-value\">425 &#8211; 475 gr\/m2<\/td>\n<\/tr>\n<tr>\n<td class=\"feature-icon\"><img decoding=\"async\" src=\"https:\/\/superseeds.dk\/wp-content\/uploads\/2022\/07\/34_yield-outdoor_1.svg\" width=\"30\" \/><\/td>\n<th class=\"feature-name\">Udbytte udend\u00f8rs:<\/th>\n<td class=\"feture-value\">500 &#8211; 550 gr\/plant<\/td>\n<\/tr>\n<tr>\n<td class=\"feature-icon\"><img decoding=\"async\" src=\"https:\/\/superseeds.dk\/wp-content\/uploads\/2022\/07\/31_plant-height-outdoor_1.svg\" width=\"30\" \/><\/td>\n<th class=\"feature-name\">H\u00f8jde indend\u00f8rs:<\/th>\n<td class=\"feture-value\">90 &#8211; 160 cm<\/td>\n<\/tr>\n<tr>\n<td class=\"feature-icon\"><img decoding=\"async\" src=\"https:\/\/superseeds.dk\/wp-content\/uploads\/2022\/07\/32_plant-height-outdoors_1.svg\" width=\"30\" \/><\/td>\n<th class=\"feature-name\">H\u00f8jde udend\u00f8rs:<\/th>\n<td class=\"feture-value\">180 &#8211; 220 cm<\/td>\n<\/tr>\n<tr>\n<td class=\"feature-icon\"><img decoding=\"async\" src=\"https:\/\/superseeds.dk\/wp-content\/uploads\/2022\/07\/25_flowering-time_1.svg\" width=\"30\" \/><\/td>\n<th class=\"feature-name\">Blomstringstid:<\/th>\n<td class=\"feture-value\">7 &#8211; 9 uger<\/td>\n<\/tr>\n<tr>\n<td class=\"feature-icon\"><img decoding=\"async\" src=\"https:\/\/superseeds.dk\/wp-content\/uploads\/2022\/07\/27_harvest-period_1.svg\" width=\"30\" \/><\/td>\n<th class=\"feature-name\">H\u00f8stm\u00e5ned:<\/th>\n<td class=\"feture-value\">Oktober<\/td>\n<\/tr>\n<tr>\n<td class=\"feature-icon\"><img decoding=\"async\" src=\"https:\/\/superseeds.dk\/wp-content\/uploads\/2022\/07\/23_genetic-background_1.svg\" width=\"30\" \/><\/td>\n<th class=\"feature-name\">Genetisk baggrund:<\/th>\n<td class=\"feture-value\">Chemdawg x Lemon Thai x Pakistani Kush<\/td>\n<\/tr>\n<tr>\n<td class=\"feature-icon\"><img decoding=\"async\" src=\"https:\/\/superseeds.dk\/wp-content\/uploads\/2022\/07\/28_Type-Blend_1.svg\" width=\"30\" \/><\/td>\n<th class=\"feature-name\">Type:<\/th>\n<td class=\"feture-value\">Sativa 25% Indica 75%<\/td>\n<\/tr>\n<tr>\n<td class=\"feature-icon\"><img decoding=\"async\" src=\"https:\/\/superseeds.dk\/wp-content\/uploads\/2022\/07\/22_Effect_1.svg\" width=\"30\" \/><\/td>\n<th class=\"feature-name\">Effekt:<\/th>\n<td class=\"feture-value\">Beroligende, Opl\u00f8ftende<\/td>\n<\/tr>\n<tr>\n<td class=\"feature-icon\"><img decoding=\"async\" src=\"https:\/\/superseeds.dk\/wp-content\/uploads\/2022\/07\/35_Climate_1.svg\" width=\"30\" \/><\/td>\n<th class=\"feature-name\">Klima:<\/th>\n<td class=\"feture-value\">Mild<\/td>\n<\/tr>\n<tr>\n<td class=\"feature-icon\"><img decoding=\"async\" src=\"https:\/\/superseeds.dk\/wp-content\/uploads\/2022\/07\/46_Flavour.svg\" width=\"30\" \/><\/td>\n<th class=\"feature-name\">Smak:<\/th>\n<td class=\"feture-value\">Citrus, Frugtagtig, Fyrretr\u00e6sagtig<\/td>\n<\/tr>\n<\/tbody>\n<\/table>\n<\/div>\n<\/div>","protected":false},"excerpt":{"rendered":"<p>Oprindeligt fra det nordlige Californien er denne cannabis hurtigt blevet kendt for dens specielle aroma og st\u00e6rke virkning rundt omkring i verden. OG Kush er en meget speciel sort, som ikke kan sammenlignes med andre marihuanasorter.<\/p>","protected":false},"featured_media":11305,"template":"","meta":{"_acf_changed":false},"product_brand":[],"product_cat":[1739,812,817,819,826,815,896,835,827],"product_tag":[],"class_list":{"0":"post-24414","1":"product","2":"type-product","3":"status-publish","4":"has-post-thumbnail","6":"product_cat-alle-froe","7":"product_cat-blomstring-periode","8":"product_cat-feminiserede","9":"product_cat-indendoers","10":"product_cat-indica-dominant","11":"product_cat-producenter-a-z","12":"product_cat-royal-queen-seeds","13":"product_cat-udendoers-feminiserede","14":"product_cat-under-60-dage","15":"pa_antal-3-stk","16":"pa_antal-5-stk","17":"pa_blomst-type-feminiserede","18":"pa_blomstringstid-under-60-dage","19":"pa_thc-10-20","20":"pa_udbytte-medium","21":"pa_udbytte-stort","23":"first","24":"instock","25":"taxable","26":"shipping-taxable","27":"purchasable","28":"product-type-variable","29":"wvs-archive-product-wrapper"},"acf":[],"yoast_head":"<!-- This site is optimized with the Yoast SEO plugin v26.9 - https:\/\/yoast.com\/product\/yoast-seo-wordpress\/ -->\n<title>O.G. Kush (Feminiseret) - RQS - Superseeds.dk<\/title>\n<meta name=\"robots\" content=\"index, follow, max-snippet:-1, max-image-preview:large, max-video-preview:-1\" \/>\n<link rel=\"canonical\" href=\"https:\/\/superseeds.dk\/no\/produkt\/og-kush-fem-rqs\/\" \/>\n<meta property=\"og:locale\" content=\"nb_NO\" \/>\n<meta property=\"og:type\" content=\"article\" \/>\n<meta property=\"og:title\" content=\"O.G. Kush (Feminiseret) - RQS - Superseeds.dk\" \/>\n<meta property=\"og:description\" content=\"Oprindeligt fra det nordlige Californien er denne cannabis hurtigt blevet kendt for dens specielle aroma og st\u00e6rke virkning rundt omkring i verden. OG Kush er en meget speciel sort, som ikke kan sammenlignes med andre marihuanasorter.\" \/>\n<meta property=\"og:url\" content=\"https:\/\/superseeds.dk\/no\/produkt\/og-kush-fem-rqs\/\" \/>\n<meta property=\"og:site_name\" content=\"Superseeds.dk\" \/>\n<meta property=\"article:modified_time\" content=\"2023-11-23T12:34:50+00:00\" \/>\n<meta property=\"og:image\" content=\"https:\/\/super-seeds.se\/wp-content\/uploads\/2022\/07\/og-kush.jpg\" \/>\n\t<meta property=\"og:image:width\" content=\"600\" \/>\n\t<meta property=\"og:image:height\" content=\"600\" \/>\n\t<meta property=\"og:image:type\" content=\"image\/jpeg\" \/>\n<meta name=\"twitter:card\" content=\"summary_large_image\" \/>\n<meta name=\"twitter:label1\" content=\"Ansl. lesetid\" \/>\n\t<meta name=\"twitter:data1\" content=\"6 minutter\" \/>\n<script type=\"application\/ld+json\" class=\"yoast-schema-graph\">{\"@context\":\"https:\/\/schema.org\",\"@graph\":[{\"@type\":\"WebPage\",\"@id\":\"https:\/\/superseeds.dk\/vare\/og-kush-fem-rqs\/\",\"url\":\"https:\/\/superseeds.dk\/vare\/og-kush-fem-rqs\/\",\"name\":\"O.G. Kush (Feminiseret) - RQS - Superseeds.dk\",\"isPartOf\":{\"@id\":\"https:\/\/super-seeds.se\/#website\"},\"primaryImageOfPage\":{\"@id\":\"https:\/\/superseeds.dk\/vare\/og-kush-fem-rqs\/#primaryimage\"},\"image\":{\"@id\":\"https:\/\/superseeds.dk\/vare\/og-kush-fem-rqs\/#primaryimage\"},\"thumbnailUrl\":\"https:\/\/superseeds.dk\/wp-content\/uploads\/2022\/07\/og-kush.jpg\",\"datePublished\":\"2021-02-08T17:49:24+00:00\",\"dateModified\":\"2023-11-23T12:34:50+00:00\",\"breadcrumb\":{\"@id\":\"https:\/\/superseeds.dk\/vare\/og-kush-fem-rqs\/#breadcrumb\"},\"inLanguage\":\"nb-NO\",\"potentialAction\":[{\"@type\":\"ReadAction\",\"target\":[\"https:\/\/superseeds.dk\/vare\/og-kush-fem-rqs\/\"]}]},{\"@type\":\"ImageObject\",\"inLanguage\":\"nb-NO\",\"@id\":\"https:\/\/superseeds.dk\/vare\/og-kush-fem-rqs\/#primaryimage\",\"url\":\"https:\/\/superseeds.dk\/wp-content\/uploads\/2022\/07\/og-kush.jpg\",\"contentUrl\":\"https:\/\/superseeds.dk\/wp-content\/uploads\/2022\/07\/og-kush.jpg\",\"width\":600,\"height\":600},{\"@type\":\"BreadcrumbList\",\"@id\":\"https:\/\/superseeds.dk\/vare\/og-kush-fem-rqs\/#breadcrumb\",\"itemListElement\":[{\"@type\":\"ListItem\",\"position\":1,\"name\":\"Hjem\",\"item\":\"https:\/\/superseeds.dk\/\"},{\"@type\":\"ListItem\",\"position\":2,\"name\":\"Shop\",\"item\":\"https:\/\/superseeds.dk\/no\/butikk\/\"},{\"@type\":\"ListItem\",\"position\":3,\"name\":\"O.G. Kush (Feminiseret) &#8211; RQS\"}]},{\"@type\":\"WebSite\",\"@id\":\"https:\/\/super-seeds.se\/#website\",\"url\":\"https:\/\/super-seeds.se\/\",\"name\":\"Superseeds.dk\",\"description\":\"\",\"publisher\":{\"@id\":\"https:\/\/super-seeds.se\/#organization\"},\"potentialAction\":[{\"@type\":\"SearchAction\",\"target\":{\"@type\":\"EntryPoint\",\"urlTemplate\":\"https:\/\/super-seeds.se\/?s={search_term_string}\"},\"query-input\":{\"@type\":\"PropertyValueSpecification\",\"valueRequired\":true,\"valueName\":\"search_term_string\"}}],\"inLanguage\":\"nb-NO\"},{\"@type\":\"Organization\",\"@id\":\"https:\/\/super-seeds.se\/#organization\",\"name\":\"Superseeds.dk\",\"url\":\"https:\/\/super-seeds.se\/\",\"logo\":{\"@type\":\"ImageObject\",\"inLanguage\":\"nb-NO\",\"@id\":\"https:\/\/super-seeds.se\/#\/schema\/logo\/image\/\",\"url\":\"https:\/\/superseeds.dk\/wp-content\/uploads\/2025\/09\/logo-superseeds.png\",\"contentUrl\":\"https:\/\/superseeds.dk\/wp-content\/uploads\/2025\/09\/logo-superseeds.png\",\"width\":180,\"height\":160,\"caption\":\"Superseeds.dk\"},\"image\":{\"@id\":\"https:\/\/super-seeds.se\/#\/schema\/logo\/image\/\"}}]}<\/script>\n<!-- \/ Yoast SEO plugin. -->","yoast_head_json":{"title":"O.G. Kush (Feminiseret) - RQS - Superseeds.dk","robots":{"index":"index","follow":"follow","max-snippet":"max-snippet:-1","max-image-preview":"max-image-preview:large","max-video-preview":"max-video-preview:-1"},"canonical":"https:\/\/superseeds.dk\/no\/produkt\/og-kush-fem-rqs\/","og_locale":"nb_NO","og_type":"article","og_title":"O.G. Kush (Feminiseret) - RQS - Superseeds.dk","og_description":"Oprindeligt fra det nordlige Californien er denne cannabis hurtigt blevet kendt for dens specielle aroma og st\u00e6rke virkning rundt omkring i verden. OG Kush er en meget speciel sort, som ikke kan sammenlignes med andre marihuanasorter.","og_url":"https:\/\/superseeds.dk\/no\/produkt\/og-kush-fem-rqs\/","og_site_name":"Superseeds.dk","article_modified_time":"2023-11-23T12:34:50+00:00","og_image":[{"width":600,"height":600,"url":"https:\/\/super-seeds.se\/wp-content\/uploads\/2022\/07\/og-kush.jpg","type":"image\/jpeg"}],"twitter_card":"summary_large_image","twitter_misc":{"Ansl. lesetid":"6 minutter"},"schema":{"@context":"https:\/\/schema.org","@graph":[{"@type":"WebPage","@id":"https:\/\/superseeds.dk\/vare\/og-kush-fem-rqs\/","url":"https:\/\/superseeds.dk\/vare\/og-kush-fem-rqs\/","name":"O.G. Kush (Feminiseret) - RQS - Superseeds.dk","isPartOf":{"@id":"https:\/\/super-seeds.se\/#website"},"primaryImageOfPage":{"@id":"https:\/\/superseeds.dk\/vare\/og-kush-fem-rqs\/#primaryimage"},"image":{"@id":"https:\/\/superseeds.dk\/vare\/og-kush-fem-rqs\/#primaryimage"},"thumbnailUrl":"https:\/\/superseeds.dk\/wp-content\/uploads\/2022\/07\/og-kush.jpg","datePublished":"2021-02-08T17:49:24+00:00","dateModified":"2023-11-23T12:34:50+00:00","breadcrumb":{"@id":"https:\/\/superseeds.dk\/vare\/og-kush-fem-rqs\/#breadcrumb"},"inLanguage":"nb-NO","potentialAction":[{"@type":"ReadAction","target":["https:\/\/superseeds.dk\/vare\/og-kush-fem-rqs\/"]}]},{"@type":"ImageObject","inLanguage":"nb-NO","@id":"https:\/\/superseeds.dk\/vare\/og-kush-fem-rqs\/#primaryimage","url":"https:\/\/superseeds.dk\/wp-content\/uploads\/2022\/07\/og-kush.jpg","contentUrl":"https:\/\/superseeds.dk\/wp-content\/uploads\/2022\/07\/og-kush.jpg","width":600,"height":600},{"@type":"BreadcrumbList","@id":"https:\/\/superseeds.dk\/vare\/og-kush-fem-rqs\/#breadcrumb","itemListElement":[{"@type":"ListItem","position":1,"name":"Hjem","item":"https:\/\/superseeds.dk\/"},{"@type":"ListItem","position":2,"name":"Shop","item":"https:\/\/superseeds.dk\/no\/butikk\/"},{"@type":"ListItem","position":3,"name":"O.G. Kush (Feminiseret) &#8211; RQS"}]},{"@type":"WebSite","@id":"https:\/\/super-seeds.se\/#website","url":"https:\/\/super-seeds.se\/","name":"Superseeds.com","description":"","publisher":{"@id":"https:\/\/super-seeds.se\/#organization"},"potentialAction":[{"@type":"SearchAction","target":{"@type":"EntryPoint","urlTemplate":"https:\/\/super-seeds.se\/?s={search_term_string}"},"query-input":{"@type":"PropertyValueSpecification","valueRequired":true,"valueName":"search_term_string"}}],"inLanguage":"nb-NO"},{"@type":"Organization","@id":"https:\/\/super-seeds.se\/#organization","name":"Superseeds.com","url":"https:\/\/super-seeds.se\/","logo":{"@type":"ImageObject","inLanguage":"nb-NO","@id":"https:\/\/super-seeds.se\/#\/schema\/logo\/image\/","url":"https:\/\/superseeds.dk\/wp-content\/uploads\/2025\/09\/logo-superseeds.png","contentUrl":"https:\/\/superseeds.dk\/wp-content\/uploads\/2025\/09\/logo-superseeds.png","width":180,"height":160,"caption":"Superseeds.dk"},"image":{"@id":"https:\/\/super-seeds.se\/#\/schema\/logo\/image\/"}}]}},"df_price":159,"df_sale_price":"","df_regular_price":159,"df_image_link":"https:\/\/superseeds.dk\/wp-content\/uploads\/2022\/07\/og-kush-300x300.jpg","_links":{"self":[{"href":"https:\/\/superseeds.dk\/no\/wp-json\/wp\/v2\/product\/24414","targetHints":{"allow":["GET"]}}],"collection":[{"href":"https:\/\/superseeds.dk\/no\/wp-json\/wp\/v2\/product"}],"about":[{"href":"https:\/\/superseeds.dk\/no\/wp-json\/wp\/v2\/types\/product"}],"wp:featuredmedia":[{"embeddable":true,"href":"https:\/\/superseeds.dk\/no\/wp-json\/wp\/v2\/media\/11305"}],"wp:attachment":[{"href":"https:\/\/superseeds.dk\/no\/wp-json\/wp\/v2\/media?parent=24414"}],"wp:term":[{"taxonomy":"product_brand","embeddable":true,"href":"https:\/\/superseeds.dk\/no\/wp-json\/wp\/v2\/product_brand?post=24414"},{"taxonomy":"product_cat","embeddable":true,"href":"https:\/\/superseeds.dk\/no\/wp-json\/wp\/v2\/product_cat?post=24414"},{"taxonomy":"product_tag","embeddable":true,"href":"https:\/\/superseeds.dk\/no\/wp-json\/wp\/v2\/product_tag?post=24414"}],"curies":[{"name":"wp","href":"https:\/\/api.w.org\/{rel}","templated":true}]}}