{"id":24338,"date":"2021-02-05T20:14:54","date_gmt":"2021-02-05T19:14:54","guid":{"rendered":"https:\/\/superseeds.dk\/vare\/west-coast-og-auto-fast-buds\/"},"modified":"2023-11-23T13:35:06","modified_gmt":"2023-11-23T12:35:06","slug":"west-coast-og-auto-fast-buds","status":"publish","type":"product","link":"https:\/\/superseeds.dk\/no\/produkt\/west-coast-og-auto-fast-buds\/","title":{"rendered":"West Coast O.G. Auto - Fast Buds"},"content":{"rendered":"<div class=\"tech\">\n<h2 class=\"ttl_3\">Tekniske specifikationer<\/h2>\n<div class=\"tbl\">\n<table>\n<tbody>\n<tr>\n<th><i class=\"ptaste icparam\"><\/i>\u00a0Smak<\/th>\n<td>Kush, fyr, citron, jordn\u00e6r<\/td>\n<\/tr>\n<tr>\n<th><i class=\"pthc icparam\"><\/i>\u00a0THC<\/th>\n<td>Op til 21%<\/td>\n<\/tr>\n<tr>\n<th><i class=\"pcbd icparam\"><\/i>\u00a0CBD<\/th>\n<td>&lt;1%<\/td>\n<\/tr>\n<tr>\n<th><i class=\"pharvest_eu_indoor icparam\"><\/i>\u00a0H\u00f8st EU indend\u00f8rs<\/th>\n<td>450 &#8211; 600 gr \/ m2<\/td>\n<\/tr>\n<tr>\n<th><\/th>\n<td><\/td>\n<\/tr>\n<tr>\n<th><i class=\"pharvest_eu_outdoor icparam\"><\/i>\u00a0H\u00f8st EU udend\u00f8rs<\/th>\n<td>50 &#8211; 250 gr \/ plante<\/td>\n<\/tr>\n<tr>\n<th><\/th>\n<td><\/td>\n<\/tr>\n<tr>\n<th><i class=\"psize icparam\"><\/i>\u00a0St\u00f8rrelse<\/th>\n<td>XL<\/td>\n<\/tr>\n<tr>\n<th><i class=\"pheight_eu icparam\"><\/i>\u00a0H\u00f8yde<\/th>\n<td>60-100 cm<\/td>\n<\/tr>\n<tr>\n<th><\/th>\n<td><\/td>\n<\/tr>\n<tr>\n<th><i class=\"pflowering icparam\"><\/i>\u00a0Blomstrende<\/th>\n<td>9-10 uker<\/td>\n<\/tr>\n<tr>\n<th><i class=\"proom icparam\"><\/i>\u00a0V\u00e6relse<\/th>\n<td>Indend\u00f8rs udend\u00f8rs<\/td>\n<\/tr>\n<tr>\n<th><i class=\"pgender icparam\"><\/i>\u00a0K\u00f8n<\/th>\n<td>Feminiseret<\/td>\n<\/tr>\n<tr>\n<th><i class=\"pgen_sativa_indica icparam\"><\/i>\u00a0Gener<\/th>\n<td>Sativa 30% \/ Indica 70%<\/td>\n<\/tr>\n<tr>\n<th><i class=\"pgenetic icparam\"><\/i>\u00a0Genetikk<\/th>\n<td>OG Kush (West Coast line) auto<\/td>\n<\/tr>\n<tr>\n<th><i class=\"pautoflowering icparam\"><\/i>\u00a0Autoflowering<\/th>\n<td>Ja<\/td>\n<\/tr>\n<\/tbody>\n<\/table>\n<\/div>\n<\/div>\n<p><a name=\"description\"><\/a><\/p>\n<div class=\"sl_description\">\n<div class=\"content\">\n<h2 class=\"ttl_3\">Beskrivelse<\/h2>\n<div class=\"short\">En af FastBuds originale genetik, en stabiliseret autoflowering-gentagelse p\u00e5 den klassiske OG Kush.\u00a0Denne potente Indica topper ud med omkring 21% THC og er en af \u200b\u200bvores f\u00f8rste cupvindende genetik.\u00a0En klassisk stamme, som enhver producent vil forelske sig i.\u00a0Et godt valg for nye avlere, der \u00f8nsker at dyrke en potent og klassisk stamme uden for meget besv\u00e6r.<\/div>\n<div class=\"desc\">\n<h3>Bud beskrivelse<\/h3>\n<p>West Coast OG-knopper er lyse gr\u00f8nne, og p\u00e5 trods af deres kompakte opbygning giver den t\u00e6tte bel\u00e6gning af krystaller dem et n\u00e6sten fluffigt look.\u00a0Som en sukkerholdig doughnut holder disse knopper fast i dine fingre og efterlader drys af krystaller, uanset hvor du forlader det, s\u00e5 s\u00f8rg for at have en modtager til ikke at miste noget af det dyrebare pulver.<\/p>\n<h3>R\u00f8grapport<\/h3>\n<p>Der kan forventes to b\u00f8lger af effekter, n\u00e5r man bruger denne stamme;\u00a0den f\u00f8rste, en opl\u00f8ftende euforisk h\u00f8j, energisk og boblende.\u00a0Den anden b\u00f8lge kryber langsomt ind, n\u00e5r du vil bem\u00e6rke, at de energiske vibes falmer ud og langsomt udvikler sig til en mere afslappende &#8220;chill on the sofa&#8221; -f\u00f8lelse.\u00a0N\u00e5r det er sagt, er disse effekter ikke beroligende og vil sandsynligvis lade dig fnise og se noget Comedy central eller din yndlingssitcom.<\/p>\n<h3>Planteudseende<\/h3>\n<p>Denne vestkystdronning vil udvikle en stor hovedkola, der topper en stilk fyldt med flere knoppesteder, god internodal afstand og nogle lette sidegrener.\u00a0Voksende i medium tempo til omkring 70-100 cm, hun er en feisty producent for sin st\u00f8rrelse og producerer op til 650g \/ m2.\u00a0En robust plante, der vil tilgive eventuelle nye producenters fejl.<\/p>\n<div class=\"pack_desc\"><img decoding=\"async\" class=\"pk1\" src=\"https:\/\/2fast4buds.com\/src\/seeds\/images\/en_pack_desc_front.jpg?v2\" alt=\"Pak foran\" \/><img decoding=\"async\" class=\"pk2\" src=\"https:\/\/2fast4buds.com\/src\/seeds\/images\/pack_desc_seed.jpg?v2\" alt=\"Pak fr\u00f8\" \/><img decoding=\"async\" class=\"pk3\" src=\"https:\/\/2fast4buds.com\/src\/seeds\/images\/en_pack_desc_back.jpg?v2\" alt=\"Pak tilbage\" \/><\/div>\n<h3>Grow Tips<\/h3>\n<p>P\u00e5 grund af sin kompakte opbygning og gode internodale afstand, svarer hun meget p\u00e6nt p\u00e5 SCROG, SOG eller LST.\u00a0Pas p\u00e5, at planten har en tendens til at str\u00e6kke sig i de sidste uger med vegetation, men overstiger ikke 1 meter i h\u00f8jden.\u00a0En stor producent og klarer sig endnu bedre med den passende dosis vand og n\u00e6ringsstoffer.\u00a0Samlet set en afslappet plante, der er fantastisk til nybegyndere og professionelle p\u00e5 udkig efter klassisk genetik.<\/p>\n<h3>Smak<\/h3>\n<p>En st\u00e6rk kushy smag, der er defineret af dominerende fyrretr\u00e6smag og understreget af citrusagtige tip, hvilket giver r\u00f8gen ru, men s\u00f8d og med den unikke OG Kush-smag, der er h\u00e6fteklammerne til al den bedste moderne genetik.<\/p>\n<\/div>\n<\/div>\n<\/div>","protected":false},"excerpt":{"rendered":"<p id=\"name_product\" class=\"ttl_1 name_seed\" data-ga-id=\"78\" data-ga-list=\"product page\" data-ga-type=\"1\" data-ga-pack=\"1fem\" data-ga-name=\"West Coast OG Auto\">West Coast O.G. Auto levere uovertrufne resultater\u00a0 hvergang! <strong>\u00a0Producerer 650gr \/ m2 p\u00e5 bare 70 dage<\/strong>.<\/p>\n<p><strong>Stor cup-vindende stamme!\u00a0<\/strong>Trofast mod de originale, smukke knopper med en kraftig effekt.<\/p>\n<p><strong>Klassiske terps.\u00a0<\/strong>Den unikke kush-aroma med citrus- og fyrretip.<\/p>\n<p><strong>Lige fra Cali.\u00a0<\/strong>Ideel til avlere, der \u00f8nsker at pr\u00f8ve Calis fineste.<\/p>","protected":false},"featured_media":34156,"template":"","meta":{"_acf_changed":false},"product_brand":[],"product_cat":[813,814,1739,839,812,893,840,841,815,842],"product_tag":[],"class_list":{"0":"post-24338","1":"product","2":"type-product","3":"status-publish","4":"has-post-thumbnail","6":"product_cat-60-65-dage","7":"product_cat-65-70-dage","8":"product_cat-alle-froe","9":"product_cat-autoblomstrende","10":"product_cat-blomstring-periode","11":"product_cat-fastbuds-seeds","12":"product_cat-indendoers-autoblomstrende","13":"product_cat-indica-dominant-autoblomstrende","14":"product_cat-producenter-a-z","15":"product_cat-udendoers-autoblomstrende","16":"pa_antal-1-stk","17":"pa_antal-3-stk","18":"pa_antal-5-stk","19":"pa_blomst-type-autoblomstrende","20":"pa_blomstringstid-60-65-dage","21":"pa_blomstringstid-65-70-dage","22":"pa_indica-sativa-indica-dominant","23":"pa_thc-10-20","24":"pa_thc-20-25","25":"pa_udbytte-medium","26":"pa_udbytte-stort","28":"first","29":"instock","30":"taxable","31":"shipping-taxable","32":"purchasable","33":"product-type-variable","34":"wvs-archive-product-wrapper"},"acf":[],"yoast_head":"<!-- This site is optimized with the Yoast SEO plugin v26.9 - https:\/\/yoast.com\/product\/yoast-seo-wordpress\/ -->\n<title>West Coast O.G. Auto - Fast Buds - Superseeds.dk<\/title>\n<meta name=\"robots\" content=\"index, follow, max-snippet:-1, max-image-preview:large, max-video-preview:-1\" \/>\n<link rel=\"canonical\" href=\"https:\/\/superseeds.dk\/no\/produkt\/west-coast-og-auto-fast-buds\/\" \/>\n<meta property=\"og:locale\" content=\"nb_NO\" \/>\n<meta property=\"og:type\" content=\"article\" \/>\n<meta property=\"og:title\" content=\"West Coast O.G. Auto - Fast Buds - Superseeds.dk\" \/>\n<meta property=\"og:description\" content=\"West Coast O.G. Auto levere uovertrufne resultater\u00a0 hvergang! \u00a0Producerer 650gr \/ m2 p\u00e5 bare 70 dage. Stor cup-vindende stamme!\u00a0Trofast mod de originale, smukke knopper med en kraftig effekt.  Klassiske terps.\u00a0Den unikke kush-aroma med citrus- og fyrretip.  Lige fra Cali.\u00a0Ideel til avlere, der \u00f8nsker at pr\u00f8ve Calis fineste.\" \/>\n<meta property=\"og:url\" content=\"https:\/\/superseeds.dk\/no\/produkt\/west-coast-og-auto-fast-buds\/\" \/>\n<meta property=\"og:site_name\" content=\"Superseeds.dk\" \/>\n<meta property=\"article:modified_time\" content=\"2023-11-23T12:35:06+00:00\" \/>\n<meta property=\"og:image\" content=\"https:\/\/superseeds.dk\/wp-content\/uploads\/2021\/02\/west-coast-og-auto-fast-buds.jpg\" \/>\n\t<meta property=\"og:image:width\" content=\"553\" \/>\n\t<meta property=\"og:image:height\" content=\"749\" \/>\n\t<meta property=\"og:image:type\" content=\"image\/jpeg\" \/>\n<meta name=\"twitter:card\" content=\"summary_large_image\" \/>\n<meta name=\"twitter:label1\" content=\"Ansl. lesetid\" \/>\n\t<meta name=\"twitter:data1\" content=\"3 minutter\" \/>\n<script type=\"application\/ld+json\" class=\"yoast-schema-graph\">{\"@context\":\"https:\/\/schema.org\",\"@graph\":[{\"@type\":\"WebPage\",\"@id\":\"https:\/\/superseeds.dk\/vare\/west-coast-og-auto-fast-buds\/\",\"url\":\"https:\/\/superseeds.dk\/vare\/west-coast-og-auto-fast-buds\/\",\"name\":\"West Coast O.G. Auto - Fast Buds - Superseeds.dk\",\"isPartOf\":{\"@id\":\"https:\/\/super-seeds.se\/#website\"},\"primaryImageOfPage\":{\"@id\":\"https:\/\/superseeds.dk\/vare\/west-coast-og-auto-fast-buds\/#primaryimage\"},\"image\":{\"@id\":\"https:\/\/superseeds.dk\/vare\/west-coast-og-auto-fast-buds\/#primaryimage\"},\"thumbnailUrl\":\"https:\/\/superseeds.dk\/wp-content\/uploads\/2021\/02\/west-coast-og-auto-fast-buds.jpg\",\"datePublished\":\"2021-02-05T19:14:54+00:00\",\"dateModified\":\"2023-11-23T12:35:06+00:00\",\"breadcrumb\":{\"@id\":\"https:\/\/superseeds.dk\/vare\/west-coast-og-auto-fast-buds\/#breadcrumb\"},\"inLanguage\":\"nb-NO\",\"potentialAction\":[{\"@type\":\"ReadAction\",\"target\":[\"https:\/\/superseeds.dk\/vare\/west-coast-og-auto-fast-buds\/\"]}]},{\"@type\":\"ImageObject\",\"inLanguage\":\"nb-NO\",\"@id\":\"https:\/\/superseeds.dk\/vare\/west-coast-og-auto-fast-buds\/#primaryimage\",\"url\":\"https:\/\/superseeds.dk\/wp-content\/uploads\/2021\/02\/west-coast-og-auto-fast-buds.jpg\",\"contentUrl\":\"https:\/\/superseeds.dk\/wp-content\/uploads\/2021\/02\/west-coast-og-auto-fast-buds.jpg\",\"width\":553,\"height\":749},{\"@type\":\"BreadcrumbList\",\"@id\":\"https:\/\/superseeds.dk\/vare\/west-coast-og-auto-fast-buds\/#breadcrumb\",\"itemListElement\":[{\"@type\":\"ListItem\",\"position\":1,\"name\":\"Hjem\",\"item\":\"https:\/\/superseeds.dk\/\"},{\"@type\":\"ListItem\",\"position\":2,\"name\":\"Shop\",\"item\":\"https:\/\/superseeds.dk\/no\/butikk\/\"},{\"@type\":\"ListItem\",\"position\":3,\"name\":\"West Coast O.G. Auto &#8211; Fast Buds\"}]},{\"@type\":\"WebSite\",\"@id\":\"https:\/\/super-seeds.se\/#website\",\"url\":\"https:\/\/super-seeds.se\/\",\"name\":\"Superseeds.dk\",\"description\":\"\",\"publisher\":{\"@id\":\"https:\/\/super-seeds.se\/#organization\"},\"potentialAction\":[{\"@type\":\"SearchAction\",\"target\":{\"@type\":\"EntryPoint\",\"urlTemplate\":\"https:\/\/super-seeds.se\/?s={search_term_string}\"},\"query-input\":{\"@type\":\"PropertyValueSpecification\",\"valueRequired\":true,\"valueName\":\"search_term_string\"}}],\"inLanguage\":\"nb-NO\"},{\"@type\":\"Organization\",\"@id\":\"https:\/\/super-seeds.se\/#organization\",\"name\":\"Superseeds.dk\",\"url\":\"https:\/\/super-seeds.se\/\",\"logo\":{\"@type\":\"ImageObject\",\"inLanguage\":\"nb-NO\",\"@id\":\"https:\/\/super-seeds.se\/#\/schema\/logo\/image\/\",\"url\":\"https:\/\/superseeds.dk\/wp-content\/uploads\/2025\/09\/logo-superseeds.png\",\"contentUrl\":\"https:\/\/superseeds.dk\/wp-content\/uploads\/2025\/09\/logo-superseeds.png\",\"width\":180,\"height\":160,\"caption\":\"Superseeds.dk\"},\"image\":{\"@id\":\"https:\/\/super-seeds.se\/#\/schema\/logo\/image\/\"}}]}<\/script>\n<!-- \/ Yoast SEO plugin. -->","yoast_head_json":{"title":"West Coast O.G. Auto - Fast Buds - Superseeds.dk","robots":{"index":"index","follow":"follow","max-snippet":"max-snippet:-1","max-image-preview":"max-image-preview:large","max-video-preview":"max-video-preview:-1"},"canonical":"https:\/\/superseeds.dk\/no\/produkt\/west-coast-og-auto-fast-buds\/","og_locale":"nb_NO","og_type":"article","og_title":"West Coast O.G. Auto - Fast Buds - Superseeds.dk","og_description":"West Coast O.G. Auto levere uovertrufne resultater\u00a0 hvergang! \u00a0Producerer 650gr \/ m2 p\u00e5 bare 70 dage. Stor cup-vindende stamme!\u00a0Trofast mod de originale, smukke knopper med en kraftig effekt.  Klassiske terps.\u00a0Den unikke kush-aroma med citrus- og fyrretip.  Lige fra Cali.\u00a0Ideel til avlere, der \u00f8nsker at pr\u00f8ve Calis fineste.","og_url":"https:\/\/superseeds.dk\/no\/produkt\/west-coast-og-auto-fast-buds\/","og_site_name":"Superseeds.dk","article_modified_time":"2023-11-23T12:35:06+00:00","og_image":[{"width":553,"height":749,"url":"https:\/\/superseeds.dk\/wp-content\/uploads\/2021\/02\/west-coast-og-auto-fast-buds.jpg","type":"image\/jpeg"}],"twitter_card":"summary_large_image","twitter_misc":{"Ansl. lesetid":"3 minutter"},"schema":{"@context":"https:\/\/schema.org","@graph":[{"@type":"WebPage","@id":"https:\/\/superseeds.dk\/vare\/west-coast-og-auto-fast-buds\/","url":"https:\/\/superseeds.dk\/vare\/west-coast-og-auto-fast-buds\/","name":"West Coast O.G. Auto - Fast Buds - Superseeds.dk","isPartOf":{"@id":"https:\/\/super-seeds.se\/#website"},"primaryImageOfPage":{"@id":"https:\/\/superseeds.dk\/vare\/west-coast-og-auto-fast-buds\/#primaryimage"},"image":{"@id":"https:\/\/superseeds.dk\/vare\/west-coast-og-auto-fast-buds\/#primaryimage"},"thumbnailUrl":"https:\/\/superseeds.dk\/wp-content\/uploads\/2021\/02\/west-coast-og-auto-fast-buds.jpg","datePublished":"2021-02-05T19:14:54+00:00","dateModified":"2023-11-23T12:35:06+00:00","breadcrumb":{"@id":"https:\/\/superseeds.dk\/vare\/west-coast-og-auto-fast-buds\/#breadcrumb"},"inLanguage":"nb-NO","potentialAction":[{"@type":"ReadAction","target":["https:\/\/superseeds.dk\/vare\/west-coast-og-auto-fast-buds\/"]}]},{"@type":"ImageObject","inLanguage":"nb-NO","@id":"https:\/\/superseeds.dk\/vare\/west-coast-og-auto-fast-buds\/#primaryimage","url":"https:\/\/superseeds.dk\/wp-content\/uploads\/2021\/02\/west-coast-og-auto-fast-buds.jpg","contentUrl":"https:\/\/superseeds.dk\/wp-content\/uploads\/2021\/02\/west-coast-og-auto-fast-buds.jpg","width":553,"height":749},{"@type":"BreadcrumbList","@id":"https:\/\/superseeds.dk\/vare\/west-coast-og-auto-fast-buds\/#breadcrumb","itemListElement":[{"@type":"ListItem","position":1,"name":"Hjem","item":"https:\/\/superseeds.dk\/"},{"@type":"ListItem","position":2,"name":"Shop","item":"https:\/\/superseeds.dk\/no\/butikk\/"},{"@type":"ListItem","position":3,"name":"West Coast O.G. Auto &#8211; Fast Buds"}]},{"@type":"WebSite","@id":"https:\/\/super-seeds.se\/#website","url":"https:\/\/super-seeds.se\/","name":"Superseeds.com","description":"","publisher":{"@id":"https:\/\/super-seeds.se\/#organization"},"potentialAction":[{"@type":"SearchAction","target":{"@type":"EntryPoint","urlTemplate":"https:\/\/super-seeds.se\/?s={search_term_string}"},"query-input":{"@type":"PropertyValueSpecification","valueRequired":true,"valueName":"search_term_string"}}],"inLanguage":"nb-NO"},{"@type":"Organization","@id":"https:\/\/super-seeds.se\/#organization","name":"Superseeds.com","url":"https:\/\/super-seeds.se\/","logo":{"@type":"ImageObject","inLanguage":"nb-NO","@id":"https:\/\/super-seeds.se\/#\/schema\/logo\/image\/","url":"https:\/\/superseeds.dk\/wp-content\/uploads\/2025\/09\/logo-superseeds.png","contentUrl":"https:\/\/superseeds.dk\/wp-content\/uploads\/2025\/09\/logo-superseeds.png","width":180,"height":160,"caption":"Superseeds.dk"},"image":{"@id":"https:\/\/super-seeds.se\/#\/schema\/logo\/image\/"}}]}},"df_price":69,"df_sale_price":"","df_regular_price":69,"df_image_link":"https:\/\/superseeds.dk\/wp-content\/uploads\/2021\/02\/west-coast-og-auto-fast-buds.jpg","_links":{"self":[{"href":"https:\/\/superseeds.dk\/no\/wp-json\/wp\/v2\/product\/24338","targetHints":{"allow":["GET"]}}],"collection":[{"href":"https:\/\/superseeds.dk\/no\/wp-json\/wp\/v2\/product"}],"about":[{"href":"https:\/\/superseeds.dk\/no\/wp-json\/wp\/v2\/types\/product"}],"wp:featuredmedia":[{"embeddable":true,"href":"https:\/\/superseeds.dk\/no\/wp-json\/wp\/v2\/media\/34156"}],"wp:attachment":[{"href":"https:\/\/superseeds.dk\/no\/wp-json\/wp\/v2\/media?parent=24338"}],"wp:term":[{"taxonomy":"product_brand","embeddable":true,"href":"https:\/\/superseeds.dk\/no\/wp-json\/wp\/v2\/product_brand?post=24338"},{"taxonomy":"product_cat","embeddable":true,"href":"https:\/\/superseeds.dk\/no\/wp-json\/wp\/v2\/product_cat?post=24338"},{"taxonomy":"product_tag","embeddable":true,"href":"https:\/\/superseeds.dk\/no\/wp-json\/wp\/v2\/product_tag?post=24338"}],"curies":[{"name":"wp","href":"https:\/\/api.w.org\/{rel}","templated":true}]}}