{"id":24268,"date":"2021-01-31T22:16:44","date_gmt":"2021-01-31T21:16:44","guid":{"rendered":"https:\/\/superseeds.dk\/vare\/critical-fem-rqs\/"},"modified":"2023-11-23T13:35:11","modified_gmt":"2023-11-23T12:35:11","slug":"critical-fem-rqs","status":"publish","type":"product","link":"https:\/\/superseeds.dk\/no\/produkt\/critical-fem-rqs\/","title":{"rendered":"Critical (Feminiseret) &#8211; RQS"},"content":{"rendered":"<div id=\"idTab1\" class=\"rte\">\n<div class=\"product-expand\" data-expand-button=\"Read more\" data-collapse-button=\"Vis mindre\">\n<h2>En meget komplet sort<\/h2>\n<p>Der er et altid et utal af krav, der skal opfyldes, n\u00e5r man beslutter, hvilken sort, der skal dyrkes: styrke, udbytte, aroma, sv\u00e6rhedsgrad i dyrkningen, klima osv. Dette er en marihuanaplante, som pr\u00f8ver at bringe alle disse egenskaber sammen i en perfekt balance for at skabe den ultimative dyrkning til kommercielt brug: stort udbytte, kort blomstringstid og god rygeoplevelse. Critical er en plante, som er skabt til den kommercielle dyrker, der \u00f8nsker det bedste af begge verdener, og den vil med garanti levere varen.<\/p>\n<p>Vores Critical-plante er en Indica-domineret genetisk sort, hvilket ses ved en lav h\u00f8jde, der holder sig under 1 meter. Den har et kort omr\u00e5de op til knudepunktet, og her vil der blive fyldt op med blomsterknopper, hvilket er grunden til, der kan forventes et h\u00f8jt udbytte. Dens lave statur g\u00f8r den ogs\u00e5 passende til dem, som vil dyrke i sm\u00e5 omr\u00e5der, alts\u00e5 heriblandt de diskrete dyrkere.<\/p>\n<h3>Kun 7 uger efter blomstring<\/h3>\n<p>Dyrket indend\u00f8rs vil den give et gennemsnitligt udbytte p\u00e5 65-75 gram\/plante og kan nemt ramme 600 gram\/m2 under et 600W-lys. Dyrkes den udend\u00f8rs vil den foretr\u00e6kke et varmere klima som i Spanien, Italien eller Californien, og under de rigtige forhold vil den producere over 600 gram pr. plante. P\u00e5 grund af den forholdsvis korte blomstringstid kan den dyrkes i de mere nordlige breddegrader (Storbritannien, Holland); den vil dog aldrig n\u00e5 dens fulde potentiale, som hun ellers ville indend\u00f8rs.<\/p>\n<p>Ingen anden plante fra Royal Queen Seeds giver s\u00e5 stort et udbytte p\u00e5 bare 7 uger som Critical Feminized. Denne korte blomstringstid g\u00f8r den oplagt for dyrkere, der har en stram tidsplan. Kommercielle dyrkere vil ogs\u00e5 v\u00e6re yderst tilfredse med resultatet af ved brug af SoG\/ScrOG-ops\u00e6tning og -metoder, da det giver et stort udbytte med meget lidt pleje og vedligeholdelse.<\/p>\n<h3>Afslappende og stenet effekt<\/h3>\n<p>Den sidste n\u00f8gle til en god kommerciel dyrkning er en st\u00e6rk r\u00f8g; det giver jo ingen mening med det store udbytte, hvis produktet er helt blottet for styrke. Netop derfor kan vi med gl\u00e6de sige, at Critical er lige s\u00e5 effektiv til at give dig en god stenet oplevelse, som den imponerer udbyttem\u00e6ssigt. Den frembringer en dejlig stenet effekt, som beroliger dig og giver dig en afslappet fornemmelse.<\/p>\n<table id=\"idTab2\" class=\"bullet product-features-list\">\n<tbody>\n<tr>\n<td class=\"feature-icon\"><img decoding=\"async\" src=\"https:\/\/superseeds.dk\/wp-content\/uploads\/2022\/07\/1772_val_family-feminized_1.svg\" width=\"30\" \/><\/td>\n<th class=\"feature-name\">Sorttype:<\/th>\n<td class=\"feture-value\">Feminisert<\/td>\n<\/tr>\n<tr>\n<td class=\"feature-icon\"><img decoding=\"async\" src=\"https:\/\/superseeds.dk\/wp-content\/uploads\/2022\/07\/29_THC_1.svg\" width=\"30\" \/><\/td>\n<th class=\"feature-name\">THC:<\/th>\n<td class=\"feture-value\">18%<\/td>\n<\/tr>\n<tr>\n<td class=\"feature-icon\"><img decoding=\"async\" src=\"https:\/\/superseeds.dk\/wp-content\/uploads\/2022\/07\/30_CBD_1.svg\" width=\"30\" \/><\/td>\n<th class=\"feature-name\">CBD:<\/th>\n<td class=\"feture-value\">Lav<\/td>\n<\/tr>\n<tr>\n<td class=\"feature-icon\"><img decoding=\"async\" src=\"https:\/\/superseeds.dk\/wp-content\/uploads\/2022\/07\/33_Yield-indoors_1.svg\" width=\"30\" \/><\/td>\n<th class=\"feature-name\">Udbytte indend\u00f8rs:<\/th>\n<td class=\"feture-value\">550 &#8211; 600 gr\/m2<\/td>\n<\/tr>\n<tr>\n<td class=\"feature-icon\"><img decoding=\"async\" src=\"https:\/\/superseeds.dk\/wp-content\/uploads\/2022\/07\/34_yield-outdoor_1.svg\" width=\"30\" \/><\/td>\n<th class=\"feature-name\">Udbytte udend\u00f8rs:<\/th>\n<td class=\"feture-value\">600 &#8211; 650 gr\/plant<\/td>\n<\/tr>\n<tr>\n<td class=\"feature-icon\"><img decoding=\"async\" src=\"https:\/\/superseeds.dk\/wp-content\/uploads\/2022\/07\/31_plant-height-outdoor_1.svg\" width=\"30\" \/><\/td>\n<th class=\"feature-name\">H\u00f8jde indend\u00f8rs:<\/th>\n<td class=\"feture-value\">80 &#8211; 140 cm<\/td>\n<\/tr>\n<tr>\n<td class=\"feature-icon\"><img decoding=\"async\" src=\"https:\/\/superseeds.dk\/wp-content\/uploads\/2022\/07\/32_plant-height-outdoors_1.svg\" width=\"30\" \/><\/td>\n<th class=\"feature-name\">H\u00f8jde udend\u00f8rs:<\/th>\n<td class=\"feture-value\">180 &#8211; 220 cm<\/td>\n<\/tr>\n<tr>\n<td class=\"feature-icon\"><img decoding=\"async\" src=\"https:\/\/superseeds.dk\/wp-content\/uploads\/2022\/07\/25_flowering-time_1.svg\" width=\"30\" \/><\/td>\n<th class=\"feature-name\">Blomstringstid:<\/th>\n<td class=\"feture-value\">7 &#8211; 9 uger<\/td>\n<\/tr>\n<tr>\n<td class=\"feature-icon\"><img decoding=\"async\" src=\"https:\/\/superseeds.dk\/wp-content\/uploads\/2022\/07\/27_harvest-period_1.svg\" width=\"30\" \/><\/td>\n<th class=\"feature-name\">H\u00f8stm\u00e5ned:<\/th>\n<td class=\"feture-value\">Sen september<\/td>\n<\/tr>\n<tr>\n<td class=\"feature-icon\"><img decoding=\"async\" src=\"https:\/\/superseeds.dk\/wp-content\/uploads\/2022\/07\/23_genetic-background_1.svg\" width=\"30\" \/><\/td>\n<th class=\"feature-name\">Genetisk baggrund:<\/th>\n<td class=\"feture-value\">Afghani x Skunk<\/td>\n<\/tr>\n<tr>\n<td class=\"feature-icon\"><img decoding=\"async\" src=\"https:\/\/superseeds.dk\/wp-content\/uploads\/2022\/07\/28_Type-Blend_1.svg\" width=\"30\" \/><\/td>\n<th class=\"feature-name\">Type:<\/th>\n<td class=\"feture-value\">Sativa 40% Indica 60%<\/td>\n<\/tr>\n<tr>\n<td class=\"feature-icon\"><img decoding=\"async\" src=\"https:\/\/superseeds.dk\/wp-content\/uploads\/2022\/07\/22_Effect_1.svg\" width=\"30\" \/><\/td>\n<th class=\"feature-name\">Effekt:<\/th>\n<td class=\"feture-value\">Fysisk afslappende, Stenet, Tung<\/td>\n<\/tr>\n<tr>\n<td class=\"feature-icon\"><img decoding=\"async\" src=\"https:\/\/superseeds.dk\/wp-content\/uploads\/2022\/07\/35_Climate_1.svg\" width=\"30\" \/><\/td>\n<th class=\"feature-name\">Klima:<\/th>\n<td class=\"feture-value\">Varm<\/td>\n<\/tr>\n<tr>\n<td class=\"feature-icon\"><img decoding=\"async\" src=\"https:\/\/superseeds.dk\/wp-content\/uploads\/2022\/07\/46_Flavour.svg\" width=\"30\" \/><\/td>\n<th class=\"feature-name\">Smak:<\/th>\n<td class=\"feture-value\">Frugtagtig, Fyrretr\u00e6sagtig, Jordagtig, Skunk, Slik<\/td>\n<\/tr>\n<\/tbody>\n<\/table>\n<\/div>\n<\/div>","protected":false},"excerpt":{"rendered":"<p>Der er et altid et utal af krav, der skal opfyldes, n\u00e5r man beslutter, hvilken sort, der skal dyrkes: styrke, udbytte, aroma, sv\u00e6rhedsgrad i dyrkningen, klima osv. Dette er en marihuanaplante, som pr\u00f8ver at bringe alle disse egenskaber sammen i en perfekt balance for at skabe den ultimative dyrkning til kommercielt brug.<\/p>","protected":false},"featured_media":11063,"template":"","meta":{"_acf_changed":false},"product_brand":[],"product_cat":[1739,812,817,819,826,815,896,835,827],"product_tag":[],"class_list":{"0":"post-24268","1":"product","2":"type-product","3":"status-publish","4":"has-post-thumbnail","6":"product_cat-alle-froe","7":"product_cat-blomstring-periode","8":"product_cat-feminiserede","9":"product_cat-indendoers","10":"product_cat-indica-dominant","11":"product_cat-producenter-a-z","12":"product_cat-royal-queen-seeds","13":"product_cat-udendoers-feminiserede","14":"product_cat-under-60-dage","15":"pa_antal-3-stk","16":"pa_antal-5-stk","17":"pa_blomst-type-feminiserede","18":"pa_blomstringstid-under-60-dage","19":"pa_thc-10-20","20":"pa_udbytte-stort","21":"pa_udbytte-xxl","23":"first","24":"instock","25":"taxable","26":"shipping-taxable","27":"purchasable","28":"product-type-variable","29":"wvs-archive-product-wrapper"},"acf":[],"yoast_head":"<!-- This site is optimized with the Yoast SEO plugin v26.9 - https:\/\/yoast.com\/product\/yoast-seo-wordpress\/ -->\n<title>Critical (Feminiseret) - RQS - Superseeds.dk<\/title>\n<meta name=\"robots\" content=\"index, follow, max-snippet:-1, max-image-preview:large, max-video-preview:-1\" \/>\n<link rel=\"canonical\" href=\"https:\/\/superseeds.dk\/no\/produkt\/critical-fem-rqs\/\" \/>\n<meta property=\"og:locale\" content=\"nb_NO\" \/>\n<meta property=\"og:type\" content=\"article\" \/>\n<meta property=\"og:title\" content=\"Critical (Feminiseret) - RQS - Superseeds.dk\" \/>\n<meta property=\"og:description\" content=\"Der er et altid et utal af krav, der skal opfyldes, n\u00e5r man beslutter, hvilken sort, der skal dyrkes: styrke, udbytte, aroma, sv\u00e6rhedsgrad i dyrkningen, klima osv. Dette er en marihuanaplante, som pr\u00f8ver at bringe alle disse egenskaber sammen i en perfekt balance for at skabe den ultimative dyrkning til kommercielt brug.\" \/>\n<meta property=\"og:url\" content=\"https:\/\/superseeds.dk\/no\/produkt\/critical-fem-rqs\/\" \/>\n<meta property=\"og:site_name\" content=\"Superseeds.dk\" \/>\n<meta property=\"article:modified_time\" content=\"2023-11-23T12:35:11+00:00\" \/>\n<meta property=\"og:image\" content=\"https:\/\/www.superseeds.dk\/wp-content\/uploads\/2022\/07\/critical42.jpg\" \/>\n\t<meta property=\"og:image:width\" content=\"600\" \/>\n\t<meta property=\"og:image:height\" content=\"600\" \/>\n\t<meta property=\"og:image:type\" content=\"image\/jpeg\" \/>\n<meta name=\"twitter:card\" content=\"summary_large_image\" \/>\n<meta name=\"twitter:label1\" content=\"Ansl. lesetid\" \/>\n\t<meta name=\"twitter:data1\" content=\"6 minutter\" \/>\n<script type=\"application\/ld+json\" class=\"yoast-schema-graph\">{\"@context\":\"https:\/\/schema.org\",\"@graph\":[{\"@type\":\"WebPage\",\"@id\":\"https:\/\/superseeds.dk\/vare\/critical-fem-rqs\/\",\"url\":\"https:\/\/superseeds.dk\/vare\/critical-fem-rqs\/\",\"name\":\"Critical (Feminiseret) - RQS - Superseeds.dk\",\"isPartOf\":{\"@id\":\"https:\/\/super-seeds.se\/#website\"},\"primaryImageOfPage\":{\"@id\":\"https:\/\/superseeds.dk\/vare\/critical-fem-rqs\/#primaryimage\"},\"image\":{\"@id\":\"https:\/\/superseeds.dk\/vare\/critical-fem-rqs\/#primaryimage\"},\"thumbnailUrl\":\"https:\/\/superseeds.dk\/wp-content\/uploads\/2022\/07\/critical42.jpg\",\"datePublished\":\"2021-01-31T21:16:44+00:00\",\"dateModified\":\"2023-11-23T12:35:11+00:00\",\"breadcrumb\":{\"@id\":\"https:\/\/superseeds.dk\/vare\/critical-fem-rqs\/#breadcrumb\"},\"inLanguage\":\"nb-NO\",\"potentialAction\":[{\"@type\":\"ReadAction\",\"target\":[\"https:\/\/superseeds.dk\/vare\/critical-fem-rqs\/\"]}]},{\"@type\":\"ImageObject\",\"inLanguage\":\"nb-NO\",\"@id\":\"https:\/\/superseeds.dk\/vare\/critical-fem-rqs\/#primaryimage\",\"url\":\"https:\/\/superseeds.dk\/wp-content\/uploads\/2022\/07\/critical42.jpg\",\"contentUrl\":\"https:\/\/superseeds.dk\/wp-content\/uploads\/2022\/07\/critical42.jpg\",\"width\":600,\"height\":600},{\"@type\":\"BreadcrumbList\",\"@id\":\"https:\/\/superseeds.dk\/vare\/critical-fem-rqs\/#breadcrumb\",\"itemListElement\":[{\"@type\":\"ListItem\",\"position\":1,\"name\":\"Hjem\",\"item\":\"https:\/\/superseeds.dk\/\"},{\"@type\":\"ListItem\",\"position\":2,\"name\":\"Shop\",\"item\":\"https:\/\/superseeds.dk\/no\/butikk\/\"},{\"@type\":\"ListItem\",\"position\":3,\"name\":\"Critical (Feminiseret) &#8211; RQS\"}]},{\"@type\":\"WebSite\",\"@id\":\"https:\/\/super-seeds.se\/#website\",\"url\":\"https:\/\/super-seeds.se\/\",\"name\":\"Superseeds.dk\",\"description\":\"\",\"publisher\":{\"@id\":\"https:\/\/super-seeds.se\/#organization\"},\"potentialAction\":[{\"@type\":\"SearchAction\",\"target\":{\"@type\":\"EntryPoint\",\"urlTemplate\":\"https:\/\/super-seeds.se\/?s={search_term_string}\"},\"query-input\":{\"@type\":\"PropertyValueSpecification\",\"valueRequired\":true,\"valueName\":\"search_term_string\"}}],\"inLanguage\":\"nb-NO\"},{\"@type\":\"Organization\",\"@id\":\"https:\/\/super-seeds.se\/#organization\",\"name\":\"Superseeds.dk\",\"url\":\"https:\/\/super-seeds.se\/\",\"logo\":{\"@type\":\"ImageObject\",\"inLanguage\":\"nb-NO\",\"@id\":\"https:\/\/super-seeds.se\/#\/schema\/logo\/image\/\",\"url\":\"https:\/\/superseeds.dk\/wp-content\/uploads\/2025\/09\/logo-superseeds.png\",\"contentUrl\":\"https:\/\/superseeds.dk\/wp-content\/uploads\/2025\/09\/logo-superseeds.png\",\"width\":180,\"height\":160,\"caption\":\"Superseeds.dk\"},\"image\":{\"@id\":\"https:\/\/super-seeds.se\/#\/schema\/logo\/image\/\"}}]}<\/script>\n<!-- \/ Yoast SEO plugin. -->","yoast_head_json":{"title":"Critical (Feminiseret) - RQS - Superseeds.dk","robots":{"index":"index","follow":"follow","max-snippet":"max-snippet:-1","max-image-preview":"max-image-preview:large","max-video-preview":"max-video-preview:-1"},"canonical":"https:\/\/superseeds.dk\/no\/produkt\/critical-fem-rqs\/","og_locale":"nb_NO","og_type":"article","og_title":"Critical (Feminiseret) - RQS - Superseeds.dk","og_description":"Der er et altid et utal af krav, der skal opfyldes, n\u00e5r man beslutter, hvilken sort, der skal dyrkes: styrke, udbytte, aroma, sv\u00e6rhedsgrad i dyrkningen, klima osv. Dette er en marihuanaplante, som pr\u00f8ver at bringe alle disse egenskaber sammen i en perfekt balance for at skabe den ultimative dyrkning til kommercielt brug.","og_url":"https:\/\/superseeds.dk\/no\/produkt\/critical-fem-rqs\/","og_site_name":"Superseeds.dk","article_modified_time":"2023-11-23T12:35:11+00:00","og_image":[{"width":600,"height":600,"url":"https:\/\/www.superseeds.dk\/wp-content\/uploads\/2022\/07\/critical42.jpg","type":"image\/jpeg"}],"twitter_card":"summary_large_image","twitter_misc":{"Ansl. lesetid":"6 minutter"},"schema":{"@context":"https:\/\/schema.org","@graph":[{"@type":"WebPage","@id":"https:\/\/superseeds.dk\/vare\/critical-fem-rqs\/","url":"https:\/\/superseeds.dk\/vare\/critical-fem-rqs\/","name":"Critical (Feminiseret) - RQS - Superseeds.dk","isPartOf":{"@id":"https:\/\/super-seeds.se\/#website"},"primaryImageOfPage":{"@id":"https:\/\/superseeds.dk\/vare\/critical-fem-rqs\/#primaryimage"},"image":{"@id":"https:\/\/superseeds.dk\/vare\/critical-fem-rqs\/#primaryimage"},"thumbnailUrl":"https:\/\/superseeds.dk\/wp-content\/uploads\/2022\/07\/critical42.jpg","datePublished":"2021-01-31T21:16:44+00:00","dateModified":"2023-11-23T12:35:11+00:00","breadcrumb":{"@id":"https:\/\/superseeds.dk\/vare\/critical-fem-rqs\/#breadcrumb"},"inLanguage":"nb-NO","potentialAction":[{"@type":"ReadAction","target":["https:\/\/superseeds.dk\/vare\/critical-fem-rqs\/"]}]},{"@type":"ImageObject","inLanguage":"nb-NO","@id":"https:\/\/superseeds.dk\/vare\/critical-fem-rqs\/#primaryimage","url":"https:\/\/superseeds.dk\/wp-content\/uploads\/2022\/07\/critical42.jpg","contentUrl":"https:\/\/superseeds.dk\/wp-content\/uploads\/2022\/07\/critical42.jpg","width":600,"height":600},{"@type":"BreadcrumbList","@id":"https:\/\/superseeds.dk\/vare\/critical-fem-rqs\/#breadcrumb","itemListElement":[{"@type":"ListItem","position":1,"name":"Hjem","item":"https:\/\/superseeds.dk\/"},{"@type":"ListItem","position":2,"name":"Shop","item":"https:\/\/superseeds.dk\/no\/butikk\/"},{"@type":"ListItem","position":3,"name":"Critical (Feminiseret) &#8211; RQS"}]},{"@type":"WebSite","@id":"https:\/\/super-seeds.se\/#website","url":"https:\/\/super-seeds.se\/","name":"Superseeds.com","description":"","publisher":{"@id":"https:\/\/super-seeds.se\/#organization"},"potentialAction":[{"@type":"SearchAction","target":{"@type":"EntryPoint","urlTemplate":"https:\/\/super-seeds.se\/?s={search_term_string}"},"query-input":{"@type":"PropertyValueSpecification","valueRequired":true,"valueName":"search_term_string"}}],"inLanguage":"nb-NO"},{"@type":"Organization","@id":"https:\/\/super-seeds.se\/#organization","name":"Superseeds.com","url":"https:\/\/super-seeds.se\/","logo":{"@type":"ImageObject","inLanguage":"nb-NO","@id":"https:\/\/super-seeds.se\/#\/schema\/logo\/image\/","url":"https:\/\/superseeds.dk\/wp-content\/uploads\/2025\/09\/logo-superseeds.png","contentUrl":"https:\/\/superseeds.dk\/wp-content\/uploads\/2025\/09\/logo-superseeds.png","width":180,"height":160,"caption":"Superseeds.dk"},"image":{"@id":"https:\/\/super-seeds.se\/#\/schema\/logo\/image\/"}}]}},"df_price":169,"df_sale_price":"","df_regular_price":169,"df_image_link":"https:\/\/superseeds.dk\/wp-content\/uploads\/2022\/07\/critical42-300x300.jpg","_links":{"self":[{"href":"https:\/\/superseeds.dk\/no\/wp-json\/wp\/v2\/product\/24268","targetHints":{"allow":["GET"]}}],"collection":[{"href":"https:\/\/superseeds.dk\/no\/wp-json\/wp\/v2\/product"}],"about":[{"href":"https:\/\/superseeds.dk\/no\/wp-json\/wp\/v2\/types\/product"}],"wp:featuredmedia":[{"embeddable":true,"href":"https:\/\/superseeds.dk\/no\/wp-json\/wp\/v2\/media\/11063"}],"wp:attachment":[{"href":"https:\/\/superseeds.dk\/no\/wp-json\/wp\/v2\/media?parent=24268"}],"wp:term":[{"taxonomy":"product_brand","embeddable":true,"href":"https:\/\/superseeds.dk\/no\/wp-json\/wp\/v2\/product_brand?post=24268"},{"taxonomy":"product_cat","embeddable":true,"href":"https:\/\/superseeds.dk\/no\/wp-json\/wp\/v2\/product_cat?post=24268"},{"taxonomy":"product_tag","embeddable":true,"href":"https:\/\/superseeds.dk\/no\/wp-json\/wp\/v2\/product_tag?post=24268"}],"curies":[{"name":"wp","href":"https:\/\/api.w.org\/{rel}","templated":true}]}}