{"id":24215,"date":"2021-01-28T14:49:27","date_gmt":"2021-01-28T13:49:27","guid":{"rendered":"https:\/\/superseeds.dk\/vare\/blue-mystic-fem-rqs\/"},"modified":"2023-11-23T13:35:20","modified_gmt":"2023-11-23T12:35:20","slug":"blue-mystic-fem-rqs","status":"publish","type":"product","link":"https:\/\/superseeds.dk\/no\/produkt\/blue-mystic-fem-rqs\/","title":{"rendered":"Blue Mystic (Feminiseret) &#8211; RQS"},"content":{"rendered":"<div id=\"idTab1\" class=\"rte\">\n<div class=\"product-expand\" data-expand-button=\"Read more\" data-collapse-button=\"Vis mindre\">\n<h2>Fra bjergene p\u00e5 den amerikanske vestkyst<\/h2>\n<p>Rundt omkring i de amerikanske bjerge i Oregon og Californien havde et hold af de fineste cannabisconnaisseurer travlt med deres arbejde med nye sorter, som skulle vise sig at danne grundlaget for alle de nordamerikanske variationer af marihuana, vi kender i dag. P\u00e5 holdet var der en legendarisk dyrker, som krydsede flere Thailand-racer, Thai-hybrider og en afghansk type, der havde v\u00e6ret der siden 80&#8217;erne. Slutresultatet af disse krydsninger og dyrkning gennem hundredevis, endda tusindvis, af fr\u00f8 blev af en af de mest kendte sorter, der ryges i dag, Blueberry.<\/p>\n<h3>Gener fra California<\/h3>\n<p>Lige direkte fra den genetiske smeltedigel i Californien\/Oregon fandt vi den vidunderlige marihuanasort, som vi udviklede til en feminiseret fr\u00f8, for at skabe Blue Mystic. Denne Indica-dominerede plante har ikke mange skud, str\u00e6kker sig ikke meget og vokser n\u00e6sten ligesom en bonsai eller broccoli. Den vokser sig kun lige over en meter h\u00f8j, men vores r\u00e5d til dyrkere er at sk\u00e6re den til og tage toppen af planten for at f\u00e5 en mere busket plante.<\/p>\n<h3>Passer godt til klimaet ved Middelhavet<\/h3>\n<p>Da planten ikke vil vokse lodret, giver det netop derfor mening at klippe planten mod siderne, s\u00e5 der kan opn\u00e5s et bedre udbytte. Vi anbefaler ogs\u00e5 en l\u00e6ngere end normal v\u00e6kstperiode med Blue Mystic &#8211; igen for at sikre et h\u00f8jt udbytte. Normalt giver den 55-65 gram pr. plante indend\u00f8rs. I gennemsnit er det omkring 400-500 gram pr. kvadratmeter under et 600W lys. Udend\u00f8rs har den brug for varmen fra Middelhavet eller Californien, og i det nordlige Europa g\u00f8r den det ikke godt.<\/p>\n<p>Blue Mystic Feminized er klar til h\u00f8st efter 8 uger, hvilket giver den en livlig s\u00f8d smag af frisk frugt. Hvis den f\u00e5r lidt l\u00e6ngere (op til 10 uger), vil den miste sin smag, men giver s\u00e5 tilbage med en tungere effekt til at blive stenet. Som altid anbefaler vi at t\u00f8rre dine planter, f\u00f8r du ordner plantens knopper, men denne anbefaling er is\u00e6r g\u00e6ldende for Blue Mystic, s\u00e5 den fulde smag kan bringes frem.<\/p>\n<h3>S\u00f8d og forfriskende<\/h3>\n<p>Hvis den opfanges korrekt, s\u00e5 burde smagen p\u00e5 Blue Mystic v\u00e6re s\u00e5 s\u00f8d og forfriskende, at rygeren f\u00e5r samme fornemmelse som ved smagen af juice. Denne intense smag f\u00e5r kamp til stregen af den superpotente Indica-steneroplevelse, som efterlader brugeren ude af stand til noget rent fysisk.<\/p>\n<table id=\"idTab2\" class=\"bullet product-features-list\">\n<tbody>\n<tr>\n<td class=\"feature-icon\"><img decoding=\"async\" src=\"https:\/\/superseeds.dk\/wp-content\/uploads\/2022\/07\/1772_val_family-feminized_1.svg\" width=\"30\" \/><\/td>\n<th class=\"feature-name\">Sorttype:<\/th>\n<td class=\"feture-value\">Feminisert<\/td>\n<\/tr>\n<tr>\n<td class=\"feature-icon\"><img decoding=\"async\" src=\"https:\/\/superseeds.dk\/wp-content\/uploads\/2022\/07\/29_THC_1.svg\" width=\"30\" \/><\/td>\n<th class=\"feature-name\">THC:<\/th>\n<td class=\"feture-value\">18%<\/td>\n<\/tr>\n<tr>\n<td class=\"feature-icon\"><img decoding=\"async\" src=\"https:\/\/superseeds.dk\/wp-content\/uploads\/2022\/07\/30_CBD_1.svg\" width=\"30\" \/><\/td>\n<th class=\"feature-name\">CBD:<\/th>\n<td class=\"feture-value\">Medium<\/td>\n<\/tr>\n<tr>\n<td class=\"feature-icon\"><img decoding=\"async\" src=\"https:\/\/superseeds.dk\/wp-content\/uploads\/2022\/07\/33_Yield-indoors_1.svg\" width=\"30\" \/><\/td>\n<th class=\"feature-name\">Udbytte indend\u00f8rs:<\/th>\n<td class=\"feture-value\">375 &#8211; 425 gr\/m2<\/td>\n<\/tr>\n<tr>\n<td class=\"feature-icon\"><img decoding=\"async\" src=\"https:\/\/superseeds.dk\/wp-content\/uploads\/2022\/07\/34_yield-outdoor_1.svg\" width=\"30\" \/><\/td>\n<th class=\"feature-name\">Udbytte udend\u00f8rs:<\/th>\n<td class=\"feture-value\">400 &#8211; 450 gr\/plant<\/td>\n<\/tr>\n<tr>\n<td class=\"feature-icon\"><img decoding=\"async\" src=\"https:\/\/superseeds.dk\/wp-content\/uploads\/2022\/07\/31_plant-height-outdoor_1.svg\" width=\"30\" \/><\/td>\n<th class=\"feature-name\">H\u00f8jde indend\u00f8rs:<\/th>\n<td class=\"feture-value\">60 &#8211; 100 cm<\/td>\n<\/tr>\n<tr>\n<td class=\"feature-icon\"><img decoding=\"async\" src=\"https:\/\/superseeds.dk\/wp-content\/uploads\/2022\/07\/32_plant-height-outdoors_1.svg\" width=\"30\" \/><\/td>\n<th class=\"feature-name\">H\u00f8jde udend\u00f8rs:<\/th>\n<td class=\"feture-value\">180 &#8211; 220 cm<\/td>\n<\/tr>\n<tr>\n<td class=\"feature-icon\"><img decoding=\"async\" src=\"https:\/\/superseeds.dk\/wp-content\/uploads\/2022\/07\/25_flowering-time_1.svg\" width=\"30\" \/><\/td>\n<th class=\"feature-name\">Blomstringstid:<\/th>\n<td class=\"feture-value\">8 &#8211; 9 uger<\/td>\n<\/tr>\n<tr>\n<td class=\"feature-icon\"><img decoding=\"async\" src=\"https:\/\/superseeds.dk\/wp-content\/uploads\/2022\/07\/27_harvest-period_1.svg\" width=\"30\" \/><\/td>\n<th class=\"feature-name\">H\u00f8stm\u00e5ned:<\/th>\n<td class=\"feture-value\">Oktober<\/td>\n<\/tr>\n<tr>\n<td class=\"feature-icon\"><img decoding=\"async\" src=\"https:\/\/superseeds.dk\/wp-content\/uploads\/2022\/07\/23_genetic-background_1.svg\" width=\"30\" \/><\/td>\n<th class=\"feature-name\">Genetisk baggrund:<\/th>\n<td class=\"feture-value\">Oregon Blueberry x Northern Light<\/td>\n<\/tr>\n<tr>\n<td class=\"feature-icon\"><img decoding=\"async\" src=\"https:\/\/superseeds.dk\/wp-content\/uploads\/2022\/07\/28_Type-Blend_1.svg\" width=\"30\" \/><\/td>\n<th class=\"feature-name\">Type:<\/th>\n<td class=\"feture-value\">Sativa 20% Indica 80%<\/td>\n<\/tr>\n<tr>\n<td class=\"feature-icon\"><img decoding=\"async\" src=\"https:\/\/superseeds.dk\/wp-content\/uploads\/2022\/07\/22_Effect_1.svg\" width=\"30\" \/><\/td>\n<th class=\"feature-name\">Effekt:<\/th>\n<td class=\"feture-value\">Stenet<\/td>\n<\/tr>\n<tr>\n<td class=\"feature-icon\"><img decoding=\"async\" src=\"https:\/\/superseeds.dk\/wp-content\/uploads\/2022\/07\/35_Climate_1.svg\" width=\"30\" \/><\/td>\n<th class=\"feature-name\">Klima:<\/th>\n<td class=\"feture-value\">Mild<\/td>\n<\/tr>\n<tr>\n<td class=\"feature-icon\"><img decoding=\"async\" src=\"https:\/\/superseeds.dk\/wp-content\/uploads\/2022\/07\/46_Flavour.svg\" width=\"30\" \/><\/td>\n<th class=\"feature-name\">Smak:<\/th>\n<td class=\"feture-value\">Frugtagtig, Slik<\/td>\n<\/tr>\n<\/tbody>\n<\/table>\n<\/div>\n<\/div>","protected":false},"excerpt":{"rendered":"<p>Rundt omkring i de amerikanske bjerge i Oregon og Californien havde et hold af de fineste cannabisconnaisseurer travlt med deres arbejde med nye sorter, som skulle vise sig at danne grundlaget for alle de nordamerikanske variationer af marihuana, vi kender i dag. P\u00e5 holdet var der en legendarisk dyrker, som krydsede flere Thailand-racer, Thai-hybrider og en afghansk type, der havde v\u00e6ret der siden 80&#8217;erne. Slutresultatet af disse krydsninger og dyrkning gennem hundredevis, endda tusindvis, af fr\u00f8 blev af en af de mest kendte sorter, der ryges i dag, Blueberry.<\/p>\n<p>&nbsp;<\/p>","protected":false},"featured_media":10969,"template":"","meta":{"_acf_changed":false},"product_brand":[],"product_cat":[1739,812,817,819,826,815,896,835,827],"product_tag":[],"class_list":{"0":"post-24215","1":"product","2":"type-product","3":"status-publish","4":"has-post-thumbnail","6":"product_cat-alle-froe","7":"product_cat-blomstring-periode","8":"product_cat-feminiserede","9":"product_cat-indendoers","10":"product_cat-indica-dominant","11":"product_cat-producenter-a-z","12":"product_cat-royal-queen-seeds","13":"product_cat-udendoers-feminiserede","14":"product_cat-under-60-dage","15":"pa_antal-3-stk","16":"pa_antal-5-stk","17":"pa_blomst-type-feminiserede","18":"pa_blomstringstid-under-60-dage","19":"pa_thc-10-20","20":"pa_udbytte-medium","22":"first","23":"instock","24":"taxable","25":"shipping-taxable","26":"purchasable","27":"product-type-variable","28":"wvs-archive-product-wrapper"},"acf":[],"yoast_head":"<!-- This site is optimized with the Yoast SEO plugin v26.9 - https:\/\/yoast.com\/product\/yoast-seo-wordpress\/ -->\n<title>Blue Mystic (Feminiseret) - RQS - Superseeds.dk<\/title>\n<meta name=\"robots\" content=\"index, follow, max-snippet:-1, max-image-preview:large, max-video-preview:-1\" \/>\n<link rel=\"canonical\" href=\"https:\/\/superseeds.dk\/no\/produkt\/blue-mystic-fem-rqs\/\" \/>\n<meta property=\"og:locale\" content=\"nb_NO\" \/>\n<meta property=\"og:type\" content=\"article\" \/>\n<meta property=\"og:title\" content=\"Blue Mystic (Feminiseret) - RQS - Superseeds.dk\" \/>\n<meta property=\"og:description\" content=\"Rundt omkring i de amerikanske bjerge i Oregon og Californien havde et hold af de fineste cannabisconnaisseurer travlt med deres arbejde med nye sorter, som skulle vise sig at danne grundlaget for alle de nordamerikanske variationer af marihuana, vi kender i dag. P\u00e5 holdet var der en legendarisk dyrker, som krydsede flere Thailand-racer, Thai-hybrider og en afghansk type, der havde v\u00e6ret der siden 80&#039;erne. Slutresultatet af disse krydsninger og dyrkning gennem hundredevis, endda tusindvis, af fr\u00f8 blev af en af de mest kendte sorter, der ryges i dag, Blueberry.  &nbsp;\" \/>\n<meta property=\"og:url\" content=\"https:\/\/superseeds.dk\/no\/produkt\/blue-mystic-fem-rqs\/\" \/>\n<meta property=\"og:site_name\" content=\"Superseeds.dk\" \/>\n<meta property=\"article:modified_time\" content=\"2023-11-23T12:35:20+00:00\" \/>\n<meta property=\"og:image\" content=\"https:\/\/superseeds.dk\/wp-content\/uploads\/2022\/07\/blue-mystic.jpg\" \/>\n\t<meta property=\"og:image:width\" content=\"600\" \/>\n\t<meta property=\"og:image:height\" content=\"600\" \/>\n\t<meta property=\"og:image:type\" content=\"image\/jpeg\" \/>\n<meta name=\"twitter:card\" content=\"summary_large_image\" \/>\n<meta name=\"twitter:label1\" content=\"Ansl. lesetid\" \/>\n\t<meta name=\"twitter:data1\" content=\"6 minutter\" \/>\n<script type=\"application\/ld+json\" class=\"yoast-schema-graph\">{\"@context\":\"https:\/\/schema.org\",\"@graph\":[{\"@type\":\"WebPage\",\"@id\":\"https:\/\/superseeds.dk\/vare\/blue-mystic-fem-rqs\/\",\"url\":\"https:\/\/superseeds.dk\/vare\/blue-mystic-fem-rqs\/\",\"name\":\"Blue Mystic (Feminiseret) - RQS - Superseeds.dk\",\"isPartOf\":{\"@id\":\"https:\/\/super-seeds.se\/#website\"},\"primaryImageOfPage\":{\"@id\":\"https:\/\/superseeds.dk\/vare\/blue-mystic-fem-rqs\/#primaryimage\"},\"image\":{\"@id\":\"https:\/\/superseeds.dk\/vare\/blue-mystic-fem-rqs\/#primaryimage\"},\"thumbnailUrl\":\"https:\/\/superseeds.dk\/wp-content\/uploads\/2022\/07\/blue-mystic.jpg\",\"datePublished\":\"2021-01-28T13:49:27+00:00\",\"dateModified\":\"2023-11-23T12:35:20+00:00\",\"breadcrumb\":{\"@id\":\"https:\/\/superseeds.dk\/vare\/blue-mystic-fem-rqs\/#breadcrumb\"},\"inLanguage\":\"nb-NO\",\"potentialAction\":[{\"@type\":\"ReadAction\",\"target\":[\"https:\/\/superseeds.dk\/vare\/blue-mystic-fem-rqs\/\"]}]},{\"@type\":\"ImageObject\",\"inLanguage\":\"nb-NO\",\"@id\":\"https:\/\/superseeds.dk\/vare\/blue-mystic-fem-rqs\/#primaryimage\",\"url\":\"https:\/\/superseeds.dk\/wp-content\/uploads\/2022\/07\/blue-mystic.jpg\",\"contentUrl\":\"https:\/\/superseeds.dk\/wp-content\/uploads\/2022\/07\/blue-mystic.jpg\",\"width\":600,\"height\":600},{\"@type\":\"BreadcrumbList\",\"@id\":\"https:\/\/superseeds.dk\/vare\/blue-mystic-fem-rqs\/#breadcrumb\",\"itemListElement\":[{\"@type\":\"ListItem\",\"position\":1,\"name\":\"Hjem\",\"item\":\"https:\/\/superseeds.dk\/\"},{\"@type\":\"ListItem\",\"position\":2,\"name\":\"Shop\",\"item\":\"https:\/\/superseeds.dk\/no\/butikk\/\"},{\"@type\":\"ListItem\",\"position\":3,\"name\":\"Blue Mystic (Feminiseret) &#8211; RQS\"}]},{\"@type\":\"WebSite\",\"@id\":\"https:\/\/super-seeds.se\/#website\",\"url\":\"https:\/\/super-seeds.se\/\",\"name\":\"Superseeds.dk\",\"description\":\"\",\"publisher\":{\"@id\":\"https:\/\/super-seeds.se\/#organization\"},\"potentialAction\":[{\"@type\":\"SearchAction\",\"target\":{\"@type\":\"EntryPoint\",\"urlTemplate\":\"https:\/\/super-seeds.se\/?s={search_term_string}\"},\"query-input\":{\"@type\":\"PropertyValueSpecification\",\"valueRequired\":true,\"valueName\":\"search_term_string\"}}],\"inLanguage\":\"nb-NO\"},{\"@type\":\"Organization\",\"@id\":\"https:\/\/super-seeds.se\/#organization\",\"name\":\"Superseeds.dk\",\"url\":\"https:\/\/super-seeds.se\/\",\"logo\":{\"@type\":\"ImageObject\",\"inLanguage\":\"nb-NO\",\"@id\":\"https:\/\/super-seeds.se\/#\/schema\/logo\/image\/\",\"url\":\"https:\/\/superseeds.dk\/wp-content\/uploads\/2025\/09\/logo-superseeds.png\",\"contentUrl\":\"https:\/\/superseeds.dk\/wp-content\/uploads\/2025\/09\/logo-superseeds.png\",\"width\":180,\"height\":160,\"caption\":\"Superseeds.dk\"},\"image\":{\"@id\":\"https:\/\/super-seeds.se\/#\/schema\/logo\/image\/\"}}]}<\/script>\n<!-- \/ Yoast SEO plugin. -->","yoast_head_json":{"title":"Blue Mystic (Feminiseret) - RQS - Superseeds.dk","robots":{"index":"index","follow":"follow","max-snippet":"max-snippet:-1","max-image-preview":"max-image-preview:large","max-video-preview":"max-video-preview:-1"},"canonical":"https:\/\/superseeds.dk\/no\/produkt\/blue-mystic-fem-rqs\/","og_locale":"nb_NO","og_type":"article","og_title":"Blue Mystic (Feminiseret) - RQS - Superseeds.dk","og_description":"Rundt omkring i de amerikanske bjerge i Oregon og Californien havde et hold af de fineste cannabisconnaisseurer travlt med deres arbejde med nye sorter, som skulle vise sig at danne grundlaget for alle de nordamerikanske variationer af marihuana, vi kender i dag. P\u00e5 holdet var der en legendarisk dyrker, som krydsede flere Thailand-racer, Thai-hybrider og en afghansk type, der havde v\u00e6ret der siden 80'erne. Slutresultatet af disse krydsninger og dyrkning gennem hundredevis, endda tusindvis, af fr\u00f8 blev af en af de mest kendte sorter, der ryges i dag, Blueberry.  &nbsp;","og_url":"https:\/\/superseeds.dk\/no\/produkt\/blue-mystic-fem-rqs\/","og_site_name":"Superseeds.dk","article_modified_time":"2023-11-23T12:35:20+00:00","og_image":[{"width":600,"height":600,"url":"https:\/\/superseeds.dk\/wp-content\/uploads\/2022\/07\/blue-mystic.jpg","type":"image\/jpeg"}],"twitter_card":"summary_large_image","twitter_misc":{"Ansl. lesetid":"6 minutter"},"schema":{"@context":"https:\/\/schema.org","@graph":[{"@type":"WebPage","@id":"https:\/\/superseeds.dk\/vare\/blue-mystic-fem-rqs\/","url":"https:\/\/superseeds.dk\/vare\/blue-mystic-fem-rqs\/","name":"Blue Mystic (Feminiseret) - RQS - Superseeds.dk","isPartOf":{"@id":"https:\/\/super-seeds.se\/#website"},"primaryImageOfPage":{"@id":"https:\/\/superseeds.dk\/vare\/blue-mystic-fem-rqs\/#primaryimage"},"image":{"@id":"https:\/\/superseeds.dk\/vare\/blue-mystic-fem-rqs\/#primaryimage"},"thumbnailUrl":"https:\/\/superseeds.dk\/wp-content\/uploads\/2022\/07\/blue-mystic.jpg","datePublished":"2021-01-28T13:49:27+00:00","dateModified":"2023-11-23T12:35:20+00:00","breadcrumb":{"@id":"https:\/\/superseeds.dk\/vare\/blue-mystic-fem-rqs\/#breadcrumb"},"inLanguage":"nb-NO","potentialAction":[{"@type":"ReadAction","target":["https:\/\/superseeds.dk\/vare\/blue-mystic-fem-rqs\/"]}]},{"@type":"ImageObject","inLanguage":"nb-NO","@id":"https:\/\/superseeds.dk\/vare\/blue-mystic-fem-rqs\/#primaryimage","url":"https:\/\/superseeds.dk\/wp-content\/uploads\/2022\/07\/blue-mystic.jpg","contentUrl":"https:\/\/superseeds.dk\/wp-content\/uploads\/2022\/07\/blue-mystic.jpg","width":600,"height":600},{"@type":"BreadcrumbList","@id":"https:\/\/superseeds.dk\/vare\/blue-mystic-fem-rqs\/#breadcrumb","itemListElement":[{"@type":"ListItem","position":1,"name":"Hjem","item":"https:\/\/superseeds.dk\/"},{"@type":"ListItem","position":2,"name":"Shop","item":"https:\/\/superseeds.dk\/no\/butikk\/"},{"@type":"ListItem","position":3,"name":"Blue Mystic (Feminiseret) &#8211; RQS"}]},{"@type":"WebSite","@id":"https:\/\/super-seeds.se\/#website","url":"https:\/\/super-seeds.se\/","name":"Superseeds.com","description":"","publisher":{"@id":"https:\/\/super-seeds.se\/#organization"},"potentialAction":[{"@type":"SearchAction","target":{"@type":"EntryPoint","urlTemplate":"https:\/\/super-seeds.se\/?s={search_term_string}"},"query-input":{"@type":"PropertyValueSpecification","valueRequired":true,"valueName":"search_term_string"}}],"inLanguage":"nb-NO"},{"@type":"Organization","@id":"https:\/\/super-seeds.se\/#organization","name":"Superseeds.com","url":"https:\/\/super-seeds.se\/","logo":{"@type":"ImageObject","inLanguage":"nb-NO","@id":"https:\/\/super-seeds.se\/#\/schema\/logo\/image\/","url":"https:\/\/superseeds.dk\/wp-content\/uploads\/2025\/09\/logo-superseeds.png","contentUrl":"https:\/\/superseeds.dk\/wp-content\/uploads\/2025\/09\/logo-superseeds.png","width":180,"height":160,"caption":"Superseeds.dk"},"image":{"@id":"https:\/\/super-seeds.se\/#\/schema\/logo\/image\/"}}]}},"df_price":149,"df_sale_price":"","df_regular_price":149,"df_image_link":"https:\/\/superseeds.dk\/wp-content\/uploads\/2022\/07\/blue-mystic-300x300.jpg","_links":{"self":[{"href":"https:\/\/superseeds.dk\/no\/wp-json\/wp\/v2\/product\/24215","targetHints":{"allow":["GET"]}}],"collection":[{"href":"https:\/\/superseeds.dk\/no\/wp-json\/wp\/v2\/product"}],"about":[{"href":"https:\/\/superseeds.dk\/no\/wp-json\/wp\/v2\/types\/product"}],"wp:featuredmedia":[{"embeddable":true,"href":"https:\/\/superseeds.dk\/no\/wp-json\/wp\/v2\/media\/10969"}],"wp:attachment":[{"href":"https:\/\/superseeds.dk\/no\/wp-json\/wp\/v2\/media?parent=24215"}],"wp:term":[{"taxonomy":"product_brand","embeddable":true,"href":"https:\/\/superseeds.dk\/no\/wp-json\/wp\/v2\/product_brand?post=24215"},{"taxonomy":"product_cat","embeddable":true,"href":"https:\/\/superseeds.dk\/no\/wp-json\/wp\/v2\/product_cat?post=24215"},{"taxonomy":"product_tag","embeddable":true,"href":"https:\/\/superseeds.dk\/no\/wp-json\/wp\/v2\/product_tag?post=24215"}],"curies":[{"name":"wp","href":"https:\/\/api.w.org\/{rel}","templated":true}]}}