{"id":24153,"date":"2021-01-24T21:59:58","date_gmt":"2021-01-24T20:59:58","guid":{"rendered":"https:\/\/superseeds.dk\/vare\/gorilla-glue-auto-fast-buds\/"},"modified":"2024-03-15T14:04:21","modified_gmt":"2024-03-15T13:04:21","slug":"gorilla-glue-auto-fast-buds","status":"publish","type":"product","link":"https:\/\/superseeds.dk\/no\/produkt\/gorilla-glue-auto-fast-buds\/","title":{"rendered":"Gorilla Auto - Fast Buds"},"content":{"rendered":"<div class=\"tech\">\n<h2 class=\"ttl_3\">Tekniske specifikationer<\/h2>\n<div class=\"tbl\">\n<table>\n<tbody>\n<tr>\n<th><i class=\"ptaste icparam\"><\/i>\u00a0Smak<\/th>\n<td>Fyr, citron, pebret<\/td>\n<\/tr>\n<tr>\n<th><i class=\"pthc icparam\"><\/i>\u00a0THC<\/th>\n<td>Op til 24%<\/td>\n<\/tr>\n<tr>\n<th><i class=\"pcbd icparam\"><\/i>\u00a0CBD<\/th>\n<td>&lt;1%<\/td>\n<\/tr>\n<tr>\n<th><i class=\"pharvest_eu_indoor icparam\"><\/i>\u00a0H\u00f8st EU indend\u00f8rs<\/th>\n<td>450 &#8211; 600 gr \/ m2<\/td>\n<\/tr>\n<tr>\n<th><\/th>\n<td><\/td>\n<\/tr>\n<tr>\n<th><i class=\"pharvest_eu_outdoor icparam\"><\/i>\u00a0H\u00f8st EU udend\u00f8rs<\/th>\n<td>70 &#8211; 350 gr \/ plante<\/td>\n<\/tr>\n<tr>\n<th><\/th>\n<td><\/td>\n<\/tr>\n<tr>\n<th><i class=\"psize icparam\"><\/i>\u00a0St\u00f8rrelse<\/th>\n<td>XXL<\/td>\n<\/tr>\n<tr>\n<th><i class=\"pheight_eu icparam\"><\/i>\u00a0H\u00f8yde<\/th>\n<td>60 &#8211; 130 cm<\/td>\n<\/tr>\n<tr>\n<th><\/th>\n<td><\/td>\n<\/tr>\n<tr>\n<th><i class=\"pflowering icparam\"><\/i>\u00a0Blomstrende<\/th>\n<td>9-10 uker<\/td>\n<\/tr>\n<tr>\n<th><i class=\"proom icparam\"><\/i>\u00a0V\u00e6relse<\/th>\n<td>Indend\u00f8rs udend\u00f8rs<\/td>\n<\/tr>\n<tr>\n<th><i class=\"pgender icparam\"><\/i>\u00a0K\u00f8n<\/th>\n<td>Feminiseret<\/td>\n<\/tr>\n<tr>\n<th><i class=\"pgen_sativa_indica icparam\"><\/i>\u00a0Gener<\/th>\n<td>Sativa 65% \/ Indica 35%<\/td>\n<\/tr>\n<tr>\n<th><i class=\"pgenetic icparam\"><\/i>\u00a0Genetikk<\/th>\n<td>Gorilla Lim Auto<\/td>\n<\/tr>\n<tr>\n<th><i class=\"pautoflowering icparam\"><\/i>\u00a0Autoflowering<\/th>\n<td>Ja<\/td>\n<\/tr>\n<\/tbody>\n<\/table>\n<\/div>\n<\/div>\n<p><a name=\"description\"><\/a><\/p>\n<div class=\"sl_description\">\n<div class=\"content\">\n<h2 class=\"ttl_3\">Beskrivelse<\/h2>\n<div class=\"short\">Vores mest berygtede stamme med de stickiest knopper i spillet.\u00a0En knockout-kunstner, der kan prale af en svimlende 24% THC.\u00a0Meget stor og potent.\u00a0&#8220;Limen&#8221; kommer fra s\u00e5 meget harpiks, at dine fingre bogstaveligt talt sidder sammen, mens du trimmer.\u00a0En stor st\u00f8rrelse plante, der kun har brug for omkring 9 uger for at bel\u00f8nne avlere med store enorme kl\u00e6brige fedtknopper, som enhver form for avler vil blive forelsket i.\u00a0Super let at dyrke, og hendes fyr- og dieselterp-profil vil imponere selv den mest erfarne cannabisfisker.\u00a0Hun er velegnet til begyndere, og hash-producenter b\u00f8r ikke g\u00e5 glip af denne trichome-dronning.<\/div>\n<div class=\"desc\">\n<h3>Bud beskrivelse<\/h3>\n<p>Gorilla Autos knopper vil v\u00e6re klumpede og t\u00e6tte med en kraftig harpiksproduktion, der f\u00e5r fingrene til at kl\u00e6be sammen som superlim. Knopperne er m\u00f8rkegr\u00f8nne med h\u00e6vede spidse b\u00e6ger, der svulmer indpakket i lyse orange h\u00e5r. En virkelig imponerende m\u00e6ngde trichomes, der ville give fremragende cupvindende uddrag helt ned.<\/p>\n<h3>R\u00f8grapport<\/h3>\n<p>Hun er en for rygere med de h\u00f8jeste tolerancer og fans af s\u00f8vnig Indica Cannabis.\u00a0Gorilla Glue Auto er ekstremt potent, og hendes virkninger er ikke for de lette.\u00a0Ikke alene vil hun kl\u00e6be dig til den n\u00e6rmeste l\u00e6nestol, dine \u00f8jne og ansigt vil langsomt m\u00e6rke styrken af \u200b\u200bhendes fysiske effekter.\u00a0Bestemt en til at blive hjemme og slappe af med til meditation, lindre stress, smerter og smerter samt fremkalde en tung, lang uforstyrret s\u00f8vn.<\/p>\n<h3>Planteudseende<\/h3>\n<p>Denne dame kan lide at v\u00e6re lav og vokser normalt til en h\u00f8jde p\u00e5 60-100 &#8211; op til 120 cm, hvilket g\u00f8r hende ideel til at holde sig ude af syne.\u00a0Hun kr\u00e6ver ikke meget vedligeholdelse og bel\u00f8nner dig med massive udbytter p\u00e5 op til 450-600gr \/ m2.\u00a0Hendes v\u00e6kststruktur er kort og busket takket v\u00e6re hendes Indica-dominans og vil vokse en central central cola med fede sidegrenge rundt omkring.\u00a0N\u00e5r blomstringen starter, skal du forvente, at Gorilla Glue Auto udfylder tyk og hurtig, da hun begynder at pakke p\u00e5 st\u00f8rrelse, v\u00e6gt og blive sk\u00f8r med trichomeoutputet.\u00a0Fra fr\u00f8 til h\u00f8st er hun klar om 8-9 uger, hvor hun slutter med et kort og fedt udseende.<\/p>\n<div class=\"pack_desc\"><img decoding=\"async\" class=\"pk1\" src=\"https:\/\/2fast4buds.com\/src\/seeds\/images\/en_pack_desc_front.jpg?v2\" alt=\"Pak foran\" \/><img decoding=\"async\" class=\"pk2\" src=\"https:\/\/2fast4buds.com\/src\/seeds\/images\/pack_desc_seed.jpg?v2\" alt=\"Pak fr\u00f8\" \/><img decoding=\"async\" class=\"pk3\" src=\"https:\/\/2fast4buds.com\/src\/seeds\/images\/en_pack_desc_back.jpg?v2\" alt=\"Pak tilbage\" \/><\/div>\n<h3>Grow Tips<\/h3>\n<p>Gorilla Auto er en enorm producent, s\u00e5 det r\u00e5dede at tilf\u00f8je st\u00f8tte omkring denne stamme for at hj\u00e6lpe sidegrenene i blomstringsfasen. Denne dame er meget modstandsdygtig over for plantesygdomme og kan modst\u00e5 koldere klimaer uden at lide af skimmel eller meldug. Hun kan tage et stort foder, is\u00e6r i uge 3 og fremefter. Ved at binde hendes sidegrenge ned, \u00f8ges antallet af blomstringssteder og \u00f8ger udbyttet. Denne hybrid er i stand til nemt at modst\u00e5 koldere natttemperaturer og bliver lilla sent til blomstring. Hun reagerer meget godt p\u00e5 besk\u00e6ring og vil producere ekstra fedtknopper, n\u00e5r blomstringen begynder.<\/p>\n<h3>Smak<\/h3>\n<p>En meget raffineret fyrretr\u00e6s citrus smag med en baggrund af diesel og br\u00e6ndstof.\u00a0Hendes smag bliver en blanding af gas og citron, der understreges endnu mere ved ud\u00e5ndingen.\u00a0Fans af Kush vil snart have denne stamme i deres top 3, n\u00e5r det kommer til smag.<\/p>\n<\/div>\n<\/div>\n<\/div>","protected":false},"excerpt":{"rendered":"<p><strong>Ekstremt potent.\u00a0<\/strong>En st\u00e6rk sofa-lock-effekt, ideel til ivrige forbrugere og Indica-elskere. <strong>\u00a0<\/strong>Supert\u00e6tte knopper med gennembl\u00f8dt i harpiks, nu i autoversion<\/p>\n<p><strong>Massive udbytter.\u00a0<\/strong>Op til 600gr \/ m2 og klar til h\u00f8st p\u00e5 bare 70 dage.<\/p>\n<p>&nbsp;<\/p>\n<p>&nbsp;<\/p>","protected":false},"featured_media":47532,"template":"","meta":{"_acf_changed":false},"product_brand":[],"product_cat":[845,813,814,1739,839,812,893,840,815,842],"product_tag":[],"class_list":{"0":"post-24153","1":"product","2":"type-product","3":"status-publish","4":"has-post-thumbnail","6":"product_cat-50-indica-50-sativa","7":"product_cat-60-65-dage","8":"product_cat-65-70-dage","9":"product_cat-alle-froe","10":"product_cat-autoblomstrende","11":"product_cat-blomstring-periode","12":"product_cat-fastbuds-seeds","13":"product_cat-indendoers-autoblomstrende","14":"product_cat-producenter-a-z","15":"product_cat-udendoers-autoblomstrende","16":"pa_antal-1-stk","17":"pa_antal-3-stk","18":"pa_antal-5-stk","19":"pa_blomst-type-autoblomstrende","20":"pa_blomstringstid-60-65-dage","21":"pa_blomstringstid-65-70-dage","22":"pa_indica-sativa-sativa-dominant","23":"pa_thc-20-25","24":"pa_udbytte-medium","25":"pa_udbytte-stort","27":"first","28":"instock","29":"taxable","30":"shipping-taxable","31":"purchasable","32":"product-type-variable","33":"wvs-archive-product-wrapper"},"acf":[],"yoast_head":"<!-- This site is optimized with the Yoast SEO plugin v26.9 - https:\/\/yoast.com\/product\/yoast-seo-wordpress\/ -->\n<title>Gorilla Auto - Fast Buds - Superseeds.dk<\/title>\n<meta name=\"robots\" content=\"index, follow, max-snippet:-1, max-image-preview:large, max-video-preview:-1\" \/>\n<link rel=\"canonical\" href=\"https:\/\/superseeds.dk\/no\/produkt\/gorilla-glue-auto-fast-buds\/\" \/>\n<meta property=\"og:locale\" content=\"nb_NO\" \/>\n<meta property=\"og:type\" content=\"article\" \/>\n<meta property=\"og:title\" content=\"Gorilla Auto - Fast Buds - Superseeds.dk\" \/>\n<meta property=\"og:description\" content=\"Ekstremt potent.\u00a0En st\u00e6rk sofa-lock-effekt, ideel til ivrige forbrugere og Indica-elskere. \u00a0Supert\u00e6tte knopper med gennembl\u00f8dt i harpiks, nu i autoversion  Massive udbytter.\u00a0Op til 600gr \/ m2 og klar til h\u00f8st p\u00e5 bare 70 dage.  &nbsp;  &nbsp;\" \/>\n<meta property=\"og:url\" content=\"https:\/\/superseeds.dk\/no\/produkt\/gorilla-glue-auto-fast-buds\/\" \/>\n<meta property=\"og:site_name\" content=\"Superseeds.dk\" \/>\n<meta property=\"article:modified_time\" content=\"2024-03-15T13:04:21+00:00\" \/>\n<meta property=\"og:image\" content=\"https:\/\/super-seeds.se\/wp-content\/uploads\/2021\/01\/gorilla-auto.png\" \/>\n\t<meta property=\"og:image:width\" content=\"552\" \/>\n\t<meta property=\"og:image:height\" content=\"711\" \/>\n\t<meta property=\"og:image:type\" content=\"image\/png\" \/>\n<meta name=\"twitter:card\" content=\"summary_large_image\" \/>\n<meta name=\"twitter:label1\" content=\"Ansl. lesetid\" \/>\n\t<meta name=\"twitter:data1\" content=\"4 minutter\" \/>\n<script type=\"application\/ld+json\" class=\"yoast-schema-graph\">{\"@context\":\"https:\/\/schema.org\",\"@graph\":[{\"@type\":\"WebPage\",\"@id\":\"https:\/\/superseeds.dk\/vare\/gorilla-glue-auto-fast-buds\/\",\"url\":\"https:\/\/superseeds.dk\/vare\/gorilla-glue-auto-fast-buds\/\",\"name\":\"Gorilla Auto - Fast Buds - Superseeds.dk\",\"isPartOf\":{\"@id\":\"https:\/\/super-seeds.se\/#website\"},\"primaryImageOfPage\":{\"@id\":\"https:\/\/superseeds.dk\/vare\/gorilla-glue-auto-fast-buds\/#primaryimage\"},\"image\":{\"@id\":\"https:\/\/superseeds.dk\/vare\/gorilla-glue-auto-fast-buds\/#primaryimage\"},\"thumbnailUrl\":\"https:\/\/superseeds.dk\/wp-content\/uploads\/2021\/01\/gorilla-auto.png\",\"datePublished\":\"2021-01-24T20:59:58+00:00\",\"dateModified\":\"2024-03-15T13:04:21+00:00\",\"breadcrumb\":{\"@id\":\"https:\/\/superseeds.dk\/vare\/gorilla-glue-auto-fast-buds\/#breadcrumb\"},\"inLanguage\":\"nb-NO\",\"potentialAction\":[{\"@type\":\"ReadAction\",\"target\":[\"https:\/\/superseeds.dk\/vare\/gorilla-glue-auto-fast-buds\/\"]}]},{\"@type\":\"ImageObject\",\"inLanguage\":\"nb-NO\",\"@id\":\"https:\/\/superseeds.dk\/vare\/gorilla-glue-auto-fast-buds\/#primaryimage\",\"url\":\"https:\/\/superseeds.dk\/wp-content\/uploads\/2021\/01\/gorilla-auto.png\",\"contentUrl\":\"https:\/\/superseeds.dk\/wp-content\/uploads\/2021\/01\/gorilla-auto.png\",\"width\":552,\"height\":711},{\"@type\":\"BreadcrumbList\",\"@id\":\"https:\/\/superseeds.dk\/vare\/gorilla-glue-auto-fast-buds\/#breadcrumb\",\"itemListElement\":[{\"@type\":\"ListItem\",\"position\":1,\"name\":\"Hjem\",\"item\":\"https:\/\/superseeds.dk\/\"},{\"@type\":\"ListItem\",\"position\":2,\"name\":\"Shop\",\"item\":\"https:\/\/superseeds.dk\/no\/butikk\/\"},{\"@type\":\"ListItem\",\"position\":3,\"name\":\"Gorilla Auto &#8211; Fast Buds\"}]},{\"@type\":\"WebSite\",\"@id\":\"https:\/\/super-seeds.se\/#website\",\"url\":\"https:\/\/super-seeds.se\/\",\"name\":\"Superseeds.dk\",\"description\":\"\",\"publisher\":{\"@id\":\"https:\/\/super-seeds.se\/#organization\"},\"potentialAction\":[{\"@type\":\"SearchAction\",\"target\":{\"@type\":\"EntryPoint\",\"urlTemplate\":\"https:\/\/super-seeds.se\/?s={search_term_string}\"},\"query-input\":{\"@type\":\"PropertyValueSpecification\",\"valueRequired\":true,\"valueName\":\"search_term_string\"}}],\"inLanguage\":\"nb-NO\"},{\"@type\":\"Organization\",\"@id\":\"https:\/\/super-seeds.se\/#organization\",\"name\":\"Superseeds.dk\",\"url\":\"https:\/\/super-seeds.se\/\",\"logo\":{\"@type\":\"ImageObject\",\"inLanguage\":\"nb-NO\",\"@id\":\"https:\/\/super-seeds.se\/#\/schema\/logo\/image\/\",\"url\":\"https:\/\/superseeds.dk\/wp-content\/uploads\/2025\/09\/logo-superseeds.png\",\"contentUrl\":\"https:\/\/superseeds.dk\/wp-content\/uploads\/2025\/09\/logo-superseeds.png\",\"width\":180,\"height\":160,\"caption\":\"Superseeds.dk\"},\"image\":{\"@id\":\"https:\/\/super-seeds.se\/#\/schema\/logo\/image\/\"}}]}<\/script>\n<!-- \/ Yoast SEO plugin. -->","yoast_head_json":{"title":"Gorilla Auto - Fast Buds - Superseeds.dk","robots":{"index":"index","follow":"follow","max-snippet":"max-snippet:-1","max-image-preview":"max-image-preview:large","max-video-preview":"max-video-preview:-1"},"canonical":"https:\/\/superseeds.dk\/no\/produkt\/gorilla-glue-auto-fast-buds\/","og_locale":"nb_NO","og_type":"article","og_title":"Gorilla Auto - Fast Buds - Superseeds.dk","og_description":"Ekstremt potent.\u00a0En st\u00e6rk sofa-lock-effekt, ideel til ivrige forbrugere og Indica-elskere. \u00a0Supert\u00e6tte knopper med gennembl\u00f8dt i harpiks, nu i autoversion  Massive udbytter.\u00a0Op til 600gr \/ m2 og klar til h\u00f8st p\u00e5 bare 70 dage.  &nbsp;  &nbsp;","og_url":"https:\/\/superseeds.dk\/no\/produkt\/gorilla-glue-auto-fast-buds\/","og_site_name":"Superseeds.dk","article_modified_time":"2024-03-15T13:04:21+00:00","og_image":[{"width":552,"height":711,"url":"https:\/\/super-seeds.se\/wp-content\/uploads\/2021\/01\/gorilla-auto.png","type":"image\/png"}],"twitter_card":"summary_large_image","twitter_misc":{"Ansl. lesetid":"4 minutter"},"schema":{"@context":"https:\/\/schema.org","@graph":[{"@type":"WebPage","@id":"https:\/\/superseeds.dk\/vare\/gorilla-glue-auto-fast-buds\/","url":"https:\/\/superseeds.dk\/vare\/gorilla-glue-auto-fast-buds\/","name":"Gorilla Auto - Fast Buds - Superseeds.dk","isPartOf":{"@id":"https:\/\/super-seeds.se\/#website"},"primaryImageOfPage":{"@id":"https:\/\/superseeds.dk\/vare\/gorilla-glue-auto-fast-buds\/#primaryimage"},"image":{"@id":"https:\/\/superseeds.dk\/vare\/gorilla-glue-auto-fast-buds\/#primaryimage"},"thumbnailUrl":"https:\/\/superseeds.dk\/wp-content\/uploads\/2021\/01\/gorilla-auto.png","datePublished":"2021-01-24T20:59:58+00:00","dateModified":"2024-03-15T13:04:21+00:00","breadcrumb":{"@id":"https:\/\/superseeds.dk\/vare\/gorilla-glue-auto-fast-buds\/#breadcrumb"},"inLanguage":"nb-NO","potentialAction":[{"@type":"ReadAction","target":["https:\/\/superseeds.dk\/vare\/gorilla-glue-auto-fast-buds\/"]}]},{"@type":"ImageObject","inLanguage":"nb-NO","@id":"https:\/\/superseeds.dk\/vare\/gorilla-glue-auto-fast-buds\/#primaryimage","url":"https:\/\/superseeds.dk\/wp-content\/uploads\/2021\/01\/gorilla-auto.png","contentUrl":"https:\/\/superseeds.dk\/wp-content\/uploads\/2021\/01\/gorilla-auto.png","width":552,"height":711},{"@type":"BreadcrumbList","@id":"https:\/\/superseeds.dk\/vare\/gorilla-glue-auto-fast-buds\/#breadcrumb","itemListElement":[{"@type":"ListItem","position":1,"name":"Hjem","item":"https:\/\/superseeds.dk\/"},{"@type":"ListItem","position":2,"name":"Shop","item":"https:\/\/superseeds.dk\/no\/butikk\/"},{"@type":"ListItem","position":3,"name":"Gorilla Auto &#8211; Fast Buds"}]},{"@type":"WebSite","@id":"https:\/\/super-seeds.se\/#website","url":"https:\/\/super-seeds.se\/","name":"Superseeds.com","description":"","publisher":{"@id":"https:\/\/super-seeds.se\/#organization"},"potentialAction":[{"@type":"SearchAction","target":{"@type":"EntryPoint","urlTemplate":"https:\/\/super-seeds.se\/?s={search_term_string}"},"query-input":{"@type":"PropertyValueSpecification","valueRequired":true,"valueName":"search_term_string"}}],"inLanguage":"nb-NO"},{"@type":"Organization","@id":"https:\/\/super-seeds.se\/#organization","name":"Superseeds.com","url":"https:\/\/super-seeds.se\/","logo":{"@type":"ImageObject","inLanguage":"nb-NO","@id":"https:\/\/super-seeds.se\/#\/schema\/logo\/image\/","url":"https:\/\/superseeds.dk\/wp-content\/uploads\/2025\/09\/logo-superseeds.png","contentUrl":"https:\/\/superseeds.dk\/wp-content\/uploads\/2025\/09\/logo-superseeds.png","width":180,"height":160,"caption":"Superseeds.dk"},"image":{"@id":"https:\/\/super-seeds.se\/#\/schema\/logo\/image\/"}}]}},"df_price":75,"df_sale_price":"","df_regular_price":75,"df_image_link":"https:\/\/superseeds.dk\/wp-content\/uploads\/2021\/01\/gorilla-auto.png","_links":{"self":[{"href":"https:\/\/superseeds.dk\/no\/wp-json\/wp\/v2\/product\/24153","targetHints":{"allow":["GET"]}}],"collection":[{"href":"https:\/\/superseeds.dk\/no\/wp-json\/wp\/v2\/product"}],"about":[{"href":"https:\/\/superseeds.dk\/no\/wp-json\/wp\/v2\/types\/product"}],"wp:featuredmedia":[{"embeddable":true,"href":"https:\/\/superseeds.dk\/no\/wp-json\/wp\/v2\/media\/47532"}],"wp:attachment":[{"href":"https:\/\/superseeds.dk\/no\/wp-json\/wp\/v2\/media?parent=24153"}],"wp:term":[{"taxonomy":"product_brand","embeddable":true,"href":"https:\/\/superseeds.dk\/no\/wp-json\/wp\/v2\/product_brand?post=24153"},{"taxonomy":"product_cat","embeddable":true,"href":"https:\/\/superseeds.dk\/no\/wp-json\/wp\/v2\/product_cat?post=24153"},{"taxonomy":"product_tag","embeddable":true,"href":"https:\/\/superseeds.dk\/no\/wp-json\/wp\/v2\/product_tag?post=24153"}],"curies":[{"name":"wp","href":"https:\/\/api.w.org\/{rel}","templated":true}]}}