{"id":24139,"date":"2021-01-18T16:33:07","date_gmt":"2021-01-18T15:33:07","guid":{"rendered":"https:\/\/superseeds.dk\/vare\/lemon-pie-fast-buds\/"},"modified":"2023-11-23T13:35:54","modified_gmt":"2023-11-23T12:35:54","slug":"lemon-pie-fast-buds","status":"publish","type":"product","link":"https:\/\/superseeds.dk\/no\/produkt\/lemon-pie-fast-buds\/","title":{"rendered":"Lemon Pie Auto - Raske knopper"},"content":{"rendered":"<div class=\"tech\">\n<h2 class=\"ttl_3\">Tekniske specifikationer<\/h2>\n<div class=\"tbl\">\n<table>\n<tbody>\n<tr>\n<th><i class=\"ptaste icparam\"><\/i>\u00a0Smak<\/th>\n<td>Citron, dej, s\u00f8d, fyr<\/td>\n<\/tr>\n<tr>\n<th><i class=\"pthc icparam\"><\/i>\u00a0THC<\/th>\n<td>Op til 24%<\/td>\n<\/tr>\n<tr>\n<th><i class=\"pcbd icparam\"><\/i>\u00a0CBD<\/th>\n<td>&lt;1%<\/td>\n<\/tr>\n<tr>\n<th><i class=\"pharvest_eu_indoor icparam\"><\/i>\u00a0H\u00f8st EU indend\u00f8rs<\/th>\n<td>450 &#8211; 550 gr \/ m2<\/td>\n<\/tr>\n<tr>\n<th><\/th>\n<td><\/td>\n<\/tr>\n<tr>\n<th><i class=\"pharvest_eu_outdoor icparam\"><\/i>\u00a0H\u00f8st EU udend\u00f8rs<\/th>\n<td>50 &#8211; 170 gr \/ plante<\/td>\n<\/tr>\n<tr>\n<th><\/th>\n<td><\/td>\n<\/tr>\n<tr>\n<th><i class=\"psize icparam\"><\/i>\u00a0St\u00f8rrelse<\/th>\n<td>XL<\/td>\n<\/tr>\n<tr>\n<th><i class=\"pheight_eu icparam\"><\/i>\u00a0H\u00f8yde<\/th>\n<td>80 &#8211; 100 cm<\/td>\n<\/tr>\n<tr>\n<th><\/th>\n<td><\/td>\n<\/tr>\n<tr>\n<th><i class=\"pflowering icparam\"><\/i>\u00a0Blomstrende<\/th>\n<td>8-9 uker<\/td>\n<\/tr>\n<tr>\n<th><i class=\"proom icparam\"><\/i>\u00a0V\u00e6relse<\/th>\n<td>Indend\u00f8rs udend\u00f8rs<\/td>\n<\/tr>\n<tr>\n<th><i class=\"pgender icparam\"><\/i>\u00a0K\u00f8n<\/th>\n<td>Feminiseret<\/td>\n<\/tr>\n<tr>\n<th><i class=\"pgen_sativa_indica icparam\"><\/i>\u00a0Gener<\/th>\n<td>Sativa 50% \/ Indica 50%<\/td>\n<\/tr>\n<tr>\n<th><i class=\"pgenetic icparam\"><\/i>\u00a0Genetikk<\/th>\n<td>Citron Pie Auto<\/td>\n<\/tr>\n<tr>\n<th><i class=\"pautoflowering icparam\"><\/i>\u00a0Autoflowering<\/th>\n<td>Ja<\/td>\n<\/tr>\n<\/tbody>\n<\/table>\n<\/div>\n<\/div>\n<p><a name=\"description\"><\/a><\/p>\n<div class=\"sl_description\">\n<div class=\"content\">\n<h2 class=\"ttl_3\">Beskrivelse<\/h2>\n<div class=\"vimeo_video\">\n<div class=\"wframe\">\n<div><\/div>\n<\/div>\n<\/div>\n<div class=\"short\">En Indica-dominerende hybrid, der er utrolig let at dyrke og meget modstandsdygtig, velegnet til nye og erfarne avlere, der med ikke meget indsats vil blive bel\u00f8nnet med imponerende 24% THC-pakket farverige knopper med r\u00f8de og lyser\u00f8de h\u00f8jdepunkter ledsaget af lys orange og hvid pistiller, der skiller sig ud langt v\u00e6k.\u00a0Giver en kraftfuld, men ikke overv\u00e6ldende h\u00f8j, der kommer h\u00e5nd i h\u00e5nd med en unik, ekstremt l\u00e6kker s\u00f8d og dejagtig citrus fyr-sol-lugt.\u00a0Lemon Pie Auto fungerer exceptionelt godt indend\u00f8rs og udend\u00f8rs, hvor det anbefales at dyrke i st\u00f8rre potter for at lade hende vise sit fulde potentiale;\u00a0v\u00e6re i stand til at give op til 550 gr \/ m2 p\u00e5 omkring 8 uger.\u00a0De ekstremt t\u00e6tte og klumpede knopper vil lade dig forbl\u00f8ffet over den overdrevne harpiksproduktion, der f\u00e5r det til at se ud som om de er helt begravet i det,\u00a0perfekt til folk p\u00e5 udkig efter styrke og god smag, mens de har en afbalanceret cerebral og kropseffekt, der vil gl\u00e6de selv de mere erfarne avlere.\u00a0Anbefales ogs\u00e5 til udsugere p\u00e5 udkig efter terpener, der vil fange dine smagsl\u00f8g.<\/div>\n<div class=\"desc\">\n<h3>Budbeskrivelse<\/h3>\n<p>Lemon Pie Auto producerer smukke lysegr\u00f8nne knopper med gule og i nogle tilf\u00e6lde let r\u00f8de eller lyser\u00f8de nuancer.\u00a0Hendes knopper ser n\u00e6sten helt hvide ud p\u00e5 grund af overskuddet af harpiks, hvilket undertiden endda g\u00f8r det sv\u00e6rt at se andet end de lys orange og hvide h\u00e5r.<\/p>\n<h3>R\u00f8grapport<\/h3>\n<p>Virkningerne vil v\u00e6re en rigtig god blanding af b\u00e5de krops- og hjernevirkninger.\u00a0Det starter som et behageligt opl\u00f8ftende hoved h\u00f8jt, der efterlader dig opm\u00e6rksom, mens du ogs\u00e5 afslapper din krop dybt uden en st\u00e6rk beroligende eller sofabl\u00e5sende effekt, perfekt til at lindre fysisk smerte, mens du ogs\u00e5 forbliver aktiv.<\/p>\n<h3>Planteudseende<\/h3>\n<p>Denne sort vokser til en h\u00f8j hovedkola med flere sidegrener indhyllet i lysegr\u00f8nne mellemstore tykke knopper, der er helt begravet i harpiks med ikke s\u00e5 lange lys orange og hvide pistiller.\u00a0De tykke knopper, der d\u00e6kker alle grene og hovedkola, vil ende med et ret h\u00f8jt udbytte og v\u00e6re i stand til at producere op til 550gr \/ m2.\u00a0I mange tilf\u00e6lde producerer denne cultivar lyser\u00f8de r\u00f8dlige nuancer p\u00e5 knopperne, ved at skylle ordentligt kan du sprede de smukke farver overalt i planten, hvilket giver den utroligt flotte detaljer.<\/p>\n<div class=\"pack_desc\"><img decoding=\"async\" class=\"pk1\" src=\"https:\/\/2fast4buds.com\/src\/seeds\/images\/en_pack_desc_front.jpg?v2\" alt=\"Pak foran\" \/><img decoding=\"async\" class=\"pk2\" src=\"https:\/\/2fast4buds.com\/src\/seeds\/images\/pack_desc_seed.jpg?v2\" alt=\"Pak fr\u00f8\" \/><img decoding=\"async\" class=\"pk3\" src=\"https:\/\/2fast4buds.com\/src\/seeds\/images\/en_pack_desc_back.jpg?v2\" alt=\"Pak tilbage\" \/><\/div>\n<h3>Grow Tips<\/h3>\n<p>En samlet plante, der er let at dyrke, fantastisk til alle avlere, is\u00e6r nye.\u00a0Denne plante kr\u00e6ver lav vedligeholdelse og er meget modstandsdygtig over for skadedyr og skimmelsvamp.\u00a0P\u00e5 grund af at hendes grene er fulde af t\u00e6tte knopper, er det et godt valg at udf\u00f8re LST-teknikker for at forbedre udbyttet og kvaliteten af \u200b\u200bde allerede utrolige knopper.\u00a0Husk altid at holde passende pH-niveauer for autoflowers, dette vil sikre, at din plante absorberer n\u00e6ringsstoffer ordentligt og hj\u00e6lper med at undg\u00e5 problemer.\u00a0Hvis du dyrker udend\u00f8rs anbefales det at bruge 15 l potter og op for at sikre, at planten udvikler sig fuldt ud, hvilket resulterer i t\u00e6ttere knopper og st\u00f8rre udbytter.\u00a0Det er obligatorisk at skylle denne sort mindst den sidste uge f\u00f8r h\u00f8st for at f\u00e5 de \u00e6gte smag og aroma til at komme ud.<\/p>\n<h3>Smak<\/h3>\n<p>Hendes smag kan beskrives som en skarp citrondeg.\u00a0En frisk blanding af citrus og br\u00e6ndstof, der kommer h\u00e5nd i h\u00e5nd med en meget s\u00f8d t\u00e6rte og cremet lugt.\u00a0Det vil have en urteagtig, citrus og skarp skunky smag ved ind\u00e5ndingen og en dejlig fyrretr\u00e6s aroma med en knivspids kanel p\u00e5 ud\u00e5ndingen, der lader hele rummet lugte l\u00e6kkert.<\/p>\n<\/div>\n<\/div>\n<\/div>","protected":false},"excerpt":{"rendered":"<p><strong>Hele 24% THC! <\/strong>En af vores seneste kreationer,\u00a0 flere \u00e5rs udvikling resulterede i en s\u00f8d og sur og ekstremt potent stamme.<\/p>\n<p><strong> 56-63 dages hurtig blomstring. <\/strong>Denne stamme kan producere 550gr \/ m2 vanvittigt harpiksagtige blomster p\u00e5\u00a0 dage. Den unikke terpenprofil af skunk, citrus og s\u00f8d t\u00e6rte giver de mest l\u00e6kre ekstrakter.<\/p>","protected":false},"featured_media":34141,"template":"","meta":{"_acf_changed":false},"product_brand":[],"product_cat":[845,813,1739,839,812,893,840,815,842,827],"product_tag":[],"class_list":{"0":"post-24139","1":"product","2":"type-product","3":"status-publish","4":"has-post-thumbnail","6":"product_cat-50-indica-50-sativa","7":"product_cat-60-65-dage","8":"product_cat-alle-froe","9":"product_cat-autoblomstrende","10":"product_cat-blomstring-periode","11":"product_cat-fastbuds-seeds","12":"product_cat-indendoers-autoblomstrende","13":"product_cat-producenter-a-z","14":"product_cat-udendoers-autoblomstrende","15":"product_cat-under-60-dage","16":"pa_antal-1-stk","17":"pa_antal-3-stk","18":"pa_antal-5-stk","19":"pa_blomst-type-autoblomstrende","20":"pa_blomstringstid-under-60-dage","21":"pa_blomstringstid-60-65-dage","22":"pa_indica-sativa-hybrid-50","23":"pa_thc-20-25","24":"pa_udbytte-medium","25":"pa_udbytte-stort","27":"first","28":"instock","29":"taxable","30":"shipping-taxable","31":"purchasable","32":"product-type-variable","33":"wvs-archive-product-wrapper"},"acf":[],"yoast_head":"<!-- This site is optimized with the Yoast SEO plugin v26.9 - https:\/\/yoast.com\/product\/yoast-seo-wordpress\/ -->\n<title>Lemon Pie Auto - Fast Buds - Superseeds.dk<\/title>\n<meta name=\"robots\" content=\"index, follow, max-snippet:-1, max-image-preview:large, max-video-preview:-1\" \/>\n<link rel=\"canonical\" href=\"https:\/\/superseeds.dk\/no\/produkt\/lemon-pie-fast-buds\/\" \/>\n<meta property=\"og:locale\" content=\"nb_NO\" \/>\n<meta property=\"og:type\" content=\"article\" \/>\n<meta property=\"og:title\" content=\"Lemon Pie Auto - Fast Buds - Superseeds.dk\" \/>\n<meta property=\"og:description\" content=\"Hele 24% THC! En af vores seneste kreationer,\u00a0 flere \u00e5rs udvikling resulterede i en s\u00f8d og sur og ekstremt potent stamme.   56-63 dages hurtig blomstring. Denne stamme kan producere 550gr \/ m2 vanvittigt harpiksagtige blomster p\u00e5\u00a0 dage. Den unikke terpenprofil af skunk, citrus og s\u00f8d t\u00e6rte giver de mest l\u00e6kre ekstrakter.\" \/>\n<meta property=\"og:url\" content=\"https:\/\/superseeds.dk\/no\/produkt\/lemon-pie-fast-buds\/\" \/>\n<meta property=\"og:site_name\" content=\"Superseeds.dk\" \/>\n<meta property=\"article:modified_time\" content=\"2023-11-23T12:35:54+00:00\" \/>\n<meta property=\"og:image\" content=\"https:\/\/superseeds.dk\/wp-content\/uploads\/2021\/01\/lemon-pie-auto-fast-buds.jpg\" \/>\n\t<meta property=\"og:image:width\" content=\"556\" \/>\n\t<meta property=\"og:image:height\" content=\"729\" \/>\n\t<meta property=\"og:image:type\" content=\"image\/jpeg\" \/>\n<meta name=\"twitter:card\" content=\"summary_large_image\" \/>\n<meta name=\"twitter:label1\" content=\"Ansl. lesetid\" \/>\n\t<meta name=\"twitter:data1\" content=\"4 minutter\" \/>\n<script type=\"application\/ld+json\" class=\"yoast-schema-graph\">{\"@context\":\"https:\/\/schema.org\",\"@graph\":[{\"@type\":\"WebPage\",\"@id\":\"https:\/\/superseeds.dk\/vare\/lemon-pie-fast-buds\/\",\"url\":\"https:\/\/superseeds.dk\/vare\/lemon-pie-fast-buds\/\",\"name\":\"Lemon Pie Auto - Fast Buds - Superseeds.dk\",\"isPartOf\":{\"@id\":\"https:\/\/super-seeds.se\/#website\"},\"primaryImageOfPage\":{\"@id\":\"https:\/\/superseeds.dk\/vare\/lemon-pie-fast-buds\/#primaryimage\"},\"image\":{\"@id\":\"https:\/\/superseeds.dk\/vare\/lemon-pie-fast-buds\/#primaryimage\"},\"thumbnailUrl\":\"https:\/\/superseeds.dk\/wp-content\/uploads\/2021\/01\/lemon-pie-auto-fast-buds.jpg\",\"datePublished\":\"2021-01-18T15:33:07+00:00\",\"dateModified\":\"2023-11-23T12:35:54+00:00\",\"breadcrumb\":{\"@id\":\"https:\/\/superseeds.dk\/vare\/lemon-pie-fast-buds\/#breadcrumb\"},\"inLanguage\":\"nb-NO\",\"potentialAction\":[{\"@type\":\"ReadAction\",\"target\":[\"https:\/\/superseeds.dk\/vare\/lemon-pie-fast-buds\/\"]}]},{\"@type\":\"ImageObject\",\"inLanguage\":\"nb-NO\",\"@id\":\"https:\/\/superseeds.dk\/vare\/lemon-pie-fast-buds\/#primaryimage\",\"url\":\"https:\/\/superseeds.dk\/wp-content\/uploads\/2021\/01\/lemon-pie-auto-fast-buds.jpg\",\"contentUrl\":\"https:\/\/superseeds.dk\/wp-content\/uploads\/2021\/01\/lemon-pie-auto-fast-buds.jpg\",\"width\":556,\"height\":729},{\"@type\":\"BreadcrumbList\",\"@id\":\"https:\/\/superseeds.dk\/vare\/lemon-pie-fast-buds\/#breadcrumb\",\"itemListElement\":[{\"@type\":\"ListItem\",\"position\":1,\"name\":\"Hjem\",\"item\":\"https:\/\/superseeds.dk\/\"},{\"@type\":\"ListItem\",\"position\":2,\"name\":\"Shop\",\"item\":\"https:\/\/superseeds.dk\/no\/butikk\/\"},{\"@type\":\"ListItem\",\"position\":3,\"name\":\"Lemon Pie Auto &#8211; Fast Buds\"}]},{\"@type\":\"WebSite\",\"@id\":\"https:\/\/super-seeds.se\/#website\",\"url\":\"https:\/\/super-seeds.se\/\",\"name\":\"Superseeds.dk\",\"description\":\"\",\"publisher\":{\"@id\":\"https:\/\/super-seeds.se\/#organization\"},\"potentialAction\":[{\"@type\":\"SearchAction\",\"target\":{\"@type\":\"EntryPoint\",\"urlTemplate\":\"https:\/\/super-seeds.se\/?s={search_term_string}\"},\"query-input\":{\"@type\":\"PropertyValueSpecification\",\"valueRequired\":true,\"valueName\":\"search_term_string\"}}],\"inLanguage\":\"nb-NO\"},{\"@type\":\"Organization\",\"@id\":\"https:\/\/super-seeds.se\/#organization\",\"name\":\"Superseeds.dk\",\"url\":\"https:\/\/super-seeds.se\/\",\"logo\":{\"@type\":\"ImageObject\",\"inLanguage\":\"nb-NO\",\"@id\":\"https:\/\/super-seeds.se\/#\/schema\/logo\/image\/\",\"url\":\"https:\/\/superseeds.dk\/wp-content\/uploads\/2025\/09\/logo-superseeds.png\",\"contentUrl\":\"https:\/\/superseeds.dk\/wp-content\/uploads\/2025\/09\/logo-superseeds.png\",\"width\":180,\"height\":160,\"caption\":\"Superseeds.dk\"},\"image\":{\"@id\":\"https:\/\/super-seeds.se\/#\/schema\/logo\/image\/\"}}]}<\/script>\n<!-- \/ Yoast SEO plugin. -->","yoast_head_json":{"title":"Lemon Pie Auto - Fast Buds - Superseeds.dk","robots":{"index":"index","follow":"follow","max-snippet":"max-snippet:-1","max-image-preview":"max-image-preview:large","max-video-preview":"max-video-preview:-1"},"canonical":"https:\/\/superseeds.dk\/no\/produkt\/lemon-pie-fast-buds\/","og_locale":"nb_NO","og_type":"article","og_title":"Lemon Pie Auto - Fast Buds - Superseeds.dk","og_description":"Hele 24% THC! En af vores seneste kreationer,\u00a0 flere \u00e5rs udvikling resulterede i en s\u00f8d og sur og ekstremt potent stamme.   56-63 dages hurtig blomstring. Denne stamme kan producere 550gr \/ m2 vanvittigt harpiksagtige blomster p\u00e5\u00a0 dage. Den unikke terpenprofil af skunk, citrus og s\u00f8d t\u00e6rte giver de mest l\u00e6kre ekstrakter.","og_url":"https:\/\/superseeds.dk\/no\/produkt\/lemon-pie-fast-buds\/","og_site_name":"Superseeds.dk","article_modified_time":"2023-11-23T12:35:54+00:00","og_image":[{"width":556,"height":729,"url":"https:\/\/superseeds.dk\/wp-content\/uploads\/2021\/01\/lemon-pie-auto-fast-buds.jpg","type":"image\/jpeg"}],"twitter_card":"summary_large_image","twitter_misc":{"Ansl. lesetid":"4 minutter"},"schema":{"@context":"https:\/\/schema.org","@graph":[{"@type":"WebPage","@id":"https:\/\/superseeds.dk\/vare\/lemon-pie-fast-buds\/","url":"https:\/\/superseeds.dk\/vare\/lemon-pie-fast-buds\/","name":"Lemon Pie Auto - Fast Buds - Superseeds.dk","isPartOf":{"@id":"https:\/\/super-seeds.se\/#website"},"primaryImageOfPage":{"@id":"https:\/\/superseeds.dk\/vare\/lemon-pie-fast-buds\/#primaryimage"},"image":{"@id":"https:\/\/superseeds.dk\/vare\/lemon-pie-fast-buds\/#primaryimage"},"thumbnailUrl":"https:\/\/superseeds.dk\/wp-content\/uploads\/2021\/01\/lemon-pie-auto-fast-buds.jpg","datePublished":"2021-01-18T15:33:07+00:00","dateModified":"2023-11-23T12:35:54+00:00","breadcrumb":{"@id":"https:\/\/superseeds.dk\/vare\/lemon-pie-fast-buds\/#breadcrumb"},"inLanguage":"nb-NO","potentialAction":[{"@type":"ReadAction","target":["https:\/\/superseeds.dk\/vare\/lemon-pie-fast-buds\/"]}]},{"@type":"ImageObject","inLanguage":"nb-NO","@id":"https:\/\/superseeds.dk\/vare\/lemon-pie-fast-buds\/#primaryimage","url":"https:\/\/superseeds.dk\/wp-content\/uploads\/2021\/01\/lemon-pie-auto-fast-buds.jpg","contentUrl":"https:\/\/superseeds.dk\/wp-content\/uploads\/2021\/01\/lemon-pie-auto-fast-buds.jpg","width":556,"height":729},{"@type":"BreadcrumbList","@id":"https:\/\/superseeds.dk\/vare\/lemon-pie-fast-buds\/#breadcrumb","itemListElement":[{"@type":"ListItem","position":1,"name":"Hjem","item":"https:\/\/superseeds.dk\/"},{"@type":"ListItem","position":2,"name":"Shop","item":"https:\/\/superseeds.dk\/no\/butikk\/"},{"@type":"ListItem","position":3,"name":"Lemon Pie Auto &#8211; Fast Buds"}]},{"@type":"WebSite","@id":"https:\/\/super-seeds.se\/#website","url":"https:\/\/super-seeds.se\/","name":"Superseeds.com","description":"","publisher":{"@id":"https:\/\/super-seeds.se\/#organization"},"potentialAction":[{"@type":"SearchAction","target":{"@type":"EntryPoint","urlTemplate":"https:\/\/super-seeds.se\/?s={search_term_string}"},"query-input":{"@type":"PropertyValueSpecification","valueRequired":true,"valueName":"search_term_string"}}],"inLanguage":"nb-NO"},{"@type":"Organization","@id":"https:\/\/super-seeds.se\/#organization","name":"Superseeds.com","url":"https:\/\/super-seeds.se\/","logo":{"@type":"ImageObject","inLanguage":"nb-NO","@id":"https:\/\/super-seeds.se\/#\/schema\/logo\/image\/","url":"https:\/\/superseeds.dk\/wp-content\/uploads\/2025\/09\/logo-superseeds.png","contentUrl":"https:\/\/superseeds.dk\/wp-content\/uploads\/2025\/09\/logo-superseeds.png","width":180,"height":160,"caption":"Superseeds.dk"},"image":{"@id":"https:\/\/super-seeds.se\/#\/schema\/logo\/image\/"}}]}},"df_price":89,"df_sale_price":"","df_regular_price":89,"df_image_link":"https:\/\/superseeds.dk\/wp-content\/uploads\/2021\/01\/lemon-pie-auto-fast-buds.jpg","_links":{"self":[{"href":"https:\/\/superseeds.dk\/no\/wp-json\/wp\/v2\/product\/24139","targetHints":{"allow":["GET"]}}],"collection":[{"href":"https:\/\/superseeds.dk\/no\/wp-json\/wp\/v2\/product"}],"about":[{"href":"https:\/\/superseeds.dk\/no\/wp-json\/wp\/v2\/types\/product"}],"wp:featuredmedia":[{"embeddable":true,"href":"https:\/\/superseeds.dk\/no\/wp-json\/wp\/v2\/media\/34141"}],"wp:attachment":[{"href":"https:\/\/superseeds.dk\/no\/wp-json\/wp\/v2\/media?parent=24139"}],"wp:term":[{"taxonomy":"product_brand","embeddable":true,"href":"https:\/\/superseeds.dk\/no\/wp-json\/wp\/v2\/product_brand?post=24139"},{"taxonomy":"product_cat","embeddable":true,"href":"https:\/\/superseeds.dk\/no\/wp-json\/wp\/v2\/product_cat?post=24139"},{"taxonomy":"product_tag","embeddable":true,"href":"https:\/\/superseeds.dk\/no\/wp-json\/wp\/v2\/product_tag?post=24139"}],"curies":[{"name":"wp","href":"https:\/\/api.w.org\/{rel}","templated":true}]}}