{"id":24035,"date":"2021-01-21T15:18:41","date_gmt":"2021-01-21T14:18:41","guid":{"rendered":"https:\/\/superseeds.dk\/vare\/snow-queen-auto-cph-seeds\/"},"modified":"2023-11-23T13:35:49","modified_gmt":"2023-11-23T12:35:49","slug":"snow-queen-auto-cph-seeds","status":"publish","type":"product","link":"https:\/\/superseeds.dk\/no\/produkt\/snow-queen-auto-cph-seeds\/","title":{"rendered":"Sn\u00f8dronning Auto - CPH Fr\u00f8"},"content":{"rendered":"","protected":false},"excerpt":{"rendered":"<p><strong>Delikat Og Unik Autoblomstrende Skunk Fr\u00f8 Med Frugtsmag<\/strong><\/p>\n<p>Et potent autoflower kryds lavet med en hurtigt og kraftigt Lowryder. Fantastisk intensiv frugtagtig duft, ekstrem hvid og stort harpiks indhold. Et <strong>godt valg for indend\u00f8rs dyrkere, men ogs\u00e5 til udend\u00f8rs og drivhus.<\/strong><\/p>\n<p><strong>Type :<\/strong>\u00a0Feminisert.<br \/>\n<strong>Fotoperiode :<\/strong>\u00a0Autoflower.<br \/>\n<strong>Kultivation :<\/strong>\u00a0Innend\u00f8rs\/utend\u00f8rs.<br \/>\n<strong>Genetikk :<\/strong>\u00a0Secret project x Lowryder<br \/>\n<strong>Effekt :<\/strong>\u00a0Opl\u00f8ftende, kreativ og arbejdsom.<br \/>\n<strong>Medicinsk :<\/strong>\u00a0Hum\u00f8r booster.<br \/>\n<strong>Afkast\/yield (g) :<\/strong>\u00a0500-600 g\/m2.<br \/>\nB<strong>lomstrings tid :<\/strong>\u00a070-80 dage fra fr\u00f8.<br \/>\n<strong>H\u00f8yde innend\u00f8rs :<\/strong>\u00a070-100 cm.<br \/>\n<strong>Smak :<\/strong>\u00a0Let skunk med toner af frugt<br \/>\n<strong>Duft :<\/strong>\u00a0Intensiv frugt, let krydret.<\/p>\n<p><strong>THC :<\/strong>\u00a018%\u00a0<strong>CBD:\u00a0<\/strong>0,5%<\/p>\n<p>&nbsp;<\/p>","protected":false},"featured_media":33947,"template":"","meta":{"_acf_changed":false},"product_brand":[],"product_cat":[1739,839,812,877,840,841,830,815,842],"product_tag":[],"class_list":{"0":"post-24035","1":"product","2":"type-product","3":"status-publish","4":"has-post-thumbnail","6":"product_cat-alle-froe","7":"product_cat-autoblomstrende","8":"product_cat-blomstring-periode","9":"product_cat-cph-seeds","10":"product_cat-indendoers-autoblomstrende","11":"product_cat-indica-dominant-autoblomstrende","12":"product_cat-over-70-dage","13":"product_cat-producenter-a-z","14":"product_cat-udendoers-autoblomstrende","15":"pa_antal-2-stk","16":"pa_antal-10-stk","17":"pa_antal-4-stk","18":"pa_antal-50-stk","19":"pa_antal-100-stk","20":"pa_blomst-type-autoblomstrende","21":"pa_blomstringstid-over-70-dage","22":"pa_indica-878","23":"pa_sativa-879","24":"pa_thc-10-20","25":"pa_udbytte-stort","27":"first","28":"instock","29":"taxable","30":"shipping-taxable","31":"purchasable","32":"product-type-variable","33":"wvs-archive-product-wrapper"},"acf":[],"yoast_head":"<!-- This site is optimized with the Yoast SEO plugin v26.9 - https:\/\/yoast.com\/product\/yoast-seo-wordpress\/ -->\n<title>Snow Queen Auto - CPH Seeds - Superseeds.dk<\/title>\n<meta name=\"robots\" content=\"index, follow, max-snippet:-1, max-image-preview:large, max-video-preview:-1\" \/>\n<link rel=\"canonical\" href=\"https:\/\/superseeds.dk\/no\/produkt\/snow-queen-auto-cph-seeds\/\" \/>\n<meta property=\"og:locale\" content=\"nb_NO\" \/>\n<meta property=\"og:type\" content=\"article\" \/>\n<meta property=\"og:title\" content=\"Snow Queen Auto - CPH Seeds - Superseeds.dk\" \/>\n<meta property=\"og:description\" content=\"Delikat Og Unik Autoblomstrende Skunk Fr\u00f8 Med Frugtsmag  Et potent autoflower kryds lavet med en hurtigt og kraftigt Lowryder. Fantastisk intensiv frugtagtig duft, ekstrem hvid og stort harpiks indhold. Et godt valg for indend\u00f8rs dyrkere, men ogs\u00e5 til udend\u00f8rs og drivhus.  Type :\u00a0Feminiseret. Photoperiode :\u00a0Autoflower. Kultivation :\u00a0Indend\u00f8rs\/udend\u00f8rs. Genetik :\u00a0Secret project x Lowryder Effekt :\u00a0Opl\u00f8ftende, kreativ og arbejdsom. Medicinsk :\u00a0Hum\u00f8r booster. Afkast\/yield (g) :\u00a0500-600 g\/m2. Blomstrings tid :\u00a070-80 dage fra fr\u00f8. H\u00f8jde indend\u00f8rs :\u00a070-100 cm. Smag :\u00a0Let skunk med toner af frugt Duft :\u00a0Intensiv frugt, let krydret.  THC :\u00a018%\u00a0CBD:\u00a00,5%  &nbsp;\" \/>\n<meta property=\"og:url\" content=\"https:\/\/superseeds.dk\/no\/produkt\/snow-queen-auto-cph-seeds\/\" \/>\n<meta property=\"og:site_name\" content=\"Superseeds.dk\" \/>\n<meta property=\"article:modified_time\" content=\"2023-11-23T12:35:49+00:00\" \/>\n<meta property=\"og:image\" content=\"https:\/\/www.dev.www.dev.superseeds.dk\/wp-content\/uploads\/2021\/01\/snow-queen-cph-seeds.jpg\" \/>\n\t<meta property=\"og:image:width\" content=\"768\" \/>\n\t<meta property=\"og:image:height\" content=\"606\" \/>\n\t<meta property=\"og:image:type\" content=\"image\/jpeg\" \/>\n<meta name=\"twitter:card\" content=\"summary_large_image\" \/>\n<script type=\"application\/ld+json\" class=\"yoast-schema-graph\">{\"@context\":\"https:\/\/schema.org\",\"@graph\":[{\"@type\":\"WebPage\",\"@id\":\"https:\/\/superseeds.dk\/vare\/snow-queen-auto-cph-seeds\/\",\"url\":\"https:\/\/superseeds.dk\/vare\/snow-queen-auto-cph-seeds\/\",\"name\":\"Snow Queen Auto - CPH Seeds - Superseeds.dk\",\"isPartOf\":{\"@id\":\"https:\/\/super-seeds.se\/#website\"},\"primaryImageOfPage\":{\"@id\":\"https:\/\/superseeds.dk\/vare\/snow-queen-auto-cph-seeds\/#primaryimage\"},\"image\":{\"@id\":\"https:\/\/superseeds.dk\/vare\/snow-queen-auto-cph-seeds\/#primaryimage\"},\"thumbnailUrl\":\"https:\/\/superseeds.dk\/wp-content\/uploads\/2021\/01\/snow-queen-cph-seeds.jpg\",\"datePublished\":\"2021-01-21T14:18:41+00:00\",\"dateModified\":\"2023-11-23T12:35:49+00:00\",\"breadcrumb\":{\"@id\":\"https:\/\/superseeds.dk\/vare\/snow-queen-auto-cph-seeds\/#breadcrumb\"},\"inLanguage\":\"nb-NO\",\"potentialAction\":[{\"@type\":\"ReadAction\",\"target\":[\"https:\/\/superseeds.dk\/vare\/snow-queen-auto-cph-seeds\/\"]}]},{\"@type\":\"ImageObject\",\"inLanguage\":\"nb-NO\",\"@id\":\"https:\/\/superseeds.dk\/vare\/snow-queen-auto-cph-seeds\/#primaryimage\",\"url\":\"https:\/\/superseeds.dk\/wp-content\/uploads\/2021\/01\/snow-queen-cph-seeds.jpg\",\"contentUrl\":\"https:\/\/superseeds.dk\/wp-content\/uploads\/2021\/01\/snow-queen-cph-seeds.jpg\",\"width\":768,\"height\":606},{\"@type\":\"BreadcrumbList\",\"@id\":\"https:\/\/superseeds.dk\/vare\/snow-queen-auto-cph-seeds\/#breadcrumb\",\"itemListElement\":[{\"@type\":\"ListItem\",\"position\":1,\"name\":\"Hjem\",\"item\":\"https:\/\/superseeds.dk\/\"},{\"@type\":\"ListItem\",\"position\":2,\"name\":\"Shop\",\"item\":\"https:\/\/superseeds.dk\/no\/butikk\/\"},{\"@type\":\"ListItem\",\"position\":3,\"name\":\"Snow Queen Auto &#8211; CPH Seeds\"}]},{\"@type\":\"WebSite\",\"@id\":\"https:\/\/super-seeds.se\/#website\",\"url\":\"https:\/\/super-seeds.se\/\",\"name\":\"Superseeds.dk\",\"description\":\"\",\"publisher\":{\"@id\":\"https:\/\/super-seeds.se\/#organization\"},\"potentialAction\":[{\"@type\":\"SearchAction\",\"target\":{\"@type\":\"EntryPoint\",\"urlTemplate\":\"https:\/\/super-seeds.se\/?s={search_term_string}\"},\"query-input\":{\"@type\":\"PropertyValueSpecification\",\"valueRequired\":true,\"valueName\":\"search_term_string\"}}],\"inLanguage\":\"nb-NO\"},{\"@type\":\"Organization\",\"@id\":\"https:\/\/super-seeds.se\/#organization\",\"name\":\"Superseeds.dk\",\"url\":\"https:\/\/super-seeds.se\/\",\"logo\":{\"@type\":\"ImageObject\",\"inLanguage\":\"nb-NO\",\"@id\":\"https:\/\/super-seeds.se\/#\/schema\/logo\/image\/\",\"url\":\"https:\/\/superseeds.dk\/wp-content\/uploads\/2025\/09\/logo-superseeds.png\",\"contentUrl\":\"https:\/\/superseeds.dk\/wp-content\/uploads\/2025\/09\/logo-superseeds.png\",\"width\":180,\"height\":160,\"caption\":\"Superseeds.dk\"},\"image\":{\"@id\":\"https:\/\/super-seeds.se\/#\/schema\/logo\/image\/\"}}]}<\/script>\n<!-- \/ Yoast SEO plugin. -->","yoast_head_json":{"title":"Snow Queen Auto - CPH Seeds - Superseeds.dk","robots":{"index":"index","follow":"follow","max-snippet":"max-snippet:-1","max-image-preview":"max-image-preview:large","max-video-preview":"max-video-preview:-1"},"canonical":"https:\/\/superseeds.dk\/no\/produkt\/snow-queen-auto-cph-seeds\/","og_locale":"nb_NO","og_type":"article","og_title":"Snow Queen Auto - CPH Seeds - Superseeds.dk","og_description":"Delikat Og Unik Autoblomstrende Skunk Fr\u00f8 Med Frugtsmag  Et potent autoflower kryds lavet med en hurtigt og kraftigt Lowryder. Fantastisk intensiv frugtagtig duft, ekstrem hvid og stort harpiks indhold. Et godt valg for indend\u00f8rs dyrkere, men ogs\u00e5 til udend\u00f8rs og drivhus.  Type :\u00a0Feminiseret. Photoperiode :\u00a0Autoflower. Kultivation :\u00a0Indend\u00f8rs\/udend\u00f8rs. Genetik :\u00a0Secret project x Lowryder Effekt :\u00a0Opl\u00f8ftende, kreativ og arbejdsom. Medicinsk :\u00a0Hum\u00f8r booster. Afkast\/yield (g) :\u00a0500-600 g\/m2. Blomstrings tid :\u00a070-80 dage fra fr\u00f8. H\u00f8jde indend\u00f8rs :\u00a070-100 cm. Smag :\u00a0Let skunk med toner af frugt Duft :\u00a0Intensiv frugt, let krydret.  THC :\u00a018%\u00a0CBD:\u00a00,5%  &nbsp;","og_url":"https:\/\/superseeds.dk\/no\/produkt\/snow-queen-auto-cph-seeds\/","og_site_name":"Superseeds.dk","article_modified_time":"2023-11-23T12:35:49+00:00","og_image":[{"width":768,"height":606,"url":"https:\/\/www.dev.www.dev.superseeds.dk\/wp-content\/uploads\/2021\/01\/snow-queen-cph-seeds.jpg","type":"image\/jpeg"}],"twitter_card":"summary_large_image","schema":{"@context":"https:\/\/schema.org","@graph":[{"@type":"WebPage","@id":"https:\/\/superseeds.dk\/vare\/snow-queen-auto-cph-seeds\/","url":"https:\/\/superseeds.dk\/vare\/snow-queen-auto-cph-seeds\/","name":"Snow Queen Auto - CPH Seeds - Superseeds.dk","isPartOf":{"@id":"https:\/\/super-seeds.se\/#website"},"primaryImageOfPage":{"@id":"https:\/\/superseeds.dk\/vare\/snow-queen-auto-cph-seeds\/#primaryimage"},"image":{"@id":"https:\/\/superseeds.dk\/vare\/snow-queen-auto-cph-seeds\/#primaryimage"},"thumbnailUrl":"https:\/\/superseeds.dk\/wp-content\/uploads\/2021\/01\/snow-queen-cph-seeds.jpg","datePublished":"2021-01-21T14:18:41+00:00","dateModified":"2023-11-23T12:35:49+00:00","breadcrumb":{"@id":"https:\/\/superseeds.dk\/vare\/snow-queen-auto-cph-seeds\/#breadcrumb"},"inLanguage":"nb-NO","potentialAction":[{"@type":"ReadAction","target":["https:\/\/superseeds.dk\/vare\/snow-queen-auto-cph-seeds\/"]}]},{"@type":"ImageObject","inLanguage":"nb-NO","@id":"https:\/\/superseeds.dk\/vare\/snow-queen-auto-cph-seeds\/#primaryimage","url":"https:\/\/superseeds.dk\/wp-content\/uploads\/2021\/01\/snow-queen-cph-seeds.jpg","contentUrl":"https:\/\/superseeds.dk\/wp-content\/uploads\/2021\/01\/snow-queen-cph-seeds.jpg","width":768,"height":606},{"@type":"BreadcrumbList","@id":"https:\/\/superseeds.dk\/vare\/snow-queen-auto-cph-seeds\/#breadcrumb","itemListElement":[{"@type":"ListItem","position":1,"name":"Hjem","item":"https:\/\/superseeds.dk\/"},{"@type":"ListItem","position":2,"name":"Shop","item":"https:\/\/superseeds.dk\/no\/butikk\/"},{"@type":"ListItem","position":3,"name":"Snow Queen Auto &#8211; CPH Seeds"}]},{"@type":"WebSite","@id":"https:\/\/super-seeds.se\/#website","url":"https:\/\/super-seeds.se\/","name":"Superseeds.com","description":"","publisher":{"@id":"https:\/\/super-seeds.se\/#organization"},"potentialAction":[{"@type":"SearchAction","target":{"@type":"EntryPoint","urlTemplate":"https:\/\/super-seeds.se\/?s={search_term_string}"},"query-input":{"@type":"PropertyValueSpecification","valueRequired":true,"valueName":"search_term_string"}}],"inLanguage":"nb-NO"},{"@type":"Organization","@id":"https:\/\/super-seeds.se\/#organization","name":"Superseeds.com","url":"https:\/\/super-seeds.se\/","logo":{"@type":"ImageObject","inLanguage":"nb-NO","@id":"https:\/\/super-seeds.se\/#\/schema\/logo\/image\/","url":"https:\/\/superseeds.dk\/wp-content\/uploads\/2025\/09\/logo-superseeds.png","contentUrl":"https:\/\/superseeds.dk\/wp-content\/uploads\/2025\/09\/logo-superseeds.png","width":180,"height":160,"caption":"Superseeds.dk"},"image":{"@id":"https:\/\/super-seeds.se\/#\/schema\/logo\/image\/"}}]}},"df_price":85,"df_sale_price":"","df_regular_price":85,"df_image_link":"https:\/\/superseeds.dk\/wp-content\/uploads\/2021\/01\/snow-queen-cph-seeds.jpg","_links":{"self":[{"href":"https:\/\/superseeds.dk\/no\/wp-json\/wp\/v2\/product\/24035","targetHints":{"allow":["GET"]}}],"collection":[{"href":"https:\/\/superseeds.dk\/no\/wp-json\/wp\/v2\/product"}],"about":[{"href":"https:\/\/superseeds.dk\/no\/wp-json\/wp\/v2\/types\/product"}],"wp:featuredmedia":[{"embeddable":true,"href":"https:\/\/superseeds.dk\/no\/wp-json\/wp\/v2\/media\/33947"}],"wp:attachment":[{"href":"https:\/\/superseeds.dk\/no\/wp-json\/wp\/v2\/media?parent=24035"}],"wp:term":[{"taxonomy":"product_brand","embeddable":true,"href":"https:\/\/superseeds.dk\/no\/wp-json\/wp\/v2\/product_brand?post=24035"},{"taxonomy":"product_cat","embeddable":true,"href":"https:\/\/superseeds.dk\/no\/wp-json\/wp\/v2\/product_cat?post=24035"},{"taxonomy":"product_tag","embeddable":true,"href":"https:\/\/superseeds.dk\/no\/wp-json\/wp\/v2\/product_tag?post=24035"}],"curies":[{"name":"wp","href":"https:\/\/api.w.org\/{rel}","templated":true}]}}