{"id":24014,"date":"2021-01-22T18:47:01","date_gmt":"2021-01-22T17:47:01","guid":{"rendered":"https:\/\/superseeds.dk\/vare\/brutalis-auto-cph-seeds\/"},"modified":"2025-03-06T10:47:05","modified_gmt":"2025-03-06T09:47:05","slug":"brutalis-auto-cph-seeds","status":"publish","type":"product","link":"https:\/\/superseeds.dk\/no\/produkt\/brutalis-auto-cph-seeds\/","title":{"rendered":"Brutalis Auto - CPH Fr\u00f8"},"content":{"rendered":"","protected":false},"excerpt":{"rendered":"<p><strong>Brutalis Auto En kraftig og potent autoflower<\/strong>\u00a0 navngivet efter det legendariske danske n\u00e6sehorn Brutalis (1977-2000)<\/p>\n<p>indeholder mange karakteristika; <strong>Vild, brutal og potent \u2013 og til tider sv\u00e6rt at styre<\/strong>.<\/p>\n<p><strong>Type :<\/strong>\u00a0Feminisert.<br \/>\n<strong>Fotoperiode :<\/strong>\u00a0Autoflower.<br \/>\n<strong>Kultivation :<\/strong>\u00a0Innend\u00f8rs\/utend\u00f8rs.<br \/>\n<strong>Genetikk :<\/strong>\u00a0((Mr. Danzigs Bluestreak x White Rhino) x White Dwarf) x Lowryder<br \/>\n<strong>Effekt :<\/strong>\u00a0Opl\u00f8ftende, afslappende og kreativ.<br \/>\n<strong>Medicinsk :<\/strong>\u00a0Afslappende, beroligende , hum\u00f8r booster.<br \/>\n<strong>Afkast\/yield (g) :<\/strong>\u00a0500-600 g\/m2.<br \/>\n<strong>Blomstringstid:<\/strong>\u00a0ca. 70 dage fra fr\u00f8.<br \/>\n<strong>H\u00f8yde innend\u00f8rs :<\/strong>\u00a070-120 cm.<br \/>\n<strong>Smak :<\/strong>\u00a0Klassisk skunk med toner af jord.<br \/>\n<strong>Duft :<\/strong>\u00a0Klassisk Skunk og krydret.<\/p>\n<p><strong>THC :<\/strong> +20% <strong>CBD:\u00a0<\/strong>1-2%<\/p>","protected":false},"featured_media":33943,"template":"","meta":{"_acf_changed":false},"product_brand":[],"product_cat":[814,1739,839,812,877,840,841,830,815,842],"product_tag":[],"class_list":{"0":"post-24014","1":"product","2":"type-product","3":"status-publish","4":"has-post-thumbnail","6":"product_cat-65-70-dage","7":"product_cat-alle-froe","8":"product_cat-autoblomstrende","9":"product_cat-blomstring-periode","10":"product_cat-cph-seeds","11":"product_cat-indendoers-autoblomstrende","12":"product_cat-indica-dominant-autoblomstrende","13":"product_cat-over-70-dage","14":"product_cat-producenter-a-z","15":"product_cat-udendoers-autoblomstrende","16":"pa_antal-2-stk","17":"pa_antal-10-stk","18":"pa_antal-4-stk","19":"pa_antal-50-stk","20":"pa_antal-100-stk","21":"pa_blomst-type-autoblomstrende","22":"pa_blomstringstid-65-70-dage","23":"pa_blomstringstid-over-70-dage","24":"pa_indica-sativa-indica-dominant","25":"pa_thc-20-25","26":"pa_udbytte-stort","28":"first","29":"instock","30":"taxable","31":"shipping-taxable","32":"purchasable","33":"product-type-variable","34":"wvs-archive-product-wrapper"},"acf":[],"yoast_head":"<!-- This site is optimized with the Yoast SEO plugin v26.9 - https:\/\/yoast.com\/product\/yoast-seo-wordpress\/ -->\n<title>Brutalis Auto - CPH Seeds - Superseeds.dk<\/title>\n<meta name=\"robots\" content=\"index, follow, max-snippet:-1, max-image-preview:large, max-video-preview:-1\" \/>\n<link rel=\"canonical\" href=\"https:\/\/superseeds.dk\/no\/produkt\/brutalis-auto-cph-seeds\/\" \/>\n<meta property=\"og:locale\" content=\"nb_NO\" \/>\n<meta property=\"og:type\" content=\"article\" \/>\n<meta property=\"og:title\" content=\"Brutalis Auto - CPH Seeds - Superseeds.dk\" \/>\n<meta property=\"og:description\" content=\"Brutalis Auto En kraftig og potent autoflower\u00a0 navngivet efter det legendariske danske n\u00e6sehorn Brutalis (1977-2000)  indeholder mange karakteristika; Vild, brutal og potent \u2013 og til tider sv\u00e6rt at styre.  Type :\u00a0Feminiseret. Photoperiode :\u00a0Autoflower. Kultivation :\u00a0Indend\u00f8rs\/udend\u00f8rs. Genetik :\u00a0((Mr. Danzigs Bluestreak x White Rhino) x White Dwarf) x Lowryder Effekt :\u00a0Opl\u00f8ftende, afslappende og kreativ. Medicinsk :\u00a0Afslappende, beroligende , hum\u00f8r booster. Afkast\/yield (g) :\u00a0500-600 g\/m2. Blomstrings tid :\u00a0ca. 70 dage fra fr\u00f8. H\u00f8jde indend\u00f8rs :\u00a070-120 cm. Smag :\u00a0Klassisk skunk med toner af jord. Duft :\u00a0Klassisk Skunk og krydret.  THC : +20% CBD:\u00a01-2%\" \/>\n<meta property=\"og:url\" content=\"https:\/\/superseeds.dk\/no\/produkt\/brutalis-auto-cph-seeds\/\" \/>\n<meta property=\"og:site_name\" content=\"Superseeds.dk\" \/>\n<meta property=\"article:modified_time\" content=\"2025-03-06T09:47:05+00:00\" \/>\n<meta property=\"og:image\" content=\"https:\/\/superseeds.dk\/wp-content\/uploads\/2021\/01\/brutalis-cph-seeds.jpg\" \/>\n\t<meta property=\"og:image:width\" content=\"828\" \/>\n\t<meta property=\"og:image:height\" content=\"576\" \/>\n\t<meta property=\"og:image:type\" content=\"image\/jpeg\" \/>\n<meta name=\"twitter:card\" content=\"summary_large_image\" \/>\n<script type=\"application\/ld+json\" class=\"yoast-schema-graph\">{\"@context\":\"https:\/\/schema.org\",\"@graph\":[{\"@type\":\"WebPage\",\"@id\":\"https:\/\/superseeds.dk\/vare\/brutalis-auto-cph-seeds\/\",\"url\":\"https:\/\/superseeds.dk\/vare\/brutalis-auto-cph-seeds\/\",\"name\":\"Brutalis Auto - CPH Seeds - Superseeds.dk\",\"isPartOf\":{\"@id\":\"https:\/\/super-seeds.se\/#website\"},\"primaryImageOfPage\":{\"@id\":\"https:\/\/superseeds.dk\/vare\/brutalis-auto-cph-seeds\/#primaryimage\"},\"image\":{\"@id\":\"https:\/\/superseeds.dk\/vare\/brutalis-auto-cph-seeds\/#primaryimage\"},\"thumbnailUrl\":\"https:\/\/superseeds.dk\/wp-content\/uploads\/2021\/01\/brutalis-cph-seeds.jpg\",\"datePublished\":\"2021-01-22T17:47:01+00:00\",\"dateModified\":\"2025-03-06T09:47:05+00:00\",\"breadcrumb\":{\"@id\":\"https:\/\/superseeds.dk\/vare\/brutalis-auto-cph-seeds\/#breadcrumb\"},\"inLanguage\":\"nb-NO\",\"potentialAction\":[{\"@type\":\"ReadAction\",\"target\":[\"https:\/\/superseeds.dk\/vare\/brutalis-auto-cph-seeds\/\"]}]},{\"@type\":\"ImageObject\",\"inLanguage\":\"nb-NO\",\"@id\":\"https:\/\/superseeds.dk\/vare\/brutalis-auto-cph-seeds\/#primaryimage\",\"url\":\"https:\/\/superseeds.dk\/wp-content\/uploads\/2021\/01\/brutalis-cph-seeds.jpg\",\"contentUrl\":\"https:\/\/superseeds.dk\/wp-content\/uploads\/2021\/01\/brutalis-cph-seeds.jpg\",\"width\":828,\"height\":576},{\"@type\":\"BreadcrumbList\",\"@id\":\"https:\/\/superseeds.dk\/vare\/brutalis-auto-cph-seeds\/#breadcrumb\",\"itemListElement\":[{\"@type\":\"ListItem\",\"position\":1,\"name\":\"Hjem\",\"item\":\"https:\/\/superseeds.dk\/\"},{\"@type\":\"ListItem\",\"position\":2,\"name\":\"Shop\",\"item\":\"https:\/\/superseeds.dk\/no\/butikk\/\"},{\"@type\":\"ListItem\",\"position\":3,\"name\":\"Brutalis Auto &#8211; CPH Seeds\"}]},{\"@type\":\"WebSite\",\"@id\":\"https:\/\/super-seeds.se\/#website\",\"url\":\"https:\/\/super-seeds.se\/\",\"name\":\"Superseeds.dk\",\"description\":\"\",\"publisher\":{\"@id\":\"https:\/\/super-seeds.se\/#organization\"},\"potentialAction\":[{\"@type\":\"SearchAction\",\"target\":{\"@type\":\"EntryPoint\",\"urlTemplate\":\"https:\/\/super-seeds.se\/?s={search_term_string}\"},\"query-input\":{\"@type\":\"PropertyValueSpecification\",\"valueRequired\":true,\"valueName\":\"search_term_string\"}}],\"inLanguage\":\"nb-NO\"},{\"@type\":\"Organization\",\"@id\":\"https:\/\/super-seeds.se\/#organization\",\"name\":\"Superseeds.dk\",\"url\":\"https:\/\/super-seeds.se\/\",\"logo\":{\"@type\":\"ImageObject\",\"inLanguage\":\"nb-NO\",\"@id\":\"https:\/\/super-seeds.se\/#\/schema\/logo\/image\/\",\"url\":\"https:\/\/superseeds.dk\/wp-content\/uploads\/2025\/09\/logo-superseeds.png\",\"contentUrl\":\"https:\/\/superseeds.dk\/wp-content\/uploads\/2025\/09\/logo-superseeds.png\",\"width\":180,\"height\":160,\"caption\":\"Superseeds.dk\"},\"image\":{\"@id\":\"https:\/\/super-seeds.se\/#\/schema\/logo\/image\/\"}}]}<\/script>\n<!-- \/ Yoast SEO plugin. -->","yoast_head_json":{"title":"Brutalis Auto - CPH Seeds - Superseeds.dk","robots":{"index":"index","follow":"follow","max-snippet":"max-snippet:-1","max-image-preview":"max-image-preview:large","max-video-preview":"max-video-preview:-1"},"canonical":"https:\/\/superseeds.dk\/no\/produkt\/brutalis-auto-cph-seeds\/","og_locale":"nb_NO","og_type":"article","og_title":"Brutalis Auto - CPH Seeds - Superseeds.dk","og_description":"Brutalis Auto En kraftig og potent autoflower\u00a0 navngivet efter det legendariske danske n\u00e6sehorn Brutalis (1977-2000)  indeholder mange karakteristika; Vild, brutal og potent \u2013 og til tider sv\u00e6rt at styre.  Type :\u00a0Feminiseret. Photoperiode :\u00a0Autoflower. Kultivation :\u00a0Indend\u00f8rs\/udend\u00f8rs. Genetik :\u00a0((Mr. Danzigs Bluestreak x White Rhino) x White Dwarf) x Lowryder Effekt :\u00a0Opl\u00f8ftende, afslappende og kreativ. Medicinsk :\u00a0Afslappende, beroligende , hum\u00f8r booster. Afkast\/yield (g) :\u00a0500-600 g\/m2. Blomstrings tid :\u00a0ca. 70 dage fra fr\u00f8. H\u00f8jde indend\u00f8rs :\u00a070-120 cm. Smag :\u00a0Klassisk skunk med toner af jord. Duft :\u00a0Klassisk Skunk og krydret.  THC : +20% CBD:\u00a01-2%","og_url":"https:\/\/superseeds.dk\/no\/produkt\/brutalis-auto-cph-seeds\/","og_site_name":"Superseeds.dk","article_modified_time":"2025-03-06T09:47:05+00:00","og_image":[{"width":828,"height":576,"url":"https:\/\/superseeds.dk\/wp-content\/uploads\/2021\/01\/brutalis-cph-seeds.jpg","type":"image\/jpeg"}],"twitter_card":"summary_large_image","schema":{"@context":"https:\/\/schema.org","@graph":[{"@type":"WebPage","@id":"https:\/\/superseeds.dk\/vare\/brutalis-auto-cph-seeds\/","url":"https:\/\/superseeds.dk\/vare\/brutalis-auto-cph-seeds\/","name":"Brutalis Auto - CPH Seeds - Superseeds.dk","isPartOf":{"@id":"https:\/\/super-seeds.se\/#website"},"primaryImageOfPage":{"@id":"https:\/\/superseeds.dk\/vare\/brutalis-auto-cph-seeds\/#primaryimage"},"image":{"@id":"https:\/\/superseeds.dk\/vare\/brutalis-auto-cph-seeds\/#primaryimage"},"thumbnailUrl":"https:\/\/superseeds.dk\/wp-content\/uploads\/2021\/01\/brutalis-cph-seeds.jpg","datePublished":"2021-01-22T17:47:01+00:00","dateModified":"2025-03-06T09:47:05+00:00","breadcrumb":{"@id":"https:\/\/superseeds.dk\/vare\/brutalis-auto-cph-seeds\/#breadcrumb"},"inLanguage":"nb-NO","potentialAction":[{"@type":"ReadAction","target":["https:\/\/superseeds.dk\/vare\/brutalis-auto-cph-seeds\/"]}]},{"@type":"ImageObject","inLanguage":"nb-NO","@id":"https:\/\/superseeds.dk\/vare\/brutalis-auto-cph-seeds\/#primaryimage","url":"https:\/\/superseeds.dk\/wp-content\/uploads\/2021\/01\/brutalis-cph-seeds.jpg","contentUrl":"https:\/\/superseeds.dk\/wp-content\/uploads\/2021\/01\/brutalis-cph-seeds.jpg","width":828,"height":576},{"@type":"BreadcrumbList","@id":"https:\/\/superseeds.dk\/vare\/brutalis-auto-cph-seeds\/#breadcrumb","itemListElement":[{"@type":"ListItem","position":1,"name":"Hjem","item":"https:\/\/superseeds.dk\/"},{"@type":"ListItem","position":2,"name":"Shop","item":"https:\/\/superseeds.dk\/no\/butikk\/"},{"@type":"ListItem","position":3,"name":"Brutalis Auto &#8211; CPH Seeds"}]},{"@type":"WebSite","@id":"https:\/\/super-seeds.se\/#website","url":"https:\/\/super-seeds.se\/","name":"Superseeds.com","description":"","publisher":{"@id":"https:\/\/super-seeds.se\/#organization"},"potentialAction":[{"@type":"SearchAction","target":{"@type":"EntryPoint","urlTemplate":"https:\/\/super-seeds.se\/?s={search_term_string}"},"query-input":{"@type":"PropertyValueSpecification","valueRequired":true,"valueName":"search_term_string"}}],"inLanguage":"nb-NO"},{"@type":"Organization","@id":"https:\/\/super-seeds.se\/#organization","name":"Superseeds.com","url":"https:\/\/super-seeds.se\/","logo":{"@type":"ImageObject","inLanguage":"nb-NO","@id":"https:\/\/super-seeds.se\/#\/schema\/logo\/image\/","url":"https:\/\/superseeds.dk\/wp-content\/uploads\/2025\/09\/logo-superseeds.png","contentUrl":"https:\/\/superseeds.dk\/wp-content\/uploads\/2025\/09\/logo-superseeds.png","width":180,"height":160,"caption":"Superseeds.dk"},"image":{"@id":"https:\/\/super-seeds.se\/#\/schema\/logo\/image\/"}}]}},"df_price":129,"df_sale_price":"","df_regular_price":129,"df_image_link":"https:\/\/superseeds.dk\/wp-content\/uploads\/2021\/01\/brutalis-cph-seeds.jpg","_links":{"self":[{"href":"https:\/\/superseeds.dk\/no\/wp-json\/wp\/v2\/product\/24014","targetHints":{"allow":["GET"]}}],"collection":[{"href":"https:\/\/superseeds.dk\/no\/wp-json\/wp\/v2\/product"}],"about":[{"href":"https:\/\/superseeds.dk\/no\/wp-json\/wp\/v2\/types\/product"}],"wp:featuredmedia":[{"embeddable":true,"href":"https:\/\/superseeds.dk\/no\/wp-json\/wp\/v2\/media\/33943"}],"wp:attachment":[{"href":"https:\/\/superseeds.dk\/no\/wp-json\/wp\/v2\/media?parent=24014"}],"wp:term":[{"taxonomy":"product_brand","embeddable":true,"href":"https:\/\/superseeds.dk\/no\/wp-json\/wp\/v2\/product_brand?post=24014"},{"taxonomy":"product_cat","embeddable":true,"href":"https:\/\/superseeds.dk\/no\/wp-json\/wp\/v2\/product_cat?post=24014"},{"taxonomy":"product_tag","embeddable":true,"href":"https:\/\/superseeds.dk\/no\/wp-json\/wp\/v2\/product_tag?post=24014"}],"curies":[{"name":"wp","href":"https:\/\/api.w.org\/{rel}","templated":true}]}}