{"id":24011,"date":"2021-01-22T16:14:48","date_gmt":"2021-01-22T15:14:48","guid":{"rendered":"https:\/\/superseeds.dk\/vare\/black-widow-auto-cph-seeds\/"},"modified":"2023-11-23T13:35:44","modified_gmt":"2023-11-23T12:35:44","slug":"black-widow-auto-cph-seeds","status":"publish","type":"product","link":"https:\/\/superseeds.dk\/no\/produkt\/black-widow-auto-cph-seeds\/","title":{"rendered":"Black Widow Auto - CPH Seeds"},"content":{"rendered":"","protected":false},"excerpt":{"rendered":"<p><strong>Black Widow auto er et fantastisk kryds<\/strong> vi har skabt ved at krydse den originale Black Widow med en ekstrem hurtig<\/p>\n<p>Black Widow Automatic dufter utroligt, n\u00e6sten som den originale Black Widow, <strong>tung og forf\u00f8rende og krydret<\/strong>. Hun er let at dyrke i alle milj\u00f8er \u2013 b\u00e5de inde og ude<\/p>\n<p><strong>Type :<\/strong>\u00a0Feminisert.<br \/>\n<strong>Fotoperiode :<\/strong>\u00a0Autoflower.<br \/>\n<strong>Kultivation :<\/strong>\u00a0Innend\u00f8rs\/utend\u00f8rs.<br \/>\n<strong>Genetikk :<\/strong>\u00a0Black Widow x Lowryder.<br \/>\n<strong>Effekt :<\/strong>\u00a0Tung, hurtig virkende og afslappende.<br \/>\n<strong>Medicinsk :<\/strong>\u00a0Afslappende og smertelindrende.<br \/>\n<strong>Afkast\/yield (g) :<\/strong>\u00a0500 g\/m2.<br \/>\n<strong>Blomstringstid:<\/strong>\u00a0ca. 70-80 dage fra fr\u00f8.<br \/>\n<strong>H\u00f8yde innend\u00f8rs :<\/strong>\u00a070-100 cm.<br \/>\n<strong>Smak :<\/strong>\u00a0Tung, moden frugt.<br \/>\n<strong>Duft :<\/strong>\u00a0Tung og krydret.<\/p>\n<p><strong>THC :<\/strong>\u00a0+20%\u00a0<strong>CBD:\u00a0<\/strong>Lav<\/p>","protected":false},"featured_media":33942,"template":"","meta":{"_acf_changed":false},"product_brand":[],"product_cat":[1739,839,812,877,840,841,830,815,842],"product_tag":[],"class_list":{"0":"post-24011","1":"product","2":"type-product","3":"status-publish","4":"has-post-thumbnail","6":"product_cat-alle-froe","7":"product_cat-autoblomstrende","8":"product_cat-blomstring-periode","9":"product_cat-cph-seeds","10":"product_cat-indendoers-autoblomstrende","11":"product_cat-indica-dominant-autoblomstrende","12":"product_cat-over-70-dage","13":"product_cat-producenter-a-z","14":"product_cat-udendoers-autoblomstrende","15":"pa_antal-2-stk","16":"pa_antal-10-stk","17":"pa_antal-4-stk","18":"pa_antal-50-stk","19":"pa_antal-100-stk","20":"pa_blomst-type-autoblomstrende","21":"pa_blomstringstid-over-70-dage","22":"pa_indica-sativa-hybrid-50","23":"pa_indica-sativa-indica-dominant","24":"pa_thc-20-25","25":"pa_udbytte-medium","26":"pa_udbytte-stort","28":"first","29":"instock","30":"taxable","31":"shipping-taxable","32":"purchasable","33":"product-type-variable","34":"wvs-archive-product-wrapper"},"acf":[],"yoast_head":"<!-- This site is optimized with the Yoast SEO plugin v26.9 - https:\/\/yoast.com\/product\/yoast-seo-wordpress\/ -->\n<title>Black Widow Auto - CPH Seeds - Superseeds.dk<\/title>\n<meta name=\"robots\" content=\"index, follow, max-snippet:-1, max-image-preview:large, max-video-preview:-1\" \/>\n<link rel=\"canonical\" href=\"https:\/\/superseeds.dk\/no\/produkt\/black-widow-auto-cph-seeds\/\" \/>\n<meta property=\"og:locale\" content=\"nb_NO\" \/>\n<meta property=\"og:type\" content=\"article\" \/>\n<meta property=\"og:title\" content=\"Black Widow Auto - CPH Seeds - Superseeds.dk\" \/>\n<meta property=\"og:description\" content=\"Black Widow auto er et fantastisk kryds vi har skabt ved at krydse den originale Black Widow med en ekstrem hurtig  Black Widow Automatic dufter utroligt, n\u00e6sten som den originale Black Widow, tung og forf\u00f8rende og krydret. Hun er let at dyrke i alle milj\u00f8er \u2013 b\u00e5de inde og ude  Type :\u00a0Feminiseret. Photoperiode :\u00a0Autoflower. Kultivation :\u00a0Indend\u00f8rs\/udend\u00f8rs. Genetik :\u00a0Black Widow x Lowryder. Effekt :\u00a0Tung, hurtig virkende og afslappende. Medicinsk :\u00a0Afslappende og smertelindrende. Afkast\/yield (g) :\u00a0500 g\/m2. Blomstrings tid :\u00a0ca. 70-80 dage fra fr\u00f8. H\u00f8jde indend\u00f8rs :\u00a070-100 cm. Smag :\u00a0Tung, moden frugt. Duft :\u00a0Tung og krydret.  THC :\u00a0+20%\u00a0CBD:\u00a0Lav\" \/>\n<meta property=\"og:url\" content=\"https:\/\/superseeds.dk\/no\/produkt\/black-widow-auto-cph-seeds\/\" \/>\n<meta property=\"og:site_name\" content=\"Superseeds.dk\" \/>\n<meta property=\"article:modified_time\" content=\"2023-11-23T12:35:44+00:00\" \/>\n<meta property=\"og:image\" content=\"https:\/\/www.dev.www.dev.superseeds.dk\/wp-content\/uploads\/2021\/01\/Black-widow-cph-seeds.jpg\" \/>\n\t<meta property=\"og:image:width\" content=\"761\" \/>\n\t<meta property=\"og:image:height\" content=\"593\" \/>\n\t<meta property=\"og:image:type\" content=\"image\/jpeg\" \/>\n<meta name=\"twitter:card\" content=\"summary_large_image\" \/>\n<script type=\"application\/ld+json\" class=\"yoast-schema-graph\">{\"@context\":\"https:\/\/schema.org\",\"@graph\":[{\"@type\":\"WebPage\",\"@id\":\"https:\/\/superseeds.dk\/vare\/black-widow-auto-cph-seeds\/\",\"url\":\"https:\/\/superseeds.dk\/vare\/black-widow-auto-cph-seeds\/\",\"name\":\"Black Widow Auto - CPH Seeds - Superseeds.dk\",\"isPartOf\":{\"@id\":\"https:\/\/super-seeds.se\/#website\"},\"primaryImageOfPage\":{\"@id\":\"https:\/\/superseeds.dk\/vare\/black-widow-auto-cph-seeds\/#primaryimage\"},\"image\":{\"@id\":\"https:\/\/superseeds.dk\/vare\/black-widow-auto-cph-seeds\/#primaryimage\"},\"thumbnailUrl\":\"https:\/\/superseeds.dk\/wp-content\/uploads\/2021\/01\/Black-widow-cph-seeds.jpg\",\"datePublished\":\"2021-01-22T15:14:48+00:00\",\"dateModified\":\"2023-11-23T12:35:44+00:00\",\"breadcrumb\":{\"@id\":\"https:\/\/superseeds.dk\/vare\/black-widow-auto-cph-seeds\/#breadcrumb\"},\"inLanguage\":\"nb-NO\",\"potentialAction\":[{\"@type\":\"ReadAction\",\"target\":[\"https:\/\/superseeds.dk\/vare\/black-widow-auto-cph-seeds\/\"]}]},{\"@type\":\"ImageObject\",\"inLanguage\":\"nb-NO\",\"@id\":\"https:\/\/superseeds.dk\/vare\/black-widow-auto-cph-seeds\/#primaryimage\",\"url\":\"https:\/\/superseeds.dk\/wp-content\/uploads\/2021\/01\/Black-widow-cph-seeds.jpg\",\"contentUrl\":\"https:\/\/superseeds.dk\/wp-content\/uploads\/2021\/01\/Black-widow-cph-seeds.jpg\",\"width\":761,\"height\":593},{\"@type\":\"BreadcrumbList\",\"@id\":\"https:\/\/superseeds.dk\/vare\/black-widow-auto-cph-seeds\/#breadcrumb\",\"itemListElement\":[{\"@type\":\"ListItem\",\"position\":1,\"name\":\"Hjem\",\"item\":\"https:\/\/superseeds.dk\/\"},{\"@type\":\"ListItem\",\"position\":2,\"name\":\"Shop\",\"item\":\"https:\/\/superseeds.dk\/no\/butikk\/\"},{\"@type\":\"ListItem\",\"position\":3,\"name\":\"Black Widow Auto &#8211; CPH Seeds\"}]},{\"@type\":\"WebSite\",\"@id\":\"https:\/\/super-seeds.se\/#website\",\"url\":\"https:\/\/super-seeds.se\/\",\"name\":\"Superseeds.dk\",\"description\":\"\",\"publisher\":{\"@id\":\"https:\/\/super-seeds.se\/#organization\"},\"potentialAction\":[{\"@type\":\"SearchAction\",\"target\":{\"@type\":\"EntryPoint\",\"urlTemplate\":\"https:\/\/super-seeds.se\/?s={search_term_string}\"},\"query-input\":{\"@type\":\"PropertyValueSpecification\",\"valueRequired\":true,\"valueName\":\"search_term_string\"}}],\"inLanguage\":\"nb-NO\"},{\"@type\":\"Organization\",\"@id\":\"https:\/\/super-seeds.se\/#organization\",\"name\":\"Superseeds.dk\",\"url\":\"https:\/\/super-seeds.se\/\",\"logo\":{\"@type\":\"ImageObject\",\"inLanguage\":\"nb-NO\",\"@id\":\"https:\/\/super-seeds.se\/#\/schema\/logo\/image\/\",\"url\":\"https:\/\/superseeds.dk\/wp-content\/uploads\/2025\/09\/logo-superseeds.png\",\"contentUrl\":\"https:\/\/superseeds.dk\/wp-content\/uploads\/2025\/09\/logo-superseeds.png\",\"width\":180,\"height\":160,\"caption\":\"Superseeds.dk\"},\"image\":{\"@id\":\"https:\/\/super-seeds.se\/#\/schema\/logo\/image\/\"}}]}<\/script>\n<!-- \/ Yoast SEO plugin. -->","yoast_head_json":{"title":"Black Widow Auto - CPH Seeds - Superseeds.dk","robots":{"index":"index","follow":"follow","max-snippet":"max-snippet:-1","max-image-preview":"max-image-preview:large","max-video-preview":"max-video-preview:-1"},"canonical":"https:\/\/superseeds.dk\/no\/produkt\/black-widow-auto-cph-seeds\/","og_locale":"nb_NO","og_type":"article","og_title":"Black Widow Auto - CPH Seeds - Superseeds.dk","og_description":"Black Widow auto er et fantastisk kryds vi har skabt ved at krydse den originale Black Widow med en ekstrem hurtig  Black Widow Automatic dufter utroligt, n\u00e6sten som den originale Black Widow, tung og forf\u00f8rende og krydret. Hun er let at dyrke i alle milj\u00f8er \u2013 b\u00e5de inde og ude  Type :\u00a0Feminiseret. Photoperiode :\u00a0Autoflower. Kultivation :\u00a0Indend\u00f8rs\/udend\u00f8rs. Genetik :\u00a0Black Widow x Lowryder. Effekt :\u00a0Tung, hurtig virkende og afslappende. Medicinsk :\u00a0Afslappende og smertelindrende. Afkast\/yield (g) :\u00a0500 g\/m2. Blomstrings tid :\u00a0ca. 70-80 dage fra fr\u00f8. H\u00f8jde indend\u00f8rs :\u00a070-100 cm. Smag :\u00a0Tung, moden frugt. Duft :\u00a0Tung og krydret.  THC :\u00a0+20%\u00a0CBD:\u00a0Lav","og_url":"https:\/\/superseeds.dk\/no\/produkt\/black-widow-auto-cph-seeds\/","og_site_name":"Superseeds.dk","article_modified_time":"2023-11-23T12:35:44+00:00","og_image":[{"width":761,"height":593,"url":"https:\/\/www.dev.www.dev.superseeds.dk\/wp-content\/uploads\/2021\/01\/Black-widow-cph-seeds.jpg","type":"image\/jpeg"}],"twitter_card":"summary_large_image","schema":{"@context":"https:\/\/schema.org","@graph":[{"@type":"WebPage","@id":"https:\/\/superseeds.dk\/vare\/black-widow-auto-cph-seeds\/","url":"https:\/\/superseeds.dk\/vare\/black-widow-auto-cph-seeds\/","name":"Black Widow Auto - CPH Seeds - Superseeds.dk","isPartOf":{"@id":"https:\/\/super-seeds.se\/#website"},"primaryImageOfPage":{"@id":"https:\/\/superseeds.dk\/vare\/black-widow-auto-cph-seeds\/#primaryimage"},"image":{"@id":"https:\/\/superseeds.dk\/vare\/black-widow-auto-cph-seeds\/#primaryimage"},"thumbnailUrl":"https:\/\/superseeds.dk\/wp-content\/uploads\/2021\/01\/Black-widow-cph-seeds.jpg","datePublished":"2021-01-22T15:14:48+00:00","dateModified":"2023-11-23T12:35:44+00:00","breadcrumb":{"@id":"https:\/\/superseeds.dk\/vare\/black-widow-auto-cph-seeds\/#breadcrumb"},"inLanguage":"nb-NO","potentialAction":[{"@type":"ReadAction","target":["https:\/\/superseeds.dk\/vare\/black-widow-auto-cph-seeds\/"]}]},{"@type":"ImageObject","inLanguage":"nb-NO","@id":"https:\/\/superseeds.dk\/vare\/black-widow-auto-cph-seeds\/#primaryimage","url":"https:\/\/superseeds.dk\/wp-content\/uploads\/2021\/01\/Black-widow-cph-seeds.jpg","contentUrl":"https:\/\/superseeds.dk\/wp-content\/uploads\/2021\/01\/Black-widow-cph-seeds.jpg","width":761,"height":593},{"@type":"BreadcrumbList","@id":"https:\/\/superseeds.dk\/vare\/black-widow-auto-cph-seeds\/#breadcrumb","itemListElement":[{"@type":"ListItem","position":1,"name":"Hjem","item":"https:\/\/superseeds.dk\/"},{"@type":"ListItem","position":2,"name":"Shop","item":"https:\/\/superseeds.dk\/no\/butikk\/"},{"@type":"ListItem","position":3,"name":"Black Widow Auto &#8211; CPH Seeds"}]},{"@type":"WebSite","@id":"https:\/\/super-seeds.se\/#website","url":"https:\/\/super-seeds.se\/","name":"Superseeds.com","description":"","publisher":{"@id":"https:\/\/super-seeds.se\/#organization"},"potentialAction":[{"@type":"SearchAction","target":{"@type":"EntryPoint","urlTemplate":"https:\/\/super-seeds.se\/?s={search_term_string}"},"query-input":{"@type":"PropertyValueSpecification","valueRequired":true,"valueName":"search_term_string"}}],"inLanguage":"nb-NO"},{"@type":"Organization","@id":"https:\/\/super-seeds.se\/#organization","name":"Superseeds.com","url":"https:\/\/super-seeds.se\/","logo":{"@type":"ImageObject","inLanguage":"nb-NO","@id":"https:\/\/super-seeds.se\/#\/schema\/logo\/image\/","url":"https:\/\/superseeds.dk\/wp-content\/uploads\/2025\/09\/logo-superseeds.png","contentUrl":"https:\/\/superseeds.dk\/wp-content\/uploads\/2025\/09\/logo-superseeds.png","width":180,"height":160,"caption":"Superseeds.dk"},"image":{"@id":"https:\/\/super-seeds.se\/#\/schema\/logo\/image\/"}}]}},"df_price":85,"df_sale_price":"","df_regular_price":85,"df_image_link":"https:\/\/superseeds.dk\/wp-content\/uploads\/2021\/01\/Black-widow-cph-seeds.jpg","_links":{"self":[{"href":"https:\/\/superseeds.dk\/no\/wp-json\/wp\/v2\/product\/24011","targetHints":{"allow":["GET"]}}],"collection":[{"href":"https:\/\/superseeds.dk\/no\/wp-json\/wp\/v2\/product"}],"about":[{"href":"https:\/\/superseeds.dk\/no\/wp-json\/wp\/v2\/types\/product"}],"wp:featuredmedia":[{"embeddable":true,"href":"https:\/\/superseeds.dk\/no\/wp-json\/wp\/v2\/media\/33942"}],"wp:attachment":[{"href":"https:\/\/superseeds.dk\/no\/wp-json\/wp\/v2\/media?parent=24011"}],"wp:term":[{"taxonomy":"product_brand","embeddable":true,"href":"https:\/\/superseeds.dk\/no\/wp-json\/wp\/v2\/product_brand?post=24011"},{"taxonomy":"product_cat","embeddable":true,"href":"https:\/\/superseeds.dk\/no\/wp-json\/wp\/v2\/product_cat?post=24011"},{"taxonomy":"product_tag","embeddable":true,"href":"https:\/\/superseeds.dk\/no\/wp-json\/wp\/v2\/product_tag?post=24011"}],"curies":[{"name":"wp","href":"https:\/\/api.w.org\/{rel}","templated":true}]}}