{"id":23982,"date":"2021-01-26T19:20:50","date_gmt":"2021-01-26T18:20:50","guid":{"rendered":"https:\/\/superseeds.dk\/vare\/the-ultimate-femi-dutch-passion\/"},"modified":"2023-11-23T13:35:35","modified_gmt":"2023-11-23T12:35:35","slug":"the-ultimate-femi-dutch-passion","status":"publish","type":"product","link":"https:\/\/superseeds.dk\/no\/produkt\/the-ultimate-femi-dutch-passion\/","title":{"rendered":"The Ultimate (Feminisert) - Dutch Passion"},"content":{"rendered":"<h2>Beskrivelse af din Ultimate?<\/h2>\n<p>The Ultimate har en skarp duft med piney, krydret og frugtagtig noter. Den ultimative har en st\u00e6rk, skarp aroma. Under blomstringen \u00e6ndrer aromaen sig flere gange og mod slutningen af blomstringen har hun en krydret og skarp duft af fyr, benzin og citrusfrugter. Aromaen kan nogle gange v\u00e6re lidt mere frugtagtig og s\u00f8d, men dette sker kun med et par f\u00e6notyper. I l\u00f8bet af de sidste 4 uger bliver lugten st\u00e6rkere, og det anbefales derfor at bruge gode kulfiltre. Den t\u00f8rrede knop kan nogle gange lugte lidt mere jordisk og krydret, men s\u00e5 snart du bryder den \u00e5bne eller male det, jo mere frugtagtig og piney aroma vil komme din vej. Smagen kan sammenlignes med lugten; krydret, frugtagtig og ganske Skunky med lejlighedsvise s\u00f8dere noter.<br \/>\nUltimate er en af de h\u00f8jest udbyttende stammer til r\u00e5dighed<br \/>\nThe Ultimate er en af de h\u00f8jest udbyttende cannabis stammer nogensinde er skabt. Hun er en afbalanceret 50% Indica \/ 50% Sativa sort med et fremragende ry for let og stort udbytte. Det er en kunde favorit p\u00e5 grund af det ekstremt h\u00f8je udbytte og robust v\u00e6kst. Blomsterne er kendt for at v\u00e6re lange og tykke. Denne stamme producerer massive blomster, der nemt kan vokse s\u00e5 tyk som din underarm. Bladene er en dejlig m\u00f8rkegr\u00f8n og knopperne er en lysere gr\u00f8n farve, fuld af foxtails og orange h\u00e5r. Knopperne faktisk ser smuk og er rige p\u00e5 trichomes. Kombinationen af disse kl\u00e6brige hvide knopper og lyse orange h\u00e5r vil minde mange avlere af de bedste gamle skole Skunk sorter fra fortiden.<\/p>\n<h2>Hvilken slags genetik er der pr\u00e6cist i The Ultimate?<\/h2>\n<p>Gennem omhyggelig avl har vi udviklet en af vores bedste sorter. Vi kaldte hende &#8220;The Ultimate&#8221;. Ultimate kombinerer et meget h\u00f8jt udbytte med professionel kvalitet. De oprindelige for\u00e6ldre har v\u00e6ret en hemmelighed, fordi vi \u00f8nskede The Ultimate at blive anerkendt som en sort i hendes egen ret. Hvad vi kan sige er, at hun er meget gerne en st\u00e6rk, let at dyrke Skunk, der normalt kombinerer store udbytter med h\u00f8j potens. Hendes knopper kan have en Sativa udseende, men bliver meget fyldigere og tykkere end den gennemsnitlige Sativa stamme. F\u00e5 stammer kan matche denne klassiske cannabis stamme fra hollandske Passion!<br \/>\nUltimate er en st\u00e6rk hybrid cannabis plante med meget lange tunge blomster og en XXL udbytte<br \/>\nThe Ultimate er en kraftfuld afbalanceret hybrid cannabis sort. Vores fr\u00f8 opdr\u00e6ttere har arbejdet h\u00e5rdt for at give denne stabile hybrid det h\u00f8jest mulige udbytte. Denne stamme har en normal v\u00e6kstrate, det er prim\u00e6rt den endelige st\u00f8rrelse og v\u00e6gt af knopper, der g\u00f8r forskellen.<br \/>\nI blomstringsfasen har planterne en mellem-til-h\u00f8j str\u00e6kning. I denne periode med at str\u00e6kke planterne vil vokse lodret s\u00e5vel som i bredden. The Ultimate er kendt som en lys feeder og med tilstr\u00e6kkelig lys og perfekt v\u00e6kstbetingelser hun kan vokse ind i en smuk cannabis plante helt fyldt fra top til bund med robuste lange knopper. Denne str\u00e6kning varer i gennemsnit 3 uger efter uret \u00e6ndret til 12\/12 blomstre belysning. Fra det \u00f8jeblik stretch stopper, blomstre udvikling begynder. Samtidig starter produktionen af trichomes og forts\u00e6tter i et hastigt tempo.<\/p>\n<h2>Blomstrings fasen ultimate?<\/h2>\n<p>I l\u00f8bet af de sidste 4 uger af blomstringsfasen vil produktionen af opl\u00f8bet g\u00e5 ind i det n\u00e6ste gear, og du vil se blomsterne svulme op i utroligt lange og tunge &#8216;colas&#8217;. Knopperne bliver h\u00e5rde og kompakte, denne sort kan lide h\u00f8je lysniveauer i blomstringsfasen. Det er bedst at st\u00f8tte toppe ved hj\u00e6lp af et net eller med st\u00f8tte ledning, s\u00e5 de ikke synke under deres egen v\u00e6gt. Denne 50\/50 Indica \/ Sativa er en virkelig smuk stamme. Hun er den stamme af valg for dem, der s\u00f8ger en afbalanceret hybrid med mega-store knopper. Ud over hendes st\u00f8rrelse, hun er meget tolerant over for ern\u00e6ring og temperatur\u00e6ndringer, hvilket g\u00f8r hende egnet til nybegyndere avlere s\u00e5 godt. Men luftfugtigheden i blomst b\u00f8r holdes lav (&lt;50% p\u00e5 alle tidspunkter) for at forhindre mug og knop r\u00e5dne.<br \/>\nGenetik, der anvendes til The Ultimate garantere f\u00f8lgende egenskaber:<br \/>\nEn potent cannabis hybrid med moderat stretching i blomstringsfasen<br \/>\nEt XXL udbytte med ekstremt store knopper, der kr\u00e6ver en vis st\u00f8tte i blomstringsfasen<br \/>\nDe potente blomster har en skarp aroma af fyr og kalk kombineret med mere s\u00f8de og jordiske noter<br \/>\nUltimate er den ideelle stamme for avlere p\u00e5 udkig efter det h\u00f8jest mulige uEffekter af den ultimative<br \/>\nThe Ultimate har en st\u00e6rk, potent h\u00f8j. Mange brugere oplever en kraftig h\u00f8j, der rammer hurtigt og varer i lang tid. For folk med en lav tolerance, er det nyttigt at vide, at dette er en st\u00e6rk h\u00f8j, der bliver mere intens jo mere du ryger. Er du ny\/uerfaren med cannabis? S\u00e5 vape \/ r\u00f8g denne sort p\u00e5 din fritid og har en kort pause under rygning for at give den h\u00f8je til at tage fuld effekt.<br \/>\nDet er normalt en meget beroligende, opl\u00f8ftende &#8220;up-high&#8221; med en st\u00e6rk anti-angst effekt. Det kan ogs\u00e5 indeholde et kreativt element, der f\u00f8les energisk og fredeligt p\u00e5 samme tid. Det er en god stamme for r\u00f8g sessioner med venner, fordi du bare kan slappe af uden at f\u00f8le trippy eller \u00e6ngstelig. Som et resultat, The Ultimate er ogs\u00e5 meget v\u00e6rdsat af mange medicinske brugere. Hun er ogs\u00e5 kendt som en stamme, der kan f\u00f8lelsesl\u00f8s, at smerte, sandsynligvis p\u00e5 grund af hendes delvise Indica arv og ekstraordin\u00e6re terpen profil.<br \/>\nDen blomstrende tid af The Ultimate<br \/>\nBlomstring tid tager et gennemsnit p\u00e5 9 uger, med eksplosive blomstre udvikling i l\u00f8bet af de sidste 2-3 uger. Ultimate absorberer mange n\u00e6ringsstoffer i v\u00e6kstcyklussen og kan h\u00e5ndtere en h\u00f8j lysintensitet i blomstringsfasen, dette gavner det endelige udbytte. Ultimate er en mellemstor plante, der normalt vokser til omkring 0.75m-1m, og i nogle tilf\u00e6lde endda en smule h\u00f8jere. Hun producerer meget tykke blomster p\u00e5 sidegrene og de vigtigste cola.<br \/>\nErfarne avlere vil s\u00e6tte pris p\u00e5 den ekstraordin\u00e6re blomstre magt i de sene uger af blomstring. Denne stamme producerer en masse hvide st\u00f8vveje, selv indtil udgangen af blomstringsfasen. Under de mest gunstige forhold, hun har brug for omkring 9 uger af 12\/12 indend\u00f8rs lys til at modnes. Det er bedst h\u00f8stes, n\u00e5r trichomes er hovedsageligt overskyet.dbytte.<\/p>\n<h2>Udbyttet fra The Ultimate?<\/h2>\n<p>Ultimate har en tung h\u00f8st og vokser til et gennemsnit p\u00e5 omkring 75cm, ideel til indend\u00f8rs dyrkning. Denne stamme er kendt for hendes meget gener\u00f8se udbytter i n\u00e6sten alle typer af v\u00e6kstbetingelser. Udbytter p\u00e5 omkring 500-600g\/m2 er nemme at opn\u00e5.<br \/>\nHun vokser godt i jord, coco og p\u00e5 et vandkraftsystem. Hun g\u00f8r meget godt i en SCROG vokse og er i stand til at producere XXL udbytter p\u00e5 langt over 600g\/m2. Selv med en enkelt plante af denne stamme, kan du opn\u00e5 mere end 750g\/m2 med den rigtige viden, pleje og v\u00e6kstbetingelser. Men dette er kun forbeholdt de mest erfarne avlere, der ogs\u00e5 arbejder med de bedste lamper, v\u00e6kstsystemer, ern\u00e6ring og andre dyrkningsprodukter.<br \/>\nUdend\u00f8rs bliver hun meget stor og kan b\u00e6re flere kilo pr plante. The Ultimate g\u00f8r godt i kontrollerede drivhuse og i varme t\u00f8rre klimaer, hvor risikoen for mug er langt mindre. I et tempereret \/ koldt klima kan du v\u00e6re bedre stillet voksende autoflower version af The Ultimate kaldet Auto Ultimate.<br \/>\nR\u00e5dgivning fra vores eksperter<br \/>\nEt vigtigt tip, n\u00e5r voksende The Ultimate er ikke at begynde at skylle for tidligt og bestemt ikke at h\u00f8ste det for tidligt. Denne sort bel\u00f8nner producentens t\u00e5lmodighed med et ekstra fedtudbytte! Vi anbefaler ogs\u00e5 at bruge en affugter i blomstringsfasen, fordi knopperne bliver s\u00e5 tykke og kompakte, at du vil give mug s\u00e5 lille chance som muligt!<br \/>\nHvis du \u00f8nsker at f\u00e5 mest muligt ud af denne dame, s\u00e5 pr\u00f8v at dyrke hende i en SCROG (Screen of Green). Hvis du foretr\u00e6kker lav-stress uddannelse kan du b\u00f8je hende i v\u00e6kstfasen og sikre med haveledning til at give hende mulighed for at vokse mere i bredden. Begge metoder vil sikre, at alle knopper vil modtage en lige stor m\u00e6ngde lys, og som vil g\u00f8re dig i stand til at opn\u00e5 en episk udbytte!<\/p>","protected":false},"excerpt":{"rendered":"<p><strong>Ultimate har blomster i mega st\u00f8rrelse<\/strong>.\u00a0Planten forbliver medium i st\u00f8rrelse, men Topskud er XXL-st\u00f8rrelse. Aromaen er skarp med krydrede noter af fyr, citron og benzin<\/p>\n<p>afbalanceret <strong>50% Indica \/ 50% Sativa<\/strong>-sort med et fremragende ry for let og stort udbytte<\/p>","protected":false},"featured_media":10562,"template":"","meta":{"_acf_changed":false},"product_brand":[],"product_cat":[889,813,1739,812,866,817,819,815,835],"product_tag":[],"class_list":{"0":"post-23982","1":"product","2":"type-product","3":"status-publish","4":"has-post-thumbnail","6":"product_cat-50-indica-50-sativa-feminiserede","7":"product_cat-60-65-dage","8":"product_cat-alle-froe","9":"product_cat-blomstring-periode","10":"product_cat-dutch-passion","11":"product_cat-feminiserede","12":"product_cat-indendoers","13":"product_cat-producenter-a-z","14":"product_cat-udendoers-feminiserede","15":"pa_antal-3-stk","16":"pa_antal-5-stk","17":"pa_blomst-type-feminiserede","18":"pa_blomstringstid-60-65-dage","19":"pa_indica-sativa-indica-dominant","20":"pa_thc-10-20","21":"pa_udbytte-stort","22":"pa_udbytte-xxl","24":"first","25":"instock","26":"taxable","27":"shipping-taxable","28":"purchasable","29":"product-type-variable","30":"wvs-archive-product-wrapper"},"acf":[],"yoast_head":"<!-- This site is optimized with the Yoast SEO plugin v26.9 - https:\/\/yoast.com\/product\/yoast-seo-wordpress\/ -->\n<title>The Ultimate (Feminiseret) - Dutch Passion - Superseeds.dk<\/title>\n<meta name=\"robots\" content=\"index, follow, max-snippet:-1, max-image-preview:large, max-video-preview:-1\" \/>\n<link rel=\"canonical\" href=\"https:\/\/superseeds.dk\/no\/produkt\/the-ultimate-femi-dutch-passion\/\" \/>\n<meta property=\"og:locale\" content=\"nb_NO\" \/>\n<meta property=\"og:type\" content=\"article\" \/>\n<meta property=\"og:title\" content=\"The Ultimate (Feminiseret) - Dutch Passion - Superseeds.dk\" \/>\n<meta property=\"og:description\" content=\"Ultimate har blomster i mega st\u00f8rrelse.\u00a0Planten forbliver medium i st\u00f8rrelse, men Topskud er XXL-st\u00f8rrelse. Aromaen er skarp med krydrede noter af fyr, citron og benzin  afbalanceret 50% Indica \/ 50% Sativa-sort med et fremragende ry for let og stort udbytte\" \/>\n<meta property=\"og:url\" content=\"https:\/\/superseeds.dk\/no\/produkt\/the-ultimate-femi-dutch-passion\/\" \/>\n<meta property=\"og:site_name\" content=\"Superseeds.dk\" \/>\n<meta property=\"article:modified_time\" content=\"2023-11-23T12:35:35+00:00\" \/>\n<meta property=\"og:image\" content=\"https:\/\/super-seeds.no\/wp-content\/uploads\/2022\/07\/the-ultimate1.jpg\" \/>\n\t<meta property=\"og:image:width\" content=\"800\" \/>\n\t<meta property=\"og:image:height\" content=\"800\" \/>\n\t<meta property=\"og:image:type\" content=\"image\/jpeg\" \/>\n<meta name=\"twitter:card\" content=\"summary_large_image\" \/>\n<meta name=\"twitter:label1\" content=\"Ansl. lesetid\" \/>\n\t<meta name=\"twitter:data1\" content=\"8 minutter\" \/>\n<script type=\"application\/ld+json\" class=\"yoast-schema-graph\">{\"@context\":\"https:\/\/schema.org\",\"@graph\":[{\"@type\":\"WebPage\",\"@id\":\"https:\/\/superseeds.dk\/vare\/the-ultimate-femi-dutch-passion\/\",\"url\":\"https:\/\/superseeds.dk\/vare\/the-ultimate-femi-dutch-passion\/\",\"name\":\"The Ultimate (Feminiseret) - Dutch Passion - Superseeds.dk\",\"isPartOf\":{\"@id\":\"https:\/\/super-seeds.se\/#website\"},\"primaryImageOfPage\":{\"@id\":\"https:\/\/superseeds.dk\/vare\/the-ultimate-femi-dutch-passion\/#primaryimage\"},\"image\":{\"@id\":\"https:\/\/superseeds.dk\/vare\/the-ultimate-femi-dutch-passion\/#primaryimage\"},\"thumbnailUrl\":\"https:\/\/superseeds.dk\/wp-content\/uploads\/2022\/07\/the-ultimate1.jpg\",\"datePublished\":\"2021-01-26T18:20:50+00:00\",\"dateModified\":\"2023-11-23T12:35:35+00:00\",\"breadcrumb\":{\"@id\":\"https:\/\/superseeds.dk\/vare\/the-ultimate-femi-dutch-passion\/#breadcrumb\"},\"inLanguage\":\"nb-NO\",\"potentialAction\":[{\"@type\":\"ReadAction\",\"target\":[\"https:\/\/superseeds.dk\/vare\/the-ultimate-femi-dutch-passion\/\"]}]},{\"@type\":\"ImageObject\",\"inLanguage\":\"nb-NO\",\"@id\":\"https:\/\/superseeds.dk\/vare\/the-ultimate-femi-dutch-passion\/#primaryimage\",\"url\":\"https:\/\/superseeds.dk\/wp-content\/uploads\/2022\/07\/the-ultimate1.jpg\",\"contentUrl\":\"https:\/\/superseeds.dk\/wp-content\/uploads\/2022\/07\/the-ultimate1.jpg\",\"width\":800,\"height\":800},{\"@type\":\"BreadcrumbList\",\"@id\":\"https:\/\/superseeds.dk\/vare\/the-ultimate-femi-dutch-passion\/#breadcrumb\",\"itemListElement\":[{\"@type\":\"ListItem\",\"position\":1,\"name\":\"Hjem\",\"item\":\"https:\/\/superseeds.dk\/\"},{\"@type\":\"ListItem\",\"position\":2,\"name\":\"Shop\",\"item\":\"https:\/\/superseeds.dk\/no\/butikk\/\"},{\"@type\":\"ListItem\",\"position\":3,\"name\":\"The Ultimate (Feminiseret) &#8211; Dutch Passion\"}]},{\"@type\":\"WebSite\",\"@id\":\"https:\/\/super-seeds.se\/#website\",\"url\":\"https:\/\/super-seeds.se\/\",\"name\":\"Superseeds.dk\",\"description\":\"\",\"publisher\":{\"@id\":\"https:\/\/super-seeds.se\/#organization\"},\"potentialAction\":[{\"@type\":\"SearchAction\",\"target\":{\"@type\":\"EntryPoint\",\"urlTemplate\":\"https:\/\/super-seeds.se\/?s={search_term_string}\"},\"query-input\":{\"@type\":\"PropertyValueSpecification\",\"valueRequired\":true,\"valueName\":\"search_term_string\"}}],\"inLanguage\":\"nb-NO\"},{\"@type\":\"Organization\",\"@id\":\"https:\/\/super-seeds.se\/#organization\",\"name\":\"Superseeds.dk\",\"url\":\"https:\/\/super-seeds.se\/\",\"logo\":{\"@type\":\"ImageObject\",\"inLanguage\":\"nb-NO\",\"@id\":\"https:\/\/super-seeds.se\/#\/schema\/logo\/image\/\",\"url\":\"https:\/\/superseeds.dk\/wp-content\/uploads\/2025\/09\/logo-superseeds.png\",\"contentUrl\":\"https:\/\/superseeds.dk\/wp-content\/uploads\/2025\/09\/logo-superseeds.png\",\"width\":180,\"height\":160,\"caption\":\"Superseeds.dk\"},\"image\":{\"@id\":\"https:\/\/super-seeds.se\/#\/schema\/logo\/image\/\"}}]}<\/script>\n<!-- \/ Yoast SEO plugin. -->","yoast_head_json":{"title":"The Ultimate (Feminiseret) - Dutch Passion - Superseeds.dk","robots":{"index":"index","follow":"follow","max-snippet":"max-snippet:-1","max-image-preview":"max-image-preview:large","max-video-preview":"max-video-preview:-1"},"canonical":"https:\/\/superseeds.dk\/no\/produkt\/the-ultimate-femi-dutch-passion\/","og_locale":"nb_NO","og_type":"article","og_title":"The Ultimate (Feminiseret) - Dutch Passion - Superseeds.dk","og_description":"Ultimate har blomster i mega st\u00f8rrelse.\u00a0Planten forbliver medium i st\u00f8rrelse, men Topskud er XXL-st\u00f8rrelse. Aromaen er skarp med krydrede noter af fyr, citron og benzin  afbalanceret 50% Indica \/ 50% Sativa-sort med et fremragende ry for let og stort udbytte","og_url":"https:\/\/superseeds.dk\/no\/produkt\/the-ultimate-femi-dutch-passion\/","og_site_name":"Superseeds.dk","article_modified_time":"2023-11-23T12:35:35+00:00","og_image":[{"width":800,"height":800,"url":"https:\/\/super-seeds.no\/wp-content\/uploads\/2022\/07\/the-ultimate1.jpg","type":"image\/jpeg"}],"twitter_card":"summary_large_image","twitter_misc":{"Ansl. lesetid":"8 minutter"},"schema":{"@context":"https:\/\/schema.org","@graph":[{"@type":"WebPage","@id":"https:\/\/superseeds.dk\/vare\/the-ultimate-femi-dutch-passion\/","url":"https:\/\/superseeds.dk\/vare\/the-ultimate-femi-dutch-passion\/","name":"The Ultimate (Feminiseret) - Dutch Passion - Superseeds.dk","isPartOf":{"@id":"https:\/\/super-seeds.se\/#website"},"primaryImageOfPage":{"@id":"https:\/\/superseeds.dk\/vare\/the-ultimate-femi-dutch-passion\/#primaryimage"},"image":{"@id":"https:\/\/superseeds.dk\/vare\/the-ultimate-femi-dutch-passion\/#primaryimage"},"thumbnailUrl":"https:\/\/superseeds.dk\/wp-content\/uploads\/2022\/07\/the-ultimate1.jpg","datePublished":"2021-01-26T18:20:50+00:00","dateModified":"2023-11-23T12:35:35+00:00","breadcrumb":{"@id":"https:\/\/superseeds.dk\/vare\/the-ultimate-femi-dutch-passion\/#breadcrumb"},"inLanguage":"nb-NO","potentialAction":[{"@type":"ReadAction","target":["https:\/\/superseeds.dk\/vare\/the-ultimate-femi-dutch-passion\/"]}]},{"@type":"ImageObject","inLanguage":"nb-NO","@id":"https:\/\/superseeds.dk\/vare\/the-ultimate-femi-dutch-passion\/#primaryimage","url":"https:\/\/superseeds.dk\/wp-content\/uploads\/2022\/07\/the-ultimate1.jpg","contentUrl":"https:\/\/superseeds.dk\/wp-content\/uploads\/2022\/07\/the-ultimate1.jpg","width":800,"height":800},{"@type":"BreadcrumbList","@id":"https:\/\/superseeds.dk\/vare\/the-ultimate-femi-dutch-passion\/#breadcrumb","itemListElement":[{"@type":"ListItem","position":1,"name":"Hjem","item":"https:\/\/superseeds.dk\/"},{"@type":"ListItem","position":2,"name":"Shop","item":"https:\/\/superseeds.dk\/no\/butikk\/"},{"@type":"ListItem","position":3,"name":"The Ultimate (Feminiseret) &#8211; Dutch Passion"}]},{"@type":"WebSite","@id":"https:\/\/super-seeds.se\/#website","url":"https:\/\/super-seeds.se\/","name":"Superseeds.com","description":"","publisher":{"@id":"https:\/\/super-seeds.se\/#organization"},"potentialAction":[{"@type":"SearchAction","target":{"@type":"EntryPoint","urlTemplate":"https:\/\/super-seeds.se\/?s={search_term_string}"},"query-input":{"@type":"PropertyValueSpecification","valueRequired":true,"valueName":"search_term_string"}}],"inLanguage":"nb-NO"},{"@type":"Organization","@id":"https:\/\/super-seeds.se\/#organization","name":"Superseeds.com","url":"https:\/\/super-seeds.se\/","logo":{"@type":"ImageObject","inLanguage":"nb-NO","@id":"https:\/\/super-seeds.se\/#\/schema\/logo\/image\/","url":"https:\/\/superseeds.dk\/wp-content\/uploads\/2025\/09\/logo-superseeds.png","contentUrl":"https:\/\/superseeds.dk\/wp-content\/uploads\/2025\/09\/logo-superseeds.png","width":180,"height":160,"caption":"Superseeds.dk"},"image":{"@id":"https:\/\/super-seeds.se\/#\/schema\/logo\/image\/"}}]}},"df_price":225,"df_sale_price":"","df_regular_price":225,"df_image_link":"https:\/\/superseeds.dk\/wp-content\/uploads\/2022\/07\/the-ultimate1-300x300.jpg","_links":{"self":[{"href":"https:\/\/superseeds.dk\/no\/wp-json\/wp\/v2\/product\/23982","targetHints":{"allow":["GET"]}}],"collection":[{"href":"https:\/\/superseeds.dk\/no\/wp-json\/wp\/v2\/product"}],"about":[{"href":"https:\/\/superseeds.dk\/no\/wp-json\/wp\/v2\/types\/product"}],"wp:featuredmedia":[{"embeddable":true,"href":"https:\/\/superseeds.dk\/no\/wp-json\/wp\/v2\/media\/10562"}],"wp:attachment":[{"href":"https:\/\/superseeds.dk\/no\/wp-json\/wp\/v2\/media?parent=23982"}],"wp:term":[{"taxonomy":"product_brand","embeddable":true,"href":"https:\/\/superseeds.dk\/no\/wp-json\/wp\/v2\/product_brand?post=23982"},{"taxonomy":"product_cat","embeddable":true,"href":"https:\/\/superseeds.dk\/no\/wp-json\/wp\/v2\/product_cat?post=23982"},{"taxonomy":"product_tag","embeddable":true,"href":"https:\/\/superseeds.dk\/no\/wp-json\/wp\/v2\/product_tag?post=23982"}],"curies":[{"name":"wp","href":"https:\/\/api.w.org\/{rel}","templated":true}]}}