{"id":23876,"date":"2021-02-11T13:02:40","date_gmt":"2021-02-11T12:02:40","guid":{"rendered":"https:\/\/superseeds.dk\/vare\/critical-kush-reg-barneys-farm\/"},"modified":"2023-11-23T13:31:29","modified_gmt":"2023-11-23T12:31:29","slug":"critical-kush-reg-barneys-farm","status":"publish","type":"product","link":"https:\/\/superseeds.dk\/no\/produkt\/critical-kush-reg-barneys-farm\/","title":{"rendered":"Critical Kush &#8211; Reg &#8211; Barney&#8217;s Farm"},"content":{"rendered":"<p>OPLEV DET ULTIMATIVE I KUSH-MAGT MED DETTE EKSEMPLARISKE OG KUSH-KORS<\/p>\n<p>CRITICAL KUSH \u2122 f\u00e5s nu som en regul\u00e6r stamme for kendere p\u00e5 jagt efter den ultimative CRITICAL KUSH \u2122 moder. Barneys Farm CRITICAL KUSH \u2122 er en fusion af to af verdens mest markante genetikker, Kritisk masse (Hr. Nice) og vores egen OG Kush. CRITICAL KUSH \u2122 denne hybrid er en kraftig og ekstremt kraftig indica-plante, der giver enorme m\u00e6ngder af smukke meget potente blomster. Kush-smagen er umiskendelig, og udbyttet pr. Plante er f\u00e6nomenal. Blomstrer til perfektion p\u00e5 kun 7 til 8 uger indend\u00f8rs, vokser til en middelh\u00f8jde, med sidegrener, der har behov for ekstra st\u00f8tte, til at b\u00e6re v\u00e6gten af de smukt udviklede majest\u00e6tiske buds. CRITICAL KUSH \u2122 producerer meget t\u00e6t tunge blomster.<\/p>\n<p>Type Regul\u00e6r Lysperiode Normal Dyrkning INDEND\u00d8RS\/UDEND\u00d8RS Genetik Critical Mass (Mr Nice) x OG Kush Effekt Kraftfuld, afslappende, rolig Udend\u00f8rs udbytte (g) 700-800 Blomstringstid (dage) 50 &#8211; 60 Feminiseret udend\u00f8rs h\u00f8stm\u00e5ned September Feminiseret udend\u00f8rs h\u00f8stm\u00e5ned uge 3rd-4th week H\u00f8jde (cm) 100-110cm H\u00f8jde Medium Indica % 100% Indica\/Sativa 100% Indica Medicinsk Ja Smag Citrus, krydderi, Woody Aroma Peberfrugt, citrus, jordagtig, krydret<\/p>","protected":false},"excerpt":{"rendered":"<p>OPLEV DET ULTIMATIVE I KUSH-MAGT MED DETTE EKSEMPLARISKE OG KUSH-KORS<\/p>\n<p>CRITICAL KUSH \u2122 f\u00e5s nu som en regul\u00e6r stamme for kendere p\u00e5 jagt efter den ultimative CRITICAL KUSH \u2122 moder. Barneys Farm CRITICAL KUSH \u2122 er en fusion af to af verdens mest markante genetikker, Kritisk masse (Hr. Nice) og vores egen OG Kush. CRITICAL KUSH \u2122 denne hybrid er en kraftig og ekstremt kraftig indica-plante, der giver enorme m\u00e6ngder af smukke meget potente blomster. Kush-smagen er umiskendelig, og udbyttet pr. Plante er f\u00e6nomenal. Blomstrer til perfektion p\u00e5 kun 7 til 8 uger indend\u00f8rs, vokser til en middelh\u00f8jde, med sidegrener, der har behov for ekstra st\u00f8tte, til at b\u00e6re v\u00e6gten af de smukt udviklede majest\u00e6tiske buds. CRITICAL KUSH \u2122 producerer meget t\u00e6t tunge blomster.<\/p>\n<p>&nbsp;<\/p>","protected":false},"featured_media":10373,"template":"","meta":{"_acf_changed":false},"product_brand":[],"product_cat":[1739,816,812,859,860,861,815,832,862,827],"product_tag":[],"class_list":{"0":"post-23876","1":"product","2":"type-product","3":"status-publish","4":"has-post-thumbnail","6":"product_cat-alle-froe","7":"product_cat-barneys-farm","8":"product_cat-blomstring-periode","9":"product_cat-hoej-thc-regulaerer","10":"product_cat-indendoers-regulaerer","11":"product_cat-indica-dominant-regulaerer","12":"product_cat-producenter-a-z","13":"product_cat-regulaerer","14":"product_cat-udendoers-regulaerer","15":"product_cat-under-60-dage","16":"pa_blomst-type-regulaerer","17":"pa_blomstringstid-under-60-dage","18":"pa_cbd-under-1","19":"pa_indica-sativa-100-indica","20":"pa_producenter-a-z-barneys-farm","21":"pa_thc-10-20","22":"pa_thc-20-25","23":"pa_udbytte-stort","25":"first","26":"instock","27":"taxable","28":"shipping-taxable","29":"product-type-simple"},"acf":[],"yoast_head":"<!-- This site is optimized with the Yoast SEO plugin v26.9 - https:\/\/yoast.com\/product\/yoast-seo-wordpress\/ -->\n<title>Critical Kush - Reg - Barney&#039;s Farm - Superseeds.dk<\/title>\n<meta name=\"robots\" content=\"index, follow, max-snippet:-1, max-image-preview:large, max-video-preview:-1\" \/>\n<link rel=\"canonical\" href=\"https:\/\/dev.dev.superseeds.dk\/vare\/critical-kush-reg-barneys-farm\/\" \/>\n<meta property=\"og:locale\" content=\"nb_NO\" \/>\n<meta property=\"og:type\" content=\"article\" \/>\n<meta property=\"og:title\" content=\"Critical Kush - Reg - Barney&#039;s Farm - Superseeds.dk\" \/>\n<meta property=\"og:description\" content=\"OPLEV DET ULTIMATIVE I KUSH-MAGT MED DETTE EKSEMPLARISKE OG KUSH-KORS CRITICAL KUSH \u2122 f\u00e5s nu som en regul\u00e6r stamme for kendere p\u00e5 jagt efter den ultimative CRITICAL KUSH \u2122 moder. Barneys Farm CRITICAL KUSH \u2122 er en fusion af to af verdens mest markante genetikker, Kritisk masse (Hr. Nice) og vores egen OG Kush. CRITICAL KUSH \u2122 denne hybrid er en kraftig og ekstremt kraftig indica-plante, der giver enorme m\u00e6ngder af smukke meget potente blomster. Kush-smagen er umiskendelig, og udbyttet pr. Plante er f\u00e6nomenal. Blomstrer til perfektion p\u00e5 kun 7 til 8 uger indend\u00f8rs, vokser til en middelh\u00f8jde, med sidegrener, der har behov for ekstra st\u00f8tte, til at b\u00e6re v\u00e6gten af de smukt udviklede majest\u00e6tiske buds. CRITICAL KUSH \u2122 producerer meget t\u00e6t tunge blomster. &nbsp;\" \/>\n<meta property=\"og:url\" content=\"https:\/\/dev.dev.superseeds.dk\/vare\/critical-kush-reg-barneys-farm\/\" \/>\n<meta property=\"og:site_name\" content=\"Superseeds.dk\" \/>\n<meta property=\"article:modified_time\" content=\"2023-11-23T12:31:29+00:00\" \/>\n<meta property=\"og:image\" content=\"https:\/\/dev.dev.superseeds.dk\/wp-content\/uploads\/2022\/07\/critical-kush-regular_circle_new_12_873421.jpg\" \/>\n\t<meta property=\"og:image:width\" content=\"475\" \/>\n\t<meta property=\"og:image:height\" content=\"570\" \/>\n\t<meta property=\"og:image:type\" content=\"image\/jpeg\" \/>\n<meta name=\"twitter:card\" content=\"summary_large_image\" \/>\n<meta name=\"twitter:label1\" content=\"Ansl. lesetid\" \/>\n\t<meta name=\"twitter:data1\" content=\"1 minutt\" \/>\n<script type=\"application\/ld+json\" class=\"yoast-schema-graph\">{\"@context\":\"https:\/\/schema.org\",\"@graph\":[{\"@type\":\"WebPage\",\"@id\":\"https:\/\/dev.dev.superseeds.dk\/vare\/critical-kush-reg-barneys-farm\/\",\"url\":\"https:\/\/dev.dev.superseeds.dk\/vare\/critical-kush-reg-barneys-farm\/\",\"name\":\"Critical Kush - Reg - Barney's Farm - Superseeds.dk\",\"isPartOf\":{\"@id\":\"https:\/\/super-seeds.se\/#website\"},\"primaryImageOfPage\":{\"@id\":\"https:\/\/dev.dev.superseeds.dk\/vare\/critical-kush-reg-barneys-farm\/#primaryimage\"},\"image\":{\"@id\":\"https:\/\/dev.dev.superseeds.dk\/vare\/critical-kush-reg-barneys-farm\/#primaryimage\"},\"thumbnailUrl\":\"https:\/\/superseeds.dk\/wp-content\/uploads\/2022\/07\/critical-kush-regular_circle_new_12_873421.jpg\",\"datePublished\":\"2021-02-11T12:02:40+00:00\",\"dateModified\":\"2023-11-23T12:31:29+00:00\",\"breadcrumb\":{\"@id\":\"https:\/\/dev.dev.superseeds.dk\/vare\/critical-kush-reg-barneys-farm\/#breadcrumb\"},\"inLanguage\":\"nb-NO\",\"potentialAction\":[{\"@type\":\"ReadAction\",\"target\":[\"https:\/\/dev.dev.superseeds.dk\/vare\/critical-kush-reg-barneys-farm\/\"]}]},{\"@type\":\"ImageObject\",\"inLanguage\":\"nb-NO\",\"@id\":\"https:\/\/dev.dev.superseeds.dk\/vare\/critical-kush-reg-barneys-farm\/#primaryimage\",\"url\":\"https:\/\/superseeds.dk\/wp-content\/uploads\/2022\/07\/critical-kush-regular_circle_new_12_873421.jpg\",\"contentUrl\":\"https:\/\/superseeds.dk\/wp-content\/uploads\/2022\/07\/critical-kush-regular_circle_new_12_873421.jpg\",\"width\":475,\"height\":570,\"caption\":\"H\u00f8j THC\"},{\"@type\":\"BreadcrumbList\",\"@id\":\"https:\/\/dev.dev.superseeds.dk\/vare\/critical-kush-reg-barneys-farm\/#breadcrumb\",\"itemListElement\":[{\"@type\":\"ListItem\",\"position\":1,\"name\":\"Hjem\",\"item\":\"https:\/\/superseeds.dk\/\"},{\"@type\":\"ListItem\",\"position\":2,\"name\":\"Shop\",\"item\":\"https:\/\/superseeds.dk\/no\/butikk\/\"},{\"@type\":\"ListItem\",\"position\":3,\"name\":\"Critical Kush &#8211; Reg &#8211; Barney&#8217;s Farm\"}]},{\"@type\":\"WebSite\",\"@id\":\"https:\/\/super-seeds.se\/#website\",\"url\":\"https:\/\/super-seeds.se\/\",\"name\":\"Superseeds.dk\",\"description\":\"\",\"publisher\":{\"@id\":\"https:\/\/super-seeds.se\/#organization\"},\"potentialAction\":[{\"@type\":\"SearchAction\",\"target\":{\"@type\":\"EntryPoint\",\"urlTemplate\":\"https:\/\/super-seeds.se\/?s={search_term_string}\"},\"query-input\":{\"@type\":\"PropertyValueSpecification\",\"valueRequired\":true,\"valueName\":\"search_term_string\"}}],\"inLanguage\":\"nb-NO\"},{\"@type\":\"Organization\",\"@id\":\"https:\/\/super-seeds.se\/#organization\",\"name\":\"Superseeds.dk\",\"url\":\"https:\/\/super-seeds.se\/\",\"logo\":{\"@type\":\"ImageObject\",\"inLanguage\":\"nb-NO\",\"@id\":\"https:\/\/super-seeds.se\/#\/schema\/logo\/image\/\",\"url\":\"https:\/\/superseeds.dk\/wp-content\/uploads\/2025\/09\/logo-superseeds.png\",\"contentUrl\":\"https:\/\/superseeds.dk\/wp-content\/uploads\/2025\/09\/logo-superseeds.png\",\"width\":180,\"height\":160,\"caption\":\"Superseeds.dk\"},\"image\":{\"@id\":\"https:\/\/super-seeds.se\/#\/schema\/logo\/image\/\"}}]}<\/script>\n<!-- \/ Yoast SEO plugin. -->","yoast_head_json":{"title":"Critical Kush - Reg - Barney's Farm - Superseeds.dk","robots":{"index":"index","follow":"follow","max-snippet":"max-snippet:-1","max-image-preview":"max-image-preview:large","max-video-preview":"max-video-preview:-1"},"canonical":"https:\/\/dev.dev.superseeds.dk\/vare\/critical-kush-reg-barneys-farm\/","og_locale":"nb_NO","og_type":"article","og_title":"Critical Kush - Reg - Barney's Farm - Superseeds.dk","og_description":"OPLEV DET ULTIMATIVE I KUSH-MAGT MED DETTE EKSEMPLARISKE OG KUSH-KORS CRITICAL KUSH \u2122 f\u00e5s nu som en regul\u00e6r stamme for kendere p\u00e5 jagt efter den ultimative CRITICAL KUSH \u2122 moder. Barneys Farm CRITICAL KUSH \u2122 er en fusion af to af verdens mest markante genetikker, Kritisk masse (Hr. Nice) og vores egen OG Kush. CRITICAL KUSH \u2122 denne hybrid er en kraftig og ekstremt kraftig indica-plante, der giver enorme m\u00e6ngder af smukke meget potente blomster. Kush-smagen er umiskendelig, og udbyttet pr. Plante er f\u00e6nomenal. Blomstrer til perfektion p\u00e5 kun 7 til 8 uger indend\u00f8rs, vokser til en middelh\u00f8jde, med sidegrener, der har behov for ekstra st\u00f8tte, til at b\u00e6re v\u00e6gten af de smukt udviklede majest\u00e6tiske buds. CRITICAL KUSH \u2122 producerer meget t\u00e6t tunge blomster. &nbsp;","og_url":"https:\/\/dev.dev.superseeds.dk\/vare\/critical-kush-reg-barneys-farm\/","og_site_name":"Superseeds.dk","article_modified_time":"2023-11-23T12:31:29+00:00","og_image":[{"width":475,"height":570,"url":"https:\/\/dev.dev.superseeds.dk\/wp-content\/uploads\/2022\/07\/critical-kush-regular_circle_new_12_873421.jpg","type":"image\/jpeg"}],"twitter_card":"summary_large_image","twitter_misc":{"Ansl. lesetid":"1 minutt"},"schema":{"@context":"https:\/\/schema.org","@graph":[{"@type":"WebPage","@id":"https:\/\/dev.dev.superseeds.dk\/vare\/critical-kush-reg-barneys-farm\/","url":"https:\/\/dev.dev.superseeds.dk\/vare\/critical-kush-reg-barneys-farm\/","name":"Critical Kush - Reg - Barney's Farm - Superseeds.dk","isPartOf":{"@id":"https:\/\/super-seeds.se\/#website"},"primaryImageOfPage":{"@id":"https:\/\/dev.dev.superseeds.dk\/vare\/critical-kush-reg-barneys-farm\/#primaryimage"},"image":{"@id":"https:\/\/dev.dev.superseeds.dk\/vare\/critical-kush-reg-barneys-farm\/#primaryimage"},"thumbnailUrl":"https:\/\/superseeds.dk\/wp-content\/uploads\/2022\/07\/critical-kush-regular_circle_new_12_873421.jpg","datePublished":"2021-02-11T12:02:40+00:00","dateModified":"2023-11-23T12:31:29+00:00","breadcrumb":{"@id":"https:\/\/dev.dev.superseeds.dk\/vare\/critical-kush-reg-barneys-farm\/#breadcrumb"},"inLanguage":"nb-NO","potentialAction":[{"@type":"ReadAction","target":["https:\/\/dev.dev.superseeds.dk\/vare\/critical-kush-reg-barneys-farm\/"]}]},{"@type":"ImageObject","inLanguage":"nb-NO","@id":"https:\/\/dev.dev.superseeds.dk\/vare\/critical-kush-reg-barneys-farm\/#primaryimage","url":"https:\/\/superseeds.dk\/wp-content\/uploads\/2022\/07\/critical-kush-regular_circle_new_12_873421.jpg","contentUrl":"https:\/\/superseeds.dk\/wp-content\/uploads\/2022\/07\/critical-kush-regular_circle_new_12_873421.jpg","width":475,"height":570,"caption":"H\u00f8j THC"},{"@type":"BreadcrumbList","@id":"https:\/\/dev.dev.superseeds.dk\/vare\/critical-kush-reg-barneys-farm\/#breadcrumb","itemListElement":[{"@type":"ListItem","position":1,"name":"Hjem","item":"https:\/\/superseeds.dk\/"},{"@type":"ListItem","position":2,"name":"Shop","item":"https:\/\/superseeds.dk\/no\/butikk\/"},{"@type":"ListItem","position":3,"name":"Critical Kush &#8211; Reg &#8211; Barney&#8217;s Farm"}]},{"@type":"WebSite","@id":"https:\/\/super-seeds.se\/#website","url":"https:\/\/super-seeds.se\/","name":"Superseeds.com","description":"","publisher":{"@id":"https:\/\/super-seeds.se\/#organization"},"potentialAction":[{"@type":"SearchAction","target":{"@type":"EntryPoint","urlTemplate":"https:\/\/super-seeds.se\/?s={search_term_string}"},"query-input":{"@type":"PropertyValueSpecification","valueRequired":true,"valueName":"search_term_string"}}],"inLanguage":"nb-NO"},{"@type":"Organization","@id":"https:\/\/super-seeds.se\/#organization","name":"Superseeds.com","url":"https:\/\/super-seeds.se\/","logo":{"@type":"ImageObject","inLanguage":"nb-NO","@id":"https:\/\/super-seeds.se\/#\/schema\/logo\/image\/","url":"https:\/\/superseeds.dk\/wp-content\/uploads\/2025\/09\/logo-superseeds.png","contentUrl":"https:\/\/superseeds.dk\/wp-content\/uploads\/2025\/09\/logo-superseeds.png","width":180,"height":160,"caption":"Superseeds.dk"},"image":{"@id":"https:\/\/super-seeds.se\/#\/schema\/logo\/image\/"}}]}},"df_price":"","df_sale_price":"","df_regular_price":"","df_image_link":"https:\/\/superseeds.dk\/wp-content\/uploads\/2022\/07\/critical-kush-regular_circle_new_12_873421-250x300.jpg","_links":{"self":[{"href":"https:\/\/superseeds.dk\/no\/wp-json\/wp\/v2\/product\/23876","targetHints":{"allow":["GET"]}}],"collection":[{"href":"https:\/\/superseeds.dk\/no\/wp-json\/wp\/v2\/product"}],"about":[{"href":"https:\/\/superseeds.dk\/no\/wp-json\/wp\/v2\/types\/product"}],"wp:featuredmedia":[{"embeddable":true,"href":"https:\/\/superseeds.dk\/no\/wp-json\/wp\/v2\/media\/10373"}],"wp:attachment":[{"href":"https:\/\/superseeds.dk\/no\/wp-json\/wp\/v2\/media?parent=23876"}],"wp:term":[{"taxonomy":"product_brand","embeddable":true,"href":"https:\/\/superseeds.dk\/no\/wp-json\/wp\/v2\/product_brand?post=23876"},{"taxonomy":"product_cat","embeddable":true,"href":"https:\/\/superseeds.dk\/no\/wp-json\/wp\/v2\/product_cat?post=23876"},{"taxonomy":"product_tag","embeddable":true,"href":"https:\/\/superseeds.dk\/no\/wp-json\/wp\/v2\/product_tag?post=23876"}],"curies":[{"name":"wp","href":"https:\/\/api.w.org\/{rel}","templated":true}]}}