{"id":23849,"date":"2021-01-14T16:38:59","date_gmt":"2021-01-14T15:38:59","guid":{"rendered":"https:\/\/superseeds.dk\/vare\/dos-si-dos-barneys-farm\/"},"modified":"2023-11-23T13:35:59","modified_gmt":"2023-11-23T12:35:59","slug":"dos-si-dos-barneys-farm","status":"publish","type":"product","link":"https:\/\/superseeds.dk\/no\/produkt\/dos-si-dos-barneys-farm\/","title":{"rendered":"Dos Si Dos Auto &#8211; Barney&#8217;s Farm"},"content":{"rendered":"<h2><strong>Dos Si Dos Auto \u2122 &#8211; Den eneste Dos Si Dos auto!\u00a0<\/strong><\/h2>\n<p><strong>Dos Si Dos Auto \u2122<\/strong> er en ekstraordin\u00e6r ny super strain af autoflower, der er Indica-dominerende med 65% Indica \/ 35% Sativa, der passer perfekt til vores stadigt voksende Autoflowering Cali sortiment.<\/p>\n<p>Denne juvel samler den historiske gener i Face Off OG x Girl Scout Cookies, der nu er krydset med vores BF Super Auto # 1.<br \/>\nDet har givet \u00f8get udbytte, kraft og trichome-produktion, der giver DOS SI DOS AUTO \u2122 et seri\u00f8st genetisk boost.<\/p>\n<p>Dos Si Dos Auto \u2122 kan v\u00e6re god mod angst og smerte, og g\u00f8r din dag mere afslappende. Du f\u00e5r en ogs\u00e5 l\u00e6kker smag af lime\/citrus.<\/p>\n<p>Denne fortryllende fart d\u00e6mon vokser til en indend\u00f8rs h\u00f8jde p\u00e5 100 cm og op til 140 cm udend\u00f8rs.<br \/>\nDos Si Dos eksploderer fra fr\u00f8 til h\u00f8st p\u00e5 kun 70-75 dage og genererer fantastiske udbytter p\u00e5 op til 600 g\/m2, med THC m\u00e5lt til over 20%.<\/p>\n<p>Dyk ned i en l\u00e6kker dr\u00f8m om guddommelig gl\u00e6de med den eneste Dos Si Dos Auto \u2122<\/p>","protected":false},"excerpt":{"rendered":"<p>Dos Si Dos auto fra Barneys&#8217;s Farm er en af de nye go to strains, og er hurtigt blevet en af deres mest popul\u00e6re.<\/p>\n<p>Du f\u00e5r en auto med stort udbytte samt en vidunderlig smag af citrus og s\u00f8dme.<\/p>\n<p>&nbsp;<\/p>","protected":false},"featured_media":10321,"template":"","meta":{"_acf_changed":false},"product_brand":[],"product_cat":[1739,839,816,812,840,841,830,815,842],"product_tag":[],"class_list":{"0":"post-23849","1":"product","2":"type-product","3":"status-publish","4":"has-post-thumbnail","6":"product_cat-alle-froe","7":"product_cat-autoblomstrende","8":"product_cat-barneys-farm","9":"product_cat-blomstring-periode","10":"product_cat-indendoers-autoblomstrende","11":"product_cat-indica-dominant-autoblomstrende","12":"product_cat-over-70-dage","13":"product_cat-producenter-a-z","14":"product_cat-udendoers-autoblomstrende","15":"pa_antal-1-stk","16":"pa_antal-3-stk","17":"pa_antal-5-stk","18":"pa_antal-10-stk","19":"pa_blomst-type-autoblomstrende","20":"pa_blomstringstid-over-70-dage","21":"pa_indica-854","22":"pa_sativa-855","23":"pa_thc-20-25","24":"pa_udbytte-stort","26":"first","27":"instock","28":"taxable","29":"shipping-taxable","30":"purchasable","31":"product-type-variable","32":"wvs-archive-product-wrapper"},"acf":[],"yoast_head":"<!-- This site is optimized with the Yoast SEO plugin v26.9 - https:\/\/yoast.com\/product\/yoast-seo-wordpress\/ -->\n<title>Dos Si Dos Auto - Barney&#039;s Farm - Superseeds.dk<\/title>\n<meta name=\"robots\" content=\"index, follow, max-snippet:-1, max-image-preview:large, max-video-preview:-1\" \/>\n<link rel=\"canonical\" href=\"https:\/\/superseeds.dk\/no\/produkt\/dos-si-dos-barneys-farm\/\" \/>\n<meta property=\"og:locale\" content=\"nb_NO\" \/>\n<meta property=\"og:type\" content=\"article\" \/>\n<meta property=\"og:title\" content=\"Dos Si Dos Auto - Barney&#039;s Farm - Superseeds.dk\" \/>\n<meta property=\"og:description\" content=\"Dos Si Dos auto fra Barneys&#039;s Farm er en af de nye go to strains, og er hurtigt blevet en af deres mest popul\u00e6re.  Du f\u00e5r en auto med stort udbytte samt en vidunderlig smag af citrus og s\u00f8dme.  &nbsp;\" \/>\n<meta property=\"og:url\" content=\"https:\/\/superseeds.dk\/no\/produkt\/dos-si-dos-barneys-farm\/\" \/>\n<meta property=\"og:site_name\" content=\"Superseeds.dk\" \/>\n<meta property=\"article:modified_time\" content=\"2023-11-23T12:35:59+00:00\" \/>\n<meta property=\"og:image\" content=\"https:\/\/www.super-seeds.se\/wp-content\/uploads\/2022\/07\/dos-si-dos-auto_circle_new_21_578389.jpg\" \/>\n\t<meta property=\"og:image:width\" content=\"475\" \/>\n\t<meta property=\"og:image:height\" content=\"570\" \/>\n\t<meta property=\"og:image:type\" content=\"image\/jpeg\" \/>\n<meta name=\"twitter:card\" content=\"summary_large_image\" \/>\n<meta name=\"twitter:label1\" content=\"Ansl. lesetid\" \/>\n\t<meta name=\"twitter:data1\" content=\"1 minutt\" \/>\n<script type=\"application\/ld+json\" class=\"yoast-schema-graph\">{\"@context\":\"https:\/\/schema.org\",\"@graph\":[{\"@type\":\"WebPage\",\"@id\":\"https:\/\/superseeds.dk\/vare\/dos-si-dos-barneys-farm\/\",\"url\":\"https:\/\/superseeds.dk\/vare\/dos-si-dos-barneys-farm\/\",\"name\":\"Dos Si Dos Auto - Barney's Farm - Superseeds.dk\",\"isPartOf\":{\"@id\":\"https:\/\/super-seeds.se\/#website\"},\"primaryImageOfPage\":{\"@id\":\"https:\/\/superseeds.dk\/vare\/dos-si-dos-barneys-farm\/#primaryimage\"},\"image\":{\"@id\":\"https:\/\/superseeds.dk\/vare\/dos-si-dos-barneys-farm\/#primaryimage\"},\"thumbnailUrl\":\"https:\/\/superseeds.dk\/wp-content\/uploads\/2022\/07\/dos-si-dos-auto_circle_new_21_578389.jpg\",\"datePublished\":\"2021-01-14T15:38:59+00:00\",\"dateModified\":\"2023-11-23T12:35:59+00:00\",\"breadcrumb\":{\"@id\":\"https:\/\/superseeds.dk\/vare\/dos-si-dos-barneys-farm\/#breadcrumb\"},\"inLanguage\":\"nb-NO\",\"potentialAction\":[{\"@type\":\"ReadAction\",\"target\":[\"https:\/\/superseeds.dk\/vare\/dos-si-dos-barneys-farm\/\"]}]},{\"@type\":\"ImageObject\",\"inLanguage\":\"nb-NO\",\"@id\":\"https:\/\/superseeds.dk\/vare\/dos-si-dos-barneys-farm\/#primaryimage\",\"url\":\"https:\/\/superseeds.dk\/wp-content\/uploads\/2022\/07\/dos-si-dos-auto_circle_new_21_578389.jpg\",\"contentUrl\":\"https:\/\/superseeds.dk\/wp-content\/uploads\/2022\/07\/dos-si-dos-auto_circle_new_21_578389.jpg\",\"width\":475,\"height\":570,\"caption\":\"Indend\u00f8rs Superseeds\"},{\"@type\":\"BreadcrumbList\",\"@id\":\"https:\/\/superseeds.dk\/vare\/dos-si-dos-barneys-farm\/#breadcrumb\",\"itemListElement\":[{\"@type\":\"ListItem\",\"position\":1,\"name\":\"Hjem\",\"item\":\"https:\/\/superseeds.dk\/\"},{\"@type\":\"ListItem\",\"position\":2,\"name\":\"Shop\",\"item\":\"https:\/\/superseeds.dk\/no\/butikk\/\"},{\"@type\":\"ListItem\",\"position\":3,\"name\":\"Dos Si Dos Auto &#8211; Barney&#8217;s Farm\"}]},{\"@type\":\"WebSite\",\"@id\":\"https:\/\/super-seeds.se\/#website\",\"url\":\"https:\/\/super-seeds.se\/\",\"name\":\"Superseeds.dk\",\"description\":\"\",\"publisher\":{\"@id\":\"https:\/\/super-seeds.se\/#organization\"},\"potentialAction\":[{\"@type\":\"SearchAction\",\"target\":{\"@type\":\"EntryPoint\",\"urlTemplate\":\"https:\/\/super-seeds.se\/?s={search_term_string}\"},\"query-input\":{\"@type\":\"PropertyValueSpecification\",\"valueRequired\":true,\"valueName\":\"search_term_string\"}}],\"inLanguage\":\"nb-NO\"},{\"@type\":\"Organization\",\"@id\":\"https:\/\/super-seeds.se\/#organization\",\"name\":\"Superseeds.dk\",\"url\":\"https:\/\/super-seeds.se\/\",\"logo\":{\"@type\":\"ImageObject\",\"inLanguage\":\"nb-NO\",\"@id\":\"https:\/\/super-seeds.se\/#\/schema\/logo\/image\/\",\"url\":\"https:\/\/superseeds.dk\/wp-content\/uploads\/2025\/09\/logo-superseeds.png\",\"contentUrl\":\"https:\/\/superseeds.dk\/wp-content\/uploads\/2025\/09\/logo-superseeds.png\",\"width\":180,\"height\":160,\"caption\":\"Superseeds.dk\"},\"image\":{\"@id\":\"https:\/\/super-seeds.se\/#\/schema\/logo\/image\/\"}}]}<\/script>\n<!-- \/ Yoast SEO plugin. -->","yoast_head_json":{"title":"Dos Si Dos Auto - Barney's Farm - Superseeds.dk","robots":{"index":"index","follow":"follow","max-snippet":"max-snippet:-1","max-image-preview":"max-image-preview:large","max-video-preview":"max-video-preview:-1"},"canonical":"https:\/\/superseeds.dk\/no\/produkt\/dos-si-dos-barneys-farm\/","og_locale":"nb_NO","og_type":"article","og_title":"Dos Si Dos Auto - Barney's Farm - Superseeds.dk","og_description":"Dos Si Dos auto fra Barneys's Farm er en af de nye go to strains, og er hurtigt blevet en af deres mest popul\u00e6re.  Du f\u00e5r en auto med stort udbytte samt en vidunderlig smag af citrus og s\u00f8dme.  &nbsp;","og_url":"https:\/\/superseeds.dk\/no\/produkt\/dos-si-dos-barneys-farm\/","og_site_name":"Superseeds.dk","article_modified_time":"2023-11-23T12:35:59+00:00","og_image":[{"width":475,"height":570,"url":"https:\/\/www.super-seeds.se\/wp-content\/uploads\/2022\/07\/dos-si-dos-auto_circle_new_21_578389.jpg","type":"image\/jpeg"}],"twitter_card":"summary_large_image","twitter_misc":{"Ansl. lesetid":"1 minutt"},"schema":{"@context":"https:\/\/schema.org","@graph":[{"@type":"WebPage","@id":"https:\/\/superseeds.dk\/vare\/dos-si-dos-barneys-farm\/","url":"https:\/\/superseeds.dk\/vare\/dos-si-dos-barneys-farm\/","name":"Dos Si Dos Auto - Barney's Farm - Superseeds.dk","isPartOf":{"@id":"https:\/\/super-seeds.se\/#website"},"primaryImageOfPage":{"@id":"https:\/\/superseeds.dk\/vare\/dos-si-dos-barneys-farm\/#primaryimage"},"image":{"@id":"https:\/\/superseeds.dk\/vare\/dos-si-dos-barneys-farm\/#primaryimage"},"thumbnailUrl":"https:\/\/superseeds.dk\/wp-content\/uploads\/2022\/07\/dos-si-dos-auto_circle_new_21_578389.jpg","datePublished":"2021-01-14T15:38:59+00:00","dateModified":"2023-11-23T12:35:59+00:00","breadcrumb":{"@id":"https:\/\/superseeds.dk\/vare\/dos-si-dos-barneys-farm\/#breadcrumb"},"inLanguage":"nb-NO","potentialAction":[{"@type":"ReadAction","target":["https:\/\/superseeds.dk\/vare\/dos-si-dos-barneys-farm\/"]}]},{"@type":"ImageObject","inLanguage":"nb-NO","@id":"https:\/\/superseeds.dk\/vare\/dos-si-dos-barneys-farm\/#primaryimage","url":"https:\/\/superseeds.dk\/wp-content\/uploads\/2022\/07\/dos-si-dos-auto_circle_new_21_578389.jpg","contentUrl":"https:\/\/superseeds.dk\/wp-content\/uploads\/2022\/07\/dos-si-dos-auto_circle_new_21_578389.jpg","width":475,"height":570,"caption":"Indend\u00f8rs Superseeds"},{"@type":"BreadcrumbList","@id":"https:\/\/superseeds.dk\/vare\/dos-si-dos-barneys-farm\/#breadcrumb","itemListElement":[{"@type":"ListItem","position":1,"name":"Hjem","item":"https:\/\/superseeds.dk\/"},{"@type":"ListItem","position":2,"name":"Shop","item":"https:\/\/superseeds.dk\/no\/butikk\/"},{"@type":"ListItem","position":3,"name":"Dos Si Dos Auto &#8211; Barney&#8217;s Farm"}]},{"@type":"WebSite","@id":"https:\/\/super-seeds.se\/#website","url":"https:\/\/super-seeds.se\/","name":"Superseeds.com","description":"","publisher":{"@id":"https:\/\/super-seeds.se\/#organization"},"potentialAction":[{"@type":"SearchAction","target":{"@type":"EntryPoint","urlTemplate":"https:\/\/super-seeds.se\/?s={search_term_string}"},"query-input":{"@type":"PropertyValueSpecification","valueRequired":true,"valueName":"search_term_string"}}],"inLanguage":"nb-NO"},{"@type":"Organization","@id":"https:\/\/super-seeds.se\/#organization","name":"Superseeds.com","url":"https:\/\/super-seeds.se\/","logo":{"@type":"ImageObject","inLanguage":"nb-NO","@id":"https:\/\/super-seeds.se\/#\/schema\/logo\/image\/","url":"https:\/\/superseeds.dk\/wp-content\/uploads\/2025\/09\/logo-superseeds.png","contentUrl":"https:\/\/superseeds.dk\/wp-content\/uploads\/2025\/09\/logo-superseeds.png","width":180,"height":160,"caption":"Superseeds.dk"},"image":{"@id":"https:\/\/super-seeds.se\/#\/schema\/logo\/image\/"}}]}},"df_price":89,"df_sale_price":"","df_regular_price":89,"df_image_link":"https:\/\/superseeds.dk\/wp-content\/uploads\/2022\/07\/dos-si-dos-auto_circle_new_21_578389-250x300.jpg","_links":{"self":[{"href":"https:\/\/superseeds.dk\/no\/wp-json\/wp\/v2\/product\/23849","targetHints":{"allow":["GET"]}}],"collection":[{"href":"https:\/\/superseeds.dk\/no\/wp-json\/wp\/v2\/product"}],"about":[{"href":"https:\/\/superseeds.dk\/no\/wp-json\/wp\/v2\/types\/product"}],"wp:featuredmedia":[{"embeddable":true,"href":"https:\/\/superseeds.dk\/no\/wp-json\/wp\/v2\/media\/10321"}],"wp:attachment":[{"href":"https:\/\/superseeds.dk\/no\/wp-json\/wp\/v2\/media?parent=23849"}],"wp:term":[{"taxonomy":"product_brand","embeddable":true,"href":"https:\/\/superseeds.dk\/no\/wp-json\/wp\/v2\/product_brand?post=23849"},{"taxonomy":"product_cat","embeddable":true,"href":"https:\/\/superseeds.dk\/no\/wp-json\/wp\/v2\/product_cat?post=23849"},{"taxonomy":"product_tag","embeddable":true,"href":"https:\/\/superseeds.dk\/no\/wp-json\/wp\/v2\/product_tag?post=23849"}],"curies":[{"name":"wp","href":"https:\/\/api.w.org\/{rel}","templated":true}]}}