{"id":23773,"date":"2021-02-11T15:06:40","date_gmt":"2021-02-11T14:06:40","guid":{"rendered":"https:\/\/superseeds.dk\/vare\/glue-gelato-auto-barneys-farm\/"},"modified":"2023-11-23T13:31:24","modified_gmt":"2023-11-23T12:31:24","slug":"glue-gelato-auto-barneys-farm","status":"publish","type":"product","link":"https:\/\/superseeds.dk\/no\/produkt\/glue-gelato-auto-barneys-farm\/","title":{"rendered":"Glue Gelato Auto &#8211; Barney&#8217;s Farm"},"content":{"rendered":"<p>BEROLIGER DINE SMERTER OG SMERTER ALTID MED DENNE H\u00e5RDT RAMTE WEST COAST AUTOFLOWER<\/p>\n<p>Er du klar til at opleve GLUE GELATO AUTO\u2122? Elite West Coast stiklinger er blevet opdaget, og formet til en autoflowering juvel. S\u00f8rg for at pr\u00f8ve denne mundvandende blanding af Gelato og Glue. Lad hende frig\u00f8re hendes fascinerende magi p\u00e5 dig, da himmelske f\u00f8lelser skyller ind over din krop, alle dine bekymringer forsvinder, og en rolig, afslappet sindstilstand tager over. Glue Gelato kan man stole p\u00e5 for at \u00e6ndre ens hum\u00f8r til det bedre. Indend\u00f8rs kan man forvente udbytte p\u00e5 op til 600 g \/ m2, mens det udend\u00f8rs er muligt at h\u00f8ste op til 400 g pr. Plante under helt ideelle v\u00e6kstbetingelser. G\u00e5 ikke glip af denne potente pistilfest &#8211; det er en rigtig enkel sag at tage hende fra fr\u00f8, til buds p\u00e5 kun 70 dage, pr\u00f8v hende, du vil v\u00e6re glad for at du pr\u00f8vede Barneys GLUE GELATO AUTO \u2122.<\/p>\n<p>Type Feminiseret Lysperiode Autoblomstring Dyrkning INDEND\u00d8RS\/UDEND\u00d8RS Genetik Gorilla Glue x Gelato x BF Super Auto #1 Effekt Glad, afslappet, opl\u00f8ftet, beroligende, euforisk Udend\u00f8rs udbytte (g) 500-600 Indend\u00f8rs udbytte (g) 500-600 gr\/m\u00b2 Autoflower H\u00f8st tid fra fr\u00f8 (dage) 65 &#8211; 70 H\u00f8jde (cm) 90-120cm H\u00f8jde indend\u00f8rs (cm) 90-120cm H\u00f8jde udend\u00f8rs (cm) 90-120cm H\u00f8jde Medium Indica % 60% Sativa % 40% Indica\/Sativa Mest Indica Medicinsk niveau Medium Medicinsk Ja Smag Tip om rig chokolade, krydret frugtagtig smag, s\u00f8de b\u00e6r Aroma Frugtagtig, s\u00f8d jordn\u00e6r citrus Modstand mod skimmel\/mug (5 = bedst) 5 Modstand mod botrytis (5 = bedst) 4 Modstand mod kulde (5 = Bedst) 3 Modstand mod Spindemider (5 = Bedst) 4 V\u00e6kstvanskelighed (5 = h\u00e5rd) 1<\/p>","protected":false},"excerpt":{"rendered":"<p>BEROLIGER DINE SMERTER OG SMERTER ALTID MED DENNE H\u00e5RDT RAMTE WEST COAST AUTOFLOWER<\/p>\n<p>Er du klar til at opleve GLUE GELATO AUTO\u2122? Elite West Coast stiklinger er blevet opdaget, og formet til en autoflowering juvel. S\u00f8rg for at pr\u00f8ve denne mundvandende blanding af Gelato og Glue. Lad hende frig\u00f8re hendes fascinerende magi p\u00e5 dig, da himmelske f\u00f8lelser skyller ind over din krop, alle dine bekymringer forsvinder, og en rolig, afslappet sindstilstand tager over. Glue Gelato kan man stole p\u00e5 for at \u00e6ndre ens hum\u00f8r til det bedre. Indend\u00f8rs kan man forvente udbytte p\u00e5 op til 600 g \/ m2, mens det udend\u00f8rs er muligt at h\u00f8ste op til 400 g pr. Plante under helt ideelle v\u00e6kstbetingelser. G\u00e5 ikke glip af denne potente pistilfest &#8211; det er en rigtig enkel sag at tage hende fra fr\u00f8, til buds p\u00e5 kun 70 dage, pr\u00f8v hende, du vil v\u00e6re glad for at du pr\u00f8vede Barneys GLUE GELATO AUTO \u2122.<\/p>","protected":false},"featured_media":10185,"template":"","meta":{"_acf_changed":false},"product_brand":[],"product_cat":[814,1739,839,816,812,840,841,815,842],"product_tag":[],"class_list":{"0":"post-23773","1":"product","2":"type-product","3":"status-publish","4":"has-post-thumbnail","6":"product_cat-65-70-dage","7":"product_cat-alle-froe","8":"product_cat-autoblomstrende","9":"product_cat-barneys-farm","10":"product_cat-blomstring-periode","11":"product_cat-indendoers-autoblomstrende","12":"product_cat-indica-dominant-autoblomstrende","13":"product_cat-producenter-a-z","14":"product_cat-udendoers-autoblomstrende","15":"pa_antal-1-stk","16":"pa_antal-3-stk","17":"pa_antal-5-stk","18":"pa_blomst-type-autoblomstrende","19":"pa_blomstringstid-65-70-dage","20":"pa_indica-sativa-100-indica","21":"pa_thc-10-20","22":"pa_thc-20-25","23":"pa_udbytte-stort","25":"first","26":"instock","27":"taxable","28":"shipping-taxable","29":"purchasable","30":"product-type-variable","31":"wvs-archive-product-wrapper"},"acf":[],"yoast_head":"<!-- This site is optimized with the Yoast SEO plugin v26.9 - https:\/\/yoast.com\/product\/yoast-seo-wordpress\/ -->\n<title>Glue Gelato Auto - Barney&#039;s Farm - Superseeds.dk<\/title>\n<meta name=\"robots\" content=\"index, follow, max-snippet:-1, max-image-preview:large, max-video-preview:-1\" \/>\n<link rel=\"canonical\" href=\"https:\/\/superseeds.dk\/no\/produkt\/glue-gelato-auto-barneys-farm\/\" \/>\n<meta property=\"og:locale\" content=\"nb_NO\" \/>\n<meta property=\"og:type\" content=\"article\" \/>\n<meta property=\"og:title\" content=\"Glue Gelato Auto - Barney&#039;s Farm - Superseeds.dk\" \/>\n<meta property=\"og:description\" content=\"BEROLIGER DINE SMERTER OG SMERTER ALTID MED DENNE H\u00e5RDT RAMTE WEST COAST AUTOFLOWER  Er du klar til at opleve GLUE GELATO AUTO\u2122? Elite West Coast stiklinger er blevet opdaget, og formet til en autoflowering juvel. S\u00f8rg for at pr\u00f8ve denne mundvandende blanding af Gelato og Glue. Lad hende frig\u00f8re hendes fascinerende magi p\u00e5 dig, da himmelske f\u00f8lelser skyller ind over din krop, alle dine bekymringer forsvinder, og en rolig, afslappet sindstilstand tager over. Glue Gelato kan man stole p\u00e5 for at \u00e6ndre ens hum\u00f8r til det bedre. Indend\u00f8rs kan man forvente udbytte p\u00e5 op til 600 g \/ m2, mens det udend\u00f8rs er muligt at h\u00f8ste op til 400 g pr. Plante under helt ideelle v\u00e6kstbetingelser. G\u00e5 ikke glip af denne potente pistilfest - det er en rigtig enkel sag at tage hende fra fr\u00f8, til buds p\u00e5 kun 70 dage, pr\u00f8v hende, du vil v\u00e6re glad for at du pr\u00f8vede Barneys GLUE GELATO AUTO \u2122.\" \/>\n<meta property=\"og:url\" content=\"https:\/\/superseeds.dk\/no\/produkt\/glue-gelato-auto-barneys-farm\/\" \/>\n<meta property=\"og:site_name\" content=\"Superseeds.dk\" \/>\n<meta property=\"article:modified_time\" content=\"2023-11-23T12:31:24+00:00\" \/>\n<meta property=\"og:image\" content=\"https:\/\/dev.superseeds.dk\/wp-content\/uploads\/2022\/07\/glue-gelato-auto_circle_new_12_869469.jpg\" \/>\n\t<meta property=\"og:image:width\" content=\"475\" \/>\n\t<meta property=\"og:image:height\" content=\"570\" \/>\n\t<meta property=\"og:image:type\" content=\"image\/jpeg\" \/>\n<meta name=\"twitter:card\" content=\"summary_large_image\" \/>\n<meta name=\"twitter:label1\" content=\"Ansl. lesetid\" \/>\n\t<meta name=\"twitter:data1\" content=\"2 minutter\" \/>\n<script type=\"application\/ld+json\" class=\"yoast-schema-graph\">{\"@context\":\"https:\/\/schema.org\",\"@graph\":[{\"@type\":\"WebPage\",\"@id\":\"https:\/\/superseeds.dk\/vare\/glue-gelato-auto-barneys-farm\/\",\"url\":\"https:\/\/superseeds.dk\/vare\/glue-gelato-auto-barneys-farm\/\",\"name\":\"Glue Gelato Auto - Barney's Farm - Superseeds.dk\",\"isPartOf\":{\"@id\":\"https:\/\/super-seeds.se\/#website\"},\"primaryImageOfPage\":{\"@id\":\"https:\/\/superseeds.dk\/vare\/glue-gelato-auto-barneys-farm\/#primaryimage\"},\"image\":{\"@id\":\"https:\/\/superseeds.dk\/vare\/glue-gelato-auto-barneys-farm\/#primaryimage\"},\"thumbnailUrl\":\"https:\/\/superseeds.dk\/wp-content\/uploads\/2022\/07\/glue-gelato-auto_circle_new_12_869469.jpg\",\"datePublished\":\"2021-02-11T14:06:40+00:00\",\"dateModified\":\"2023-11-23T12:31:24+00:00\",\"breadcrumb\":{\"@id\":\"https:\/\/superseeds.dk\/vare\/glue-gelato-auto-barneys-farm\/#breadcrumb\"},\"inLanguage\":\"nb-NO\",\"potentialAction\":[{\"@type\":\"ReadAction\",\"target\":[\"https:\/\/superseeds.dk\/vare\/glue-gelato-auto-barneys-farm\/\"]}]},{\"@type\":\"ImageObject\",\"inLanguage\":\"nb-NO\",\"@id\":\"https:\/\/superseeds.dk\/vare\/glue-gelato-auto-barneys-farm\/#primaryimage\",\"url\":\"https:\/\/superseeds.dk\/wp-content\/uploads\/2022\/07\/glue-gelato-auto_circle_new_12_869469.jpg\",\"contentUrl\":\"https:\/\/superseeds.dk\/wp-content\/uploads\/2022\/07\/glue-gelato-auto_circle_new_12_869469.jpg\",\"width\":475,\"height\":570},{\"@type\":\"BreadcrumbList\",\"@id\":\"https:\/\/superseeds.dk\/vare\/glue-gelato-auto-barneys-farm\/#breadcrumb\",\"itemListElement\":[{\"@type\":\"ListItem\",\"position\":1,\"name\":\"Hjem\",\"item\":\"https:\/\/superseeds.dk\/\"},{\"@type\":\"ListItem\",\"position\":2,\"name\":\"Shop\",\"item\":\"https:\/\/superseeds.dk\/no\/butikk\/\"},{\"@type\":\"ListItem\",\"position\":3,\"name\":\"Glue Gelato Auto &#8211; Barney&#8217;s Farm\"}]},{\"@type\":\"WebSite\",\"@id\":\"https:\/\/super-seeds.se\/#website\",\"url\":\"https:\/\/super-seeds.se\/\",\"name\":\"Superseeds.dk\",\"description\":\"\",\"publisher\":{\"@id\":\"https:\/\/super-seeds.se\/#organization\"},\"potentialAction\":[{\"@type\":\"SearchAction\",\"target\":{\"@type\":\"EntryPoint\",\"urlTemplate\":\"https:\/\/super-seeds.se\/?s={search_term_string}\"},\"query-input\":{\"@type\":\"PropertyValueSpecification\",\"valueRequired\":true,\"valueName\":\"search_term_string\"}}],\"inLanguage\":\"nb-NO\"},{\"@type\":\"Organization\",\"@id\":\"https:\/\/super-seeds.se\/#organization\",\"name\":\"Superseeds.dk\",\"url\":\"https:\/\/super-seeds.se\/\",\"logo\":{\"@type\":\"ImageObject\",\"inLanguage\":\"nb-NO\",\"@id\":\"https:\/\/super-seeds.se\/#\/schema\/logo\/image\/\",\"url\":\"https:\/\/superseeds.dk\/wp-content\/uploads\/2025\/09\/logo-superseeds.png\",\"contentUrl\":\"https:\/\/superseeds.dk\/wp-content\/uploads\/2025\/09\/logo-superseeds.png\",\"width\":180,\"height\":160,\"caption\":\"Superseeds.dk\"},\"image\":{\"@id\":\"https:\/\/super-seeds.se\/#\/schema\/logo\/image\/\"}}]}<\/script>\n<!-- \/ Yoast SEO plugin. -->","yoast_head_json":{"title":"Glue Gelato Auto - Barney's Farm - Superseeds.dk","robots":{"index":"index","follow":"follow","max-snippet":"max-snippet:-1","max-image-preview":"max-image-preview:large","max-video-preview":"max-video-preview:-1"},"canonical":"https:\/\/superseeds.dk\/no\/produkt\/glue-gelato-auto-barneys-farm\/","og_locale":"nb_NO","og_type":"article","og_title":"Glue Gelato Auto - Barney's Farm - Superseeds.dk","og_description":"BEROLIGER DINE SMERTER OG SMERTER ALTID MED DENNE H\u00e5RDT RAMTE WEST COAST AUTOFLOWER  Er du klar til at opleve GLUE GELATO AUTO\u2122? Elite West Coast stiklinger er blevet opdaget, og formet til en autoflowering juvel. S\u00f8rg for at pr\u00f8ve denne mundvandende blanding af Gelato og Glue. Lad hende frig\u00f8re hendes fascinerende magi p\u00e5 dig, da himmelske f\u00f8lelser skyller ind over din krop, alle dine bekymringer forsvinder, og en rolig, afslappet sindstilstand tager over. Glue Gelato kan man stole p\u00e5 for at \u00e6ndre ens hum\u00f8r til det bedre. Indend\u00f8rs kan man forvente udbytte p\u00e5 op til 600 g \/ m2, mens det udend\u00f8rs er muligt at h\u00f8ste op til 400 g pr. Plante under helt ideelle v\u00e6kstbetingelser. G\u00e5 ikke glip af denne potente pistilfest - det er en rigtig enkel sag at tage hende fra fr\u00f8, til buds p\u00e5 kun 70 dage, pr\u00f8v hende, du vil v\u00e6re glad for at du pr\u00f8vede Barneys GLUE GELATO AUTO \u2122.","og_url":"https:\/\/superseeds.dk\/no\/produkt\/glue-gelato-auto-barneys-farm\/","og_site_name":"Superseeds.dk","article_modified_time":"2023-11-23T12:31:24+00:00","og_image":[{"width":475,"height":570,"url":"https:\/\/dev.superseeds.dk\/wp-content\/uploads\/2022\/07\/glue-gelato-auto_circle_new_12_869469.jpg","type":"image\/jpeg"}],"twitter_card":"summary_large_image","twitter_misc":{"Ansl. lesetid":"2 minutter"},"schema":{"@context":"https:\/\/schema.org","@graph":[{"@type":"WebPage","@id":"https:\/\/superseeds.dk\/vare\/glue-gelato-auto-barneys-farm\/","url":"https:\/\/superseeds.dk\/vare\/glue-gelato-auto-barneys-farm\/","name":"Glue Gelato Auto - Barney's Farm - Superseeds.dk","isPartOf":{"@id":"https:\/\/super-seeds.se\/#website"},"primaryImageOfPage":{"@id":"https:\/\/superseeds.dk\/vare\/glue-gelato-auto-barneys-farm\/#primaryimage"},"image":{"@id":"https:\/\/superseeds.dk\/vare\/glue-gelato-auto-barneys-farm\/#primaryimage"},"thumbnailUrl":"https:\/\/superseeds.dk\/wp-content\/uploads\/2022\/07\/glue-gelato-auto_circle_new_12_869469.jpg","datePublished":"2021-02-11T14:06:40+00:00","dateModified":"2023-11-23T12:31:24+00:00","breadcrumb":{"@id":"https:\/\/superseeds.dk\/vare\/glue-gelato-auto-barneys-farm\/#breadcrumb"},"inLanguage":"nb-NO","potentialAction":[{"@type":"ReadAction","target":["https:\/\/superseeds.dk\/vare\/glue-gelato-auto-barneys-farm\/"]}]},{"@type":"ImageObject","inLanguage":"nb-NO","@id":"https:\/\/superseeds.dk\/vare\/glue-gelato-auto-barneys-farm\/#primaryimage","url":"https:\/\/superseeds.dk\/wp-content\/uploads\/2022\/07\/glue-gelato-auto_circle_new_12_869469.jpg","contentUrl":"https:\/\/superseeds.dk\/wp-content\/uploads\/2022\/07\/glue-gelato-auto_circle_new_12_869469.jpg","width":475,"height":570},{"@type":"BreadcrumbList","@id":"https:\/\/superseeds.dk\/vare\/glue-gelato-auto-barneys-farm\/#breadcrumb","itemListElement":[{"@type":"ListItem","position":1,"name":"Hjem","item":"https:\/\/superseeds.dk\/"},{"@type":"ListItem","position":2,"name":"Shop","item":"https:\/\/superseeds.dk\/no\/butikk\/"},{"@type":"ListItem","position":3,"name":"Glue Gelato Auto &#8211; Barney&#8217;s Farm"}]},{"@type":"WebSite","@id":"https:\/\/super-seeds.se\/#website","url":"https:\/\/super-seeds.se\/","name":"Superseeds.com","description":"","publisher":{"@id":"https:\/\/super-seeds.se\/#organization"},"potentialAction":[{"@type":"SearchAction","target":{"@type":"EntryPoint","urlTemplate":"https:\/\/super-seeds.se\/?s={search_term_string}"},"query-input":{"@type":"PropertyValueSpecification","valueRequired":true,"valueName":"search_term_string"}}],"inLanguage":"nb-NO"},{"@type":"Organization","@id":"https:\/\/super-seeds.se\/#organization","name":"Superseeds.com","url":"https:\/\/super-seeds.se\/","logo":{"@type":"ImageObject","inLanguage":"nb-NO","@id":"https:\/\/super-seeds.se\/#\/schema\/logo\/image\/","url":"https:\/\/superseeds.dk\/wp-content\/uploads\/2025\/09\/logo-superseeds.png","contentUrl":"https:\/\/superseeds.dk\/wp-content\/uploads\/2025\/09\/logo-superseeds.png","width":180,"height":160,"caption":"Superseeds.dk"},"image":{"@id":"https:\/\/super-seeds.se\/#\/schema\/logo\/image\/"}}]}},"df_price":69,"df_sale_price":"","df_regular_price":69,"df_image_link":"https:\/\/superseeds.dk\/wp-content\/uploads\/2022\/07\/glue-gelato-auto_circle_new_12_869469-250x300.jpg","_links":{"self":[{"href":"https:\/\/superseeds.dk\/no\/wp-json\/wp\/v2\/product\/23773","targetHints":{"allow":["GET"]}}],"collection":[{"href":"https:\/\/superseeds.dk\/no\/wp-json\/wp\/v2\/product"}],"about":[{"href":"https:\/\/superseeds.dk\/no\/wp-json\/wp\/v2\/types\/product"}],"wp:featuredmedia":[{"embeddable":true,"href":"https:\/\/superseeds.dk\/no\/wp-json\/wp\/v2\/media\/10185"}],"wp:attachment":[{"href":"https:\/\/superseeds.dk\/no\/wp-json\/wp\/v2\/media?parent=23773"}],"wp:term":[{"taxonomy":"product_brand","embeddable":true,"href":"https:\/\/superseeds.dk\/no\/wp-json\/wp\/v2\/product_brand?post=23773"},{"taxonomy":"product_cat","embeddable":true,"href":"https:\/\/superseeds.dk\/no\/wp-json\/wp\/v2\/product_cat?post=23773"},{"taxonomy":"product_tag","embeddable":true,"href":"https:\/\/superseeds.dk\/no\/wp-json\/wp\/v2\/product_tag?post=23773"}],"curies":[{"name":"wp","href":"https:\/\/api.w.org\/{rel}","templated":true}]}}