{"id":23670,"date":"2021-02-11T12:45:59","date_gmt":"2021-02-11T11:45:59","guid":{"rendered":"https:\/\/superseeds.dk\/vare\/cookies-kush-femi-barneys-farm\/"},"modified":"2023-11-23T13:31:30","modified_gmt":"2023-11-23T12:31:30","slug":"cookies-kush-femi-barneys-farm","status":"publish","type":"product","link":"https:\/\/superseeds.dk\/no\/produkt\/cookies-kush-femi-barneys-farm\/","title":{"rendered":"Cookies Kush (Feminisert) - Barney's Farm"},"content":{"rendered":"<p>LYS DIN DAG OP MED DETTE UTROLIGT KRAFTFULDE COOKIES OG OG-KRYDS<\/p>\n<p>COOKIES KUSH\u2122 er hurtigt blevet et f\u00e6nomen inden for cannabis kulturen. Denne fantastiske strain blev skabt ved at krydse vores Girl Scout Cookies f\u00e6notype med en kraftfuld OG Kush. Dette projekt gav utrolige resultater fra begyndelsen, sammenl\u00e6gning af den magtfulde mintchokoladesmag med den fantastiske duft og smag af Girl Scout Cookies. Denne stamme er meget tilgivende for vanskelige forhold og let at dyrke. Du kan forvente store udbytte p\u00e5 8 uger med indend\u00f8rs blomstring.<\/p>\n<p>Type Feminiseret Lysperiode Normal Dyrkning INDEND\u00d8RS\/UDEND\u00d8RS Genetik Girl Scout Cookies x OG Kush Effekt Cerebral, energigivende, eufori, glad, afslappende Indend\u00f8rs udbytte (g) 650 gr\/m\u00b2 Blomstringstid (dage) 55 &#8211; 60 Feminiseret udend\u00f8rs h\u00f8stm\u00e5ned September Feminiseret udend\u00f8rs h\u00f8stm\u00e5ned uge 3rd-4th week H\u00f8jde (cm) 90\/100cm H\u00f8jde indend\u00f8rs (cm) 90\/100cm H\u00f8jde udend\u00f8rs (cm) 90\/100cm H\u00f8jde Medium Indica % 70% Sativa % 30% Indica\/Sativa Mest Indica Medicinsk Nej Smag Mint chokolade, Woody, Apple, Lime Aroma Sweet Lime, Sur Granny Smith Apple, skarp, jordn\u00e6r<\/p>","protected":false},"excerpt":{"rendered":"<p>LYS DIN DAG OP MED DETTE UTROLIGT KRAFTFULDE COOKIES OG OG-KRYDS<\/p>\n<p>COOKIES KUSH\u2122 er hurtigt blevet et f\u00e6nomen inden for cannabis kulturen. Denne fantastiske strain blev skabt ved at krydse vores Girl Scout Cookies f\u00e6notype med en kraftfuld OG Kush. Dette projekt gav utrolige resultater fra begyndelsen, sammenl\u00e6gning af den magtfulde mintchokoladesmag med den fantastiske duft og smag af Girl Scout Cookies. Denne stamme er meget tilgivende for vanskelige forhold og let at dyrke. Du kan forvente store udbytte p\u00e5 8 uger med indend\u00f8rs blomstring.<\/p>","protected":false},"featured_media":9987,"template":"","meta":{"_acf_changed":false},"product_brand":[],"product_cat":[1739,816,812,817,819,826,815,835,827],"product_tag":[],"class_list":{"0":"post-23670","1":"product","2":"type-product","3":"status-publish","4":"has-post-thumbnail","6":"product_cat-alle-froe","7":"product_cat-barneys-farm","8":"product_cat-blomstring-periode","9":"product_cat-feminiserede","10":"product_cat-indendoers","11":"product_cat-indica-dominant","12":"product_cat-producenter-a-z","13":"product_cat-udendoers-feminiserede","14":"product_cat-under-60-dage","15":"pa_antal-1-stk","16":"pa_antal-3-stk","17":"pa_antal-5-stk","18":"pa_antal-10-stk","19":"pa_blomst-type-feminiserede","20":"pa_blomstringstid-under-60-dage","21":"pa_indica-sativa-indica-dominant","22":"pa_thc-20-25","23":"pa_udbytte-xxl","25":"first","26":"instock","27":"taxable","28":"shipping-taxable","29":"purchasable","30":"product-type-variable","31":"wvs-archive-product-wrapper"},"acf":[],"yoast_head":"<!-- This site is optimized with the Yoast SEO plugin v26.9 - https:\/\/yoast.com\/product\/yoast-seo-wordpress\/ -->\n<title>Cookies Kush (Feminiseret) - Barney&#039;s Farm - Superseeds.dk<\/title>\n<meta name=\"robots\" content=\"index, follow, max-snippet:-1, max-image-preview:large, max-video-preview:-1\" \/>\n<link rel=\"canonical\" href=\"https:\/\/superseeds.dk\/no\/produkt\/cookies-kush-femi-barneys-farm\/\" \/>\n<meta property=\"og:locale\" content=\"nb_NO\" \/>\n<meta property=\"og:type\" content=\"article\" \/>\n<meta property=\"og:title\" content=\"Cookies Kush (Feminiseret) - Barney&#039;s Farm - Superseeds.dk\" \/>\n<meta property=\"og:description\" content=\"LYS DIN DAG OP MED DETTE UTROLIGT KRAFTFULDE COOKIES OG OG-KRYDS  COOKIES KUSH\u2122 er hurtigt blevet et f\u00e6nomen inden for cannabis kulturen. Denne fantastiske strain blev skabt ved at krydse vores Girl Scout Cookies f\u00e6notype med en kraftfuld OG Kush. Dette projekt gav utrolige resultater fra begyndelsen, sammenl\u00e6gning af den magtfulde mintchokoladesmag med den fantastiske duft og smag af Girl Scout Cookies. Denne stamme er meget tilgivende for vanskelige forhold og let at dyrke. Du kan forvente store udbytte p\u00e5 8 uger med indend\u00f8rs blomstring.\" \/>\n<meta property=\"og:url\" content=\"https:\/\/superseeds.dk\/no\/produkt\/cookies-kush-femi-barneys-farm\/\" \/>\n<meta property=\"og:site_name\" content=\"Superseeds.dk\" \/>\n<meta property=\"article:modified_time\" content=\"2023-11-23T12:31:30+00:00\" \/>\n<meta property=\"og:image\" content=\"https:\/\/www.superseeds.dk\/wp-content\/uploads\/2022\/07\/cookies-kush_circle_new_12_873656.jpg\" \/>\n\t<meta property=\"og:image:width\" content=\"475\" \/>\n\t<meta property=\"og:image:height\" content=\"570\" \/>\n\t<meta property=\"og:image:type\" content=\"image\/jpeg\" \/>\n<meta name=\"twitter:card\" content=\"summary_large_image\" \/>\n<meta name=\"twitter:label1\" content=\"Ansl. lesetid\" \/>\n\t<meta name=\"twitter:data1\" content=\"1 minutt\" \/>\n<script type=\"application\/ld+json\" class=\"yoast-schema-graph\">{\"@context\":\"https:\/\/schema.org\",\"@graph\":[{\"@type\":\"WebPage\",\"@id\":\"https:\/\/superseeds.dk\/vare\/cookies-kush-femi-barneys-farm\/\",\"url\":\"https:\/\/superseeds.dk\/vare\/cookies-kush-femi-barneys-farm\/\",\"name\":\"Cookies Kush (Feminiseret) - Barney's Farm - Superseeds.dk\",\"isPartOf\":{\"@id\":\"https:\/\/super-seeds.se\/#website\"},\"primaryImageOfPage\":{\"@id\":\"https:\/\/superseeds.dk\/vare\/cookies-kush-femi-barneys-farm\/#primaryimage\"},\"image\":{\"@id\":\"https:\/\/superseeds.dk\/vare\/cookies-kush-femi-barneys-farm\/#primaryimage\"},\"thumbnailUrl\":\"https:\/\/superseeds.dk\/wp-content\/uploads\/2022\/07\/cookies-kush_circle_new_12_873656.jpg\",\"datePublished\":\"2021-02-11T11:45:59+00:00\",\"dateModified\":\"2023-11-23T12:31:30+00:00\",\"breadcrumb\":{\"@id\":\"https:\/\/superseeds.dk\/vare\/cookies-kush-femi-barneys-farm\/#breadcrumb\"},\"inLanguage\":\"nb-NO\",\"potentialAction\":[{\"@type\":\"ReadAction\",\"target\":[\"https:\/\/superseeds.dk\/vare\/cookies-kush-femi-barneys-farm\/\"]}]},{\"@type\":\"ImageObject\",\"inLanguage\":\"nb-NO\",\"@id\":\"https:\/\/superseeds.dk\/vare\/cookies-kush-femi-barneys-farm\/#primaryimage\",\"url\":\"https:\/\/superseeds.dk\/wp-content\/uploads\/2022\/07\/cookies-kush_circle_new_12_873656.jpg\",\"contentUrl\":\"https:\/\/superseeds.dk\/wp-content\/uploads\/2022\/07\/cookies-kush_circle_new_12_873656.jpg\",\"width\":475,\"height\":570},{\"@type\":\"BreadcrumbList\",\"@id\":\"https:\/\/superseeds.dk\/vare\/cookies-kush-femi-barneys-farm\/#breadcrumb\",\"itemListElement\":[{\"@type\":\"ListItem\",\"position\":1,\"name\":\"Hjem\",\"item\":\"https:\/\/superseeds.dk\/\"},{\"@type\":\"ListItem\",\"position\":2,\"name\":\"Shop\",\"item\":\"https:\/\/superseeds.dk\/no\/butikk\/\"},{\"@type\":\"ListItem\",\"position\":3,\"name\":\"Cookies Kush (Feminiseret) &#8211; Barney&#8217;s Farm\"}]},{\"@type\":\"WebSite\",\"@id\":\"https:\/\/super-seeds.se\/#website\",\"url\":\"https:\/\/super-seeds.se\/\",\"name\":\"Superseeds.dk\",\"description\":\"\",\"publisher\":{\"@id\":\"https:\/\/super-seeds.se\/#organization\"},\"potentialAction\":[{\"@type\":\"SearchAction\",\"target\":{\"@type\":\"EntryPoint\",\"urlTemplate\":\"https:\/\/super-seeds.se\/?s={search_term_string}\"},\"query-input\":{\"@type\":\"PropertyValueSpecification\",\"valueRequired\":true,\"valueName\":\"search_term_string\"}}],\"inLanguage\":\"nb-NO\"},{\"@type\":\"Organization\",\"@id\":\"https:\/\/super-seeds.se\/#organization\",\"name\":\"Superseeds.dk\",\"url\":\"https:\/\/super-seeds.se\/\",\"logo\":{\"@type\":\"ImageObject\",\"inLanguage\":\"nb-NO\",\"@id\":\"https:\/\/super-seeds.se\/#\/schema\/logo\/image\/\",\"url\":\"https:\/\/superseeds.dk\/wp-content\/uploads\/2025\/09\/logo-superseeds.png\",\"contentUrl\":\"https:\/\/superseeds.dk\/wp-content\/uploads\/2025\/09\/logo-superseeds.png\",\"width\":180,\"height\":160,\"caption\":\"Superseeds.dk\"},\"image\":{\"@id\":\"https:\/\/super-seeds.se\/#\/schema\/logo\/image\/\"}}]}<\/script>\n<!-- \/ Yoast SEO plugin. -->","yoast_head_json":{"title":"Cookies Kush (Feminiseret) - Barney's Farm - Superseeds.dk","robots":{"index":"index","follow":"follow","max-snippet":"max-snippet:-1","max-image-preview":"max-image-preview:large","max-video-preview":"max-video-preview:-1"},"canonical":"https:\/\/superseeds.dk\/no\/produkt\/cookies-kush-femi-barneys-farm\/","og_locale":"nb_NO","og_type":"article","og_title":"Cookies Kush (Feminiseret) - Barney's Farm - Superseeds.dk","og_description":"LYS DIN DAG OP MED DETTE UTROLIGT KRAFTFULDE COOKIES OG OG-KRYDS  COOKIES KUSH\u2122 er hurtigt blevet et f\u00e6nomen inden for cannabis kulturen. Denne fantastiske strain blev skabt ved at krydse vores Girl Scout Cookies f\u00e6notype med en kraftfuld OG Kush. Dette projekt gav utrolige resultater fra begyndelsen, sammenl\u00e6gning af den magtfulde mintchokoladesmag med den fantastiske duft og smag af Girl Scout Cookies. Denne stamme er meget tilgivende for vanskelige forhold og let at dyrke. Du kan forvente store udbytte p\u00e5 8 uger med indend\u00f8rs blomstring.","og_url":"https:\/\/superseeds.dk\/no\/produkt\/cookies-kush-femi-barneys-farm\/","og_site_name":"Superseeds.dk","article_modified_time":"2023-11-23T12:31:30+00:00","og_image":[{"width":475,"height":570,"url":"https:\/\/www.superseeds.dk\/wp-content\/uploads\/2022\/07\/cookies-kush_circle_new_12_873656.jpg","type":"image\/jpeg"}],"twitter_card":"summary_large_image","twitter_misc":{"Ansl. lesetid":"1 minutt"},"schema":{"@context":"https:\/\/schema.org","@graph":[{"@type":"WebPage","@id":"https:\/\/superseeds.dk\/vare\/cookies-kush-femi-barneys-farm\/","url":"https:\/\/superseeds.dk\/vare\/cookies-kush-femi-barneys-farm\/","name":"Cookies Kush (Feminiseret) - Barney's Farm - Superseeds.dk","isPartOf":{"@id":"https:\/\/super-seeds.se\/#website"},"primaryImageOfPage":{"@id":"https:\/\/superseeds.dk\/vare\/cookies-kush-femi-barneys-farm\/#primaryimage"},"image":{"@id":"https:\/\/superseeds.dk\/vare\/cookies-kush-femi-barneys-farm\/#primaryimage"},"thumbnailUrl":"https:\/\/superseeds.dk\/wp-content\/uploads\/2022\/07\/cookies-kush_circle_new_12_873656.jpg","datePublished":"2021-02-11T11:45:59+00:00","dateModified":"2023-11-23T12:31:30+00:00","breadcrumb":{"@id":"https:\/\/superseeds.dk\/vare\/cookies-kush-femi-barneys-farm\/#breadcrumb"},"inLanguage":"nb-NO","potentialAction":[{"@type":"ReadAction","target":["https:\/\/superseeds.dk\/vare\/cookies-kush-femi-barneys-farm\/"]}]},{"@type":"ImageObject","inLanguage":"nb-NO","@id":"https:\/\/superseeds.dk\/vare\/cookies-kush-femi-barneys-farm\/#primaryimage","url":"https:\/\/superseeds.dk\/wp-content\/uploads\/2022\/07\/cookies-kush_circle_new_12_873656.jpg","contentUrl":"https:\/\/superseeds.dk\/wp-content\/uploads\/2022\/07\/cookies-kush_circle_new_12_873656.jpg","width":475,"height":570},{"@type":"BreadcrumbList","@id":"https:\/\/superseeds.dk\/vare\/cookies-kush-femi-barneys-farm\/#breadcrumb","itemListElement":[{"@type":"ListItem","position":1,"name":"Hjem","item":"https:\/\/superseeds.dk\/"},{"@type":"ListItem","position":2,"name":"Shop","item":"https:\/\/superseeds.dk\/no\/butikk\/"},{"@type":"ListItem","position":3,"name":"Cookies Kush (Feminiseret) &#8211; Barney&#8217;s Farm"}]},{"@type":"WebSite","@id":"https:\/\/super-seeds.se\/#website","url":"https:\/\/super-seeds.se\/","name":"Superseeds.com","description":"","publisher":{"@id":"https:\/\/super-seeds.se\/#organization"},"potentialAction":[{"@type":"SearchAction","target":{"@type":"EntryPoint","urlTemplate":"https:\/\/super-seeds.se\/?s={search_term_string}"},"query-input":{"@type":"PropertyValueSpecification","valueRequired":true,"valueName":"search_term_string"}}],"inLanguage":"nb-NO"},{"@type":"Organization","@id":"https:\/\/super-seeds.se\/#organization","name":"Superseeds.com","url":"https:\/\/super-seeds.se\/","logo":{"@type":"ImageObject","inLanguage":"nb-NO","@id":"https:\/\/super-seeds.se\/#\/schema\/logo\/image\/","url":"https:\/\/superseeds.dk\/wp-content\/uploads\/2025\/09\/logo-superseeds.png","contentUrl":"https:\/\/superseeds.dk\/wp-content\/uploads\/2025\/09\/logo-superseeds.png","width":180,"height":160,"caption":"Superseeds.dk"},"image":{"@id":"https:\/\/super-seeds.se\/#\/schema\/logo\/image\/"}}]}},"df_price":75,"df_sale_price":"","df_regular_price":75,"df_image_link":"https:\/\/superseeds.dk\/wp-content\/uploads\/2022\/07\/cookies-kush_circle_new_12_873656-250x300.jpg","_links":{"self":[{"href":"https:\/\/superseeds.dk\/no\/wp-json\/wp\/v2\/product\/23670","targetHints":{"allow":["GET"]}}],"collection":[{"href":"https:\/\/superseeds.dk\/no\/wp-json\/wp\/v2\/product"}],"about":[{"href":"https:\/\/superseeds.dk\/no\/wp-json\/wp\/v2\/types\/product"}],"wp:featuredmedia":[{"embeddable":true,"href":"https:\/\/superseeds.dk\/no\/wp-json\/wp\/v2\/media\/9987"}],"wp:attachment":[{"href":"https:\/\/superseeds.dk\/no\/wp-json\/wp\/v2\/media?parent=23670"}],"wp:term":[{"taxonomy":"product_brand","embeddable":true,"href":"https:\/\/superseeds.dk\/no\/wp-json\/wp\/v2\/product_brand?post=23670"},{"taxonomy":"product_cat","embeddable":true,"href":"https:\/\/superseeds.dk\/no\/wp-json\/wp\/v2\/product_cat?post=23670"},{"taxonomy":"product_tag","embeddable":true,"href":"https:\/\/superseeds.dk\/no\/wp-json\/wp\/v2\/product_tag?post=23670"}],"curies":[{"name":"wp","href":"https:\/\/api.w.org\/{rel}","templated":true}]}}