{"id":23400,"date":"2021-01-27T16:48:29","date_gmt":"2021-01-27T15:48:29","guid":{"rendered":"https:\/\/superseeds.dk\/vare\/blue-cheese-barneys-farm\/"},"modified":"2024-05-22T14:21:18","modified_gmt":"2024-05-22T12:21:18","slug":"blue-cheese-barneys-farm","status":"publish","type":"product","link":"https:\/\/superseeds.dk\/no\/produkt\/blue-cheese-barneys-farm\/","title":{"rendered":"Bl\u00e5 ost (femininisert) - Barney's Farm"},"content":{"rendered":"<p>Denne stamme af BLUE CHEESE \u2122 er en af \u200b\u200bde bedste og st\u00e6rkeste p\u00e5 markedet og garanterer at sl\u00e5 dit hoved af. Tidligere navngivet Blueberry Cheese, for er dette en let at dyrke stamme, hvilket skaber et utroligt udbytte af duftende og velsmagende knopper. De intense smag af \u00e6ldet ost bl\u00f8dg\u00f8res af en s\u00f8d bl\u00e5b\u00e6r eftersmag.<\/p>\n<p>Den korte t\u00e6tte plante har st\u00e6rke sidegrener, der udvikler tunge kl\u00e6brige cola i en kort blomstringsperiode. Forbered dig p\u00e5 at slappe af, fordi dette er en sand fornemmelse for Indica-entusiaster. Dette er nu tilg\u00e6ngeligt i en autoflowering-stamme.<\/p>\n<p>Type: Femininisert<\/p>\n<p>fotoperiode: Normal<\/p>\n<p>dyrkning: Indend\u00f8rs \/ udend\u00f8rs<\/p>\n<p>Karakteristika:. Genetik: Original ost x bl\u00e5b\u00e6r<\/p>\n<p>effekt: gl\u00e6de, eufori, afslapning af dyb krop, s\u00f8vnig, kreativ, sulten<\/p>\n<p>indend\u00f8rs udbytte (g): op til 650 gr \/ m\u00b2<\/p>\n<p>Blomstringstid (dager): 60 - 65<\/p>\n<p>feminiseret udend\u00f8rs h\u00f8stm\u00e5ned: september<\/p>\n<p>feminiseret Udend\u00f8rs h\u00f8stm\u00e5ned Uge: 2. til 3. uge<\/p>\n<p>H\u00f8jde (cm): 80-110cm<\/p>\n<p>H\u00f8jde indend\u00f8rs (cm): 80 \/ 90cm<\/p>\n<p>H\u00f8jde udend\u00f8rs (cm): 90-100cm H\u00f8jde: Medium<\/p>\n<p>Indica%: 80% Sativa%: 20% Indica \/ Sativa: For det meste Indica<\/p>\n<p>Medical: Ingen<\/p>\n<p>smag: Bl\u00e5b\u00e6r, ost, cremet, krydret, s\u00f8d<\/p>\n<p>aroma: bl\u00e5 ost, s\u00f8d bl\u00e5b\u00e6r, jordagtig,<\/p>","protected":false},"excerpt":{"rendered":"<p>Denne stamme af BLUE CHEESE \u2122 er en af \u200b\u200bde bedste og st\u00e6rkeste p\u00e5 markedet og garanterer at sl\u00e5 dit hoved af. Tidligere navngivet Blueberry Cheese er dette en let at dyrke stamme, hvilket skaber et utroligt udbytte af duftende og velsmagende knopper. De intense smag af \u00e6ldet ost bl\u00f8dg\u00f8res af en s\u00f8d bl\u00e5b\u00e6r eftersmag.<\/p>","protected":false},"featured_media":48398,"template":"","meta":{"_acf_changed":false},"product_brand":[],"product_cat":[813,1739,816,812,817,819,826,815,835],"product_tag":[],"class_list":{"0":"post-23400","1":"product","2":"type-product","3":"status-publish","4":"has-post-thumbnail","6":"product_cat-60-65-dage","7":"product_cat-alle-froe","8":"product_cat-barneys-farm","9":"product_cat-blomstring-periode","10":"product_cat-feminiserede","11":"product_cat-indendoers","12":"product_cat-indica-dominant","13":"product_cat-producenter-a-z","14":"product_cat-udendoers-feminiserede","15":"pa_antal-1-stk","16":"pa_antal-3-stk","17":"pa_antal-5-stk","18":"pa_antal-10-stk","19":"pa_blomst-type-feminiserede","20":"pa_blomstringstid-60-65-dage","21":"pa_indica-sativa-indica-dominant","22":"pa_thc-20-25","23":"pa_udbytte-stort","24":"pa_udbytte-xxl","26":"first","27":"instock","28":"taxable","29":"shipping-taxable","30":"purchasable","31":"product-type-variable","32":"wvs-archive-product-wrapper"},"acf":[],"yoast_head":"<!-- This site is optimized with the Yoast SEO plugin v26.9 - https:\/\/yoast.com\/product\/yoast-seo-wordpress\/ -->\n<title>Blue Cheese (Feminiseret) - Barney&#039;s Farm - Superseeds.dk<\/title>\n<meta name=\"robots\" content=\"index, follow, max-snippet:-1, max-image-preview:large, max-video-preview:-1\" \/>\n<link rel=\"canonical\" href=\"https:\/\/superseeds.dk\/no\/produkt\/blue-cheese-barneys-farm\/\" \/>\n<meta property=\"og:locale\" content=\"nb_NO\" \/>\n<meta property=\"og:type\" content=\"article\" \/>\n<meta property=\"og:title\" content=\"Blue Cheese (Feminiseret) - Barney&#039;s Farm - Superseeds.dk\" \/>\n<meta property=\"og:description\" content=\"Denne stamme af BLUE CHEESE \u2122 er en af \u200b\u200bde bedste og st\u00e6rkeste p\u00e5 markedet og garanterer at sl\u00e5 dit hoved af. Tidligere navngivet Blueberry Cheese er dette en let at dyrke stamme, hvilket skaber et utroligt udbytte af duftende og velsmagende knopper. De intense smag af \u00e6ldet ost bl\u00f8dg\u00f8res af en s\u00f8d bl\u00e5b\u00e6r eftersmag.\" \/>\n<meta property=\"og:url\" content=\"https:\/\/superseeds.dk\/no\/produkt\/blue-cheese-barneys-farm\/\" \/>\n<meta property=\"og:site_name\" content=\"Superseeds.dk\" \/>\n<meta property=\"article:modified_time\" content=\"2024-05-22T12:21:18+00:00\" \/>\n<meta property=\"og:image\" content=\"https:\/\/superseeds.dk\/wp-content\/uploads\/2021\/01\/blue-cheese-barneys-farm.jpg\" \/>\n\t<meta property=\"og:image:width\" content=\"475\" \/>\n\t<meta property=\"og:image:height\" content=\"570\" \/>\n\t<meta property=\"og:image:type\" content=\"image\/jpeg\" \/>\n<meta name=\"twitter:card\" content=\"summary_large_image\" \/>\n<meta name=\"twitter:label1\" content=\"Ansl. lesetid\" \/>\n\t<meta name=\"twitter:data1\" content=\"2 minutter\" \/>\n<script type=\"application\/ld+json\" class=\"yoast-schema-graph\">{\"@context\":\"https:\/\/schema.org\",\"@graph\":[{\"@type\":\"WebPage\",\"@id\":\"https:\/\/superseeds.dk\/vare\/blue-cheese-barneys-farm\/\",\"url\":\"https:\/\/superseeds.dk\/vare\/blue-cheese-barneys-farm\/\",\"name\":\"Blue Cheese (Feminiseret) - Barney's Farm - Superseeds.dk\",\"isPartOf\":{\"@id\":\"https:\/\/super-seeds.se\/#website\"},\"primaryImageOfPage\":{\"@id\":\"https:\/\/superseeds.dk\/vare\/blue-cheese-barneys-farm\/#primaryimage\"},\"image\":{\"@id\":\"https:\/\/superseeds.dk\/vare\/blue-cheese-barneys-farm\/#primaryimage\"},\"thumbnailUrl\":\"https:\/\/superseeds.dk\/wp-content\/uploads\/2021\/01\/blue-cheese-barneys-farm.jpg\",\"datePublished\":\"2021-01-27T15:48:29+00:00\",\"dateModified\":\"2024-05-22T12:21:18+00:00\",\"breadcrumb\":{\"@id\":\"https:\/\/superseeds.dk\/vare\/blue-cheese-barneys-farm\/#breadcrumb\"},\"inLanguage\":\"nb-NO\",\"potentialAction\":[{\"@type\":\"ReadAction\",\"target\":[\"https:\/\/superseeds.dk\/vare\/blue-cheese-barneys-farm\/\"]}]},{\"@type\":\"ImageObject\",\"inLanguage\":\"nb-NO\",\"@id\":\"https:\/\/superseeds.dk\/vare\/blue-cheese-barneys-farm\/#primaryimage\",\"url\":\"https:\/\/superseeds.dk\/wp-content\/uploads\/2021\/01\/blue-cheese-barneys-farm.jpg\",\"contentUrl\":\"https:\/\/superseeds.dk\/wp-content\/uploads\/2021\/01\/blue-cheese-barneys-farm.jpg\",\"width\":475,\"height\":570},{\"@type\":\"BreadcrumbList\",\"@id\":\"https:\/\/superseeds.dk\/vare\/blue-cheese-barneys-farm\/#breadcrumb\",\"itemListElement\":[{\"@type\":\"ListItem\",\"position\":1,\"name\":\"Hjem\",\"item\":\"https:\/\/superseeds.dk\/\"},{\"@type\":\"ListItem\",\"position\":2,\"name\":\"Shop\",\"item\":\"https:\/\/superseeds.dk\/no\/butikk\/\"},{\"@type\":\"ListItem\",\"position\":3,\"name\":\"Blue Cheese (Feminiseret) &#8211; Barney&#8217;s Farm\"}]},{\"@type\":\"WebSite\",\"@id\":\"https:\/\/super-seeds.se\/#website\",\"url\":\"https:\/\/super-seeds.se\/\",\"name\":\"Superseeds.dk\",\"description\":\"\",\"publisher\":{\"@id\":\"https:\/\/super-seeds.se\/#organization\"},\"potentialAction\":[{\"@type\":\"SearchAction\",\"target\":{\"@type\":\"EntryPoint\",\"urlTemplate\":\"https:\/\/super-seeds.se\/?s={search_term_string}\"},\"query-input\":{\"@type\":\"PropertyValueSpecification\",\"valueRequired\":true,\"valueName\":\"search_term_string\"}}],\"inLanguage\":\"nb-NO\"},{\"@type\":\"Organization\",\"@id\":\"https:\/\/super-seeds.se\/#organization\",\"name\":\"Superseeds.dk\",\"url\":\"https:\/\/super-seeds.se\/\",\"logo\":{\"@type\":\"ImageObject\",\"inLanguage\":\"nb-NO\",\"@id\":\"https:\/\/super-seeds.se\/#\/schema\/logo\/image\/\",\"url\":\"https:\/\/superseeds.dk\/wp-content\/uploads\/2025\/09\/logo-superseeds.png\",\"contentUrl\":\"https:\/\/superseeds.dk\/wp-content\/uploads\/2025\/09\/logo-superseeds.png\",\"width\":180,\"height\":160,\"caption\":\"Superseeds.dk\"},\"image\":{\"@id\":\"https:\/\/super-seeds.se\/#\/schema\/logo\/image\/\"}}]}<\/script>\n<!-- \/ Yoast SEO plugin. -->","yoast_head_json":{"title":"Blue Cheese (Feminiseret) - Barney's Farm - Superseeds.dk","robots":{"index":"index","follow":"follow","max-snippet":"max-snippet:-1","max-image-preview":"max-image-preview:large","max-video-preview":"max-video-preview:-1"},"canonical":"https:\/\/superseeds.dk\/no\/produkt\/blue-cheese-barneys-farm\/","og_locale":"nb_NO","og_type":"article","og_title":"Blue Cheese (Feminiseret) - Barney's Farm - Superseeds.dk","og_description":"Denne stamme af BLUE CHEESE \u2122 er en af \u200b\u200bde bedste og st\u00e6rkeste p\u00e5 markedet og garanterer at sl\u00e5 dit hoved af. Tidligere navngivet Blueberry Cheese er dette en let at dyrke stamme, hvilket skaber et utroligt udbytte af duftende og velsmagende knopper. De intense smag af \u00e6ldet ost bl\u00f8dg\u00f8res af en s\u00f8d bl\u00e5b\u00e6r eftersmag.","og_url":"https:\/\/superseeds.dk\/no\/produkt\/blue-cheese-barneys-farm\/","og_site_name":"Superseeds.dk","article_modified_time":"2024-05-22T12:21:18+00:00","og_image":[{"width":475,"height":570,"url":"https:\/\/superseeds.dk\/wp-content\/uploads\/2021\/01\/blue-cheese-barneys-farm.jpg","type":"image\/jpeg"}],"twitter_card":"summary_large_image","twitter_misc":{"Ansl. lesetid":"2 minutter"},"schema":{"@context":"https:\/\/schema.org","@graph":[{"@type":"WebPage","@id":"https:\/\/superseeds.dk\/vare\/blue-cheese-barneys-farm\/","url":"https:\/\/superseeds.dk\/vare\/blue-cheese-barneys-farm\/","name":"Blue Cheese (Feminiseret) - Barney's Farm - Superseeds.dk","isPartOf":{"@id":"https:\/\/super-seeds.se\/#website"},"primaryImageOfPage":{"@id":"https:\/\/superseeds.dk\/vare\/blue-cheese-barneys-farm\/#primaryimage"},"image":{"@id":"https:\/\/superseeds.dk\/vare\/blue-cheese-barneys-farm\/#primaryimage"},"thumbnailUrl":"https:\/\/superseeds.dk\/wp-content\/uploads\/2021\/01\/blue-cheese-barneys-farm.jpg","datePublished":"2021-01-27T15:48:29+00:00","dateModified":"2024-05-22T12:21:18+00:00","breadcrumb":{"@id":"https:\/\/superseeds.dk\/vare\/blue-cheese-barneys-farm\/#breadcrumb"},"inLanguage":"nb-NO","potentialAction":[{"@type":"ReadAction","target":["https:\/\/superseeds.dk\/vare\/blue-cheese-barneys-farm\/"]}]},{"@type":"ImageObject","inLanguage":"nb-NO","@id":"https:\/\/superseeds.dk\/vare\/blue-cheese-barneys-farm\/#primaryimage","url":"https:\/\/superseeds.dk\/wp-content\/uploads\/2021\/01\/blue-cheese-barneys-farm.jpg","contentUrl":"https:\/\/superseeds.dk\/wp-content\/uploads\/2021\/01\/blue-cheese-barneys-farm.jpg","width":475,"height":570},{"@type":"BreadcrumbList","@id":"https:\/\/superseeds.dk\/vare\/blue-cheese-barneys-farm\/#breadcrumb","itemListElement":[{"@type":"ListItem","position":1,"name":"Hjem","item":"https:\/\/superseeds.dk\/"},{"@type":"ListItem","position":2,"name":"Shop","item":"https:\/\/superseeds.dk\/no\/butikk\/"},{"@type":"ListItem","position":3,"name":"Blue Cheese (Feminiseret) &#8211; Barney&#8217;s Farm"}]},{"@type":"WebSite","@id":"https:\/\/super-seeds.se\/#website","url":"https:\/\/super-seeds.se\/","name":"Superseeds.com","description":"","publisher":{"@id":"https:\/\/super-seeds.se\/#organization"},"potentialAction":[{"@type":"SearchAction","target":{"@type":"EntryPoint","urlTemplate":"https:\/\/super-seeds.se\/?s={search_term_string}"},"query-input":{"@type":"PropertyValueSpecification","valueRequired":true,"valueName":"search_term_string"}}],"inLanguage":"nb-NO"},{"@type":"Organization","@id":"https:\/\/super-seeds.se\/#organization","name":"Superseeds.com","url":"https:\/\/super-seeds.se\/","logo":{"@type":"ImageObject","inLanguage":"nb-NO","@id":"https:\/\/super-seeds.se\/#\/schema\/logo\/image\/","url":"https:\/\/superseeds.dk\/wp-content\/uploads\/2025\/09\/logo-superseeds.png","contentUrl":"https:\/\/superseeds.dk\/wp-content\/uploads\/2025\/09\/logo-superseeds.png","width":180,"height":160,"caption":"Superseeds.dk"},"image":{"@id":"https:\/\/super-seeds.se\/#\/schema\/logo\/image\/"}}]}},"df_price":109,"df_sale_price":"","df_regular_price":109,"df_image_link":"https:\/\/superseeds.dk\/wp-content\/uploads\/2021\/01\/blue-cheese-barneys-farm.jpg","_links":{"self":[{"href":"https:\/\/superseeds.dk\/no\/wp-json\/wp\/v2\/product\/23400","targetHints":{"allow":["GET"]}}],"collection":[{"href":"https:\/\/superseeds.dk\/no\/wp-json\/wp\/v2\/product"}],"about":[{"href":"https:\/\/superseeds.dk\/no\/wp-json\/wp\/v2\/types\/product"}],"wp:featuredmedia":[{"embeddable":true,"href":"https:\/\/superseeds.dk\/no\/wp-json\/wp\/v2\/media\/48398"}],"wp:attachment":[{"href":"https:\/\/superseeds.dk\/no\/wp-json\/wp\/v2\/media?parent=23400"}],"wp:term":[{"taxonomy":"product_brand","embeddable":true,"href":"https:\/\/superseeds.dk\/no\/wp-json\/wp\/v2\/product_brand?post=23400"},{"taxonomy":"product_cat","embeddable":true,"href":"https:\/\/superseeds.dk\/no\/wp-json\/wp\/v2\/product_cat?post=23400"},{"taxonomy":"product_tag","embeddable":true,"href":"https:\/\/superseeds.dk\/no\/wp-json\/wp\/v2\/product_tag?post=23400"}],"curies":[{"name":"wp","href":"https:\/\/api.w.org\/{rel}","templated":true}]}}